{"id":4632,"date":"2022-12-07T10:49:33","date_gmt":"2022-12-07T07:49:33","guid":{"rendered":"https:\/\/revalstone.com\/shop\/asiakastietojen-kasitteleminen-ja-poistaminen\/"},"modified":"2022-12-07T10:51:39","modified_gmt":"2022-12-07T07:51:39","slug":"asiakastietojen-kasitteleminen-ja-poistaminen","status":"publish","type":"page","link":"https:\/\/revalstone.com\/shop\/fi\/asiakastietojen-kasitteleminen-ja-poistaminen\/","title":{"rendered":"Asiakastietojen k\u00e4sitteleminen ja poistaminen"},"content":{"rendered":"\n<p><strong>1. Yleiset s\u00e4\u00e4nn\u00f6kset<\/strong><\/p>\n\n<p>1.1. Henkil\u00f6tietoja ker\u00e4\u00e4, k\u00e4sittelee ja s\u00e4ilytt\u00e4\u00e4 henkil\u00f6tietojen rekisterinpit\u00e4j\u00e4 <strong>O\u00dc Saare Dolomiit-V\u00e4okivi<\/strong> (rekisteritunnus 10956892), osoite Peterburi tee 94a, 13816 Tallinna, Viro (j\u00e4ljemp\u00e4n\u00e4 rekisterinpit\u00e4j\u00e4).<\/p>\n\n<p>1.2. Tietosuojak\u00e4yt\u00e4nn\u00f6n merkityksess\u00e4 rekister\u00f6ity on asiakas tai muu luonnollinen henkil\u00f6, jonka henkil\u00f6tietoja rekisterinpit\u00e4j\u00e4 k\u00e4sittelee.<\/p>\n\n<p>1.3. Tietosuojaselosteen merkityksess\u00e4 asiakas on henkil\u00f6, joka tilaa koulutuspalveluja rekisterinpit\u00e4j\u00e4n verkkosivustolta.<\/p>\n\n<p>1.4. Rekisterinpit\u00e4j\u00e4 noudattaa lains\u00e4\u00e4d\u00e4nn\u00f6ss\u00e4 s\u00e4\u00e4dettyj\u00e4 tietojenk\u00e4sittelyn periaatteita, muun muassa k\u00e4sittelee henkil\u00f6tietoja laillisesti, oikeudenmukaisesti ja turvallisesti. Rekisterinpit\u00e4j\u00e4 pystyy vahvistamaan, ett\u00e4 henkil\u00f6tietoja on k\u00e4sitelty lains\u00e4\u00e4d\u00e4nn\u00f6n mukaisesti.<\/p>\n\n<p><strong>2. Henkil\u00f6tietojen ker\u00e4\u00e4minen, k\u00e4sitteleminen ja s\u00e4ilytt\u00e4minen<\/strong><\/p>\n\n<p>2.1. Rekisterinpit\u00e4j\u00e4n ker\u00e4\u00e4m\u00e4t, k\u00e4sittelem\u00e4t ja s\u00e4ilytt\u00e4m\u00e4t henkil\u00f6tiedot ker\u00e4t\u00e4\u00e4n s\u00e4hk\u00f6isesti p\u00e4\u00e4asiassa verkkosivuston ja s\u00e4hk\u00f6postin kautta.<\/p>\n\n<p>2.2. Antamalla henkil\u00f6tietonsa rekister\u00f6ity antaa rekisterinpit\u00e4j\u00e4lle oikeuden ker\u00e4t\u00e4, j\u00e4rjest\u00e4\u00e4, k\u00e4ytt\u00e4\u00e4 ja hallita tietosuojaselosteessa m\u00e4\u00e4ritettyyn tarkoitukseen henkil\u00f6tietoja, joita rekister\u00f6ity jakaa koulutuspalveluita ostaessaan suoraan tai ep\u00e4suorasti rekisterinpit\u00e4j\u00e4lle verkkosivustolla.<\/p>\n\n<p>2.3. Rekister\u00f6ity vastaa siit\u00e4, ett\u00e4 h\u00e4nen antamansa tiedot ovat tarkkoja, oikeita ja t\u00e4ydellisi\u00e4. Tietoinen v\u00e4\u00e4rien tietojen antaminen katsotaan tietosuojak\u00e4yt\u00e4nt\u00f6mme rikkomiseksi. Rekister\u00f6ity on velvollinen ilmoittamaan rekisterinpit\u00e4j\u00e4lle v\u00e4litt\u00f6m\u00e4sti antamiensa tietojen muuttumisesta.<\/p>\n\n<p>2.4. Rekisterinpit\u00e4j\u00e4 ei vastaa rekister\u00f6idylle tai kolmansille osapuolille aiheutuneista vahingoista, jotka johtuvat rekister\u00f6idyn antamista virheellisist\u00e4 tiedoista.<\/p>\n\n<p><strong>3. Asiakkaiden henkil\u00f6tietojen k\u00e4sittely<\/strong><\/p>\n\n<p>3.1. Rekisterinpit\u00e4j\u00e4 voi k\u00e4sitell\u00e4 seuraavia rekister\u00f6idyn henkil\u00f6tietoja:<\/p>\n\n<p>3.1.1. Etu- ja sukunimi;<\/p>\n\n<p>3.1.2. Toimitusosoite;<\/p>\n\n<p>3.1.3. Puhelinnumero;<\/p>\n\n<p>3.1.4. S\u00e4hk\u00f6postiosoite;<\/p>\n\n<p>3.2. Henkil\u00f6tietojen k\u00e4sittelyn oikeusperusta on yleisen tietosuoja-asetuksen 6 \u00a7:n 1 momentin kohdat a, b, c ja f:<\/p>\n\n<p>a) rekister\u00f6ity on antanut suostumuksensa henkil\u00f6tietojensa k\u00e4sittelyyn yhteen tai useampaan tiettyyn tarkoitukseen;<\/p>\n\n<p>b) henkil\u00f6tietojen k\u00e4sittely on tarpeen rekister\u00f6idyn kanssa solmitun sopimuksen t\u00e4ytt\u00e4miseksi tai sopimuksen solmimista edelt\u00e4vien toimenpiteiden toteuttamiseksi rekister\u00f6idyn pyynn\u00f6n mukaisesti;<\/p>\n\n<p>c) henkil\u00f6tietojen k\u00e4sittely on tarpeen rekisterinpit\u00e4j\u00e4n laillisen velvoitteen t\u00e4ytt\u00e4miseksi;<\/p>\n\n<p>f) henkil\u00f6tietojen k\u00e4sittely on tarpeen rekisterinpit\u00e4j\u00e4n tai kolmannen osapuolen oikeutettujen etujen tapauksessa, elleiv\u00e4t kyseiset edut ole suurempia kuin rekister\u00f6idyn edut tai perusoikeudet ja -vapaudet, joiden takia henkil\u00f6tietoja on suojattava erityisesti, jos rekister\u00f6ity on lapsi.<\/p>\n\n<p>3.3. Henkil\u00f6tietojen k\u00e4sittely k\u00e4sittelytarkoituksen mukaisesti:<\/p>\n\n<p>3.3.1. K\u00e4sittelyn tarkoitus \u2013 tilauksen k\u00e4sittely<\/p>\n\n<p>3.3.2. K\u00e4sittelyn tarkoitus \u2013 asiakashallinta<\/p>\n\n<p>3.3.3. K\u00e4sittelyn tarkoitus \u2013 rahoitustoiminta, kirjanpito. Kirjanpitoon tarvittavat tiedot s\u00e4ilytet\u00e4\u00e4n seitsem\u00e4n vuotta. Maksamiseen liittyviss\u00e4 riita-asioissa tietoja s\u00e4ilytet\u00e4\u00e4n vaatimuksen t\u00e4ytt\u00e4miseen tai vanhentumisajan p\u00e4\u00e4ttymiseen saakka.<\/p>\n\n<p>3.4. Rekisterinpit\u00e4j\u00e4ll\u00e4 on oikeus luovuttaa asiakkaiden henkil\u00f6tietoja kolmansille henkil\u00f6ille, joita ovat esimerkiksi valtuutetut tietojenk\u00e4sittelij\u00e4t, kirjanpit\u00e4j\u00e4t, koulutuspalveluita tarjoavat luonnolliset henkil\u00f6t tai oikeushenkil\u00f6t, siirtopalveluita tarjoavat yritykset. Rekisterinpit\u00e4j\u00e4 on henkil\u00f6tietojen vastaava k\u00e4sittelij\u00e4.\u00a0<\/p>\n\n<p>3.5. Rekisterinpit\u00e4j\u00e4n k\u00e4ytt\u00e4\u00e4 rekister\u00f6idyn henkil\u00f6tietojen k\u00e4sittelyss\u00e4 ja s\u00e4ilytyksess\u00e4 organisatorisia ja teknisi\u00e4 toimenpiteit\u00e4, jotka takaavat henkil\u00f6tietojen suojan vahingossa tapahtuvalta tai lainvastaiselta tuhoamiselta, muuttamiselta, julkaisemiselta ja muulta laittomalta k\u00e4sittelylt\u00e4.<\/p>\n\n<p>3.6. Rekisterinpit\u00e4j\u00e4 s\u00e4ilytt\u00e4\u00e4 rekister\u00f6idyn tietoja k\u00e4sittelyn tarkoituksesta riippuen enint\u00e4\u00e4n\u00a03 vuotta.<\/p>\n\n<p><strong>4. Rekister\u00f6idyn oikeudet<\/strong><\/p>\n\n<p>4.1. Rekister\u00f6idyll\u00e4 on oikeus n\u00e4hd\u00e4 omat henkil\u00f6tietonsa, tutustua ja poistaa niit\u00e4. Pyynt\u00f6 l\u00e4hetet\u00e4\u00e4n s\u00e4hk\u00f6isesti allekirjoitetussa muodossa s\u00e4hk\u00f6postiosoitteeseen info@revalstone.com. Pyynt\u00f6 hyv\u00e4ksyt\u00e4\u00e4n viimeist\u00e4\u00e4n 15 arkip\u00e4iv\u00e4n kuluessa hakemuksen vastaanottamisesta.<\/p>\n\n<p>4.2. Rekister\u00f6idyll\u00e4 on oikeus saada tietoa henkil\u00f6tietojensa k\u00e4sittelyst\u00e4.<\/p>\n\n<p>4.3. Rekister\u00f6idyll\u00e4 on oikeus t\u00e4ydent\u00e4\u00e4 tai korjata ep\u00e4tarkkoja tietoja.<\/p>\n\n<p>4.4. Jos rekisterinpit\u00e4j\u00e4 k\u00e4sittelee rekister\u00f6idyn henkil\u00f6tietoja rekister\u00f6idyn suostumuksen perusteella, rekister\u00f6idyll\u00e4 on oikeus peruuttaa suostumus milloin tahansa.<\/p>\n\n<p><strong>5. Loppus\u00e4\u00e4nn\u00f6kset<\/strong><\/p>\n\n<p>5.1. N\u00e4m\u00e4 tietosuojaehdot on laadittu luonnollisten henkil\u00f6iden suojaa henkil\u00f6tietojen k\u00e4sittelyss\u00e4 sek\u00e4 t\u00e4llaisten tietojen vapaata liikkuvuutta sek\u00e4 direktiivin 95\/46\/EY kumoamista koskevan\/EY (yleinen henkil\u00f6tietosuoja-asetus) Euroopan parlamentin ja neuvoston asetuksen (EU) nro 2016\/679, Viron tasavallan henkil\u00f6tietosuojalain sek\u00e4 Viron tasavallan ja Euroopan unionin lains\u00e4\u00e4d\u00e4nn\u00f6n mukaisesti.<\/p>\n\n<p>5.2. Rekisterinpit\u00e4j\u00e4ll\u00e4 on oikeus muuttaa tietosuojaehtoja osittain tai kokonaan ilmoittamalla muutoksista rekister\u00f6idyille kotisivun <a href=\"https:\/\/revalstone.com\/shop\/fi\/\">(https:\/\/revalstone.com\/shop)<\/a> <a href=\"https:\/\/revalstone.com\/shop\/fi\/\"><\/a>kautta.<\/p>\n","protected":false},"excerpt":{"rendered":"<p>1. Yleiset s\u00e4\u00e4nn\u00f6kset 1.1. Henkil\u00f6tietoja ker\u00e4\u00e4, k\u00e4sittelee ja s\u00e4ilytt\u00e4\u00e4 henkil\u00f6tietojen rekisterinpit\u00e4j\u00e4 O\u00dc Saare Dolomiit-V\u00e4okivi (rekisteritunnus 10956892), osoite Peterburi tee 94a, [&hellip;]<\/p>\n","protected":false},"author":1,"featured_media":0,"parent":0,"menu_order":0,"comment_status":"closed","ping_status":"closed","template":"","meta":{"_acf_changed":false,"footnotes":""},"class_list":["post-4632","page","type-page","status-publish","hentry"],"acf":[],"yoast_head":"<!-- This site is optimized with the Yoast SEO plugin v27.2 - https:\/\/yoast.com\/product\/yoast-seo-wordpress\/ -->\n<title>Asiakastietojen k\u00e4sitteleminen ja poistaminen - Reval Stone verkkokauppa<\/title>\n<meta name=\"robots\" content=\"index, follow, max-snippet:-1, max-image-preview:large, max-video-preview:-1\" \/>\n<link rel=\"canonical\" href=\"https:\/\/revalstone.com\/shop\/fi\/asiakastietojen-kasitteleminen-ja-poistaminen\/\" \/>\n<meta property=\"og:locale\" content=\"fi_FI\" \/>\n<meta property=\"og:type\" content=\"article\" \/>\n<meta property=\"og:title\" content=\"Asiakastietojen k\u00e4sitteleminen ja poistaminen - Reval Stone verkkokauppa\" \/>\n<meta property=\"og:description\" content=\"1. Yleiset s\u00e4\u00e4nn\u00f6kset 1.1. Henkil\u00f6tietoja ker\u00e4\u00e4, k\u00e4sittelee ja s\u00e4ilytt\u00e4\u00e4 henkil\u00f6tietojen rekisterinpit\u00e4j\u00e4 O\u00dc Saare Dolomiit-V\u00e4okivi (rekisteritunnus 10956892), osoite Peterburi tee 94a, [&hellip;]\" \/>\n<meta property=\"og:url\" content=\"https:\/\/revalstone.com\/shop\/fi\/asiakastietojen-kasitteleminen-ja-poistaminen\/\" \/>\n<meta property=\"og:site_name\" content=\"Reval Stone verkkokauppa\" \/>\n<meta property=\"article:publisher\" content=\"https:\/\/www.facebook.com\/revalstoneofficial\" \/>\n<meta property=\"article:modified_time\" content=\"2022-12-07T07:51:39+00:00\" \/>\n<meta name=\"twitter:card\" content=\"summary_large_image\" \/>\n<meta name=\"twitter:label1\" content=\"Arvioitu lukuaika\" \/>\n\t<meta name=\"twitter:data1\" content=\"3 minuuttia\" \/>\n<script type=\"application\/ld+json\" class=\"yoast-schema-graph\">{\"@context\":\"https:\/\/schema.org\",\"@graph\":[{\"@type\":\"WebPage\",\"@id\":\"https:\/\/revalstone.com\/shop\/fi\/asiakastietojen-kasitteleminen-ja-poistaminen\/\",\"url\":\"https:\/\/revalstone.com\/shop\/fi\/asiakastietojen-kasitteleminen-ja-poistaminen\/\",\"name\":\"Asiakastietojen k\u00e4sitteleminen ja poistaminen - Reval Stone verkkokauppa\",\"isPartOf\":{\"@id\":\"https:\/\/revalstone.com\/shop\/fi\/#website\"},\"datePublished\":\"2022-12-07T07:49:33+00:00\",\"dateModified\":\"2022-12-07T07:51:39+00:00\",\"breadcrumb\":{\"@id\":\"https:\/\/revalstone.com\/shop\/fi\/asiakastietojen-kasitteleminen-ja-poistaminen\/#breadcrumb\"},\"inLanguage\":\"fi\",\"potentialAction\":[{\"@type\":\"ReadAction\",\"target\":[\"https:\/\/revalstone.com\/shop\/fi\/asiakastietojen-kasitteleminen-ja-poistaminen\/\"]}]},{\"@type\":\"BreadcrumbList\",\"@id\":\"https:\/\/revalstone.com\/shop\/fi\/asiakastietojen-kasitteleminen-ja-poistaminen\/#breadcrumb\",\"itemListElement\":[{\"@type\":\"ListItem\",\"position\":1,\"name\":\"Home page\",\"item\":\"https:\/\/revalstone.com\/shop\/fi\/\"},{\"@type\":\"ListItem\",\"position\":2,\"name\":\"Asiakastietojen k\u00e4sitteleminen ja poistaminen\"}]},{\"@type\":\"WebSite\",\"@id\":\"https:\/\/revalstone.com\/shop\/fi\/#website\",\"url\":\"https:\/\/revalstone.com\/shop\/fi\/\",\"name\":\"Reval Stone verkkokauppa\",\"description\":\"\",\"publisher\":{\"@id\":\"https:\/\/revalstone.com\/shop\/fi\/#organization\"},\"potentialAction\":[{\"@type\":\"SearchAction\",\"target\":{\"@type\":\"EntryPoint\",\"urlTemplate\":\"https:\/\/revalstone.com\/shop\/fi\/?s={search_term_string}\"},\"query-input\":{\"@type\":\"PropertyValueSpecification\",\"valueRequired\":true,\"valueName\":\"search_term_string\"}}],\"inLanguage\":\"fi\"},{\"@type\":\"Organization\",\"@id\":\"https:\/\/revalstone.com\/shop\/fi\/#organization\",\"name\":\"Reval Stone\",\"url\":\"https:\/\/revalstone.com\/shop\/fi\/\",\"logo\":{\"@type\":\"ImageObject\",\"inLanguage\":\"fi\",\"@id\":\"https:\/\/revalstone.com\/shop\/fi\/#\/schema\/logo\/image\/\",\"url\":\"https:\/\/revalstone.com\/shop\/wp-content\/uploads\/2021\/09\/Logo_v.png\",\"contentUrl\":\"https:\/\/revalstone.com\/shop\/wp-content\/uploads\/2021\/09\/Logo_v.png\",\"width\":960,\"height\":672,\"caption\":\"Reval Stone\"},\"image\":{\"@id\":\"https:\/\/revalstone.com\/shop\/fi\/#\/schema\/logo\/image\/\"},\"sameAs\":[\"https:\/\/www.facebook.com\/revalstoneofficial\",\"https:\/\/www.instagram.com\/revalstoneofficial\/\",\"https:\/\/en.wikipedia.org\/wiki\/Saare_Dolomiit-V\u00e4okivi\"]}]}<\/script>\n<!-- \/ Yoast SEO plugin. -->","yoast_head_json":{"title":"Asiakastietojen k\u00e4sitteleminen ja poistaminen - Reval Stone verkkokauppa","robots":{"index":"index","follow":"follow","max-snippet":"max-snippet:-1","max-image-preview":"max-image-preview:large","max-video-preview":"max-video-preview:-1"},"canonical":"https:\/\/revalstone.com\/shop\/fi\/asiakastietojen-kasitteleminen-ja-poistaminen\/","og_locale":"fi_FI","og_type":"article","og_title":"Asiakastietojen k\u00e4sitteleminen ja poistaminen - Reval Stone verkkokauppa","og_description":"1. Yleiset s\u00e4\u00e4nn\u00f6kset 1.1. Henkil\u00f6tietoja ker\u00e4\u00e4, k\u00e4sittelee ja s\u00e4ilytt\u00e4\u00e4 henkil\u00f6tietojen rekisterinpit\u00e4j\u00e4 O\u00dc Saare Dolomiit-V\u00e4okivi (rekisteritunnus 10956892), osoite Peterburi tee 94a, [&hellip;]","og_url":"https:\/\/revalstone.com\/shop\/fi\/asiakastietojen-kasitteleminen-ja-poistaminen\/","og_site_name":"Reval Stone verkkokauppa","article_publisher":"https:\/\/www.facebook.com\/revalstoneofficial","article_modified_time":"2022-12-07T07:51:39+00:00","twitter_card":"summary_large_image","twitter_misc":{"Arvioitu lukuaika":"3 minuuttia"},"schema":{"@context":"https:\/\/schema.org","@graph":[{"@type":"WebPage","@id":"https:\/\/revalstone.com\/shop\/fi\/asiakastietojen-kasitteleminen-ja-poistaminen\/","url":"https:\/\/revalstone.com\/shop\/fi\/asiakastietojen-kasitteleminen-ja-poistaminen\/","name":"Asiakastietojen k\u00e4sitteleminen ja poistaminen - Reval Stone verkkokauppa","isPartOf":{"@id":"https:\/\/revalstone.com\/shop\/fi\/#website"},"datePublished":"2022-12-07T07:49:33+00:00","dateModified":"2022-12-07T07:51:39+00:00","breadcrumb":{"@id":"https:\/\/revalstone.com\/shop\/fi\/asiakastietojen-kasitteleminen-ja-poistaminen\/#breadcrumb"},"inLanguage":"fi","potentialAction":[{"@type":"ReadAction","target":["https:\/\/revalstone.com\/shop\/fi\/asiakastietojen-kasitteleminen-ja-poistaminen\/"]}]},{"@type":"BreadcrumbList","@id":"https:\/\/revalstone.com\/shop\/fi\/asiakastietojen-kasitteleminen-ja-poistaminen\/#breadcrumb","itemListElement":[{"@type":"ListItem","position":1,"name":"Home page","item":"https:\/\/revalstone.com\/shop\/fi\/"},{"@type":"ListItem","position":2,"name":"Asiakastietojen k\u00e4sitteleminen ja poistaminen"}]},{"@type":"WebSite","@id":"https:\/\/revalstone.com\/shop\/fi\/#website","url":"https:\/\/revalstone.com\/shop\/fi\/","name":"Reval Stone verkkokauppa","description":"","publisher":{"@id":"https:\/\/revalstone.com\/shop\/fi\/#organization"},"potentialAction":[{"@type":"SearchAction","target":{"@type":"EntryPoint","urlTemplate":"https:\/\/revalstone.com\/shop\/fi\/?s={search_term_string}"},"query-input":{"@type":"PropertyValueSpecification","valueRequired":true,"valueName":"search_term_string"}}],"inLanguage":"fi"},{"@type":"Organization","@id":"https:\/\/revalstone.com\/shop\/fi\/#organization","name":"Reval Stone","url":"https:\/\/revalstone.com\/shop\/fi\/","logo":{"@type":"ImageObject","inLanguage":"fi","@id":"https:\/\/revalstone.com\/shop\/fi\/#\/schema\/logo\/image\/","url":"https:\/\/revalstone.com\/shop\/wp-content\/uploads\/2021\/09\/Logo_v.png","contentUrl":"https:\/\/revalstone.com\/shop\/wp-content\/uploads\/2021\/09\/Logo_v.png","width":960,"height":672,"caption":"Reval Stone"},"image":{"@id":"https:\/\/revalstone.com\/shop\/fi\/#\/schema\/logo\/image\/"},"sameAs":["https:\/\/www.facebook.com\/revalstoneofficial","https:\/\/www.instagram.com\/revalstoneofficial\/","https:\/\/en.wikipedia.org\/wiki\/Saare_Dolomiit-V\u00e4okivi"]}]}},"_links":{"self":[{"href":"https:\/\/revalstone.com\/shop\/fi\/wp-json\/wp\/v2\/pages\/4632","targetHints":{"allow":["GET"]}}],"collection":[{"href":"https:\/\/revalstone.com\/shop\/fi\/wp-json\/wp\/v2\/pages"}],"about":[{"href":"https:\/\/revalstone.com\/shop\/fi\/wp-json\/wp\/v2\/types\/page"}],"author":[{"embeddable":true,"href":"https:\/\/revalstone.com\/shop\/fi\/wp-json\/wp\/v2\/users\/1"}],"replies":[{"embeddable":true,"href":"https:\/\/revalstone.com\/shop\/fi\/wp-json\/wp\/v2\/comments?post=4632"}],"version-history":[{"count":0,"href":"https:\/\/revalstone.com\/shop\/fi\/wp-json\/wp\/v2\/pages\/4632\/revisions"}],"wp:attachment":[{"href":"https:\/\/revalstone.com\/shop\/fi\/wp-json\/wp\/v2\/media?parent=4632"}],"curies":[{"name":"wp","href":"https:\/\/api.w.org\/{rel}","templated":true}]}}