{"id":2452,"date":"2021-11-22T11:14:04","date_gmt":"2021-11-22T08:14:04","guid":{"rendered":"https:\/\/revalstone.com\/shop\/installation\/"},"modified":"2025-05-05T15:14:32","modified_gmt":"2025-05-05T12:14:32","slug":"installation","status":"publish","type":"page","link":"https:\/\/revalstone.com\/shop\/sv\/installation\/","title":{"rendered":"Installation"},"content":{"rendered":"\n<p>Du kan installera golvplattor av natursten sj\u00e4lv om du har erfarenhet av renoverings- och byggnadsarbeten. Men om du inte k\u00e4nner sig s\u00e4ker eller stenen m\u00e5ste installeras i sv\u00e5ra f\u00f6rh\u00e5llanden (duschar, golvv\u00e4rme osv), <strong>rekommenderar vi att du konsulterar en specialist<\/strong>.<\/p>\n\n\n\n<p>Vi rekommenderar <strong>att inte anv\u00e4nda vanliga cementmurbruk<\/strong> f\u00f6r installation av golvplattor av kalksten. Vanliga cementmurbruk kan orsaka att stenens f\u00e4rg f\u00f6r\u00e4ndras. N\u00e4r man installerar plattor p\u00e5 ett lager av murbruk rekommenderas det att anv\u00e4nda kalkmurbruk eller anv\u00e4nda en speciell snabbh\u00e4rdande cement i murbruket som \u00e4r l\u00e4mplig f\u00f6r natursten. Vi rekommenderar att anv\u00e4nda <strong>snabbh\u00e4rdande limblandningar<\/strong> som \u00e4r avsedda f\u00f6r installation av natursten och som inte orsakar f\u00e4rgf\u00f6r\u00e4ndringar i stenen.<\/p>\n\n\n\n<p>Innan materialet impregneras b\u00f6r du undvika st\u00e4nk av v\u00e4tska p\u00e5 materialytan (<strong>natursten \u00e4r s\u00e4rskilt k\u00e4nslig f\u00f6r syror<\/strong>).<\/p>\n\n\n\n<p>Om plattorna \u00e4r tjockare \u00e4n 10 mm rekommenderar vi att de <strong>installeras med en luftspalt<\/strong> (som en ventilerande bel\u00e4ggning). Detaljer av metall som kommer i kontakt med plattor m\u00e5ste vara av rostfri metall. Vid <strong>fogning av kalkstensprodukter<\/strong> rekommenderas fogmassor speciellt utformat f\u00f6r naturstensplattor som inte orsakar f\u00f6r\u00e4ndringar i materialets f\u00e4rg.<\/p>\n\n\n\n<p>Natursten \u00e4r ett ganska <strong>k\u00e4nsligt material<\/strong> och andra material som \u00e4r h\u00e5rdare \u00e4n natursten kan repa dess yta. D\u00e4rf\u00f6r m\u00e5ste du vara v\u00e4ldigt f\u00f6rsiktig n\u00e4r du installerar natursten.<\/p>\n\n\n\n<p>Det rekommenderas inte att installera kalkstensplattor avsedda f\u00f6r utomhusbruk s\u00e5 att <strong>en del av plattorna f\u00f6rblir i marken<\/strong> och en del ovanf\u00f6r marken.<\/p>\n\n\n\n<p><span style=\"text-decoration: underline;\"><strong><a href=\"https:\/\/revalstone.com\/shop\/sv\/fragor-och-svar\/\" target=\"_blank\" rel=\"noreferrer noopener\">H\u00e4r<\/a><\/strong><\/span> hittar du n\u00e5gra vanliga fr\u00e5gor om installation. L\u00e4s ocks\u00e5 tips om <span style=\"text-decoration: underline;\"><strong><a href=\"https:\/\/revalstone.com\/shop\/sv\/forvaring\/\" target=\"_blank\" rel=\"noreferrer noopener\">f\u00f6rvaring<\/a><\/strong><\/span> och <span style=\"text-decoration: underline;\"><strong><a href=\"https:\/\/revalstone.com\/shop\/sv\/skotsel\/\" target=\"_blank\" rel=\"noreferrer noopener\">sk\u00f6tsel<\/a><\/strong><\/span> av natursten.<\/p>\n","protected":false},"excerpt":{"rendered":"<p>Du kan installera golvplattor av natursten sj\u00e4lv om du har erfarenhet av renoverings- och byggnadsarbeten. Men om du inte k\u00e4nner [&hellip;]<\/p>\n","protected":false},"author":1,"featured_media":1152,"parent":0,"menu_order":0,"comment_status":"closed","ping_status":"closed","template":"","meta":{"_acf_changed":false,"footnotes":""},"class_list":["post-2452","page","type-page","status-publish","has-post-thumbnail","hentry"],"acf":[],"yoast_head":"<!-- This site is optimized with the Yoast SEO plugin v27.2 - https:\/\/yoast.com\/product\/yoast-seo-wordpress\/ -->\n<title>Installation - Best\u00e4lla golvplattor och golvlister - Reval Stone n\u00e4tbutik<\/title>\n<meta name=\"description\" content=\"Information om installation av plattor av dolomit och kalksten. Anv\u00e4nd speciella blandningar avsedda f\u00f6r natursten. Natursten \u00e4r k\u00e4nslig f\u00f6r syror.\" \/>\n<meta name=\"robots\" content=\"index, follow, max-snippet:-1, max-image-preview:large, max-video-preview:-1\" \/>\n<link rel=\"canonical\" href=\"https:\/\/revalstone.com\/shop\/sv\/installation\/\" \/>\n<meta property=\"og:locale\" content=\"sv_SE\" \/>\n<meta property=\"og:type\" content=\"article\" \/>\n<meta property=\"og:title\" content=\"Installation - Best\u00e4lla golvplattor och golvlister - Reval Stone n\u00e4tbutik\" \/>\n<meta property=\"og:description\" content=\"Information om installation av plattor av dolomit och kalksten. Anv\u00e4nd speciella blandningar avsedda f\u00f6r natursten. Natursten \u00e4r k\u00e4nslig f\u00f6r syror.\" \/>\n<meta property=\"og:url\" content=\"https:\/\/revalstone.com\/shop\/sv\/installation\/\" \/>\n<meta property=\"og:site_name\" content=\"Reval Stone n\u00e4tbutik\" \/>\n<meta property=\"article:publisher\" content=\"https:\/\/www.facebook.com\/revalstoneofficial\" \/>\n<meta property=\"article:modified_time\" content=\"2025-05-05T12:14:32+00:00\" \/>\n<meta property=\"og:image\" content=\"https:\/\/revalstone.com\/shop\/wp-content\/uploads\/2021\/07\/Reval_Stone_installation.jpg\" \/>\n\t<meta property=\"og:image:width\" content=\"1500\" \/>\n\t<meta property=\"og:image:height\" content=\"1000\" \/>\n\t<meta property=\"og:image:type\" content=\"image\/jpeg\" \/>\n<meta name=\"twitter:card\" content=\"summary_large_image\" \/>\n<meta name=\"twitter:label1\" content=\"Ber\u00e4knad l\u00e4stid\" \/>\n\t<meta name=\"twitter:data1\" content=\"2 minuter\" \/>\n<script type=\"application\/ld+json\" class=\"yoast-schema-graph\">{\"@context\":\"https:\/\/schema.org\",\"@graph\":[{\"@type\":\"WebPage\",\"@id\":\"https:\/\/revalstone.com\/shop\/sv\/installation\/\",\"url\":\"https:\/\/revalstone.com\/shop\/sv\/installation\/\",\"name\":\"Installation - Best\u00e4lla golvplattor och golvlister - Reval Stone n\u00e4tbutik\",\"isPartOf\":{\"@id\":\"https:\/\/revalstone.com\/shop\/sv\/#website\"},\"primaryImageOfPage\":{\"@id\":\"https:\/\/revalstone.com\/shop\/sv\/installation\/#primaryimage\"},\"image\":{\"@id\":\"https:\/\/revalstone.com\/shop\/sv\/installation\/#primaryimage\"},\"thumbnailUrl\":\"https:\/\/revalstone.com\/shop\/wp-content\/uploads\/2021\/07\/Reval_Stone_installation.jpg\",\"datePublished\":\"2021-11-22T08:14:04+00:00\",\"dateModified\":\"2025-05-05T12:14:32+00:00\",\"description\":\"Information om installation av plattor av dolomit och kalksten. Anv\u00e4nd speciella blandningar avsedda f\u00f6r natursten. Natursten \u00e4r k\u00e4nslig f\u00f6r syror.\",\"breadcrumb\":{\"@id\":\"https:\/\/revalstone.com\/shop\/sv\/installation\/#breadcrumb\"},\"inLanguage\":\"sv-SE\",\"potentialAction\":[{\"@type\":\"ReadAction\",\"target\":[\"https:\/\/revalstone.com\/shop\/sv\/installation\/\"]}]},{\"@type\":\"ImageObject\",\"inLanguage\":\"sv-SE\",\"@id\":\"https:\/\/revalstone.com\/shop\/sv\/installation\/#primaryimage\",\"url\":\"https:\/\/revalstone.com\/shop\/wp-content\/uploads\/2021\/07\/Reval_Stone_installation.jpg\",\"contentUrl\":\"https:\/\/revalstone.com\/shop\/wp-content\/uploads\/2021\/07\/Reval_Stone_installation.jpg\",\"width\":1500,\"height\":1000,\"caption\":\"Reval Stone looduskivi paigaldamine\"},{\"@type\":\"BreadcrumbList\",\"@id\":\"https:\/\/revalstone.com\/shop\/sv\/installation\/#breadcrumb\",\"itemListElement\":[{\"@type\":\"ListItem\",\"position\":1,\"name\":\"Hemsida\",\"item\":\"https:\/\/revalstone.com\/shop\/sv\/\"},{\"@type\":\"ListItem\",\"position\":2,\"name\":\"Installation\"}]},{\"@type\":\"WebSite\",\"@id\":\"https:\/\/revalstone.com\/shop\/sv\/#website\",\"url\":\"https:\/\/revalstone.com\/shop\/sv\/\",\"name\":\"Reval Stone n\u00e4tbutik\",\"description\":\"\",\"publisher\":{\"@id\":\"https:\/\/revalstone.com\/shop\/sv\/#organization\"},\"potentialAction\":[{\"@type\":\"SearchAction\",\"target\":{\"@type\":\"EntryPoint\",\"urlTemplate\":\"https:\/\/revalstone.com\/shop\/sv\/?s={search_term_string}\"},\"query-input\":{\"@type\":\"PropertyValueSpecification\",\"valueRequired\":true,\"valueName\":\"search_term_string\"}}],\"inLanguage\":\"sv-SE\"},{\"@type\":\"Organization\",\"@id\":\"https:\/\/revalstone.com\/shop\/sv\/#organization\",\"name\":\"Reval Stone\",\"url\":\"https:\/\/revalstone.com\/shop\/sv\/\",\"logo\":{\"@type\":\"ImageObject\",\"inLanguage\":\"sv-SE\",\"@id\":\"https:\/\/revalstone.com\/shop\/sv\/#\/schema\/logo\/image\/\",\"url\":\"https:\/\/revalstone.com\/shop\/wp-content\/uploads\/2021\/09\/Logo_v.png\",\"contentUrl\":\"https:\/\/revalstone.com\/shop\/wp-content\/uploads\/2021\/09\/Logo_v.png\",\"width\":960,\"height\":672,\"caption\":\"Reval Stone\"},\"image\":{\"@id\":\"https:\/\/revalstone.com\/shop\/sv\/#\/schema\/logo\/image\/\"},\"sameAs\":[\"https:\/\/www.facebook.com\/revalstoneofficial\",\"https:\/\/www.instagram.com\/revalstoneofficial\/\",\"https:\/\/en.wikipedia.org\/wiki\/Saare_Dolomiit-V\u00e4okivi\"]}]}<\/script>\n<!-- \/ Yoast SEO plugin. -->","yoast_head_json":{"title":"Installation - Best\u00e4lla golvplattor och golvlister - Reval Stone n\u00e4tbutik","description":"Information om installation av plattor av dolomit och kalksten. Anv\u00e4nd speciella blandningar avsedda f\u00f6r natursten. Natursten \u00e4r k\u00e4nslig f\u00f6r syror.","robots":{"index":"index","follow":"follow","max-snippet":"max-snippet:-1","max-image-preview":"max-image-preview:large","max-video-preview":"max-video-preview:-1"},"canonical":"https:\/\/revalstone.com\/shop\/sv\/installation\/","og_locale":"sv_SE","og_type":"article","og_title":"Installation - Best\u00e4lla golvplattor och golvlister - Reval Stone n\u00e4tbutik","og_description":"Information om installation av plattor av dolomit och kalksten. Anv\u00e4nd speciella blandningar avsedda f\u00f6r natursten. Natursten \u00e4r k\u00e4nslig f\u00f6r syror.","og_url":"https:\/\/revalstone.com\/shop\/sv\/installation\/","og_site_name":"Reval Stone n\u00e4tbutik","article_publisher":"https:\/\/www.facebook.com\/revalstoneofficial","article_modified_time":"2025-05-05T12:14:32+00:00","og_image":[{"width":1500,"height":1000,"url":"https:\/\/revalstone.com\/shop\/wp-content\/uploads\/2021\/07\/Reval_Stone_installation.jpg","type":"image\/jpeg"}],"twitter_card":"summary_large_image","twitter_misc":{"Ber\u00e4knad l\u00e4stid":"2 minuter"},"schema":{"@context":"https:\/\/schema.org","@graph":[{"@type":"WebPage","@id":"https:\/\/revalstone.com\/shop\/sv\/installation\/","url":"https:\/\/revalstone.com\/shop\/sv\/installation\/","name":"Installation - Best\u00e4lla golvplattor och golvlister - Reval Stone n\u00e4tbutik","isPartOf":{"@id":"https:\/\/revalstone.com\/shop\/sv\/#website"},"primaryImageOfPage":{"@id":"https:\/\/revalstone.com\/shop\/sv\/installation\/#primaryimage"},"image":{"@id":"https:\/\/revalstone.com\/shop\/sv\/installation\/#primaryimage"},"thumbnailUrl":"https:\/\/revalstone.com\/shop\/wp-content\/uploads\/2021\/07\/Reval_Stone_installation.jpg","datePublished":"2021-11-22T08:14:04+00:00","dateModified":"2025-05-05T12:14:32+00:00","description":"Information om installation av plattor av dolomit och kalksten. Anv\u00e4nd speciella blandningar avsedda f\u00f6r natursten. Natursten \u00e4r k\u00e4nslig f\u00f6r syror.","breadcrumb":{"@id":"https:\/\/revalstone.com\/shop\/sv\/installation\/#breadcrumb"},"inLanguage":"sv-SE","potentialAction":[{"@type":"ReadAction","target":["https:\/\/revalstone.com\/shop\/sv\/installation\/"]}]},{"@type":"ImageObject","inLanguage":"sv-SE","@id":"https:\/\/revalstone.com\/shop\/sv\/installation\/#primaryimage","url":"https:\/\/revalstone.com\/shop\/wp-content\/uploads\/2021\/07\/Reval_Stone_installation.jpg","contentUrl":"https:\/\/revalstone.com\/shop\/wp-content\/uploads\/2021\/07\/Reval_Stone_installation.jpg","width":1500,"height":1000,"caption":"Reval Stone looduskivi paigaldamine"},{"@type":"BreadcrumbList","@id":"https:\/\/revalstone.com\/shop\/sv\/installation\/#breadcrumb","itemListElement":[{"@type":"ListItem","position":1,"name":"Hemsida","item":"https:\/\/revalstone.com\/shop\/sv\/"},{"@type":"ListItem","position":2,"name":"Installation"}]},{"@type":"WebSite","@id":"https:\/\/revalstone.com\/shop\/sv\/#website","url":"https:\/\/revalstone.com\/shop\/sv\/","name":"Reval Stone n\u00e4tbutik","description":"","publisher":{"@id":"https:\/\/revalstone.com\/shop\/sv\/#organization"},"potentialAction":[{"@type":"SearchAction","target":{"@type":"EntryPoint","urlTemplate":"https:\/\/revalstone.com\/shop\/sv\/?s={search_term_string}"},"query-input":{"@type":"PropertyValueSpecification","valueRequired":true,"valueName":"search_term_string"}}],"inLanguage":"sv-SE"},{"@type":"Organization","@id":"https:\/\/revalstone.com\/shop\/sv\/#organization","name":"Reval Stone","url":"https:\/\/revalstone.com\/shop\/sv\/","logo":{"@type":"ImageObject","inLanguage":"sv-SE","@id":"https:\/\/revalstone.com\/shop\/sv\/#\/schema\/logo\/image\/","url":"https:\/\/revalstone.com\/shop\/wp-content\/uploads\/2021\/09\/Logo_v.png","contentUrl":"https:\/\/revalstone.com\/shop\/wp-content\/uploads\/2021\/09\/Logo_v.png","width":960,"height":672,"caption":"Reval Stone"},"image":{"@id":"https:\/\/revalstone.com\/shop\/sv\/#\/schema\/logo\/image\/"},"sameAs":["https:\/\/www.facebook.com\/revalstoneofficial","https:\/\/www.instagram.com\/revalstoneofficial\/","https:\/\/en.wikipedia.org\/wiki\/Saare_Dolomiit-V\u00e4okivi"]}]}},"_links":{"self":[{"href":"https:\/\/revalstone.com\/shop\/sv\/wp-json\/wp\/v2\/pages\/2452","targetHints":{"allow":["GET"]}}],"collection":[{"href":"https:\/\/revalstone.com\/shop\/sv\/wp-json\/wp\/v2\/pages"}],"about":[{"href":"https:\/\/revalstone.com\/shop\/sv\/wp-json\/wp\/v2\/types\/page"}],"author":[{"embeddable":true,"href":"https:\/\/revalstone.com\/shop\/sv\/wp-json\/wp\/v2\/users\/1"}],"replies":[{"embeddable":true,"href":"https:\/\/revalstone.com\/shop\/sv\/wp-json\/wp\/v2\/comments?post=2452"}],"version-history":[{"count":0,"href":"https:\/\/revalstone.com\/shop\/sv\/wp-json\/wp\/v2\/pages\/2452\/revisions"}],"wp:featuredmedia":[{"embeddable":true,"href":"https:\/\/revalstone.com\/shop\/sv\/wp-json\/wp\/v2\/media\/1152"}],"wp:attachment":[{"href":"https:\/\/revalstone.com\/shop\/sv\/wp-json\/wp\/v2\/media?parent=2452"}],"curies":[{"name":"wp","href":"https:\/\/api.w.org\/{rel}","templated":true}]}}