{"id":2463,"date":"2021-11-22T16:50:31","date_gmt":"2021-11-22T13:50:31","guid":{"rendered":"https:\/\/revalstone.com\/shop\/villkor-och-bestammelser\/"},"modified":"2023-04-05T18:09:42","modified_gmt":"2023-04-05T15:09:42","slug":"villkor-och-bestammelser","status":"publish","type":"page","link":"https:\/\/revalstone.com\/shop\/sv\/villkor-och-bestammelser\/","title":{"rendered":"Villkor och best\u00e4mmelser"},"content":{"rendered":"\n<p><strong>ALLM\u00c4NNA BEST\u00c4MMELSER<\/strong><\/p>\n\n\n\n<ul class=\"wp-block-list\">\n<li>Dessa allm\u00e4nna best\u00e4mmelser och best\u00e4llningsvillkor f\u00f6r v\u00e5r n\u00e4tbutik (nedan kallade: Villkoren) g\u00e4ller f\u00f6r alla r\u00e4ttsliga f\u00f6rbindelser mellan personer (nedan kallade: K\u00f6pare) och <strong>Limestone factories of Estonia O\u00dc<\/strong> (nedan kallad: S\u00e4ljare), organisationsnummer 10022037, adress Peterburi tee 34\/1, 11415 Tallinn, som uppst\u00e5r vid k\u00f6p av produkter (nedan kallade Varor) via denna webbutik www.revalstone.com\/shop (nedan kallad N\u00e4tbutik).<\/li>\n\n\n\n<li><strong>Det \u00e4r obligatoriskt att g\u00e5 genom dessa villkor.<\/strong><\/li>\n\n\n\n<li>S\u00e4ljaren har r\u00e4tt att \u00e4ndra och komplettera Villkoren och prislistan i syfte att f\u00f6rb\u00e4ttra anv\u00e4ndningen av sin n\u00e4tbutik och g\u00f6ra det s\u00e4krare. \u00c4ndringar och till\u00e4gg till villkoren och prislistan tr\u00e4der i kraft n\u00e4r \u00e4ndringen eller till\u00e4gget publiceras p\u00e5 denna webbplats. Om du har gjort din best\u00e4llning innan \u00e4ndringarna i villkoren tr\u00e4dde i kraft, kommer det r\u00e4ttsliga f\u00f6rh\u00e5llandet mellan dig och s\u00e4ljaren att regleras av de villkor som g\u00e4llde n\u00e4r du gjorde din best\u00e4llning, om inte annat f\u00f6reskrivs i lag eller i dessa villkor.<\/li>\n\n\n\n<li>V\u00e5r integritetspolicy kan l\u00e4sas <strong><a href=\"https:\/\/revalstone.com\/shop\/sv\/integritetspolicy\/\" target=\"_blank\" rel=\"noreferrer noopener\"><span style=\"text-decoration: underline;\">h\u00e4r<\/span><\/a><\/strong>.<\/li>\n<\/ul>\n\n\n\n<p><strong>PRODUKTER OCH PRISER<\/strong><\/p>\n\n\n\n<ul class=\"wp-block-list\">\n<li>Du kan s\u00f6ka och v\u00e4lja produkter i n\u00e4tbutiken genom att bl\u00e4ddra mellan sidorna, anv\u00e4nda angivna produktkategorier och \u00e4ndra de v\u00e4rden som visas i menyerna, eller genom att anv\u00e4nda s\u00f6krutan h\u00f6gst upp p\u00e5 sidan, markerad med ett f\u00f6rstoringsglas.<\/li>\n\n\n\n<li>Priserna f\u00f6r alla produkter som s\u00e4ljs i n\u00e4tbutiken \u00e4r i euro, exklusive moms. I kundvagnen adderas f\u00f6rst fraktkostnaden till produktpriset och d\u00e4refter till\u00e4ggs moms p\u00e5 det totala beloppet.<\/li>\n\n\n\n<li>S\u00e4ljaren har r\u00e4tt att n\u00e4r som helst \u00e4ndra priserna i n\u00e4tbutiken. Om priserna i n\u00e4tbutiken har \u00e4ndrats efter att du har gjort och betalat din best\u00e4llning, f\u00f6rbinder sig s\u00e4ljaren att leverera varorna till dig till de priser som g\u00e4llde n\u00e4r du gjorde din best\u00e4llning. Du har inte r\u00e4tt till ers\u00e4ttning f\u00f6r prisskillnaden.<\/li>\n\n\n\n<li>All varuinformation visas i n\u00e4tbutiken i direkt anslutning till varorna.<\/li>\n<\/ul>\n\n\n\n<p><strong>ATT UTF\u00d6RA ETT K\u00d6P OCH L\u00c4GGA BEST\u00c4LLNING<\/strong><\/p>\n\n\n\n<ul class=\"wp-block-list\">\n<li>V\u00e4lj \u00f6nskad(e) produkt(er) och l\u00e4gg de i kundvagnen.<\/li>\n\n\n\n<li>Det \u00e4r alltid m\u00f6jligt att l\u00e4gga till mer produkter i kundvagnen, ta bort dem och \u00e4ndra deras antal senare. Priset f\u00f6r kundvagnen uppdateras automatiskt n\u00e4r antalet \u00e4ndras. Klicka p\u00e5 \u201dTill kassan\u201d f\u00f6r att bekr\u00e4fta din kundvagn.<\/li>\n\n\n\n<li>Du omdirigeras d\u00e5 till kassan d\u00e4r du kan fylla i dina uppgifter (namn och kontaktuppgifter). N\u00e4r du har angett dina uppgifter visas \u00e4ven fraktkostnaden.<\/li>\n\n\n\n<li>Var uppm\u00e4rksam n\u00e4r du fyller i f\u00e4lten med dina uppgifter och best\u00e4llningsbekr\u00e4ftelsen, eftersom en snabb och problemfri leverans av dina  varor \u00e4r avh\u00e4ngig korrekt och exakt angivna uppgifter.<\/li>\n\n\n\n<li>Om du vill f\u00e5 leverans till en annan adress \u00e4n k\u00f6parens, kryssa i rutan \u201dLeverans till annan adress\u201d och ange \u00f6nskad leveransadress i f\u00e4lten som visas.<\/li>\n\n\n\n<li>Efter att ha fyllt i de obligatoriska f\u00e4lten visas best\u00e4llningens totala belopp. V\u00e4lj sedan det betals\u00e4tt som passar dig (se nedan).<\/li>\n<\/ul>\n\n\n\n<p><strong>OBS! Det \u00e4r k\u00f6parens ansvar att kontrollera att alla uppgifter i best\u00e4llningen \u00e4r korrekta innan betalning g\u00f6rs.<\/strong><\/p>\n\n\n\n<p><strong>OBS! Efter att vi har f\u00e5tt din best\u00e4llning av b\u00e4nkskivor g\u00e5r vi igenom den och g\u00f6r ev. justeringar i priset vid behov (om uppgifter angivna i best\u00e4llningen avviker fr\u00e5n uppgifterna p\u00e5 ritningarna).<\/strong><\/p>\n\n\n\n<p><strong>BETALNING F\u00d6R K\u00d6PET<\/strong><\/p>\n\n\n\n<p>Vi erbjuder <strong>tv\u00e5 betals\u00e4tt<\/strong>.<\/p>\n\n\n\n<ul class=\"wp-block-list\">\n<li>Betala f\u00f6r best\u00e4llningen <strong>med bankkort<\/strong> (betalningsplattformen Stripe).<\/li>\n<\/ul>\n\n\n\n<p>Med hj\u00e4lp av betalningsl\u00f6sningen Stripe kan k\u00f6pet utf\u00f6ras med ett betal- eller kreditkort. F\u00f6r att kunna g\u00f6ra ink\u00f6p p\u00e5 n\u00e4tet m\u00e5ste du aktivera denna funktion i din internetbank. Betalningsplattformen Stripe \u00e4r en s\u00e4ker betalningsmilj\u00f6 som uppfyller villkoren f\u00f6r den str\u00e4ngaste certifieringsniv\u00e5n inom betalningsbranschen.<\/p>\n\n\n\n<p>N\u00e4r du betalar din best\u00e4llning med bankkort sker betalning i en s\u00e4ker betalningsmilj\u00f6 utanf\u00f6r n\u00e4tbutiken. N\u00e4tbutiken ges ingen \u00e5tkomst till k\u00f6parens bank-, betalnings- eller kreditkortsuppgifter. F\u00f6r att g\u00f6ra en betalning m\u00e5ste du ange bankkortets nummer, utg\u00e5ngsdatum (i form av m\u00e5nad\/\u00e5r \u2013 t.ex. 12\/22) och s\u00e4kerhetskod (CVV2\/CVC2\/CID). Du beh\u00f6ver inte logga in p\u00e5 din bank eller p\u00e5 Stripe f\u00f6r att g\u00f6ra en betalning.<\/p>\n\n\n\n<p>Efter din betalning f\u00e5r du en automatisk bekr\u00e4ftelse b\u00e5de p\u00e5 betalningen och p\u00e5 best\u00e4llningen. Bekr\u00e4ftelsen skickas till den e-postadress som k\u00f6paren angett. Fakturan f\u00f6r varorna skickas inte automatiskt, utan av en person som kontrollerar att allt \u00e4r i ordning. D\u00e4rf\u00f6r f\u00e5r inte k\u00f6paren sin faktura omedelbart eller p\u00e5 nattetid och helger. Best\u00e4llningen b\u00f6rjar fullg\u00f6ras s\u00e5 fort det totala fakturabeloppet har kommit in p\u00e5 s\u00e4ljarens konto.<\/p>\n\n\n\n<ul class=\"wp-block-list\">\n<li>Betala f\u00f6r best\u00e4llningen <strong>med bank\u00f6verf\u00f6ring enligt faktura<\/strong>.<\/li>\n<\/ul>\n\n\n\n<p>Om du v\u00e4ljer att betala med bank\u00f6verf\u00f6ring enligt faktura genereras automatiskt en orderbekr\u00e4ftelse som skickas till k\u00f6paren grundat p\u00e5 de uppgifter som anges i best\u00e4llningen. Fakturan och andra n\u00f6dv\u00e4ndiga uppgifter skickas till den e-postadress som k\u00f6paren angett.<\/p>\n\n\n\n<p>Det \u00e4r k\u00f6parens ansvar att kontrollera att alla uppgifter \u00e4r korrekta och meddela s\u00e4ljaren vid ev. fel. Fakturan f\u00f6r varorna skickas inte automatiskt, utan av en person som kontrollerar att allt \u00e4r i ordning med best\u00e4llningen D\u00e4rf\u00f6r f\u00e5r inte k\u00f6paren sin faktura omedelbart eller p\u00e5 nattetid och helger. Best\u00e4llningen b\u00f6rjar fullg\u00f6ras s\u00e5 fort det totala fakturabeloppet har kommit in p\u00e5 s\u00e4ljarens konto.<\/p>\n\n\n\n<p><strong>LEVERANS<\/strong><\/p>\n\n\n\n<ul class=\"wp-block-list\">\n<li>Varorna levereras efter att betalningen f\u00f6r varorna har mottagits och till den leveransadress som k\u00f6paren har angett vid best\u00e4llning. Fraktavgiften f\u00f6r varorna visas f\u00f6r k\u00f6paren n\u00e4r best\u00e4llningen g\u00f6rs.<\/li>\n\n\n\n<li>Om det visar sig efter avslutad f\u00f6rs\u00e4ljning att varorna inte kan levereras eller att det tar l\u00e4ngre tid \u00e4n f\u00f6rv\u00e4ntat att best\u00e4lla och leverera varorna (oavsett om det beror p\u00e5 att varorna har tagit slut i s\u00e4ljarens lager eller av annan anledning), ska s\u00e4ljaren informera k\u00f6paren d\u00e4rom snarast m\u00f6jligt och meddela det nya f\u00f6rv\u00e4ntade leveransdatumet. K\u00f6paren har r\u00e4tt att h\u00e4va k\u00f6peavtalet p\u00e5 grund av f\u00f6rl\u00e4ngd leveranstid.<\/li>\n\n\n\n<li>Varorna levereras till k\u00f6paren med hj\u00e4lp av en tredjepartsleverant\u00f6r av frakttj\u00e4nster (nedan kallad Fraktleverant\u00f6r).<\/li>\n\n\n\n<li>Alla f\u00f6rs\u00e4ndelser \u00f6verl\u00e4mnas till fraktleverant\u00f6ren f\u00f6r leverans till den av k\u00f6paren angivna leveransadress snarast m\u00f6jligt efter att k\u00f6peavtalet har tr\u00e4tt i kraft, f\u00f6rutsatt att varorna finns i lager och inget annat angetts.<\/li>\n\n\n\n<li>Leveranstiden \u00e4r upp till 3 veckor efter att best\u00e4llningen har betalats (med undantag f\u00f6r provbitar med kortare leveranstid). Varorna kan vid \u00f6nskem\u00e5l \u00e4ven levereras till andra l\u00e4nder, men d\u00e5 g\u00e4ller andra fraktpriser. L\u00e4s mer om frakt <strong><a href=\"https:\/\/revalstone.com\/shop\/sv\/frakt\/\" target=\"_blank\" rel=\"noreferrer noopener\"><span style=\"text-decoration: underline;\">h\u00e4r<\/span><\/a><\/strong>.<\/li>\n<\/ul>\n\n\n\n<p><strong>REKLAMATIONER<\/strong><\/p>\n\n\n\n<ul class=\"wp-block-list\">\n<li>Varorna omfattas av reklamationsbest\u00e4mmelser som f\u00f6reskrivs i 218 \u00a7 estniska lagen om fordringsr\u00e4tt (V\u00d5S).<\/li>\n\n\n\n<li>S\u00e4ljaren \u00e5tar sig inget ansvar f\u00f6r:\n<ul class=\"wp-block-list\">\n<li>fysiska skador p\u00e5 varorna som orsakats av k\u00f6paren;<\/li>\n\n\n\n<li>fel som beror p\u00e5 felaktig anv\u00e4ndning av varorna.<\/li>\n<\/ul>\n<\/li>\n\n\n\n<li>Vid varornas bristande \u00f6verensst\u00e4mmelse med avtalet har k\u00f6paren r\u00e4tt att beg\u00e4ra varornas utbyte mot varor som \u00f6verensst\u00e4mmer med avtalet.<\/li>\n\n\n\n<li>Innan best\u00e4llningen bekr\u00e4ftas m\u00e5ste k\u00f6paren l\u00e4sa genom detaljerade returvillkor som kan hittas <strong><a href=\"https:\/\/revalstone.com\/shop\/sv\/aterlamnande-av-produkter\/\" target=\"_blank\" rel=\"noreferrer noopener\"><span style=\"text-decoration: underline;\">h\u00e4r<\/span><\/a><\/strong>. D\u00e4r finns en detaljerad beskrivning av r\u00e4tten att h\u00e4va avtalet, reklamationsreglerna och andra aspekter som man b\u00f6r t\u00e4nka p\u00e5 n\u00e4r man best\u00e4ller naturstensprodukter.<\/li>\n<\/ul>\n","protected":false},"excerpt":{"rendered":"<p>ALLM\u00c4NNA BEST\u00c4MMELSER PRODUKTER OCH PRISER ATT UTF\u00d6RA ETT K\u00d6P OCH L\u00c4GGA BEST\u00c4LLNING OBS! Det \u00e4r k\u00f6parens ansvar att kontrollera att [&hellip;]<\/p>\n","protected":false},"author":1,"featured_media":0,"parent":0,"menu_order":0,"comment_status":"closed","ping_status":"closed","template":"","meta":{"_acf_changed":false,"footnotes":""},"class_list":["post-2463","page","type-page","status-publish","hentry"],"acf":[],"yoast_head":"<!-- This site is optimized with the Yoast SEO plugin v27.2 - https:\/\/yoast.com\/product\/yoast-seo-wordpress\/ -->\n<title>Villkor och best\u00e4mmelser - Natursten - Reval Stone n\u00e4tbutik<\/title>\n<meta name=\"description\" content=\"K\u00f6p golvplattor av natursten (estnisk kalksten och dolomit) online. Kvalitetsprodukter direkt fr\u00e5n tillverkare.\" \/>\n<meta name=\"robots\" content=\"index, follow, max-snippet:-1, max-image-preview:large, max-video-preview:-1\" \/>\n<link rel=\"canonical\" href=\"https:\/\/revalstone.com\/shop\/sv\/villkor-och-bestammelser\/\" \/>\n<meta property=\"og:locale\" content=\"sv_SE\" \/>\n<meta property=\"og:type\" content=\"article\" \/>\n<meta property=\"og:title\" content=\"Villkor och best\u00e4mmelser - Natursten - Reval Stone n\u00e4tbutik\" \/>\n<meta property=\"og:description\" content=\"K\u00f6p golvplattor av natursten (estnisk kalksten och dolomit) online. Kvalitetsprodukter direkt fr\u00e5n tillverkare.\" \/>\n<meta property=\"og:url\" content=\"https:\/\/revalstone.com\/shop\/sv\/villkor-och-bestammelser\/\" \/>\n<meta property=\"og:site_name\" content=\"Reval Stone n\u00e4tbutik\" \/>\n<meta property=\"article:publisher\" content=\"https:\/\/www.facebook.com\/revalstoneofficial\" \/>\n<meta property=\"article:modified_time\" content=\"2023-04-05T15:09:42+00:00\" \/>\n<meta name=\"twitter:card\" content=\"summary_large_image\" \/>\n<meta name=\"twitter:label1\" content=\"Ber\u00e4knad l\u00e4stid\" \/>\n\t<meta name=\"twitter:data1\" content=\"6 minuter\" \/>\n<script type=\"application\/ld+json\" class=\"yoast-schema-graph\">{\"@context\":\"https:\/\/schema.org\",\"@graph\":[{\"@type\":\"WebPage\",\"@id\":\"https:\/\/revalstone.com\/shop\/sv\/villkor-och-bestammelser\/\",\"url\":\"https:\/\/revalstone.com\/shop\/sv\/villkor-och-bestammelser\/\",\"name\":\"Villkor och best\u00e4mmelser - Natursten - Reval Stone n\u00e4tbutik\",\"isPartOf\":{\"@id\":\"https:\/\/revalstone.com\/shop\/sv\/#website\"},\"datePublished\":\"2021-11-22T13:50:31+00:00\",\"dateModified\":\"2023-04-05T15:09:42+00:00\",\"description\":\"K\u00f6p golvplattor av natursten (estnisk kalksten och dolomit) online. Kvalitetsprodukter direkt fr\u00e5n tillverkare.\",\"breadcrumb\":{\"@id\":\"https:\/\/revalstone.com\/shop\/sv\/villkor-och-bestammelser\/#breadcrumb\"},\"inLanguage\":\"sv-SE\",\"potentialAction\":[{\"@type\":\"ReadAction\",\"target\":[\"https:\/\/revalstone.com\/shop\/sv\/villkor-och-bestammelser\/\"]}]},{\"@type\":\"BreadcrumbList\",\"@id\":\"https:\/\/revalstone.com\/shop\/sv\/villkor-och-bestammelser\/#breadcrumb\",\"itemListElement\":[{\"@type\":\"ListItem\",\"position\":1,\"name\":\"Hemsida\",\"item\":\"https:\/\/revalstone.com\/shop\/sv\/\"},{\"@type\":\"ListItem\",\"position\":2,\"name\":\"Villkor och best\u00e4mmelser\"}]},{\"@type\":\"WebSite\",\"@id\":\"https:\/\/revalstone.com\/shop\/sv\/#website\",\"url\":\"https:\/\/revalstone.com\/shop\/sv\/\",\"name\":\"Reval Stone n\u00e4tbutik\",\"description\":\"\",\"publisher\":{\"@id\":\"https:\/\/revalstone.com\/shop\/sv\/#organization\"},\"potentialAction\":[{\"@type\":\"SearchAction\",\"target\":{\"@type\":\"EntryPoint\",\"urlTemplate\":\"https:\/\/revalstone.com\/shop\/sv\/?s={search_term_string}\"},\"query-input\":{\"@type\":\"PropertyValueSpecification\",\"valueRequired\":true,\"valueName\":\"search_term_string\"}}],\"inLanguage\":\"sv-SE\"},{\"@type\":\"Organization\",\"@id\":\"https:\/\/revalstone.com\/shop\/sv\/#organization\",\"name\":\"Reval Stone\",\"url\":\"https:\/\/revalstone.com\/shop\/sv\/\",\"logo\":{\"@type\":\"ImageObject\",\"inLanguage\":\"sv-SE\",\"@id\":\"https:\/\/revalstone.com\/shop\/sv\/#\/schema\/logo\/image\/\",\"url\":\"https:\/\/revalstone.com\/shop\/wp-content\/uploads\/2021\/09\/Logo_v.png\",\"contentUrl\":\"https:\/\/revalstone.com\/shop\/wp-content\/uploads\/2021\/09\/Logo_v.png\",\"width\":960,\"height\":672,\"caption\":\"Reval Stone\"},\"image\":{\"@id\":\"https:\/\/revalstone.com\/shop\/sv\/#\/schema\/logo\/image\/\"},\"sameAs\":[\"https:\/\/www.facebook.com\/revalstoneofficial\",\"https:\/\/www.instagram.com\/revalstoneofficial\/\",\"https:\/\/en.wikipedia.org\/wiki\/Saare_Dolomiit-V\u00e4okivi\"]}]}<\/script>\n<!-- \/ Yoast SEO plugin. -->","yoast_head_json":{"title":"Villkor och best\u00e4mmelser - Natursten - Reval Stone n\u00e4tbutik","description":"K\u00f6p golvplattor av natursten (estnisk kalksten och dolomit) online. Kvalitetsprodukter direkt fr\u00e5n tillverkare.","robots":{"index":"index","follow":"follow","max-snippet":"max-snippet:-1","max-image-preview":"max-image-preview:large","max-video-preview":"max-video-preview:-1"},"canonical":"https:\/\/revalstone.com\/shop\/sv\/villkor-och-bestammelser\/","og_locale":"sv_SE","og_type":"article","og_title":"Villkor och best\u00e4mmelser - Natursten - Reval Stone n\u00e4tbutik","og_description":"K\u00f6p golvplattor av natursten (estnisk kalksten och dolomit) online. Kvalitetsprodukter direkt fr\u00e5n tillverkare.","og_url":"https:\/\/revalstone.com\/shop\/sv\/villkor-och-bestammelser\/","og_site_name":"Reval Stone n\u00e4tbutik","article_publisher":"https:\/\/www.facebook.com\/revalstoneofficial","article_modified_time":"2023-04-05T15:09:42+00:00","twitter_card":"summary_large_image","twitter_misc":{"Ber\u00e4knad l\u00e4stid":"6 minuter"},"schema":{"@context":"https:\/\/schema.org","@graph":[{"@type":"WebPage","@id":"https:\/\/revalstone.com\/shop\/sv\/villkor-och-bestammelser\/","url":"https:\/\/revalstone.com\/shop\/sv\/villkor-och-bestammelser\/","name":"Villkor och best\u00e4mmelser - Natursten - Reval Stone n\u00e4tbutik","isPartOf":{"@id":"https:\/\/revalstone.com\/shop\/sv\/#website"},"datePublished":"2021-11-22T13:50:31+00:00","dateModified":"2023-04-05T15:09:42+00:00","description":"K\u00f6p golvplattor av natursten (estnisk kalksten och dolomit) online. Kvalitetsprodukter direkt fr\u00e5n tillverkare.","breadcrumb":{"@id":"https:\/\/revalstone.com\/shop\/sv\/villkor-och-bestammelser\/#breadcrumb"},"inLanguage":"sv-SE","potentialAction":[{"@type":"ReadAction","target":["https:\/\/revalstone.com\/shop\/sv\/villkor-och-bestammelser\/"]}]},{"@type":"BreadcrumbList","@id":"https:\/\/revalstone.com\/shop\/sv\/villkor-och-bestammelser\/#breadcrumb","itemListElement":[{"@type":"ListItem","position":1,"name":"Hemsida","item":"https:\/\/revalstone.com\/shop\/sv\/"},{"@type":"ListItem","position":2,"name":"Villkor och best\u00e4mmelser"}]},{"@type":"WebSite","@id":"https:\/\/revalstone.com\/shop\/sv\/#website","url":"https:\/\/revalstone.com\/shop\/sv\/","name":"Reval Stone n\u00e4tbutik","description":"","publisher":{"@id":"https:\/\/revalstone.com\/shop\/sv\/#organization"},"potentialAction":[{"@type":"SearchAction","target":{"@type":"EntryPoint","urlTemplate":"https:\/\/revalstone.com\/shop\/sv\/?s={search_term_string}"},"query-input":{"@type":"PropertyValueSpecification","valueRequired":true,"valueName":"search_term_string"}}],"inLanguage":"sv-SE"},{"@type":"Organization","@id":"https:\/\/revalstone.com\/shop\/sv\/#organization","name":"Reval Stone","url":"https:\/\/revalstone.com\/shop\/sv\/","logo":{"@type":"ImageObject","inLanguage":"sv-SE","@id":"https:\/\/revalstone.com\/shop\/sv\/#\/schema\/logo\/image\/","url":"https:\/\/revalstone.com\/shop\/wp-content\/uploads\/2021\/09\/Logo_v.png","contentUrl":"https:\/\/revalstone.com\/shop\/wp-content\/uploads\/2021\/09\/Logo_v.png","width":960,"height":672,"caption":"Reval Stone"},"image":{"@id":"https:\/\/revalstone.com\/shop\/sv\/#\/schema\/logo\/image\/"},"sameAs":["https:\/\/www.facebook.com\/revalstoneofficial","https:\/\/www.instagram.com\/revalstoneofficial\/","https:\/\/en.wikipedia.org\/wiki\/Saare_Dolomiit-V\u00e4okivi"]}]}},"_links":{"self":[{"href":"https:\/\/revalstone.com\/shop\/sv\/wp-json\/wp\/v2\/pages\/2463","targetHints":{"allow":["GET"]}}],"collection":[{"href":"https:\/\/revalstone.com\/shop\/sv\/wp-json\/wp\/v2\/pages"}],"about":[{"href":"https:\/\/revalstone.com\/shop\/sv\/wp-json\/wp\/v2\/types\/page"}],"author":[{"embeddable":true,"href":"https:\/\/revalstone.com\/shop\/sv\/wp-json\/wp\/v2\/users\/1"}],"replies":[{"embeddable":true,"href":"https:\/\/revalstone.com\/shop\/sv\/wp-json\/wp\/v2\/comments?post=2463"}],"version-history":[{"count":0,"href":"https:\/\/revalstone.com\/shop\/sv\/wp-json\/wp\/v2\/pages\/2463\/revisions"}],"wp:attachment":[{"href":"https:\/\/revalstone.com\/shop\/sv\/wp-json\/wp\/v2\/media?parent=2463"}],"curies":[{"name":"wp","href":"https:\/\/api.w.org\/{rel}","templated":true}]}}