{"id":2469,"date":"2021-11-22T17:55:52","date_gmt":"2021-11-22T14:55:52","guid":{"rendered":"https:\/\/revalstone.com\/shop\/integritetspolicy\/"},"modified":"2024-12-27T12:37:41","modified_gmt":"2024-12-27T09:37:41","slug":"integritetspolicy","status":"publish","type":"page","link":"https:\/\/revalstone.com\/shop\/sv\/integritetspolicy\/","title":{"rendered":"Integritetspolicy"},"content":{"rendered":"\n<ul class=\"wp-block-list\">\n<li>S\u00e4ljaren har ingen r\u00e4tt att sprida k\u00f6parens uppgifter.<\/li>\n\n\n\n<li>Integritetspolicyn omfattar insamling, anv\u00e4ndning, utl\u00e4mnande, \u00f6verf\u00f6ring och lagring av kunduppgifter. <strong>Limestone factories of Estonia O\u00dc<\/strong> (nedan kallad: S\u00e4ljaren) behandlar personuppgifter i enlighet med best\u00e4mmelserna i lagen om skydd av personuppgifter och EU:s allm\u00e4nna dataskyddsf\u00f6rordning.<\/li>\n\n\n\n<li>Personuppgifter kan samlas in p\u00e5 f\u00f6ljande s\u00e4tt:\n<ul class=\"wp-block-list\">\n<li>n\u00e4r du l\u00e4mnar dina kontaktuppgifter (inkl. namn, postadress, telefonnummer, e-postadress) i v\u00e5r n\u00e4tbutik;<\/li>\n\n\n\n<li>genom webbkakor (cookies) n\u00e4r du anv\u00e4nder webbplatsen f\u00f6r att g\u00f6ra ett k\u00f6p eller l\u00e4gga en best\u00e4llning i v\u00e5r n\u00e4tbutik.<\/li>\n<\/ul>\n<\/li>\n\n\n\n<li>Annan datainsamling:\n<ul class=\"wp-block-list\">\n<li>vi samlar \u00e4ven in icke-identifierbara uppgifter \u2013 uppgifter som inte kan kopplas till en specifik person (k\u00f6n, \u00e5lder, spr\u00e5kpreferenser, plats). Vi kan \u00e4ven samla in uppgifter om kundaktiviteter p\u00e5 v\u00e5r webbplats. Dessa uppgifter aggregeras och anv\u00e4nds f\u00f6r att s\u00e4kerst\u00e4lla webbplatsens s\u00e4kerhet och f\u00f6r att identifiera de delar av webbplatsen, produkter och tj\u00e4nster som \u00e4r mest intressanta f\u00f6r kunderna. Aggregerade uppgifter behandlas som icke-identifierbara uppgifter i enlighet med denna sekretesspolicy.<\/li>\n<\/ul>\n<\/li>\n\n\n\n<li>Kunduppgifter behandlas i f\u00f6ljande syften:\n<ul class=\"wp-block-list\">\n<li>f\u00f6r fullg\u00f6rande av best\u00e4llningar (bl.a. f\u00f6r att skicka meddelanden mm om best\u00e4llningen);<\/li>\n\n\n\n<li>f\u00f6r leverans av best\u00e4llningar;<\/li>\n\n\n\n<li>f\u00f6r s\u00e4kerst\u00e4llande av webbsidans s\u00e4kerhet;<\/li>\n\n\n\n<li>f\u00f6r fullg\u00f6rande av andra skyldigheter enligt g\u00e4llande lagstiftning i Republiken Estland.<\/li>\n<\/ul>\n<\/li>\n\n\n\n<li>Kunduppgifter kan \u00f6verl\u00e4mnas till tredje part i f\u00f6ljande fall.\n<ul class=\"wp-block-list\">\n<li>Till fraktleverant\u00f6ren som tillhandah\u00e5ller frakttj\u00e4nsten f\u00f6r leverans av varor om kunden har best\u00e4llt en s\u00e5dan tj\u00e4nst.<\/li>\n\n\n\n<li>Till finansinstitut f\u00f6r anv\u00e4ndning av betalningsl\u00f6sningar.\n<ul class=\"wp-block-list\">\n<li>Bl.a. \u00f6verl\u00e4mnas n\u00f6dv\u00e4ndiga uppgifter f\u00f6r hantering av betalningar till personuppgiftsbitr\u00e4dets betalningscentral Stripe.<\/li>\n<\/ul>\n<\/li>\n\n\n\n<li>Till partners som tillhandah\u00e5ller inkassotj\u00e4nster och till kronofogdemyndigheten i samband med indrivning av skulder.<\/li>\n\n\n\n<li>Till \u00f6vriga statliga myndigheter i syfte att fullg\u00f6ra andra skyldigheter enligt g\u00e4llande lagstiftning i Republiken Estland.<\/li>\n\n\n\n<li>Det \u00e4r m\u00f6jligt att se sina personuppgifter som samlats in f\u00f6r kundidentifiering och -kontakt genom att l\u00e4mna in en beg\u00e4ran d\u00e4rom. F\u00f6rfr\u00e5gningar om sina uppgifter och personuppgifter som kund kan l\u00e4mnas via e-post till shop@revalstone.com eller till s\u00e4ljarens kontor (Peterburi tee 34\/1, 11415 Tallinn).<\/li>\n<\/ul>\n<\/li>\n<\/ul>\n\n\n\n<p><strong>PRENUMERERA P\u00c5 NYHETSBREVET<\/strong><\/p>\n\n\n\n<ul class=\"wp-block-list\">\n<li>Det \u00e4r endast m\u00f6jligt att prenumerera p\u00e5 nyhetsbrevet om du godk\u00e4nner f\u00f6religgande villkor. Genom att prenumerera p\u00e5 nyhetsbrevet ger du oss ett \u00e5terkalleligt samtycke till att dina elektroniska kontaktuppgifter anv\u00e4nds f\u00f6r att skicka nyhetsbrev till dig.<\/li>\n\n\n\n<li>F\u00f6r att prenumerera p\u00e5 nyhetsbrevet m\u00e5ste du ange din e-postadress dit vi skickar instruktioner om hur du bekr\u00e4ftar din prenumeration. Dessutom ges du information om hur du kan \u00e4ndra eller avsluta din prenumeration.<\/li>\n\n\n\n<li>Om du v\u00e4ljer att avprenumerera nyhetsbrevet kommer din e-postadress att tas bort fr\u00e5n prenumerationslistan och du kommer inte l\u00e4ngre att f\u00e5 v\u00e5ra nyhetsbrev.<\/li>\n<\/ul>\n\n\n\n<p><strong>SKYDD AV PERSONUPPGIFTER OCH S\u00c4KERHET<\/strong><\/p>\n\n\n\n<ul class=\"wp-block-list\">\n<li>S\u00e4ljaren vidtar alla f\u00f6rsiktighets\u00e5tg\u00e4rder (inklusive administrativa, tekniska och fysiska \u00e5tg\u00e4rder) f\u00f6r att skydda kundens personuppgifter. Det \u00e4r endast beh\u00f6riga personer som har tillg\u00e5ng till uppgifterna f\u00f6r \u00e4ndring och behandling av dessa.<\/li>\n\n\n\n<li>Alla personuppgifter som kunden l\u00e4mnar ut vid bes\u00f6k till och k\u00f6p fr\u00e5n n\u00e4tbutiken behandlas som konfidentiell information. En krypterad kommunikationskanal med betaltj\u00e4nstleverant\u00f6ren (Stripe) garanterar s\u00e4kerheten f\u00f6r kundens person- och bankuppgifter.<\/li>\n\n\n\n<li>Kunden har r\u00e4tt att beg\u00e4ra att behandlingen av hans\/hennes uppgifter upph\u00f6r, att f\u00e5 information om hur uppgifterna anv\u00e4nds och att uppgifterna \u00f6verf\u00f6rs till honom\/henne sj\u00e4lv eller till en tredje part i ett allm\u00e4nt anv\u00e4nt format. F\u00f6r att undvika att kundens uppgifter missbrukas och r\u00e4ttigheter kr\u00e4nks f\u00e5r beg\u00e4ran d\u00e4rom endast l\u00e4mnas in p\u00e5 ett s\u00e4tt som m\u00f6jligg\u00f6r personens identifiering (digitalt undertecknad eller personligt undertecknad p\u00e5 plats). S\u00e4ljaren har r\u00e4tt att svara p\u00e5 en s\u00e5dan beg\u00e4ran inom 30 dagar.<\/li>\n\n\n\n<li>Genom att anv\u00e4nda s\u00e4ljarens webbplats bekr\u00e4ftar du att du har l\u00e4st genom och godk\u00e4nner dessa villkor och best\u00e4mmelser. Vi f\u00f6rbeh\u00e5ller oss r\u00e4tten att \u00e4ndra de allm\u00e4nna villkoren f\u00f6r denna sekretesspolicy vid behov.<\/li>\n\n\n\n<li>Personuppgiftsansvarig f\u00f6r kundens personuppgifter \u00e4r s\u00e4ljaren, organisationsnummer 10022037, adress Peterburi tee 34\/1, 11415 Tallinn.<\/li>\n\n\n\n<li>Kunduppgifter behandlas endast i Republiken Estland, i Europeiska Unionens medlemsstater eller i l\u00e4nder vars dataskyddsniv\u00e5 har bed\u00f6mts som adekvat av Europeiska Kommissionen.<\/li>\n\n\n\n<li>F\u00f6rfr\u00e5gningar om sina uppgifter och personuppgifter som kund kan l\u00e4mnas via e-post till shop@revalstone.com eller p\u00e5 plats i s\u00e4ljarens kontor p\u00e5 Peterburi tee 34\/1, 11415 Tallinn.<\/li>\n<\/ul>\n\n\n\n<p><strong>ANSVAR OCH FORCE MAJEURE<\/strong><\/p>\n\n\n\n<ul class=\"wp-block-list\">\n<li>S\u00e4ljaren ska vara ansvarig gentemot dig och du ska vara ansvarig gentemot s\u00e4ljaren f\u00f6r all skada som orsakats den andra parten genom brott mot dessa villkor i de fall och i den omfattning som f\u00f6reskrivs i g\u00e4llande lagstiftning i Republiken Estland.<\/li>\n\n\n\n<li>S\u00e4ljaren \u00e4r inte ansvarig f\u00f6r skador som orsakats dig eller f\u00f6r f\u00f6rseningar i leveransen om skadan eller f\u00f6rseningen beror p\u00e5 en omst\u00e4ndighet som ligger utanf\u00f6r s\u00e4ljarens kontroll och som s\u00e4ljaren inte f\u00f6ruts\u00e5g eller kunde ha f\u00f6rutsett (force majeure).<\/li>\n<\/ul>\n\n\n\n<p><strong>\u00d6VRIGA VILLKOR<\/strong><\/p>\n\n\n\n<ul class=\"wp-block-list\">\n<li>L\u00f6sning av tvister och fr\u00e5gor som inte behandlats i f\u00f6religgande villkor sker utifr\u00e5n g\u00e4llande lagstiftning i Republiken Estland.<\/li>\n\n\n\n<li>Alla tvister mellan k\u00f6paren och s\u00e4ljaren i samband med best\u00e4llning och k\u00f6p av produkter via n\u00e4tbutiken ska l\u00f6sas f\u00f6rhandlingsv\u00e4gen. Om ingen \u00f6verenskommelse n\u00e5s har k\u00f6paren r\u00e4tt att v\u00e4nda sig till konsumenttvistn\u00e4mnden genom Konsumentverket eller till Harju distriktsdomstol f\u00f6r att skydda sina r\u00e4ttigheter. Konsumenten kan l\u00e4mna in klagom\u00e5let sj\u00e4lv eller genom ombud. Tvistel\u00f6sning sker i enlighet med g\u00e4llande lagstiftning i Republiken Estland.<\/li>\n<\/ul>\n\n\n\n<p><strong>FRISKRIVNINGSKLAUSULER<\/strong><\/p>\n\n\n\n<ul class=\"wp-block-list\">\n<li>Produktbilder p\u00e5 n\u00e4tbutikens webbplats har gjorts f\u00f6r att beskriva produkten s\u00e5 n\u00e4ra som m\u00f6jligt, men har fortfarande ett illustrativt syfte.<\/li>\n\n\n\n<li>Kopiering\/vidaredistribution av allt inneh\u00e5ll (inklusive videor och bilder) (med undantag f\u00f6r de m\u00f6jligheter som n\u00e4tbutiksplattformen erbjuder) \u00e4r f\u00f6rbjuden utan s\u00e4ljarens skriftliga medgivande.<\/li>\n\n\n\n<li>Produkters priser och tillg\u00e4nglighet kan \u00e4ndras utan f\u00f6reg\u00e5ende meddelande. I detta fall f\u00f6rbeh\u00e5ller sig s\u00e4ljaren r\u00e4tten att h\u00e4va avtalet och \u00e5terbetala pengarna till kundens bankkonto inom 5 arbetsdagar.<\/li>\n\n\n\n<li>Produktinformationen kontrolleras och f\u00f6rb\u00e4ttras regelbundet. Uppgifterna kan ha uppdaterats sedan ditt senaste bes\u00f6k.<\/li>\n\n\n\n<li>Det \u00e4r f\u00f6rbjudet att anv\u00e4nda n\u00e4tbutiken p\u00e5 ett otillb\u00f6rligt s\u00e4tt och\/eller att testa eller genomf\u00f6ra valfria tekniska processer, skicka systemf\u00f6rfr\u00e5gningar, \u00e4ndra konfigurationer, interface mm. i syfte att st\u00f6ra n\u00e4tbutikens funktioner, sp\u00e5ra data mm.<\/li>\n<\/ul>\n","protected":false},"excerpt":{"rendered":"<p>PRENUMERERA P\u00c5 NYHETSBREVET SKYDD AV PERSONUPPGIFTER OCH S\u00c4KERHET ANSVAR OCH FORCE MAJEURE \u00d6VRIGA VILLKOR FRISKRIVNINGSKLAUSULER<\/p>\n","protected":false},"author":1,"featured_media":0,"parent":0,"menu_order":0,"comment_status":"closed","ping_status":"open","template":"","meta":{"_acf_changed":false,"footnotes":""},"class_list":["post-2469","page","type-page","status-publish","hentry"],"acf":[],"yoast_head":"<!-- This site is optimized with the Yoast SEO plugin v27.4 - https:\/\/yoast.com\/product\/yoast-seo-wordpress\/ -->\n<title>Integritetspolicy - Estnisk kalksten - Reval Stone n\u00e4tbutik<\/title>\n<meta name=\"description\" content=\"I n\u00e4tbutikens produktsortiment hittar du golvplattor av olika natursten. V\u00e4lj r\u00e4tt sten och r\u00e4tt storlek och l\u00e4gg till produkter i varukorgen.\" \/>\n<meta name=\"robots\" content=\"index, follow, max-snippet:-1, max-image-preview:large, max-video-preview:-1\" \/>\n<link rel=\"canonical\" href=\"https:\/\/revalstone.com\/shop\/sv\/integritetspolicy\/\" \/>\n<meta property=\"og:locale\" content=\"sv_SE\" \/>\n<meta property=\"og:type\" content=\"article\" \/>\n<meta property=\"og:title\" content=\"Integritetspolicy - Estnisk kalksten - Reval Stone n\u00e4tbutik\" \/>\n<meta property=\"og:description\" content=\"I n\u00e4tbutikens produktsortiment hittar du golvplattor av olika natursten. V\u00e4lj r\u00e4tt sten och r\u00e4tt storlek och l\u00e4gg till produkter i varukorgen.\" \/>\n<meta property=\"og:url\" content=\"https:\/\/revalstone.com\/shop\/sv\/integritetspolicy\/\" \/>\n<meta property=\"og:site_name\" content=\"Reval Stone n\u00e4tbutik\" \/>\n<meta property=\"article:publisher\" content=\"https:\/\/www.facebook.com\/revalstoneofficial\" \/>\n<meta property=\"article:modified_time\" content=\"2024-12-27T09:37:41+00:00\" \/>\n<meta name=\"twitter:card\" content=\"summary_large_image\" \/>\n<meta name=\"twitter:label1\" content=\"Ber\u00e4knad l\u00e4stid\" \/>\n\t<meta name=\"twitter:data1\" content=\"6 minuter\" \/>\n<script type=\"application\/ld+json\" class=\"yoast-schema-graph\">{\"@context\":\"https:\\\/\\\/schema.org\",\"@graph\":[{\"@type\":\"WebPage\",\"@id\":\"https:\\\/\\\/revalstone.com\\\/shop\\\/sv\\\/integritetspolicy\\\/\",\"url\":\"https:\\\/\\\/revalstone.com\\\/shop\\\/sv\\\/integritetspolicy\\\/\",\"name\":\"Integritetspolicy - Estnisk kalksten - Reval Stone n\u00e4tbutik\",\"isPartOf\":{\"@id\":\"https:\\\/\\\/revalstone.com\\\/shop\\\/sv\\\/#website\"},\"datePublished\":\"2021-11-22T14:55:52+00:00\",\"dateModified\":\"2024-12-27T09:37:41+00:00\",\"description\":\"I n\u00e4tbutikens produktsortiment hittar du golvplattor av olika natursten. V\u00e4lj r\u00e4tt sten och r\u00e4tt storlek och l\u00e4gg till produkter i varukorgen.\",\"breadcrumb\":{\"@id\":\"https:\\\/\\\/revalstone.com\\\/shop\\\/sv\\\/integritetspolicy\\\/#breadcrumb\"},\"inLanguage\":\"sv-SE\",\"potentialAction\":[{\"@type\":\"ReadAction\",\"target\":[\"https:\\\/\\\/revalstone.com\\\/shop\\\/sv\\\/integritetspolicy\\\/\"]}]},{\"@type\":\"BreadcrumbList\",\"@id\":\"https:\\\/\\\/revalstone.com\\\/shop\\\/sv\\\/integritetspolicy\\\/#breadcrumb\",\"itemListElement\":[{\"@type\":\"ListItem\",\"position\":1,\"name\":\"Hemsida\",\"item\":\"https:\\\/\\\/revalstone.com\\\/shop\\\/sv\\\/\"},{\"@type\":\"ListItem\",\"position\":2,\"name\":\"Integritetspolicy\"}]},{\"@type\":\"WebSite\",\"@id\":\"https:\\\/\\\/revalstone.com\\\/shop\\\/sv\\\/#website\",\"url\":\"https:\\\/\\\/revalstone.com\\\/shop\\\/sv\\\/\",\"name\":\"Reval Stone n\u00e4tbutik\",\"description\":\"\",\"publisher\":{\"@id\":\"https:\\\/\\\/revalstone.com\\\/shop\\\/sv\\\/#organization\"},\"potentialAction\":[{\"@type\":\"SearchAction\",\"target\":{\"@type\":\"EntryPoint\",\"urlTemplate\":\"https:\\\/\\\/revalstone.com\\\/shop\\\/sv\\\/?s={search_term_string}\"},\"query-input\":{\"@type\":\"PropertyValueSpecification\",\"valueRequired\":true,\"valueName\":\"search_term_string\"}}],\"inLanguage\":\"sv-SE\"},{\"@type\":\"Organization\",\"@id\":\"https:\\\/\\\/revalstone.com\\\/shop\\\/sv\\\/#organization\",\"name\":\"Reval Stone\",\"url\":\"https:\\\/\\\/revalstone.com\\\/shop\\\/sv\\\/\",\"logo\":{\"@type\":\"ImageObject\",\"inLanguage\":\"sv-SE\",\"@id\":\"https:\\\/\\\/revalstone.com\\\/shop\\\/sv\\\/#\\\/schema\\\/logo\\\/image\\\/\",\"url\":\"https:\\\/\\\/revalstone.com\\\/shop\\\/wp-content\\\/uploads\\\/2021\\\/09\\\/Logo_v.png\",\"contentUrl\":\"https:\\\/\\\/revalstone.com\\\/shop\\\/wp-content\\\/uploads\\\/2021\\\/09\\\/Logo_v.png\",\"width\":960,\"height\":672,\"caption\":\"Reval Stone\"},\"image\":{\"@id\":\"https:\\\/\\\/revalstone.com\\\/shop\\\/sv\\\/#\\\/schema\\\/logo\\\/image\\\/\"},\"sameAs\":[\"https:\\\/\\\/www.facebook.com\\\/revalstoneofficial\",\"https:\\\/\\\/www.instagram.com\\\/revalstoneofficial\\\/\",\"https:\\\/\\\/en.wikipedia.org\\\/wiki\\\/Saare_Dolomiit-V\u00e4okivi\"]}]}<\/script>\n<!-- \/ Yoast SEO plugin. -->","yoast_head_json":{"title":"Integritetspolicy - Estnisk kalksten - Reval Stone n\u00e4tbutik","description":"I n\u00e4tbutikens produktsortiment hittar du golvplattor av olika natursten. V\u00e4lj r\u00e4tt sten och r\u00e4tt storlek och l\u00e4gg till produkter i varukorgen.","robots":{"index":"index","follow":"follow","max-snippet":"max-snippet:-1","max-image-preview":"max-image-preview:large","max-video-preview":"max-video-preview:-1"},"canonical":"https:\/\/revalstone.com\/shop\/sv\/integritetspolicy\/","og_locale":"sv_SE","og_type":"article","og_title":"Integritetspolicy - Estnisk kalksten - Reval Stone n\u00e4tbutik","og_description":"I n\u00e4tbutikens produktsortiment hittar du golvplattor av olika natursten. V\u00e4lj r\u00e4tt sten och r\u00e4tt storlek och l\u00e4gg till produkter i varukorgen.","og_url":"https:\/\/revalstone.com\/shop\/sv\/integritetspolicy\/","og_site_name":"Reval Stone n\u00e4tbutik","article_publisher":"https:\/\/www.facebook.com\/revalstoneofficial","article_modified_time":"2024-12-27T09:37:41+00:00","twitter_card":"summary_large_image","twitter_misc":{"Ber\u00e4knad l\u00e4stid":"6 minuter"},"schema":{"@context":"https:\/\/schema.org","@graph":[{"@type":"WebPage","@id":"https:\/\/revalstone.com\/shop\/sv\/integritetspolicy\/","url":"https:\/\/revalstone.com\/shop\/sv\/integritetspolicy\/","name":"Integritetspolicy - Estnisk kalksten - Reval Stone n\u00e4tbutik","isPartOf":{"@id":"https:\/\/revalstone.com\/shop\/sv\/#website"},"datePublished":"2021-11-22T14:55:52+00:00","dateModified":"2024-12-27T09:37:41+00:00","description":"I n\u00e4tbutikens produktsortiment hittar du golvplattor av olika natursten. V\u00e4lj r\u00e4tt sten och r\u00e4tt storlek och l\u00e4gg till produkter i varukorgen.","breadcrumb":{"@id":"https:\/\/revalstone.com\/shop\/sv\/integritetspolicy\/#breadcrumb"},"inLanguage":"sv-SE","potentialAction":[{"@type":"ReadAction","target":["https:\/\/revalstone.com\/shop\/sv\/integritetspolicy\/"]}]},{"@type":"BreadcrumbList","@id":"https:\/\/revalstone.com\/shop\/sv\/integritetspolicy\/#breadcrumb","itemListElement":[{"@type":"ListItem","position":1,"name":"Hemsida","item":"https:\/\/revalstone.com\/shop\/sv\/"},{"@type":"ListItem","position":2,"name":"Integritetspolicy"}]},{"@type":"WebSite","@id":"https:\/\/revalstone.com\/shop\/sv\/#website","url":"https:\/\/revalstone.com\/shop\/sv\/","name":"Reval Stone n\u00e4tbutik","description":"","publisher":{"@id":"https:\/\/revalstone.com\/shop\/sv\/#organization"},"potentialAction":[{"@type":"SearchAction","target":{"@type":"EntryPoint","urlTemplate":"https:\/\/revalstone.com\/shop\/sv\/?s={search_term_string}"},"query-input":{"@type":"PropertyValueSpecification","valueRequired":true,"valueName":"search_term_string"}}],"inLanguage":"sv-SE"},{"@type":"Organization","@id":"https:\/\/revalstone.com\/shop\/sv\/#organization","name":"Reval Stone","url":"https:\/\/revalstone.com\/shop\/sv\/","logo":{"@type":"ImageObject","inLanguage":"sv-SE","@id":"https:\/\/revalstone.com\/shop\/sv\/#\/schema\/logo\/image\/","url":"https:\/\/revalstone.com\/shop\/wp-content\/uploads\/2021\/09\/Logo_v.png","contentUrl":"https:\/\/revalstone.com\/shop\/wp-content\/uploads\/2021\/09\/Logo_v.png","width":960,"height":672,"caption":"Reval Stone"},"image":{"@id":"https:\/\/revalstone.com\/shop\/sv\/#\/schema\/logo\/image\/"},"sameAs":["https:\/\/www.facebook.com\/revalstoneofficial","https:\/\/www.instagram.com\/revalstoneofficial\/","https:\/\/en.wikipedia.org\/wiki\/Saare_Dolomiit-V\u00e4okivi"]}]}},"_links":{"self":[{"href":"https:\/\/revalstone.com\/shop\/sv\/wp-json\/wp\/v2\/pages\/2469","targetHints":{"allow":["GET"]}}],"collection":[{"href":"https:\/\/revalstone.com\/shop\/sv\/wp-json\/wp\/v2\/pages"}],"about":[{"href":"https:\/\/revalstone.com\/shop\/sv\/wp-json\/wp\/v2\/types\/page"}],"author":[{"embeddable":true,"href":"https:\/\/revalstone.com\/shop\/sv\/wp-json\/wp\/v2\/users\/1"}],"replies":[{"embeddable":true,"href":"https:\/\/revalstone.com\/shop\/sv\/wp-json\/wp\/v2\/comments?post=2469"}],"version-history":[{"count":0,"href":"https:\/\/revalstone.com\/shop\/sv\/wp-json\/wp\/v2\/pages\/2469\/revisions"}],"wp:attachment":[{"href":"https:\/\/revalstone.com\/shop\/sv\/wp-json\/wp\/v2\/media?parent=2469"}],"curies":[{"name":"wp","href":"https:\/\/api.w.org\/{rel}","templated":true}]}}