{"id":2545,"date":"2021-11-24T12:08:54","date_gmt":"2021-11-24T09:08:54","guid":{"rendered":"https:\/\/revalstone.com\/shop\/produkter\/"},"modified":"2021-12-03T13:21:21","modified_gmt":"2021-12-03T10:21:21","slug":"produkter","status":"publish","type":"page","link":"https:\/\/revalstone.com\/shop\/sv\/produkter\/","title":{"rendered":"Produkter"},"content":{"rendered":"","protected":false},"excerpt":{"rendered":"","protected":false},"author":1,"featured_media":0,"parent":0,"menu_order":0,"comment_status":"closed","ping_status":"closed","template":"","meta":{"_acf_changed":false,"footnotes":""},"class_list":["post-2545","page","type-page","status-publish","hentry"],"acf":[],"yoast_head":"<!-- This site is optimized with the Yoast SEO plugin v27.2 - https:\/\/yoast.com\/product\/yoast-seo-wordpress\/ -->\n<title>Produkter - F\u00f6nsterb\u00e4nkar - Reval Stone n\u00e4tbutik<\/title>\n<meta name=\"description\" content=\"Kalksten Reval, dolomit Selgase, dolomit Orgita och dolomit Kaarma \u2013 h\u00f6gkvalitativa produkter direkt fr\u00e5n tillverkare. Best\u00e4ll golvplattor av natursten.\" \/>\n<meta name=\"robots\" content=\"index, follow, max-snippet:-1, max-image-preview:large, max-video-preview:-1\" \/>\n<link rel=\"canonical\" href=\"https:\/\/revalstone.com\/shop\/sv\/produkter\/\" \/>\n<meta property=\"og:locale\" content=\"sv_SE\" \/>\n<meta property=\"og:type\" content=\"article\" \/>\n<meta property=\"og:title\" content=\"Produkter - F\u00f6nsterb\u00e4nkar - Reval Stone n\u00e4tbutik\" \/>\n<meta property=\"og:description\" content=\"Kalksten Reval, dolomit Selgase, dolomit Orgita och dolomit Kaarma \u2013 h\u00f6gkvalitativa produkter direkt fr\u00e5n tillverkare. Best\u00e4ll golvplattor av natursten.\" \/>\n<meta property=\"og:url\" content=\"https:\/\/revalstone.com\/shop\/sv\/produkter\/\" \/>\n<meta property=\"og:site_name\" content=\"Reval Stone n\u00e4tbutik\" \/>\n<meta property=\"article:publisher\" content=\"https:\/\/www.facebook.com\/revalstoneofficial\" \/>\n<meta property=\"article:modified_time\" content=\"2021-12-03T10:21:21+00:00\" \/>\n<meta name=\"twitter:card\" content=\"summary_large_image\" \/>\n<script type=\"application\/ld+json\" class=\"yoast-schema-graph\">{\"@context\":\"https:\/\/schema.org\",\"@graph\":[{\"@type\":\"WebPage\",\"@id\":\"https:\/\/revalstone.com\/shop\/sv\/produkter\/\",\"url\":\"https:\/\/revalstone.com\/shop\/sv\/produkter\/\",\"name\":\"Produkter - F\u00f6nsterb\u00e4nkar - Reval Stone n\u00e4tbutik\",\"isPartOf\":{\"@id\":\"https:\/\/revalstone.com\/shop\/sv\/#website\"},\"datePublished\":\"2021-11-24T09:08:54+00:00\",\"dateModified\":\"2021-12-03T10:21:21+00:00\",\"description\":\"Kalksten Reval, dolomit Selgase, dolomit Orgita och dolomit Kaarma \u2013 h\u00f6gkvalitativa produkter direkt fr\u00e5n tillverkare. Best\u00e4ll golvplattor av natursten.\",\"breadcrumb\":{\"@id\":\"https:\/\/revalstone.com\/shop\/sv\/produkter\/#breadcrumb\"},\"inLanguage\":\"sv-SE\",\"potentialAction\":[{\"@type\":\"ReadAction\",\"target\":[\"https:\/\/revalstone.com\/shop\/sv\/produkter\/\"]}]},{\"@type\":\"BreadcrumbList\",\"@id\":\"https:\/\/revalstone.com\/shop\/sv\/produkter\/#breadcrumb\",\"itemListElement\":[{\"@type\":\"ListItem\",\"position\":1,\"name\":\"Hemsida\",\"item\":\"https:\/\/revalstone.com\/shop\/sv\/\"},{\"@type\":\"ListItem\",\"position\":2,\"name\":\"Produkter\"}]},{\"@type\":\"WebSite\",\"@id\":\"https:\/\/revalstone.com\/shop\/sv\/#website\",\"url\":\"https:\/\/revalstone.com\/shop\/sv\/\",\"name\":\"Reval Stone n\u00e4tbutik\",\"description\":\"\",\"publisher\":{\"@id\":\"https:\/\/revalstone.com\/shop\/sv\/#organization\"},\"potentialAction\":[{\"@type\":\"SearchAction\",\"target\":{\"@type\":\"EntryPoint\",\"urlTemplate\":\"https:\/\/revalstone.com\/shop\/sv\/?s={search_term_string}\"},\"query-input\":{\"@type\":\"PropertyValueSpecification\",\"valueRequired\":true,\"valueName\":\"search_term_string\"}}],\"inLanguage\":\"sv-SE\"},{\"@type\":\"Organization\",\"@id\":\"https:\/\/revalstone.com\/shop\/sv\/#organization\",\"name\":\"Reval Stone\",\"url\":\"https:\/\/revalstone.com\/shop\/sv\/\",\"logo\":{\"@type\":\"ImageObject\",\"inLanguage\":\"sv-SE\",\"@id\":\"https:\/\/revalstone.com\/shop\/sv\/#\/schema\/logo\/image\/\",\"url\":\"https:\/\/revalstone.com\/shop\/wp-content\/uploads\/2021\/09\/Logo_v.png\",\"contentUrl\":\"https:\/\/revalstone.com\/shop\/wp-content\/uploads\/2021\/09\/Logo_v.png\",\"width\":960,\"height\":672,\"caption\":\"Reval Stone\"},\"image\":{\"@id\":\"https:\/\/revalstone.com\/shop\/sv\/#\/schema\/logo\/image\/\"},\"sameAs\":[\"https:\/\/www.facebook.com\/revalstoneofficial\",\"https:\/\/www.instagram.com\/revalstoneofficial\/\",\"https:\/\/en.wikipedia.org\/wiki\/Saare_Dolomiit-V\u00e4okivi\"]}]}<\/script>\n<!-- \/ Yoast SEO plugin. -->","yoast_head_json":{"title":"Produkter - F\u00f6nsterb\u00e4nkar - Reval Stone n\u00e4tbutik","description":"Kalksten Reval, dolomit Selgase, dolomit Orgita och dolomit Kaarma \u2013 h\u00f6gkvalitativa produkter direkt fr\u00e5n tillverkare. Best\u00e4ll golvplattor av natursten.","robots":{"index":"index","follow":"follow","max-snippet":"max-snippet:-1","max-image-preview":"max-image-preview:large","max-video-preview":"max-video-preview:-1"},"canonical":"https:\/\/revalstone.com\/shop\/sv\/produkter\/","og_locale":"sv_SE","og_type":"article","og_title":"Produkter - F\u00f6nsterb\u00e4nkar - Reval Stone n\u00e4tbutik","og_description":"Kalksten Reval, dolomit Selgase, dolomit Orgita och dolomit Kaarma \u2013 h\u00f6gkvalitativa produkter direkt fr\u00e5n tillverkare. Best\u00e4ll golvplattor av natursten.","og_url":"https:\/\/revalstone.com\/shop\/sv\/produkter\/","og_site_name":"Reval Stone n\u00e4tbutik","article_publisher":"https:\/\/www.facebook.com\/revalstoneofficial","article_modified_time":"2021-12-03T10:21:21+00:00","twitter_card":"summary_large_image","schema":{"@context":"https:\/\/schema.org","@graph":[{"@type":"WebPage","@id":"https:\/\/revalstone.com\/shop\/sv\/produkter\/","url":"https:\/\/revalstone.com\/shop\/sv\/produkter\/","name":"Produkter - F\u00f6nsterb\u00e4nkar - Reval Stone n\u00e4tbutik","isPartOf":{"@id":"https:\/\/revalstone.com\/shop\/sv\/#website"},"datePublished":"2021-11-24T09:08:54+00:00","dateModified":"2021-12-03T10:21:21+00:00","description":"Kalksten Reval, dolomit Selgase, dolomit Orgita och dolomit Kaarma \u2013 h\u00f6gkvalitativa produkter direkt fr\u00e5n tillverkare. Best\u00e4ll golvplattor av natursten.","breadcrumb":{"@id":"https:\/\/revalstone.com\/shop\/sv\/produkter\/#breadcrumb"},"inLanguage":"sv-SE","potentialAction":[{"@type":"ReadAction","target":["https:\/\/revalstone.com\/shop\/sv\/produkter\/"]}]},{"@type":"BreadcrumbList","@id":"https:\/\/revalstone.com\/shop\/sv\/produkter\/#breadcrumb","itemListElement":[{"@type":"ListItem","position":1,"name":"Hemsida","item":"https:\/\/revalstone.com\/shop\/sv\/"},{"@type":"ListItem","position":2,"name":"Produkter"}]},{"@type":"WebSite","@id":"https:\/\/revalstone.com\/shop\/sv\/#website","url":"https:\/\/revalstone.com\/shop\/sv\/","name":"Reval Stone n\u00e4tbutik","description":"","publisher":{"@id":"https:\/\/revalstone.com\/shop\/sv\/#organization"},"potentialAction":[{"@type":"SearchAction","target":{"@type":"EntryPoint","urlTemplate":"https:\/\/revalstone.com\/shop\/sv\/?s={search_term_string}"},"query-input":{"@type":"PropertyValueSpecification","valueRequired":true,"valueName":"search_term_string"}}],"inLanguage":"sv-SE"},{"@type":"Organization","@id":"https:\/\/revalstone.com\/shop\/sv\/#organization","name":"Reval Stone","url":"https:\/\/revalstone.com\/shop\/sv\/","logo":{"@type":"ImageObject","inLanguage":"sv-SE","@id":"https:\/\/revalstone.com\/shop\/sv\/#\/schema\/logo\/image\/","url":"https:\/\/revalstone.com\/shop\/wp-content\/uploads\/2021\/09\/Logo_v.png","contentUrl":"https:\/\/revalstone.com\/shop\/wp-content\/uploads\/2021\/09\/Logo_v.png","width":960,"height":672,"caption":"Reval Stone"},"image":{"@id":"https:\/\/revalstone.com\/shop\/sv\/#\/schema\/logo\/image\/"},"sameAs":["https:\/\/www.facebook.com\/revalstoneofficial","https:\/\/www.instagram.com\/revalstoneofficial\/","https:\/\/en.wikipedia.org\/wiki\/Saare_Dolomiit-V\u00e4okivi"]}]}},"_links":{"self":[{"href":"https:\/\/revalstone.com\/shop\/sv\/wp-json\/wp\/v2\/pages\/2545","targetHints":{"allow":["GET"]}}],"collection":[{"href":"https:\/\/revalstone.com\/shop\/sv\/wp-json\/wp\/v2\/pages"}],"about":[{"href":"https:\/\/revalstone.com\/shop\/sv\/wp-json\/wp\/v2\/types\/page"}],"author":[{"embeddable":true,"href":"https:\/\/revalstone.com\/shop\/sv\/wp-json\/wp\/v2\/users\/1"}],"replies":[{"embeddable":true,"href":"https:\/\/revalstone.com\/shop\/sv\/wp-json\/wp\/v2\/comments?post=2545"}],"version-history":[{"count":0,"href":"https:\/\/revalstone.com\/shop\/sv\/wp-json\/wp\/v2\/pages\/2545\/revisions"}],"wp:attachment":[{"href":"https:\/\/revalstone.com\/shop\/sv\/wp-json\/wp\/v2\/media?parent=2545"}],"curies":[{"name":"wp","href":"https:\/\/api.w.org\/{rel}","templated":true}]}}