{"id":147,"date":"2021-05-04T13:20:09","date_gmt":"2021-05-04T10:20:09","guid":{"rendered":"https:\/\/revalstone.com\/shop\/?page_id=147"},"modified":"2025-05-05T12:53:01","modified_gmt":"2025-05-05T09:53:01","slug":"hooldus","status":"publish","type":"page","link":"https:\/\/revalstone.com\/shop\/hooldus\/","title":{"rendered":"Hooldus"},"content":{"rendered":"\n<p>Looduskivi on suhteliselt <strong>\u00f5rn ja tundlik materjal <\/strong>ning kivist k\u00f5vemad materjalid v\u00f5ivad selle pinda kriimustada. Selliste k\u00f5vemate materjalide hulka kuuluvad n\u00e4iteks metallist esemed, klaas, teised kivimid ja kunstkivid.<\/p>\n\n\n\n<p>Paekivimaterjali pinda v\u00f5ib <strong>puhastada kas puhta vee <\/strong>v\u00f5i selleks <strong>spetsiaalselt etten\u00e4htud vahenditega<\/strong>. Puhastusainete valikul soovitame p\u00f6\u00f6rduda puhastusfirmade poole, kellel on olemas konkreetne kogemus paematerjali hooldamisel. <strong>Mitte mingil juhul ei tohi kasutada happelisi v\u00f5i leeliselisi puhastusvahendeid<\/strong>.<\/p>\n\n\n\n<p>K\u00f5ik <strong>sisetingimustesse <\/strong>paigaldatavad paekivist v\u00f5i dolomiidist plaadid on soovitatav p\u00e4rast paigaldamist ja l\u00f5plikku kuivamist ning puhastamist <strong>impregneerida<\/strong>&nbsp;spetsiaalselt selleks ette n\u00e4htud impregnaatoritega (v\u00e4hendamaks veeimavust ja m\u00e4\u00e4rdumist). See kehtib nii niisketesse ruumidesse kui ka teistesse tubadesse paigaldatavatele plaatidele.<\/p>\n\n\n\n<p>Kivipinda v\u00f5ib <strong>lisaks ka vahatada<\/strong>, mis samuti kaitseb m\u00e4\u00e4rdumise eest. T\u00e4psema informatsiooni saamiseks palume p\u00f6\u00f6rduda puhastusfirmade poole.<\/p>\n\n\n\n<p><strong>V\u00e4litingimustesse paigaldatud paekiviplaadid<\/strong> on soovitatav impregneerida spetsiaalselt selleks ette n\u00e4htud impregnaatoritega, et v\u00e4hendada nii nende veeimavust kui ka m\u00e4\u00e4rdumist.<\/p>\n\n\n\n<p>V\u00e4litingimustesse <strong>teeradadele ja platsidele paigaldatud paekiviplaatide<\/strong>, millelt tuleb p\u00fchkida sinna kogunenud mustust (tolm, liiv, puulehed, okkad) v\u00f5i koristada talvehooajal lund, hooldamisel tuleb j\u00e4rgida j\u00e4rgnevaid juhiseid:<\/p>\n\n\n\n<ul class=\"wp-block-list\">\n<li>mitte kasutada puhastamiseks t\u00f6\u00f6vahendeid, mis v\u00f5ivad paekivi pinda mehhaaniliselt kahjustada;<\/li>\n\n\n\n<li>mitte kasutada k\u00fclmunud konaruste eemaldamiseks j\u00e4\u00e4kirveid v\u00f5i kange;<\/li>\n\n\n\n<li>lumesahaga t\u00f6\u00f6tamisel kasutada vaid sellist sahka, mille alumine serv on kaetud kaitsva kummi\u00e4\u00e4risega.<\/li>\n<\/ul>\n\n\n\n<p>Hooldusega seotud korduma kippuvaid k\u00fcsimusi leiate <a href=\"https:\/\/revalstone.com\/shop\/kusimused-ja-vastused\/\"><strong><span style=\"text-decoration: underline;\">siit<\/span><\/strong><\/a>.<\/p>\n","protected":false},"excerpt":{"rendered":"<p>Looduskivi on suhteliselt \u00f5rn ja tundlik materjal ning kivist k\u00f5vemad materjalid v\u00f5ivad selle pinda kriimustada. Selliste k\u00f5vemate materjalide hulka kuuluvad [&hellip;]<\/p>\n","protected":false},"author":1,"featured_media":1144,"parent":0,"menu_order":0,"comment_status":"closed","ping_status":"closed","template":"","meta":{"_acf_changed":false,"footnotes":""},"class_list":["post-147","page","type-page","status-publish","has-post-thumbnail","hentry"],"acf":[],"yoast_head":"<!-- This site is optimized with the Yoast SEO plugin v27.4 - https:\/\/yoast.com\/product\/yoast-seo-wordpress\/ -->\n<title>Hooldus - Looduskivi hooldamine - Reval Stone e-pood<\/title>\n<meta name=\"description\" content=\"Looduskivi on \u00f5rn ja tundlik materjal. Dolomiidi ja paekivi pinda tuleb puhastada kas vee v\u00f5i spetsiaalse vahendiga.\" \/>\n<meta name=\"robots\" content=\"index, follow, max-snippet:-1, max-image-preview:large, max-video-preview:-1\" \/>\n<link rel=\"canonical\" href=\"https:\/\/revalstone.com\/shop\/hooldus\/\" \/>\n<meta property=\"og:locale\" content=\"et_EE\" \/>\n<meta property=\"og:type\" content=\"article\" \/>\n<meta property=\"og:title\" content=\"Hooldus - Looduskivi hooldamine - Reval Stone e-pood\" \/>\n<meta property=\"og:description\" content=\"Looduskivi on \u00f5rn ja tundlik materjal. Dolomiidi ja paekivi pinda tuleb puhastada kas vee v\u00f5i spetsiaalse vahendiga.\" \/>\n<meta property=\"og:url\" content=\"https:\/\/revalstone.com\/shop\/hooldus\/\" \/>\n<meta property=\"og:site_name\" content=\"Reval Stone e-pood\" \/>\n<meta property=\"article:publisher\" content=\"https:\/\/www.facebook.com\/revalstoneofficial\" \/>\n<meta property=\"article:modified_time\" content=\"2025-05-05T09:53:01+00:00\" \/>\n<meta property=\"og:image\" content=\"https:\/\/revalstone.com\/shop\/wp-content\/uploads\/2021\/07\/Reval_Stone_care.jpg\" \/>\n\t<meta property=\"og:image:width\" content=\"1500\" \/>\n\t<meta property=\"og:image:height\" content=\"1001\" \/>\n\t<meta property=\"og:image:type\" content=\"image\/jpeg\" \/>\n<meta name=\"twitter:card\" content=\"summary_large_image\" \/>\n<meta name=\"twitter:label1\" content=\"Est. reading time\" \/>\n\t<meta name=\"twitter:data1\" content=\"2 minutit\" \/>\n<script type=\"application\/ld+json\" class=\"yoast-schema-graph\">{\"@context\":\"https:\\\/\\\/schema.org\",\"@graph\":[{\"@type\":\"WebPage\",\"@id\":\"https:\\\/\\\/revalstone.com\\\/shop\\\/hooldus\\\/\",\"url\":\"https:\\\/\\\/revalstone.com\\\/shop\\\/hooldus\\\/\",\"name\":\"Hooldus - Looduskivi hooldamine - Reval Stone e-pood\",\"isPartOf\":{\"@id\":\"https:\\\/\\\/revalstone.com\\\/shop\\\/#website\"},\"primaryImageOfPage\":{\"@id\":\"https:\\\/\\\/revalstone.com\\\/shop\\\/hooldus\\\/#primaryimage\"},\"image\":{\"@id\":\"https:\\\/\\\/revalstone.com\\\/shop\\\/hooldus\\\/#primaryimage\"},\"thumbnailUrl\":\"https:\\\/\\\/revalstone.com\\\/shop\\\/wp-content\\\/uploads\\\/2021\\\/07\\\/Reval_Stone_care.jpg\",\"datePublished\":\"2021-05-04T10:20:09+00:00\",\"dateModified\":\"2025-05-05T09:53:01+00:00\",\"description\":\"Looduskivi on \u00f5rn ja tundlik materjal. Dolomiidi ja paekivi pinda tuleb puhastada kas vee v\u00f5i spetsiaalse vahendiga.\",\"breadcrumb\":{\"@id\":\"https:\\\/\\\/revalstone.com\\\/shop\\\/hooldus\\\/#breadcrumb\"},\"inLanguage\":\"et\",\"potentialAction\":[{\"@type\":\"ReadAction\",\"target\":[\"https:\\\/\\\/revalstone.com\\\/shop\\\/hooldus\\\/\"]}]},{\"@type\":\"ImageObject\",\"inLanguage\":\"et\",\"@id\":\"https:\\\/\\\/revalstone.com\\\/shop\\\/hooldus\\\/#primaryimage\",\"url\":\"https:\\\/\\\/revalstone.com\\\/shop\\\/wp-content\\\/uploads\\\/2021\\\/07\\\/Reval_Stone_care.jpg\",\"contentUrl\":\"https:\\\/\\\/revalstone.com\\\/shop\\\/wp-content\\\/uploads\\\/2021\\\/07\\\/Reval_Stone_care.jpg\",\"width\":1500,\"height\":1001,\"caption\":\"Reval Stone looduskivi hooldamine\"},{\"@type\":\"BreadcrumbList\",\"@id\":\"https:\\\/\\\/revalstone.com\\\/shop\\\/hooldus\\\/#breadcrumb\",\"itemListElement\":[{\"@type\":\"ListItem\",\"position\":1,\"name\":\"Home page\",\"item\":\"https:\\\/\\\/revalstone.com\\\/shop\\\/home\\\/\"},{\"@type\":\"ListItem\",\"position\":2,\"name\":\"Hooldus\"}]},{\"@type\":\"WebSite\",\"@id\":\"https:\\\/\\\/revalstone.com\\\/shop\\\/#website\",\"url\":\"https:\\\/\\\/revalstone.com\\\/shop\\\/\",\"name\":\"Reval Stone e-pood\",\"description\":\"\",\"publisher\":{\"@id\":\"https:\\\/\\\/revalstone.com\\\/shop\\\/#organization\"},\"potentialAction\":[{\"@type\":\"SearchAction\",\"target\":{\"@type\":\"EntryPoint\",\"urlTemplate\":\"https:\\\/\\\/revalstone.com\\\/shop\\\/?s={search_term_string}\"},\"query-input\":{\"@type\":\"PropertyValueSpecification\",\"valueRequired\":true,\"valueName\":\"search_term_string\"}}],\"inLanguage\":\"et\"},{\"@type\":\"Organization\",\"@id\":\"https:\\\/\\\/revalstone.com\\\/shop\\\/#organization\",\"name\":\"Reval Stone\",\"url\":\"https:\\\/\\\/revalstone.com\\\/shop\\\/\",\"logo\":{\"@type\":\"ImageObject\",\"inLanguage\":\"et\",\"@id\":\"https:\\\/\\\/revalstone.com\\\/shop\\\/#\\\/schema\\\/logo\\\/image\\\/\",\"url\":\"https:\\\/\\\/revalstone.com\\\/shop\\\/wp-content\\\/uploads\\\/2021\\\/09\\\/Logo_v.png\",\"contentUrl\":\"https:\\\/\\\/revalstone.com\\\/shop\\\/wp-content\\\/uploads\\\/2021\\\/09\\\/Logo_v.png\",\"width\":960,\"height\":672,\"caption\":\"Reval Stone\"},\"image\":{\"@id\":\"https:\\\/\\\/revalstone.com\\\/shop\\\/#\\\/schema\\\/logo\\\/image\\\/\"},\"sameAs\":[\"https:\\\/\\\/www.facebook.com\\\/revalstoneofficial\",\"https:\\\/\\\/www.instagram.com\\\/revalstoneofficial\\\/\",\"https:\\\/\\\/en.wikipedia.org\\\/wiki\\\/Saare_Dolomiit-V\u00e4okivi\"]}]}<\/script>\n<!-- \/ Yoast SEO plugin. -->","yoast_head_json":{"title":"Hooldus - Looduskivi hooldamine - Reval Stone e-pood","description":"Looduskivi on \u00f5rn ja tundlik materjal. Dolomiidi ja paekivi pinda tuleb puhastada kas vee v\u00f5i spetsiaalse vahendiga.","robots":{"index":"index","follow":"follow","max-snippet":"max-snippet:-1","max-image-preview":"max-image-preview:large","max-video-preview":"max-video-preview:-1"},"canonical":"https:\/\/revalstone.com\/shop\/hooldus\/","og_locale":"et_EE","og_type":"article","og_title":"Hooldus - Looduskivi hooldamine - Reval Stone e-pood","og_description":"Looduskivi on \u00f5rn ja tundlik materjal. Dolomiidi ja paekivi pinda tuleb puhastada kas vee v\u00f5i spetsiaalse vahendiga.","og_url":"https:\/\/revalstone.com\/shop\/hooldus\/","og_site_name":"Reval Stone e-pood","article_publisher":"https:\/\/www.facebook.com\/revalstoneofficial","article_modified_time":"2025-05-05T09:53:01+00:00","og_image":[{"width":1500,"height":1001,"url":"https:\/\/revalstone.com\/shop\/wp-content\/uploads\/2021\/07\/Reval_Stone_care.jpg","type":"image\/jpeg"}],"twitter_card":"summary_large_image","twitter_misc":{"Est. reading time":"2 minutit"},"schema":{"@context":"https:\/\/schema.org","@graph":[{"@type":"WebPage","@id":"https:\/\/revalstone.com\/shop\/hooldus\/","url":"https:\/\/revalstone.com\/shop\/hooldus\/","name":"Hooldus - Looduskivi hooldamine - Reval Stone e-pood","isPartOf":{"@id":"https:\/\/revalstone.com\/shop\/#website"},"primaryImageOfPage":{"@id":"https:\/\/revalstone.com\/shop\/hooldus\/#primaryimage"},"image":{"@id":"https:\/\/revalstone.com\/shop\/hooldus\/#primaryimage"},"thumbnailUrl":"https:\/\/revalstone.com\/shop\/wp-content\/uploads\/2021\/07\/Reval_Stone_care.jpg","datePublished":"2021-05-04T10:20:09+00:00","dateModified":"2025-05-05T09:53:01+00:00","description":"Looduskivi on \u00f5rn ja tundlik materjal. Dolomiidi ja paekivi pinda tuleb puhastada kas vee v\u00f5i spetsiaalse vahendiga.","breadcrumb":{"@id":"https:\/\/revalstone.com\/shop\/hooldus\/#breadcrumb"},"inLanguage":"et","potentialAction":[{"@type":"ReadAction","target":["https:\/\/revalstone.com\/shop\/hooldus\/"]}]},{"@type":"ImageObject","inLanguage":"et","@id":"https:\/\/revalstone.com\/shop\/hooldus\/#primaryimage","url":"https:\/\/revalstone.com\/shop\/wp-content\/uploads\/2021\/07\/Reval_Stone_care.jpg","contentUrl":"https:\/\/revalstone.com\/shop\/wp-content\/uploads\/2021\/07\/Reval_Stone_care.jpg","width":1500,"height":1001,"caption":"Reval Stone looduskivi hooldamine"},{"@type":"BreadcrumbList","@id":"https:\/\/revalstone.com\/shop\/hooldus\/#breadcrumb","itemListElement":[{"@type":"ListItem","position":1,"name":"Home page","item":"https:\/\/revalstone.com\/shop\/home\/"},{"@type":"ListItem","position":2,"name":"Hooldus"}]},{"@type":"WebSite","@id":"https:\/\/revalstone.com\/shop\/#website","url":"https:\/\/revalstone.com\/shop\/","name":"Reval Stone e-pood","description":"","publisher":{"@id":"https:\/\/revalstone.com\/shop\/#organization"},"potentialAction":[{"@type":"SearchAction","target":{"@type":"EntryPoint","urlTemplate":"https:\/\/revalstone.com\/shop\/?s={search_term_string}"},"query-input":{"@type":"PropertyValueSpecification","valueRequired":true,"valueName":"search_term_string"}}],"inLanguage":"et"},{"@type":"Organization","@id":"https:\/\/revalstone.com\/shop\/#organization","name":"Reval Stone","url":"https:\/\/revalstone.com\/shop\/","logo":{"@type":"ImageObject","inLanguage":"et","@id":"https:\/\/revalstone.com\/shop\/#\/schema\/logo\/image\/","url":"https:\/\/revalstone.com\/shop\/wp-content\/uploads\/2021\/09\/Logo_v.png","contentUrl":"https:\/\/revalstone.com\/shop\/wp-content\/uploads\/2021\/09\/Logo_v.png","width":960,"height":672,"caption":"Reval Stone"},"image":{"@id":"https:\/\/revalstone.com\/shop\/#\/schema\/logo\/image\/"},"sameAs":["https:\/\/www.facebook.com\/revalstoneofficial","https:\/\/www.instagram.com\/revalstoneofficial\/","https:\/\/en.wikipedia.org\/wiki\/Saare_Dolomiit-V\u00e4okivi"]}]}},"_links":{"self":[{"href":"https:\/\/revalstone.com\/shop\/wp-json\/wp\/v2\/pages\/147","targetHints":{"allow":["GET"]}}],"collection":[{"href":"https:\/\/revalstone.com\/shop\/wp-json\/wp\/v2\/pages"}],"about":[{"href":"https:\/\/revalstone.com\/shop\/wp-json\/wp\/v2\/types\/page"}],"author":[{"embeddable":true,"href":"https:\/\/revalstone.com\/shop\/wp-json\/wp\/v2\/users\/1"}],"replies":[{"embeddable":true,"href":"https:\/\/revalstone.com\/shop\/wp-json\/wp\/v2\/comments?post=147"}],"version-history":[{"count":0,"href":"https:\/\/revalstone.com\/shop\/wp-json\/wp\/v2\/pages\/147\/revisions"}],"wp:featuredmedia":[{"embeddable":true,"href":"https:\/\/revalstone.com\/shop\/wp-json\/wp\/v2\/media\/1144"}],"wp:attachment":[{"href":"https:\/\/revalstone.com\/shop\/wp-json\/wp\/v2\/media?parent=147"}],"curies":[{"name":"wp","href":"https:\/\/api.w.org\/{rel}","templated":true}]}}