{"id":153,"date":"2021-05-04T13:20:48","date_gmt":"2021-05-04T10:20:48","guid":{"rendered":"https:\/\/revalstone.com\/shop\/?page_id=153"},"modified":"2025-02-07T07:49:39","modified_gmt":"2025-02-07T04:49:39","slug":"transport","status":"publish","type":"page","link":"https:\/\/revalstone.com\/shop\/transport\/","title":{"rendered":"Transport"},"content":{"rendered":"\n<h2 class=\"wp-block-heading\" id=\"naidiste-transport\">N\u00e4idiste transport<\/h2>\n\n\n\n<p>N\u00e4idiste tellimisel lisandub Eesti-sisese transpordi hind 6\u20ac (lisandub k\u00e4ibemaks). N\u00e4idiste tellimisel teistesse riikidesse on hinnad j\u00e4rgmised (ei sisalda k\u00e4ibemaksu):<\/p>\n\n\n\n<ul class=\"wp-block-list\">\n<li>Rootsi 20\u20ac;<\/li>\n\n\n\n<li>Soome 20\u20ac;<\/li>\n\n\n\n<li>Taani 25\u20ac;<\/li>\n\n\n\n<li>L\u00e4ti 10\u20ac;<\/li>\n\n\n\n<li>Leedu 10\u20ac;<\/li>\n\n\n\n<li>Poola 25\u20ac.<\/li>\n<\/ul>\n\n\n\n<p>N\u00e4idiste puhul on tegemist 20 x 20 cm plaatidega, mis t\u00e4histatakse ja pakendatakse sarnase suurusega pappkarpi. Saadetise toimetab teieni meie logistikapartner, kes v\u00f5tab teiega eelnevalt ka \u00fchendust.<\/p>\n\n\n\n<h2 class=\"wp-block-heading\" id=\"kaubaaluste-transport\">Kaubaaluste transport<\/h2>\n\n\n\n<p>\u00dche euroaluse transport Eesti piires maksab 60\u20ac (lisandub k\u00e4ibemaks). Meie tooteid on v\u00f5imalik tellida ka teistesse riikidesse. Allolevas tabelis on toodud \u00e4ra \u00fche euroaluse transportimise hinnad (ilma k\u00e4ibemaksuta).<\/p>\n\n\n\n<figure class=\"wp-block-table\"><table border=\"1.5\" style=\"border-collapse: collapse; border: 1px solid black;\"><tbody><tr><td><strong>Riik<\/strong><\/td><td><strong>Sihtnumber<\/strong><\/td><td><strong>\u00dche aluse hind<\/strong><br><strong>(KM-ta)<\/strong><\/td><\/tr><tr><td>Eesti<\/td><td>K\u00f5ik sihtnumbrid<\/td><td>60\u20ac<\/td><\/tr><tr><td>L\u00e4ti<\/td><td>K\u00f5ik sihtnumbrid<\/td><td>89\u20ac<\/td><\/tr><tr><td>Leedu<\/td><td>K\u00f5ik sihtnumbrid<\/td><td>96\u20ac<\/td><\/tr><tr><td>Poola<\/td><td>K\u00f5ik sihtnumbrid<\/td><td>160\u20ac<\/td><\/tr><tr><td rowspan=\"4\">Rootsi<\/td><td>Algusega 10-36<\/td><td>136\u20ac<\/td><\/tr><tr><td>Algusega 40-61, 63-98<\/td><td>149\u20ac<\/td><\/tr><tr><td>Algusega 37-39<\/td><td>161\u20ac<\/td><\/tr><tr><td>Algusega 62 ja 43085<\/td><td>K\u00fcsige meilt<\/td><\/tr><tr><td rowspan=\"2\">Soome<\/td><td>00001-39990<\/td><td>151\u20ac<\/td><\/tr><tr><td>K\u00f5ik teised sihtnumbrid<\/td><td>187\u20ac<\/td><\/tr><tr><td rowspan=\"3\">Taani<\/td><td>Algusega 1-36, 38-69<\/td><td>181\u20ac<\/td><\/tr><tr><td>Algusega 70-99<\/td><td>198\u20ac<\/td><\/tr><tr><td>Algusega 37<\/td><td>K\u00fcsige meilt<\/td><\/tr><\/tbody><\/table><\/figure>\n\n\n\n<p><strong>NB!<\/strong>&nbsp;Enamikel juhtudel rakendub v\u00e4ikesaartele tellimisel tarnele erihind (isegi juhul, kui e-pood v\u00f5imaldab teil tavalise tarnehinnaga tellimuse esitada). K\u00fcsimuste korral saatke meile e-kiri v\u00f5i helistage meile.<\/p>\n\n\n\n<p><strong>Euroaluste hulga arvutamine<\/strong><\/p>\n\n\n\n<p>E-poest tellitud kaubad pakendatakse tehases euroalusele ja \u00fche aluse maksimaalne kaal on 700 kg. P\u00f5randaplaatide kaal s\u00f5ltub nii kivist kui ka selle paksusest, j\u00e4\u00e4des n\u00e4iteks 1 cm paksuste plaatide puhul vahemikku 23,3 kuni 26,6 kg\/m2. Arvestades ka aluse enda kaalu, mahub selles n\u00e4ites toodud plaate \u00fchele alusele vahemikus 25-29 ruutmeetrit.<\/p>\n\n\n\n<p><strong>Pikemate toodete tellimine<\/strong><\/p>\n\n\n\n<p>Kui tellimus sisaldab tooteid, mille pikkus on \u00fcle 120 sentimeetri, pakendatakse need spetsiaalselt ehitatud erialusele. Sellisel juhul on \u00fche aluse transportimise hind k\u00f5rgem ja sellele lisandub ka aluse ehitamise tasu 40\u20ac (ilma k\u00e4ibemaksuta). T\u00e4psemad andmed leiate j\u00e4rgnevast loetelust.<\/p>\n\n\n\n<ul class=\"wp-block-list\">\n<li>121-180 cm pikkuste aknalaudade ja tasapindade puhul korrutatakse aluse transportimise hind 1,5-ga ning hinnale lisatakse 40\u20ac + k\u00e4ibemaks erialuse ehitamise eest.<\/li>\n\n\n\n<li>181-220 cm pikkuste aknalaudade ja tasapindade puhul korrutatakse aluse transportimise hind 2,5-ga ning hinnale lisatakse 40\u20ac + k\u00e4ibemaks erialuse ehitamise eest.<\/li>\n\n\n\n<li>Kui tellimus sisaldab erinevat t\u00fc\u00fcpi tooteid, paigutatakse need erinevaatele alustele (p\u00f5randaplaadid ja -liistud \u00fchele ning aknalauad ja tasapinnad teisele).<\/li>\n<\/ul>\n\n\n\n<p><strong>Kohaletoimetamine meie logistikapartneri poolt<\/strong><\/p>\n\n\n\n<p>Alustele pakendatud kaup transporditakse teieni meie logistikapartneri poolt tagaluugiga autos. Eramu korral transporditakse kaup kuni krundi piirini ja korterelamu puhul kuni v\u00e4lisukseni.<\/p>\n\n\n\n<p><strong>Tarneaeg<\/strong><\/p>\n\n\n\n<p>Tellitud tooted tarnitakse hiljemalt 3 n\u00e4dala jooksul p\u00e4rast tellimuse eest tasumist. T\u00e4pne tarneaeg s\u00f5ltub tellitud m\u00f5\u00f5dus kauba olemasolust laos. Kui tellitud m\u00f5\u00f5dus p\u00f5randaplaadid on laos, paneme need teele m\u00f5ne p\u00e4eva jooksul. Kui tellitud m\u00f5\u00f5dus p\u00f5randaplaate laos ei ole, toodame ja paneme need teele kolme n\u00e4dala jooksul.<\/p>\n","protected":false},"excerpt":{"rendered":"<p>N\u00e4idiste transport N\u00e4idiste tellimisel lisandub Eesti-sisese transpordi hind 6\u20ac (lisandub k\u00e4ibemaks). N\u00e4idiste tellimisel teistesse riikidesse on hinnad j\u00e4rgmised (ei sisalda [&hellip;]<\/p>\n","protected":false},"author":1,"featured_media":1280,"parent":0,"menu_order":0,"comment_status":"closed","ping_status":"closed","template":"","meta":{"_acf_changed":false,"footnotes":""},"class_list":["post-153","page","type-page","status-publish","has-post-thumbnail","hentry"],"acf":[],"yoast_head":"<!-- This site is optimized with the Yoast SEO plugin v27.2 - https:\/\/yoast.com\/product\/yoast-seo-wordpress\/ -->\n<title>Transport - P\u00f5randaplaatide m\u00fc\u00fck - Reval Stone e-pood<\/title>\n<meta name=\"description\" content=\"Dolomiidist ja paekivist p\u00f5randplaatide transport Eestis ja l\u00e4hiriikides. Ostke looduskivist plaadid otse tootja e-poest.\" \/>\n<meta name=\"robots\" content=\"index, follow, max-snippet:-1, max-image-preview:large, max-video-preview:-1\" \/>\n<link rel=\"canonical\" href=\"https:\/\/revalstone.com\/shop\/transport\/\" \/>\n<meta property=\"og:locale\" content=\"et_EE\" \/>\n<meta property=\"og:type\" content=\"article\" \/>\n<meta property=\"og:title\" content=\"Transport - P\u00f5randaplaatide m\u00fc\u00fck - Reval Stone e-pood\" \/>\n<meta property=\"og:description\" content=\"Dolomiidist ja paekivist p\u00f5randplaatide transport Eestis ja l\u00e4hiriikides. Ostke looduskivist plaadid otse tootja e-poest.\" \/>\n<meta property=\"og:url\" content=\"https:\/\/revalstone.com\/shop\/transport\/\" \/>\n<meta property=\"og:site_name\" content=\"Reval Stone e-pood\" \/>\n<meta property=\"article:publisher\" content=\"https:\/\/www.facebook.com\/revalstoneofficial\" \/>\n<meta property=\"article:modified_time\" content=\"2025-02-07T04:49:39+00:00\" \/>\n<meta property=\"og:image\" content=\"https:\/\/revalstone.com\/shop\/wp-content\/uploads\/2021\/07\/transport.jpg\" \/>\n\t<meta property=\"og:image:width\" content=\"1500\" \/>\n\t<meta property=\"og:image:height\" content=\"1001\" \/>\n\t<meta property=\"og:image:type\" content=\"image\/jpeg\" \/>\n<meta name=\"twitter:card\" content=\"summary_large_image\" \/>\n<meta name=\"twitter:label1\" content=\"Est. reading time\" \/>\n\t<meta name=\"twitter:data1\" content=\"3 minutit\" \/>\n<script type=\"application\/ld+json\" class=\"yoast-schema-graph\">{\"@context\":\"https:\/\/schema.org\",\"@graph\":[{\"@type\":\"WebPage\",\"@id\":\"https:\/\/revalstone.com\/shop\/transport\/\",\"url\":\"https:\/\/revalstone.com\/shop\/transport\/\",\"name\":\"Transport - P\u00f5randaplaatide m\u00fc\u00fck - Reval Stone e-pood\",\"isPartOf\":{\"@id\":\"https:\/\/revalstone.com\/shop\/#website\"},\"primaryImageOfPage\":{\"@id\":\"https:\/\/revalstone.com\/shop\/transport\/#primaryimage\"},\"image\":{\"@id\":\"https:\/\/revalstone.com\/shop\/transport\/#primaryimage\"},\"thumbnailUrl\":\"https:\/\/revalstone.com\/shop\/wp-content\/uploads\/2021\/07\/transport.jpg\",\"datePublished\":\"2021-05-04T10:20:48+00:00\",\"dateModified\":\"2025-02-07T04:49:39+00:00\",\"description\":\"Dolomiidist ja paekivist p\u00f5randplaatide transport Eestis ja l\u00e4hiriikides. Ostke looduskivist plaadid otse tootja e-poest.\",\"breadcrumb\":{\"@id\":\"https:\/\/revalstone.com\/shop\/transport\/#breadcrumb\"},\"inLanguage\":\"et\",\"potentialAction\":[{\"@type\":\"ReadAction\",\"target\":[\"https:\/\/revalstone.com\/shop\/transport\/\"]}]},{\"@type\":\"ImageObject\",\"inLanguage\":\"et\",\"@id\":\"https:\/\/revalstone.com\/shop\/transport\/#primaryimage\",\"url\":\"https:\/\/revalstone.com\/shop\/wp-content\/uploads\/2021\/07\/transport.jpg\",\"contentUrl\":\"https:\/\/revalstone.com\/shop\/wp-content\/uploads\/2021\/07\/transport.jpg\",\"width\":1500,\"height\":1001},{\"@type\":\"BreadcrumbList\",\"@id\":\"https:\/\/revalstone.com\/shop\/transport\/#breadcrumb\",\"itemListElement\":[{\"@type\":\"ListItem\",\"position\":1,\"name\":\"Home page\",\"item\":\"https:\/\/revalstone.com\/shop\/home\/\"},{\"@type\":\"ListItem\",\"position\":2,\"name\":\"Transport\"}]},{\"@type\":\"WebSite\",\"@id\":\"https:\/\/revalstone.com\/shop\/#website\",\"url\":\"https:\/\/revalstone.com\/shop\/\",\"name\":\"Reval Stone e-pood\",\"description\":\"\",\"publisher\":{\"@id\":\"https:\/\/revalstone.com\/shop\/#organization\"},\"potentialAction\":[{\"@type\":\"SearchAction\",\"target\":{\"@type\":\"EntryPoint\",\"urlTemplate\":\"https:\/\/revalstone.com\/shop\/?s={search_term_string}\"},\"query-input\":{\"@type\":\"PropertyValueSpecification\",\"valueRequired\":true,\"valueName\":\"search_term_string\"}}],\"inLanguage\":\"et\"},{\"@type\":\"Organization\",\"@id\":\"https:\/\/revalstone.com\/shop\/#organization\",\"name\":\"Reval Stone\",\"url\":\"https:\/\/revalstone.com\/shop\/\",\"logo\":{\"@type\":\"ImageObject\",\"inLanguage\":\"et\",\"@id\":\"https:\/\/revalstone.com\/shop\/#\/schema\/logo\/image\/\",\"url\":\"https:\/\/revalstone.com\/shop\/wp-content\/uploads\/2021\/09\/Logo_v.png\",\"contentUrl\":\"https:\/\/revalstone.com\/shop\/wp-content\/uploads\/2021\/09\/Logo_v.png\",\"width\":960,\"height\":672,\"caption\":\"Reval Stone\"},\"image\":{\"@id\":\"https:\/\/revalstone.com\/shop\/#\/schema\/logo\/image\/\"},\"sameAs\":[\"https:\/\/www.facebook.com\/revalstoneofficial\",\"https:\/\/www.instagram.com\/revalstoneofficial\/\",\"https:\/\/en.wikipedia.org\/wiki\/Saare_Dolomiit-V\u00e4okivi\"]}]}<\/script>\n<!-- \/ Yoast SEO plugin. -->","yoast_head_json":{"title":"Transport - P\u00f5randaplaatide m\u00fc\u00fck - Reval Stone e-pood","description":"Dolomiidist ja paekivist p\u00f5randplaatide transport Eestis ja l\u00e4hiriikides. Ostke looduskivist plaadid otse tootja e-poest.","robots":{"index":"index","follow":"follow","max-snippet":"max-snippet:-1","max-image-preview":"max-image-preview:large","max-video-preview":"max-video-preview:-1"},"canonical":"https:\/\/revalstone.com\/shop\/transport\/","og_locale":"et_EE","og_type":"article","og_title":"Transport - P\u00f5randaplaatide m\u00fc\u00fck - Reval Stone e-pood","og_description":"Dolomiidist ja paekivist p\u00f5randplaatide transport Eestis ja l\u00e4hiriikides. Ostke looduskivist plaadid otse tootja e-poest.","og_url":"https:\/\/revalstone.com\/shop\/transport\/","og_site_name":"Reval Stone e-pood","article_publisher":"https:\/\/www.facebook.com\/revalstoneofficial","article_modified_time":"2025-02-07T04:49:39+00:00","og_image":[{"width":1500,"height":1001,"url":"https:\/\/revalstone.com\/shop\/wp-content\/uploads\/2021\/07\/transport.jpg","type":"image\/jpeg"}],"twitter_card":"summary_large_image","twitter_misc":{"Est. reading time":"3 minutit"},"schema":{"@context":"https:\/\/schema.org","@graph":[{"@type":"WebPage","@id":"https:\/\/revalstone.com\/shop\/transport\/","url":"https:\/\/revalstone.com\/shop\/transport\/","name":"Transport - P\u00f5randaplaatide m\u00fc\u00fck - Reval Stone e-pood","isPartOf":{"@id":"https:\/\/revalstone.com\/shop\/#website"},"primaryImageOfPage":{"@id":"https:\/\/revalstone.com\/shop\/transport\/#primaryimage"},"image":{"@id":"https:\/\/revalstone.com\/shop\/transport\/#primaryimage"},"thumbnailUrl":"https:\/\/revalstone.com\/shop\/wp-content\/uploads\/2021\/07\/transport.jpg","datePublished":"2021-05-04T10:20:48+00:00","dateModified":"2025-02-07T04:49:39+00:00","description":"Dolomiidist ja paekivist p\u00f5randplaatide transport Eestis ja l\u00e4hiriikides. Ostke looduskivist plaadid otse tootja e-poest.","breadcrumb":{"@id":"https:\/\/revalstone.com\/shop\/transport\/#breadcrumb"},"inLanguage":"et","potentialAction":[{"@type":"ReadAction","target":["https:\/\/revalstone.com\/shop\/transport\/"]}]},{"@type":"ImageObject","inLanguage":"et","@id":"https:\/\/revalstone.com\/shop\/transport\/#primaryimage","url":"https:\/\/revalstone.com\/shop\/wp-content\/uploads\/2021\/07\/transport.jpg","contentUrl":"https:\/\/revalstone.com\/shop\/wp-content\/uploads\/2021\/07\/transport.jpg","width":1500,"height":1001},{"@type":"BreadcrumbList","@id":"https:\/\/revalstone.com\/shop\/transport\/#breadcrumb","itemListElement":[{"@type":"ListItem","position":1,"name":"Home page","item":"https:\/\/revalstone.com\/shop\/home\/"},{"@type":"ListItem","position":2,"name":"Transport"}]},{"@type":"WebSite","@id":"https:\/\/revalstone.com\/shop\/#website","url":"https:\/\/revalstone.com\/shop\/","name":"Reval Stone e-pood","description":"","publisher":{"@id":"https:\/\/revalstone.com\/shop\/#organization"},"potentialAction":[{"@type":"SearchAction","target":{"@type":"EntryPoint","urlTemplate":"https:\/\/revalstone.com\/shop\/?s={search_term_string}"},"query-input":{"@type":"PropertyValueSpecification","valueRequired":true,"valueName":"search_term_string"}}],"inLanguage":"et"},{"@type":"Organization","@id":"https:\/\/revalstone.com\/shop\/#organization","name":"Reval Stone","url":"https:\/\/revalstone.com\/shop\/","logo":{"@type":"ImageObject","inLanguage":"et","@id":"https:\/\/revalstone.com\/shop\/#\/schema\/logo\/image\/","url":"https:\/\/revalstone.com\/shop\/wp-content\/uploads\/2021\/09\/Logo_v.png","contentUrl":"https:\/\/revalstone.com\/shop\/wp-content\/uploads\/2021\/09\/Logo_v.png","width":960,"height":672,"caption":"Reval Stone"},"image":{"@id":"https:\/\/revalstone.com\/shop\/#\/schema\/logo\/image\/"},"sameAs":["https:\/\/www.facebook.com\/revalstoneofficial","https:\/\/www.instagram.com\/revalstoneofficial\/","https:\/\/en.wikipedia.org\/wiki\/Saare_Dolomiit-V\u00e4okivi"]}]}},"_links":{"self":[{"href":"https:\/\/revalstone.com\/shop\/wp-json\/wp\/v2\/pages\/153","targetHints":{"allow":["GET"]}}],"collection":[{"href":"https:\/\/revalstone.com\/shop\/wp-json\/wp\/v2\/pages"}],"about":[{"href":"https:\/\/revalstone.com\/shop\/wp-json\/wp\/v2\/types\/page"}],"author":[{"embeddable":true,"href":"https:\/\/revalstone.com\/shop\/wp-json\/wp\/v2\/users\/1"}],"replies":[{"embeddable":true,"href":"https:\/\/revalstone.com\/shop\/wp-json\/wp\/v2\/comments?post=153"}],"version-history":[{"count":0,"href":"https:\/\/revalstone.com\/shop\/wp-json\/wp\/v2\/pages\/153\/revisions"}],"wp:featuredmedia":[{"embeddable":true,"href":"https:\/\/revalstone.com\/shop\/wp-json\/wp\/v2\/media\/1280"}],"wp:attachment":[{"href":"https:\/\/revalstone.com\/shop\/wp-json\/wp\/v2\/media?parent=153"}],"curies":[{"name":"wp","href":"https:\/\/api.w.org\/{rel}","templated":true}]}}