{"id":3,"date":"2021-04-29T15:33:11","date_gmt":"2021-04-29T12:33:11","guid":{"rendered":"https:\/\/revalstone.com\/shop\/?page_id=3"},"modified":"2024-12-27T12:36:05","modified_gmt":"2024-12-27T09:36:05","slug":"privacy-policy","status":"publish","type":"page","link":"https:\/\/revalstone.com\/shop\/privacy-policy\/","title":{"rendered":"Privaatsuspoliitika"},"content":{"rendered":"\n<ul class=\"wp-block-list\">\n<li>M\u00fc\u00fcjal ei ole \u00f5igust levitada Ostja andmeid.<\/li>\n\n\n\n<li>Privaatsuspoliitika p\u00f5him\u00f5tted k\u00e4sitlevad kliendi andmete kogumist, kasutamist, avaldamist, edastamist ja talletamist. <strong>Limestone factories of Estonia O\u00dc<\/strong> (edasipidi: M\u00fc\u00fcja) j\u00e4rgib isikuandmete t\u00f6\u00f6tlemisel isikuandmete kaitse seaduses ja EL isikuandmete kaitse \u00fcldm\u00e4\u00e4ruses s\u00e4testatud p\u00f5him\u00f5tteid.<\/li>\n\n\n\n<li>Isikuandmete kogumine v\u00f5ib toimuda allj\u00e4rgnevatel viisidel:\n<ul class=\"wp-block-list\">\n<li>kontaktandmete (sh nimi, postiaadress, telefoninumber, e-posti aadress) esitamisel meie e-poes;<\/li>\n\n\n\n<li>veebisaidi kasutamisel k\u00fcpsiste (<em>cookies<\/em>) kaudu ostu v\u00f5i tellimuse sooritamisel meie e-poes.<\/li>\n<\/ul>\n<\/li>\n\n\n\n<li>Muude andmete kogumine:\n<ul class=\"wp-block-list\">\n<li>kogume ka isikustamata andmeid \u2013 andmeid, mida ei saa otseselt \u00fche kindla isikuga siduda (sugu, vanus, keele eelistus, asukoht). V\u00f5ime koguda ka andmeid klienditegevuste kohta meie veebisaidil. Need andmed koondatakse ja neid kasutatakse selleks, et tagada p\u00fcsiv turvalisus veebilehel ning selgitada, millised veebisaidi, toodete ja teenuste osad on klientidele k\u00f5ige huvipakkuvamad. Koondandmeid k\u00e4sitletakse k\u00e4esolevas privaatsuspoliitikas isikustamata andmetena.<\/li>\n<\/ul>\n<\/li>\n\n\n\n<li>Kliendiandmeid t\u00f6\u00f6deldakse j\u00e4rgnevatel eesm\u00e4rkidel:\n<ul class=\"wp-block-list\">\n<li>tellimuste t\u00e4itmiseks (s.h Tellimusega seotud teadete edastamiseks);<\/li>\n\n\n\n<li>tellimuste k\u00e4ttetoimetamiseks;<\/li>\n\n\n\n<li>veebilehel p\u00fcsiva turvalisuse tagamiseks;<\/li>\n\n\n\n<li>muude Eesti Vabariigis kehtivatest seadusest tulenevate kohustuste t\u00e4itmiseks.<\/li>\n<\/ul>\n<\/li>\n\n\n\n<li>Kliendiandmeid edastatakse kolmandatele osapooltele allj\u00e4rgnevatel juhtudel.\n<ul class=\"wp-block-list\">\n<li>Kauba kohale toimetamiseks veoteenust pakkuvale Kaubavedajale, juhul kui klient on vastava teenuse tellinud.<\/li>\n\n\n\n<li>Makselahenduste kasutamiseks finantsasutustele.\n<ul class=\"wp-block-list\">\n<li>S.h edastatakse maksete t\u00f6\u00f6tlemiseks vajalikud andmed volitatud t\u00f6\u00f6tleja Stripe maksekeskusele.<\/li>\n<\/ul>\n<\/li>\n\n\n\n<li>V\u00f5lgade sissen\u00f5udmisel inkassoteenuseid pakkuvatele partneritele ja kohtut\u00e4ituritele.<\/li>\n\n\n\n<li>Muudele riiklikele institutsioonidele eesm\u00e4rgiga t\u00e4ita Eesti Vabariigis kehtivast seadusandlusest tulenevaid kohustusi.<\/li>\n\n\n\n<li>Kliendi tuvastamiseks ja kontakteerumiseks kogutud isikuandmeid on v\u00f5imalik n\u00e4ha p\u00e4rast esitatud p\u00e4ringut. Kliendi ja isikuandemetega seotud p\u00e4ringuid on v\u00f5imalik esitada: e-posti aadressile shop@revalstone.com v\u00f5i kohapeal M\u00fc\u00fcja kontoris (Peterburi tee 34\/1, 11415 Tallinn).<\/li>\n<\/ul>\n<\/li>\n<\/ul>\n\n\n\n<p><strong>UUDISKIRJA TELLIMINE<\/strong><\/p>\n\n\n\n<ul class=\"wp-block-list\">\n<li>Uudiskirja tellimust on v\u00f5imalik esitada vaid k\u00e4esolevate tingimustega n\u00f5ustumisel. Uudiskirja tellimisel annate meile tagasiv\u00f5etava n\u00f5usoleku enda elektrooniliste kontaktandmete kasutamiseks uudiskirjade saatmise eesm\u00e4rgil.<\/li>\n\n\n\n<li>Uudiskirja tellimiseks peate sisestama oma e-posti aadressi, kuhu edastatakse juhised uudiskirja tellimuse kinnitamiseks. Lisaks kuvatakse Teile teave selle kohta, kuidas saab uudiskirja tellimust soovi korral muuta v\u00f5i l\u00f5petada.<\/li>\n\n\n\n<li>Kui te olete l\u00f5petanud uudiskirja tellimuse, siis eemaldatakse Teie e-posti aadress tellijate nimekirjast ja uudiskirju teile enam ei saadeta.<\/li>\n<\/ul>\n\n\n\n<p><strong>ISIKUANDMETE KAITSE JA TURVALISUS<\/strong><\/p>\n\n\n\n<ul class=\"wp-block-list\">\n<li>M\u00fc\u00fcja rakendab k\u00f5iki ettevaatusabin\u00f5usid (sh administratiivseid, tehnilisi ja f\u00fc\u00fcsilisi meetmeid) kliendi isikuandmete kaitsmiseks. Juurdep\u00e4\u00e4s andmetele nende muutmiseks ja t\u00f6\u00f6tlemiseks on ainult selleks volitatud isikutel.<\/li>\n\n\n\n<li>K\u00f5iki e-poe k\u00fclastamise ja ostude sooritamise k\u00e4igus teatavaks saanud kliendi isikuandmeid k\u00e4sitletakse kui konfidentsiaalset infot. Kr\u00fcpteeritud andmesidekanal makseteenuse osutajaga (Stripe) tagab ostu sooritaja isikuandmete ja pangarekvisiitide turvalisuse.<\/li>\n\n\n\n<li>Kliendil on \u00f5igus n\u00f5uda oma andmete t\u00f6\u00f6tlemise l\u00f5petamist, teavet andmete kasutamise kohta ning andmete edastamist endale v\u00f5i kolmandale isikule \u00fcldkasutatavas vormingus. V\u00e4ltimaks kliendi andmete ja \u00f5iguste v\u00e4\u00e4rkasutust on taotlusi lubatud esitada \u00fcksnes vormis, kus taotleja isik on tuvastatav (digitaalselt allkirjastatud v\u00f5i esinduses isiklikult allkirjastatud kujul). M\u00fc\u00fcjal on \u00f5igus sellistele taotlustele vastata 30 p\u00e4eva jooksul.<\/li>\n\n\n\n<li>Kasutades M\u00fc\u00fcja veebilehte kinnitate, et olete k\u00e4esolevate p\u00f5him\u00f5tete ja tingimustega tutvunud ning nendega n\u00f5ustunud. J\u00e4tame endale \u00f5iguse vajadusel privaatsuspoliitika \u00fcldtingimusi muuta.<\/li>\n\n\n\n<li>Kliendi isikuandmete vastutav t\u00f6\u00f6tleja on M\u00fc\u00fcja, registrikoodiga 10022037, aadressiga Peterburi tee 34\/1, 11415 Tallinn.<\/li>\n\n\n\n<li>Kliendiandmeid t\u00f6\u00f6deldakse \u00fcksnes Eesti Vabariigis, Euroopa Liidu liikmesriikides v\u00f5i riikides, mille andmekaitse taset on Euroopa Komisjon hinnanud piisavaks.<\/li>\n\n\n\n<li>Kliendi ja isikuandemetega seotud p\u00e4ringuid on v\u00f5imalik esitada e-posti aadressile shop@revalstone.com v\u00f5i kohapeal aadressil Peterburi tee 34\/1, 11415 Tallinn.<\/li>\n<\/ul>\n\n\n\n<p><strong>VASTUTUS JA V\u00c4\u00c4RAMATU J\u00d5UD<\/strong><\/p>\n\n\n\n<ul class=\"wp-block-list\">\n<li>M\u00fc\u00fcja vastutab Teie ees ja Teie vastutate M\u00fc\u00fcja ees teisele poolele k\u00e4esolevate tingimuste rikkumisega tekitatud kahju eest Eesti Vabariigis kehtivates \u00f5igusaktides s\u00e4testatud juhtudel ja ulatuses.<\/li>\n\n\n\n<li>M\u00fc\u00fcja ei vastuta Teile tekitatud kahjude eest v\u00f5i toote kohaletoimetamise viibimise eest juhul, kui kahju v\u00f5i toote kohaletoomise viibimine on tingitud asjaolust, mida M\u00fc\u00fcja ei saanud m\u00f5jutada ning mille saabumist M\u00fc\u00fcja ei n\u00e4inud ette ega v\u00f5inud ette n\u00e4ha (v\u00e4\u00e4ramatu j\u00f5ud).<\/li>\n<\/ul>\n\n\n\n<p><strong>MUUD TINGIMUSED<\/strong><\/p>\n\n\n\n<ul class=\"wp-block-list\">\n<li>Tingimustes eraldi lahendamata k\u00fcsimustes l\u00e4htutakse Eesti Vabariigis kehtivatest \u00f5igusaktidest.<\/li>\n\n\n\n<li>Ostja ja M\u00fc\u00fcja vahel seoses e-poe vahendusel toodete tellimise ja ostmisega tekkinud vaidlused lahendatakse l\u00e4bir\u00e4\u00e4kimiste teel. Kokkuleppe mittesaavutamisel on Ostjal \u00f5igus p\u00f6\u00f6rduda oma \u00f5iguste kaitseks Tarbijakaitseameti kaudu tarbijakaebuste komisjoni v\u00f5i Harju Maakohtusse. Tarbija v\u00f5ib esitada kaebuse ise v\u00f5i esindaja kaudu. Vaidluste lahendamisel l\u00e4htutakse Eesti Vabariigis kehtivatest \u00f5igusaktidest.<\/li>\n<\/ul>\n\n\n\n<p><strong>V\u00c4LISTAVAD TINGIMUSED<\/strong><\/p>\n\n\n\n<ul class=\"wp-block-list\">\n<li>E-poe veebilehel olevad tootepildid on tehtud v\u00f5imalikult tootele omaselt, aga on sellegipoolest illustratiivse t\u00e4hendusega.<\/li>\n\n\n\n<li>K\u00f5ikide sisuelementide (s.h videod, pildid) kopeerimine\/taaslevitamine (v.a e-poe platvormile seadistatud v\u00f5imaluste kaudu) on keelatud ilma M\u00fc\u00fcja kirjaliku n\u00f5usolekuta.<\/li>\n\n\n\n<li>Toodete hinnad ning saadavus v\u00f5ivad ette teatamata muutuda. Antud juhul j\u00e4tab M\u00fc\u00fcja endale \u00f5iguse loobuda m\u00fc\u00fcgist ning tagastada kliendile raha tema arvelduskontole 5 t\u00f6\u00f6p\u00e4eva jooksul.<\/li>\n\n\n\n<li>Toodete infot kontrollitakse ja t\u00e4iustatakse regulaarselt. Andmed v\u00f5ivad olla p\u00e4rast Teie viimast k\u00fclastust uuenenud.<\/li>\n\n\n\n<li>Keelatud on e-poe mittesihip\u00e4rane kasutamine ja\/v\u00f5i mistahes tehniliste protsesside testimine, l\u00e4biviimine, s\u00fcsteemip\u00e4ringute saatmine, seadistamine, liidestamine jmt, mille eesm\u00e4rgiks on e-poe tegevuse h\u00e4irimine, andmete liikumise j\u00e4lgimine jmt tegevus.<\/li>\n<\/ul>\n\n\n\n<p><strong>TEIE ISIKUANDMETE TURVALISUS<\/strong><\/p>\n\n\n\n<p>Teie isikuandmete turvalisus on meile oluline, kuid pidage meeles, et \u00fckski Interneti kaudu edastamise meetod ega elektrooniline s\u00e4ilitamisviis ei ole 100% turvaline. Kuigi me p\u00fc\u00fcame kasutada teie isikuandmete kaitsmiseks \u00e4riliselt vastuv\u00f5etavaid vahendeid, ei saa me tagada nende t\u00e4ielikku turvalisust.<\/p>\n\n\n\n<p id=\"data-delete-instructions\"><strong>ANDMETE KUSTUTAMISE JUHISED<\/strong><\/p>\n\n\n\n<p>Revalstone.com\/shop salvestab teie isikuandmeid ainult sisselogimise eesm\u00e4rgil (salvestatud andmed: e-post, nimi, profiilipilt). Facebooki platvormi reeglite kohaselt peame esitama kasutajaandmete kustutamise tagasihelistamise URL-i v\u00f5i andmete kustutamise juhiste URL-i. Kui soovite oma tegevused RevalStone&#8217;i sisselogimisel kustutada, j\u00e4rgige neid juhiseid:<\/p>\n\n\n\n<ul class=\"wp-block-list\">\n<li>Avage oma Facebooki konto Seaded ja Privaatsus. Kl\u00f5psake valikul \u201eSetting\u201c.<\/li>\n\n\n\n<li>Seej\u00e4rel minge jaotisse \u201eRakendused ja veebisaidid\u201c ja n\u00e4ete k\u00f5iki oma rakendustega seotud tegevusi.<\/li>\n\n\n\n<li>Valige RevalStone Login valikukast.<\/li>\n\n\n\n<li>Kl\u00f5psake nupul \u201eEemalda\u201d.<\/li>\n<\/ul>\n\n\n\n<p><strong>Saatke andmete kustutamise taotlus aadressile <a href=\"mailto:shop@revalstone.com\">shop@revalstone.com<\/a><\/strong><\/p>\n","protected":false},"excerpt":{"rendered":"<p>UUDISKIRJA TELLIMINE ISIKUANDMETE KAITSE JA TURVALISUS VASTUTUS JA V\u00c4\u00c4RAMATU J\u00d5UD MUUD TINGIMUSED V\u00c4LISTAVAD TINGIMUSED TEIE ISIKUANDMETE TURVALISUS Teie isikuandmete turvalisus [&hellip;]<\/p>\n","protected":false},"author":1,"featured_media":0,"parent":0,"menu_order":0,"comment_status":"closed","ping_status":"open","template":"","meta":{"_acf_changed":false,"footnotes":""},"class_list":["post-3","page","type-page","status-publish","hentry"],"acf":[],"yoast_head":"<!-- This site is optimized with the Yoast SEO plugin v27.4 - https:\/\/yoast.com\/product\/yoast-seo-wordpress\/ -->\n<title>Privaatsuspoliitika - Reval Stone e-pood<\/title>\n<meta name=\"description\" content=\"E-poe tootevalikust leiate mitmest erinevast kivist p\u00f5randaplaate. Valige sobiv kivi ja sobiv m\u00f5\u00f5t ning lisage tooted ostukorvi.\" \/>\n<meta name=\"robots\" content=\"index, follow, max-snippet:-1, max-image-preview:large, max-video-preview:-1\" \/>\n<link rel=\"canonical\" href=\"https:\/\/revalstone.com\/shop\/privacy-policy\/\" \/>\n<meta property=\"og:locale\" content=\"et_EE\" \/>\n<meta property=\"og:type\" content=\"article\" \/>\n<meta property=\"og:title\" content=\"Privaatsuspoliitika - Reval Stone e-pood\" \/>\n<meta property=\"og:description\" content=\"E-poe tootevalikust leiate mitmest erinevast kivist p\u00f5randaplaate. Valige sobiv kivi ja sobiv m\u00f5\u00f5t ning lisage tooted ostukorvi.\" \/>\n<meta property=\"og:url\" content=\"https:\/\/revalstone.com\/shop\/privacy-policy\/\" \/>\n<meta property=\"og:site_name\" content=\"Reval Stone e-pood\" \/>\n<meta property=\"article:publisher\" content=\"https:\/\/www.facebook.com\/revalstoneofficial\" \/>\n<meta property=\"article:modified_time\" content=\"2024-12-27T09:36:05+00:00\" \/>\n<meta name=\"twitter:card\" content=\"summary_large_image\" \/>\n<meta name=\"twitter:label1\" content=\"Est. reading time\" \/>\n\t<meta name=\"twitter:data1\" content=\"5 minutit\" \/>\n<script type=\"application\/ld+json\" class=\"yoast-schema-graph\">{\"@context\":\"https:\\\/\\\/schema.org\",\"@graph\":[{\"@type\":\"WebPage\",\"@id\":\"https:\\\/\\\/revalstone.com\\\/shop\\\/privacy-policy\\\/\",\"url\":\"https:\\\/\\\/revalstone.com\\\/shop\\\/privacy-policy\\\/\",\"name\":\"Privaatsuspoliitika - Reval Stone e-pood\",\"isPartOf\":{\"@id\":\"https:\\\/\\\/revalstone.com\\\/shop\\\/#website\"},\"datePublished\":\"2021-04-29T12:33:11+00:00\",\"dateModified\":\"2024-12-27T09:36:05+00:00\",\"description\":\"E-poe tootevalikust leiate mitmest erinevast kivist p\u00f5randaplaate. Valige sobiv kivi ja sobiv m\u00f5\u00f5t ning lisage tooted ostukorvi.\",\"breadcrumb\":{\"@id\":\"https:\\\/\\\/revalstone.com\\\/shop\\\/privacy-policy\\\/#breadcrumb\"},\"inLanguage\":\"et\",\"potentialAction\":[{\"@type\":\"ReadAction\",\"target\":[\"https:\\\/\\\/revalstone.com\\\/shop\\\/privacy-policy\\\/\"]}]},{\"@type\":\"BreadcrumbList\",\"@id\":\"https:\\\/\\\/revalstone.com\\\/shop\\\/privacy-policy\\\/#breadcrumb\",\"itemListElement\":[{\"@type\":\"ListItem\",\"position\":1,\"name\":\"Home page\",\"item\":\"https:\\\/\\\/revalstone.com\\\/shop\\\/home\\\/\"},{\"@type\":\"ListItem\",\"position\":2,\"name\":\"Privaatsuspoliitika\"}]},{\"@type\":\"WebSite\",\"@id\":\"https:\\\/\\\/revalstone.com\\\/shop\\\/#website\",\"url\":\"https:\\\/\\\/revalstone.com\\\/shop\\\/\",\"name\":\"Reval Stone e-pood\",\"description\":\"\",\"publisher\":{\"@id\":\"https:\\\/\\\/revalstone.com\\\/shop\\\/#organization\"},\"potentialAction\":[{\"@type\":\"SearchAction\",\"target\":{\"@type\":\"EntryPoint\",\"urlTemplate\":\"https:\\\/\\\/revalstone.com\\\/shop\\\/?s={search_term_string}\"},\"query-input\":{\"@type\":\"PropertyValueSpecification\",\"valueRequired\":true,\"valueName\":\"search_term_string\"}}],\"inLanguage\":\"et\"},{\"@type\":\"Organization\",\"@id\":\"https:\\\/\\\/revalstone.com\\\/shop\\\/#organization\",\"name\":\"Reval Stone\",\"url\":\"https:\\\/\\\/revalstone.com\\\/shop\\\/\",\"logo\":{\"@type\":\"ImageObject\",\"inLanguage\":\"et\",\"@id\":\"https:\\\/\\\/revalstone.com\\\/shop\\\/#\\\/schema\\\/logo\\\/image\\\/\",\"url\":\"https:\\\/\\\/revalstone.com\\\/shop\\\/wp-content\\\/uploads\\\/2021\\\/09\\\/Logo_v.png\",\"contentUrl\":\"https:\\\/\\\/revalstone.com\\\/shop\\\/wp-content\\\/uploads\\\/2021\\\/09\\\/Logo_v.png\",\"width\":960,\"height\":672,\"caption\":\"Reval Stone\"},\"image\":{\"@id\":\"https:\\\/\\\/revalstone.com\\\/shop\\\/#\\\/schema\\\/logo\\\/image\\\/\"},\"sameAs\":[\"https:\\\/\\\/www.facebook.com\\\/revalstoneofficial\",\"https:\\\/\\\/www.instagram.com\\\/revalstoneofficial\\\/\",\"https:\\\/\\\/en.wikipedia.org\\\/wiki\\\/Saare_Dolomiit-V\u00e4okivi\"]}]}<\/script>\n<!-- \/ Yoast SEO plugin. -->","yoast_head_json":{"title":"Privaatsuspoliitika - Reval Stone e-pood","description":"E-poe tootevalikust leiate mitmest erinevast kivist p\u00f5randaplaate. Valige sobiv kivi ja sobiv m\u00f5\u00f5t ning lisage tooted ostukorvi.","robots":{"index":"index","follow":"follow","max-snippet":"max-snippet:-1","max-image-preview":"max-image-preview:large","max-video-preview":"max-video-preview:-1"},"canonical":"https:\/\/revalstone.com\/shop\/privacy-policy\/","og_locale":"et_EE","og_type":"article","og_title":"Privaatsuspoliitika - Reval Stone e-pood","og_description":"E-poe tootevalikust leiate mitmest erinevast kivist p\u00f5randaplaate. Valige sobiv kivi ja sobiv m\u00f5\u00f5t ning lisage tooted ostukorvi.","og_url":"https:\/\/revalstone.com\/shop\/privacy-policy\/","og_site_name":"Reval Stone e-pood","article_publisher":"https:\/\/www.facebook.com\/revalstoneofficial","article_modified_time":"2024-12-27T09:36:05+00:00","twitter_card":"summary_large_image","twitter_misc":{"Est. reading time":"5 minutit"},"schema":{"@context":"https:\/\/schema.org","@graph":[{"@type":"WebPage","@id":"https:\/\/revalstone.com\/shop\/privacy-policy\/","url":"https:\/\/revalstone.com\/shop\/privacy-policy\/","name":"Privaatsuspoliitika - Reval Stone e-pood","isPartOf":{"@id":"https:\/\/revalstone.com\/shop\/#website"},"datePublished":"2021-04-29T12:33:11+00:00","dateModified":"2024-12-27T09:36:05+00:00","description":"E-poe tootevalikust leiate mitmest erinevast kivist p\u00f5randaplaate. Valige sobiv kivi ja sobiv m\u00f5\u00f5t ning lisage tooted ostukorvi.","breadcrumb":{"@id":"https:\/\/revalstone.com\/shop\/privacy-policy\/#breadcrumb"},"inLanguage":"et","potentialAction":[{"@type":"ReadAction","target":["https:\/\/revalstone.com\/shop\/privacy-policy\/"]}]},{"@type":"BreadcrumbList","@id":"https:\/\/revalstone.com\/shop\/privacy-policy\/#breadcrumb","itemListElement":[{"@type":"ListItem","position":1,"name":"Home page","item":"https:\/\/revalstone.com\/shop\/home\/"},{"@type":"ListItem","position":2,"name":"Privaatsuspoliitika"}]},{"@type":"WebSite","@id":"https:\/\/revalstone.com\/shop\/#website","url":"https:\/\/revalstone.com\/shop\/","name":"Reval Stone e-pood","description":"","publisher":{"@id":"https:\/\/revalstone.com\/shop\/#organization"},"potentialAction":[{"@type":"SearchAction","target":{"@type":"EntryPoint","urlTemplate":"https:\/\/revalstone.com\/shop\/?s={search_term_string}"},"query-input":{"@type":"PropertyValueSpecification","valueRequired":true,"valueName":"search_term_string"}}],"inLanguage":"et"},{"@type":"Organization","@id":"https:\/\/revalstone.com\/shop\/#organization","name":"Reval Stone","url":"https:\/\/revalstone.com\/shop\/","logo":{"@type":"ImageObject","inLanguage":"et","@id":"https:\/\/revalstone.com\/shop\/#\/schema\/logo\/image\/","url":"https:\/\/revalstone.com\/shop\/wp-content\/uploads\/2021\/09\/Logo_v.png","contentUrl":"https:\/\/revalstone.com\/shop\/wp-content\/uploads\/2021\/09\/Logo_v.png","width":960,"height":672,"caption":"Reval Stone"},"image":{"@id":"https:\/\/revalstone.com\/shop\/#\/schema\/logo\/image\/"},"sameAs":["https:\/\/www.facebook.com\/revalstoneofficial","https:\/\/www.instagram.com\/revalstoneofficial\/","https:\/\/en.wikipedia.org\/wiki\/Saare_Dolomiit-V\u00e4okivi"]}]}},"_links":{"self":[{"href":"https:\/\/revalstone.com\/shop\/wp-json\/wp\/v2\/pages\/3","targetHints":{"allow":["GET"]}}],"collection":[{"href":"https:\/\/revalstone.com\/shop\/wp-json\/wp\/v2\/pages"}],"about":[{"href":"https:\/\/revalstone.com\/shop\/wp-json\/wp\/v2\/types\/page"}],"author":[{"embeddable":true,"href":"https:\/\/revalstone.com\/shop\/wp-json\/wp\/v2\/users\/1"}],"replies":[{"embeddable":true,"href":"https:\/\/revalstone.com\/shop\/wp-json\/wp\/v2\/comments?post=3"}],"version-history":[{"count":0,"href":"https:\/\/revalstone.com\/shop\/wp-json\/wp\/v2\/pages\/3\/revisions"}],"wp:attachment":[{"href":"https:\/\/revalstone.com\/shop\/wp-json\/wp\/v2\/media?parent=3"}],"curies":[{"name":"wp","href":"https:\/\/api.w.org\/{rel}","templated":true}]}}