{"id":323,"date":"2017-12-17T18:30:47","date_gmt":"2017-12-17T18:30:47","guid":{"rendered":"https:\/\/www.cssigniter.com\/preview\/loge\/?page_id=69"},"modified":"2022-03-17T11:38:25","modified_gmt":"2022-03-17T08:38:25","slug":"home","status":"publish","type":"page","link":"https:\/\/revalstone.com\/shop\/","title":{"rendered":"Avaleht"},"content":{"rendered":"","protected":false},"excerpt":{"rendered":"","protected":false},"author":1,"featured_media":0,"parent":0,"menu_order":0,"comment_status":"closed","ping_status":"closed","template":"templates\/front-page.php","meta":{"_acf_changed":false,"footnotes":""},"class_list":["post-323","page","type-page","status-publish","hentry"],"acf":[],"yoast_head":"<!-- This site is optimized with the Yoast SEO plugin v27.4 - https:\/\/yoast.com\/product\/yoast-seo-wordpress\/ -->\n<title>Avaleht - Looduskivist tooted - Reval Stone e-pood<\/title>\n<meta name=\"description\" content=\"Eesti paekivist ja dolomiidist tooted otse tootja e-poest. P\u00f5randaplaadid, p\u00f5randaliistud, aknalauad ja tasapinnad. Saadaval ka n\u00e4idised.\" \/>\n<meta name=\"robots\" content=\"index, follow, max-snippet:-1, max-image-preview:large, max-video-preview:-1\" \/>\n<link rel=\"canonical\" href=\"https:\/\/revalstone.com\/shop\/\" \/>\n<meta property=\"og:locale\" content=\"et_EE\" \/>\n<meta property=\"og:type\" content=\"article\" \/>\n<meta property=\"og:title\" content=\"Avaleht - Looduskivist tooted - Reval Stone e-pood\" \/>\n<meta property=\"og:description\" content=\"Eesti paekivist ja dolomiidist tooted otse tootja e-poest. P\u00f5randaplaadid, p\u00f5randaliistud, aknalauad ja tasapinnad. Saadaval ka n\u00e4idised.\" \/>\n<meta property=\"og:url\" content=\"https:\/\/revalstone.com\/shop\/\" \/>\n<meta property=\"og:site_name\" content=\"Reval Stone e-pood\" \/>\n<meta property=\"article:publisher\" content=\"https:\/\/www.facebook.com\/revalstoneofficial\" \/>\n<meta property=\"article:modified_time\" content=\"2022-03-17T08:38:25+00:00\" \/>\n<meta name=\"twitter:card\" content=\"summary_large_image\" \/>\n<script type=\"application\/ld+json\" class=\"yoast-schema-graph\">{\"@context\":\"https:\\\/\\\/schema.org\",\"@graph\":[{\"@type\":\"WebPage\",\"@id\":\"https:\\\/\\\/revalstone.com\\\/shop\\\/\",\"url\":\"https:\\\/\\\/revalstone.com\\\/shop\\\/\",\"name\":\"Avaleht - Looduskivist tooted - Reval Stone e-pood\",\"isPartOf\":{\"@id\":\"https:\\\/\\\/revalstone.com\\\/shop\\\/#website\"},\"datePublished\":\"2017-12-17T18:30:47+00:00\",\"dateModified\":\"2022-03-17T08:38:25+00:00\",\"description\":\"Eesti paekivist ja dolomiidist tooted otse tootja e-poest. P\u00f5randaplaadid, p\u00f5randaliistud, aknalauad ja tasapinnad. Saadaval ka n\u00e4idised.\",\"breadcrumb\":{\"@id\":\"https:\\\/\\\/revalstone.com\\\/shop\\\/#breadcrumb\"},\"inLanguage\":\"et\",\"potentialAction\":[{\"@type\":\"ReadAction\",\"target\":[\"https:\\\/\\\/revalstone.com\\\/shop\\\/\"]}]},{\"@type\":\"BreadcrumbList\",\"@id\":\"https:\\\/\\\/revalstone.com\\\/shop\\\/#breadcrumb\",\"itemListElement\":[{\"@type\":\"ListItem\",\"position\":1,\"name\":\"Home page\",\"item\":\"https:\\\/\\\/revalstone.com\\\/shop\\\/home\\\/\"},{\"@type\":\"ListItem\",\"position\":2,\"name\":\"Avaleht\"}]},{\"@type\":\"WebSite\",\"@id\":\"https:\\\/\\\/revalstone.com\\\/shop\\\/#website\",\"url\":\"https:\\\/\\\/revalstone.com\\\/shop\\\/\",\"name\":\"Reval Stone e-pood\",\"description\":\"\",\"publisher\":{\"@id\":\"https:\\\/\\\/revalstone.com\\\/shop\\\/#organization\"},\"potentialAction\":[{\"@type\":\"SearchAction\",\"target\":{\"@type\":\"EntryPoint\",\"urlTemplate\":\"https:\\\/\\\/revalstone.com\\\/shop\\\/?s={search_term_string}\"},\"query-input\":{\"@type\":\"PropertyValueSpecification\",\"valueRequired\":true,\"valueName\":\"search_term_string\"}}],\"inLanguage\":\"et\"},{\"@type\":\"Organization\",\"@id\":\"https:\\\/\\\/revalstone.com\\\/shop\\\/#organization\",\"name\":\"Reval Stone\",\"url\":\"https:\\\/\\\/revalstone.com\\\/shop\\\/\",\"logo\":{\"@type\":\"ImageObject\",\"inLanguage\":\"et\",\"@id\":\"https:\\\/\\\/revalstone.com\\\/shop\\\/#\\\/schema\\\/logo\\\/image\\\/\",\"url\":\"https:\\\/\\\/revalstone.com\\\/shop\\\/wp-content\\\/uploads\\\/2021\\\/09\\\/Logo_v.png\",\"contentUrl\":\"https:\\\/\\\/revalstone.com\\\/shop\\\/wp-content\\\/uploads\\\/2021\\\/09\\\/Logo_v.png\",\"width\":960,\"height\":672,\"caption\":\"Reval Stone\"},\"image\":{\"@id\":\"https:\\\/\\\/revalstone.com\\\/shop\\\/#\\\/schema\\\/logo\\\/image\\\/\"},\"sameAs\":[\"https:\\\/\\\/www.facebook.com\\\/revalstoneofficial\",\"https:\\\/\\\/www.instagram.com\\\/revalstoneofficial\\\/\",\"https:\\\/\\\/en.wikipedia.org\\\/wiki\\\/Saare_Dolomiit-V\u00e4okivi\"]}]}<\/script>\n<!-- \/ Yoast SEO plugin. -->","yoast_head_json":{"title":"Avaleht - Looduskivist tooted - Reval Stone e-pood","description":"Eesti paekivist ja dolomiidist tooted otse tootja e-poest. P\u00f5randaplaadid, p\u00f5randaliistud, aknalauad ja tasapinnad. Saadaval ka n\u00e4idised.","robots":{"index":"index","follow":"follow","max-snippet":"max-snippet:-1","max-image-preview":"max-image-preview:large","max-video-preview":"max-video-preview:-1"},"canonical":"https:\/\/revalstone.com\/shop\/","og_locale":"et_EE","og_type":"article","og_title":"Avaleht - Looduskivist tooted - Reval Stone e-pood","og_description":"Eesti paekivist ja dolomiidist tooted otse tootja e-poest. P\u00f5randaplaadid, p\u00f5randaliistud, aknalauad ja tasapinnad. Saadaval ka n\u00e4idised.","og_url":"https:\/\/revalstone.com\/shop\/","og_site_name":"Reval Stone e-pood","article_publisher":"https:\/\/www.facebook.com\/revalstoneofficial","article_modified_time":"2022-03-17T08:38:25+00:00","twitter_card":"summary_large_image","schema":{"@context":"https:\/\/schema.org","@graph":[{"@type":"WebPage","@id":"https:\/\/revalstone.com\/shop\/","url":"https:\/\/revalstone.com\/shop\/","name":"Avaleht - Looduskivist tooted - Reval Stone e-pood","isPartOf":{"@id":"https:\/\/revalstone.com\/shop\/#website"},"datePublished":"2017-12-17T18:30:47+00:00","dateModified":"2022-03-17T08:38:25+00:00","description":"Eesti paekivist ja dolomiidist tooted otse tootja e-poest. P\u00f5randaplaadid, p\u00f5randaliistud, aknalauad ja tasapinnad. Saadaval ka n\u00e4idised.","breadcrumb":{"@id":"https:\/\/revalstone.com\/shop\/#breadcrumb"},"inLanguage":"et","potentialAction":[{"@type":"ReadAction","target":["https:\/\/revalstone.com\/shop\/"]}]},{"@type":"BreadcrumbList","@id":"https:\/\/revalstone.com\/shop\/#breadcrumb","itemListElement":[{"@type":"ListItem","position":1,"name":"Home page","item":"https:\/\/revalstone.com\/shop\/home\/"},{"@type":"ListItem","position":2,"name":"Avaleht"}]},{"@type":"WebSite","@id":"https:\/\/revalstone.com\/shop\/#website","url":"https:\/\/revalstone.com\/shop\/","name":"Reval Stone e-pood","description":"","publisher":{"@id":"https:\/\/revalstone.com\/shop\/#organization"},"potentialAction":[{"@type":"SearchAction","target":{"@type":"EntryPoint","urlTemplate":"https:\/\/revalstone.com\/shop\/?s={search_term_string}"},"query-input":{"@type":"PropertyValueSpecification","valueRequired":true,"valueName":"search_term_string"}}],"inLanguage":"et"},{"@type":"Organization","@id":"https:\/\/revalstone.com\/shop\/#organization","name":"Reval Stone","url":"https:\/\/revalstone.com\/shop\/","logo":{"@type":"ImageObject","inLanguage":"et","@id":"https:\/\/revalstone.com\/shop\/#\/schema\/logo\/image\/","url":"https:\/\/revalstone.com\/shop\/wp-content\/uploads\/2021\/09\/Logo_v.png","contentUrl":"https:\/\/revalstone.com\/shop\/wp-content\/uploads\/2021\/09\/Logo_v.png","width":960,"height":672,"caption":"Reval Stone"},"image":{"@id":"https:\/\/revalstone.com\/shop\/#\/schema\/logo\/image\/"},"sameAs":["https:\/\/www.facebook.com\/revalstoneofficial","https:\/\/www.instagram.com\/revalstoneofficial\/","https:\/\/en.wikipedia.org\/wiki\/Saare_Dolomiit-V\u00e4okivi"]}]}},"_links":{"self":[{"href":"https:\/\/revalstone.com\/shop\/wp-json\/wp\/v2\/pages\/323","targetHints":{"allow":["GET"]}}],"collection":[{"href":"https:\/\/revalstone.com\/shop\/wp-json\/wp\/v2\/pages"}],"about":[{"href":"https:\/\/revalstone.com\/shop\/wp-json\/wp\/v2\/types\/page"}],"author":[{"embeddable":true,"href":"https:\/\/revalstone.com\/shop\/wp-json\/wp\/v2\/users\/1"}],"replies":[{"embeddable":true,"href":"https:\/\/revalstone.com\/shop\/wp-json\/wp\/v2\/comments?post=323"}],"version-history":[{"count":0,"href":"https:\/\/revalstone.com\/shop\/wp-json\/wp\/v2\/pages\/323\/revisions"}],"wp:attachment":[{"href":"https:\/\/revalstone.com\/shop\/wp-json\/wp\/v2\/media?parent=323"}],"curies":[{"name":"wp","href":"https:\/\/api.w.org\/{rel}","templated":true}]}}