{"id":387,"date":"2021-05-08T16:03:38","date_gmt":"2021-05-08T13:03:38","guid":{"rendered":"https:\/\/revalstone.com\/shop\/?page_id=387"},"modified":"2025-01-28T16:37:36","modified_gmt":"2025-01-28T13:37:36","slug":"meist","status":"publish","type":"page","link":"https:\/\/revalstone.com\/shop\/meist\/","title":{"rendered":"Meist"},"content":{"rendered":"\n<h3 class=\"wp-block-heading\">Reval Stone<\/h3>\n\n\n\n<figure class=\"wp-block-embed is-type-video is-provider-youtube wp-block-embed-youtube wp-embed-aspect-16-9 wp-has-aspect-ratio\"><div class=\"wp-block-embed__wrapper\">\n<iframe loading=\"lazy\" title=\"Discover REVAL STONE - Natural Estonian Limestone and Dolomite Solutions\" width=\"555\" height=\"312\" src=\"https:\/\/www.youtube.com\/embed\/fsNOA7pvIEY?feature=oembed&#038;enablejsapi=1&#038;origin=https:\/\/revalstone.com\" frameborder=\"0\" allow=\"accelerometer; autoplay; clipboard-write; encrypted-media; gyroscope; picture-in-picture; web-share\" referrerpolicy=\"strict-origin-when-cross-origin\" allowfullscreen><\/iframe>\n<\/div><figcaption class=\"wp-element-caption\">\u00dclevaade tootmisest: karj\u00e4\u00e4rist valmistoodanguni<\/figcaption><\/figure>\n\n\n\n<p>Looduskivi t\u00f6\u00f6tlemisega tegelev <strong><a href=\"https:\/\/revalstone.com\/\" target=\"_blank\" rel=\"noreferrer noopener\"><span style=\"text-decoration: underline;\">Reval Stone<\/span><\/a><\/strong> (<strong>Limestone factories of Estonia O\u00dc<\/strong>) on \u00fcks vanemaid loodusliku kivi kaevandajaid ja t\u00f6\u00f6tlejaid Eestis. Reval Stone loeb oma tegevuse alguseks kuup\u00e4eva 01.10.1967, kui ENSV MN korraldusega moodustati tehase Eesti Dolomiit Saaremaa tsehh.<\/p>\n\n\n\n<blockquote class=\"wp-block-quote is-layout-flow wp-block-quote-is-layout-flow\">\n<p>Alates 2007. aastast turustame oma tooteid kaubam\u00e4rgi <strong>Reval Stone<\/strong> all.<\/p>\n<\/blockquote>\n\n\n\n<p>Toetudes pikaajalisele kogemusele ja omades kaasaegseid seadmeid pakume laias valikus looduskivitooteid. E-poes pakutav materjal sisaldab kodumaist dolomiiti ja paekivi. Ettev\u00f5ttel on tehas <strong>Saaremaal<\/strong>. Peakontor ja m\u00fc\u00fcgisalong asuvad Tallinnas.<\/p>\n\n\n\n<blockquote class=\"wp-block-quote is-layout-flow wp-block-quote-is-layout-flow\">\n<p>Meie karj\u00e4\u00e4rid asuvad <strong>Saaremaal<\/strong> (Kaarma ja Selgase dolomiit), <strong>Tallinnas<\/strong> (Reval paekivi) ja <strong>M\u00e4rjamaa<\/strong> l\u00e4histel (Orgita dolomiit).<\/p>\n<\/blockquote>\n\n\n\n<figure class=\"wp-block-image size-large is-style-default\"><img decoding=\"async\" width=\"1024\" height=\"683\" src=\"https:\/\/revalstone.com\/shop\/wp-content\/uploads\/2021\/07\/Reval_Stone_about-1024x683.jpg\" alt=\"Reval Stone tootmine\" class=\"wp-image-1243\" srcset=\"https:\/\/revalstone.com\/shop\/wp-content\/uploads\/2021\/07\/Reval_Stone_about-1024x683.jpg 1024w, https:\/\/revalstone.com\/shop\/wp-content\/uploads\/2021\/07\/Reval_Stone_about-300x200.jpg 300w, https:\/\/revalstone.com\/shop\/wp-content\/uploads\/2021\/07\/Reval_Stone_about-768x512.jpg 768w, https:\/\/revalstone.com\/shop\/wp-content\/uploads\/2021\/07\/Reval_Stone_about-750x500.jpg 750w, https:\/\/revalstone.com\/shop\/wp-content\/uploads\/2021\/07\/Reval_Stone_about-460x307.jpg 460w, https:\/\/revalstone.com\/shop\/wp-content\/uploads\/2021\/07\/Reval_Stone_about-1140x760.jpg 1140w, https:\/\/revalstone.com\/shop\/wp-content\/uploads\/2021\/07\/Reval_Stone_about-150x100.jpg 150w, https:\/\/revalstone.com\/shop\/wp-content\/uploads\/2021\/07\/Reval_Stone_about.jpg 1500w\" sizes=\"(max-width: 1024px) 100vw, 1024px\" \/><\/figure>\n\n\n\n<p><strong>Saaremaa dolomiit<\/strong> on kasutusel juba XIII sajandist kui tugev ja kestev ehitusmaterjal, millest on laotud lossim\u00fc\u00fcre ja kirikuseinu. Hea t\u00f6\u00f6deldavuse ja ilmastikukindluse t\u00f5ttu on dolomiidist valmistatud hauamonumente, v\u00e4ravaposte, balustraade, karniise, portaale, sambaid ja kaminaid. T\u00e4nap\u00e4eval on dolomiiti kasutatud paljude esindushoonete viimistlemiseks Tallinnas, Peterburis, Moskvas, Riias, Vilniuses ja paljudes teistes linnades.<\/p>\n\n\n\n<p><strong>Tallinna (Reval) <\/strong>paekivi on sajandeid kasutatud hea ehituskivina nii Tallinna kui Peterburi vanalinnas. T\u00e4nap\u00e4eval kasutatakse Tallinna paekivi \u00fcha enam siseviimistluses. Reval paekivist plaatidega viimistletud p\u00f5randaid v\u00f5ib kohata k\u00f5igis Balti riikides, Skandinaavias, Venemaal, Poolas, Saksamaal, Inglismaal ja mujal.<\/p>\n\n\n\n<p><strong>Orgita dolomiit<\/strong> on kergesti t\u00f6\u00f6deldav oman\u00e4olise mustriga looduskivi, mida murtakse endise Orgita m\u00f5isa (Rosenthal) piirkonnas. L\u00e4bi aastasadade on hinnatud nii Orgita dolomiidi omadusi viimistluskivina kui ka selle ilmastikukindlust \u2013 teadaolevalt on kivi kasutatud v\u00e4hemalt alates 14. sajandist. Kui ajalooliselt on Orgita looduskivi kasutatud raidkivina ja v\u00e4lisviimistluses, siis t\u00e4nap\u00e4eval leiab kivi kasutust ka siseviimistluses.<\/p>\n\n\n\n<hr class=\"wp-block-separator has-alpha-channel-opacity\"\/>\n\n\n\n<p>Ettev\u00f5te on <a href=\"https:\/\/paeliit.wordpress.com\/\" target=\"_blank\" rel=\"noreferrer noopener\"><span style=\"text-decoration: underline;\">Eesti Paeliidu<\/span><\/a>, <a href=\"https:\/\/www.eetl.ee\/et\/\" target=\"_blank\" rel=\"noreferrer noopener\"><span style=\"text-decoration: underline;\">Eesti Ehitusmaterjalide Tootjate Liidu<\/span><\/a> ja <a href=\"http:\/\/www.emtel.ee\/\" target=\"_blank\" rel=\"noreferrer noopener\"><span style=\"text-decoration: underline;\">Eesti M\u00e4et\u00f6\u00f6stuse Ettev\u00f5tete Liidu<\/span><\/a> liige.<\/p>\n\n\n\n<p>Lisateavet meie tegevuse, materjalide, tootmissuundade ja meie toodetud kivi kasutades valminud projektide kohta <strong><a href=\"https:\/\/revalstone.com\/\" target=\"_blank\" rel=\"noreferrer noopener\"><span style=\"text-decoration: underline;\">leiate meie kodulehelt<\/span><\/a><\/strong>.<\/p>\n\n\n\n<hr class=\"wp-block-separator has-alpha-channel-opacity\"\/>\n\n\n\n<h2 class=\"wp-block-heading\"><strong>Limestone Factories of Estonia sai Keskkonnainvesteeringute Keskuselt toetust projekti elluvimiseks<\/strong><\/h2>\n\n\n<div class=\"wp-block-image\">\n<figure class=\"alignleft size-full is-resized\"><img decoding=\"async\" width=\"379\" height=\"161\" src=\"https:\/\/revalstone.com\/shop\/wp-content\/uploads\/2022\/12\/NextGen.png\" alt=\"\" class=\"wp-image-4974\" style=\"width:299px;height:127px\" srcset=\"https:\/\/revalstone.com\/shop\/wp-content\/uploads\/2022\/12\/NextGen.png 379w, https:\/\/revalstone.com\/shop\/wp-content\/uploads\/2022\/12\/NextGen-300x127.png 300w, https:\/\/revalstone.com\/shop\/wp-content\/uploads\/2022\/12\/NextGen-150x64.png 150w\" sizes=\"(max-width: 379px) 100vw, 379px\" \/><\/figure>\n<\/div>\n\n\n<p>Projekti \u201eKvaliteetse maavara kasutuselev\u00f5tmine ning paekivi maksimaalne v\u00e4\u00e4rindamine\u201c eesm\u00e4rgiks on t\u00f5sta O\u00dc Limestone Factories of Estonia ressursit\u00f5husust, tootmisj\u00e4\u00e4kide v\u00e4\u00e4rindamist, kasvatada toodangu mahtu ning automatiseerida paekivist dekoratiivkivini v\u00e4\u00e4rindamise tootmisprotsess. Selle tarbeks investeeritakse innovatiivsesse ressursis\u00e4\u00e4stlikusse s\u00f5elumisliini, kolme spetsiaalsesse ressursis\u00e4\u00e4stlikusse ekskavaatorisse ja kaalumaja digitaliseerimisse. Projekti eelarveks on planeeritud 1 943 050 eurot, millest toetuse summa on 582 915 eurot.<\/p>\n\n\n\n<hr class=\"wp-block-separator has-alpha-channel-opacity\"\/>\n\n\n\n<div class=\"wp-block-columns is-layout-flex wp-container-core-columns-is-layout-9d6595d7 wp-block-columns-is-layout-flex\">\n<div class=\"wp-block-column is-layout-flow wp-block-column-is-layout-flow\"><div class=\"wp-block-image\">\n<figure class=\"aligncenter size-full is-resized\"><img decoding=\"async\" width=\"354\" height=\"354\" src=\"https:\/\/revalstone.com\/shop\/wp-content\/uploads\/2023\/02\/rohelinevalik.png\" alt=\"\" class=\"wp-image-5525\" style=\"width:382px;height:auto\" srcset=\"https:\/\/revalstone.com\/shop\/wp-content\/uploads\/2023\/02\/rohelinevalik.png 354w, https:\/\/revalstone.com\/shop\/wp-content\/uploads\/2023\/02\/rohelinevalik-300x300.png 300w, https:\/\/revalstone.com\/shop\/wp-content\/uploads\/2023\/02\/rohelinevalik-150x150.png 150w, https:\/\/revalstone.com\/shop\/wp-content\/uploads\/2023\/02\/rohelinevalik-100x100.png 100w, https:\/\/revalstone.com\/shop\/wp-content\/uploads\/2023\/02\/rohelinevalik-50x50.png 50w\" sizes=\"(max-width: 354px) 100vw, 354px\" \/><\/figure>\n<\/div><\/div>\n\n\n\n<div class=\"wp-block-column is-layout-flow wp-block-column-is-layout-flow\"><div class=\"wp-block-image\">\n<figure class=\"aligncenter size-large\"><a href=\"https:\/\/revalstone.com\/shop\/wp-content\/uploads\/2024\/01\/ET_sert_2024.jpg\" data-lightbox=\"gal[387]\"><img decoding=\"async\" width=\"700\" height=\"1024\" src=\"https:\/\/revalstone.com\/shop\/wp-content\/uploads\/2024\/01\/ET_sert_2024-700x1024.jpg\" alt=\"\" class=\"wp-image-14586\" srcset=\"https:\/\/revalstone.com\/shop\/wp-content\/uploads\/2024\/01\/ET_sert_2024-700x1024.jpg 700w, https:\/\/revalstone.com\/shop\/wp-content\/uploads\/2024\/01\/ET_sert_2024-205x300.jpg 205w, https:\/\/revalstone.com\/shop\/wp-content\/uploads\/2024\/01\/ET_sert_2024-768x1123.jpg 768w, https:\/\/revalstone.com\/shop\/wp-content\/uploads\/2024\/01\/ET_sert_2024-460x673.jpg 460w, https:\/\/revalstone.com\/shop\/wp-content\/uploads\/2024\/01\/ET_sert_2024-150x219.jpg 150w, https:\/\/revalstone.com\/shop\/wp-content\/uploads\/2024\/01\/ET_sert_2024.jpg 1000w\" sizes=\"(max-width: 700px) 100vw, 700px\" \/><\/a><\/figure>\n<\/div><\/div>\n<\/div>\n\n\n\n<h2 class=\"wp-block-heading\"><strong>Limestone Factories of Estonia O\u00dc kasutab rohelist elektrit<\/strong><\/h2>\n\n\n\n<p>Alates aastast 2023 on meie ettev\u00f5ttele v\u00e4ljastatud Rohelise Valiku sertifikaat, mis t\u00f5endab 100% Euroopas toodetud taastuvenergia kasutamist.<\/p>\n\n\n\n<hr class=\"wp-block-separator has-alpha-channel-opacity\"\/>\n\n\n\n<h2 class=\"wp-block-heading\"><strong>SAAREMAA EHTNE TOODE<\/strong><\/h2>\n\n\n<div class=\"wp-block-image\">\n<figure class=\"aligncenter size-full is-resized\"><a href=\"https:\/\/ehtne.ee\/margikandja\/reval-stone\/\" target=\"_blank\" rel=\"noreferrer noopener\"><img decoding=\"async\" width=\"609\" height=\"567\" src=\"https:\/\/revalstone.com\/shop\/wp-content\/uploads\/2024\/08\/Saaremaa-mark.png\" alt=\"\" class=\"wp-image-15962\" style=\"width:216px;height:auto\" srcset=\"https:\/\/revalstone.com\/shop\/wp-content\/uploads\/2024\/08\/Saaremaa-mark.png 609w, https:\/\/revalstone.com\/shop\/wp-content\/uploads\/2024\/08\/Saaremaa-mark-300x279.png 300w, https:\/\/revalstone.com\/shop\/wp-content\/uploads\/2024\/08\/Saaremaa-mark-460x428.png 460w, https:\/\/revalstone.com\/shop\/wp-content\/uploads\/2024\/08\/Saaremaa-mark-150x140.png 150w\" sizes=\"(max-width: 609px) 100vw, 609px\" \/><\/a><\/figure>\n<\/div>\n\n\n<p>Reval Stone on \u201e<a href=\"https:\/\/ehtne.ee\/margikandja\/reval-stone\/\" target=\"_blank\" rel=\"noreferrer noopener\">Saaremaa EHTNE toode<\/a>\u201c m\u00e4rgikandja.<\/p>\n","protected":false},"excerpt":{"rendered":"<p>Reval Stone Looduskivi t\u00f6\u00f6tlemisega tegelev Reval Stone (Limestone factories of Estonia O\u00dc) on \u00fcks vanemaid loodusliku kivi kaevandajaid ja t\u00f6\u00f6tlejaid [&hellip;]<\/p>\n","protected":false},"author":1,"featured_media":1150,"parent":0,"menu_order":0,"comment_status":"closed","ping_status":"closed","template":"","meta":{"_acf_changed":false,"footnotes":""},"class_list":["post-387","page","type-page","status-publish","has-post-thumbnail","hentry"],"acf":[],"yoast_head":"<!-- This site is optimized with the Yoast SEO plugin v27.4 - https:\/\/yoast.com\/product\/yoast-seo-wordpress\/ -->\n<title>Meist - Paekivi m\u00fc\u00fck - Dolomiidi m\u00fc\u00fck - Reval Stone e-pood<\/title>\n<meta name=\"description\" content=\"Looduskivist p\u00f5randaplaadid tootjalt. Reval Stone t\u00f6\u00f6tleb paekivi ja dolomiiti. Paekivi Reval ja Kaarma, Orgita ja Selgase dolomiit.\" \/>\n<meta name=\"robots\" content=\"index, follow, max-snippet:-1, max-image-preview:large, max-video-preview:-1\" \/>\n<link rel=\"canonical\" href=\"https:\/\/revalstone.com\/shop\/meist\/\" \/>\n<meta property=\"og:locale\" content=\"et_EE\" \/>\n<meta property=\"og:type\" content=\"article\" \/>\n<meta property=\"og:title\" content=\"Meist - Paekivi m\u00fc\u00fck - Dolomiidi m\u00fc\u00fck - Reval Stone e-pood\" \/>\n<meta property=\"og:description\" content=\"Looduskivist p\u00f5randaplaadid tootjalt. Reval Stone t\u00f6\u00f6tleb paekivi ja dolomiiti. Paekivi Reval ja Kaarma, Orgita ja Selgase dolomiit.\" \/>\n<meta property=\"og:url\" content=\"https:\/\/revalstone.com\/shop\/meist\/\" \/>\n<meta property=\"og:site_name\" content=\"Reval Stone e-pood\" \/>\n<meta property=\"article:publisher\" content=\"https:\/\/www.facebook.com\/revalstoneofficial\" \/>\n<meta property=\"article:modified_time\" content=\"2025-01-28T13:37:36+00:00\" \/>\n<meta property=\"og:image\" content=\"https:\/\/revalstone.com\/shop\/wp-content\/uploads\/2021\/07\/Reval_Stone_installation.jpg\" \/>\n\t<meta property=\"og:image:width\" content=\"1500\" \/>\n\t<meta property=\"og:image:height\" content=\"1000\" \/>\n\t<meta property=\"og:image:type\" content=\"image\/jpeg\" \/>\n<meta name=\"twitter:card\" content=\"summary_large_image\" \/>\n<meta name=\"twitter:label1\" content=\"Est. reading time\" \/>\n\t<meta name=\"twitter:data1\" content=\"4 minutit\" \/>\n<script type=\"application\/ld+json\" class=\"yoast-schema-graph\">{\"@context\":\"https:\\\/\\\/schema.org\",\"@graph\":[{\"@type\":\"WebPage\",\"@id\":\"https:\\\/\\\/revalstone.com\\\/shop\\\/meist\\\/\",\"url\":\"https:\\\/\\\/revalstone.com\\\/shop\\\/meist\\\/\",\"name\":\"Meist - Paekivi m\u00fc\u00fck - Dolomiidi m\u00fc\u00fck - Reval Stone e-pood\",\"isPartOf\":{\"@id\":\"https:\\\/\\\/revalstone.com\\\/shop\\\/#website\"},\"primaryImageOfPage\":{\"@id\":\"https:\\\/\\\/revalstone.com\\\/shop\\\/meist\\\/#primaryimage\"},\"image\":{\"@id\":\"https:\\\/\\\/revalstone.com\\\/shop\\\/meist\\\/#primaryimage\"},\"thumbnailUrl\":\"https:\\\/\\\/revalstone.com\\\/shop\\\/wp-content\\\/uploads\\\/2021\\\/07\\\/Reval_Stone_installation.jpg\",\"datePublished\":\"2021-05-08T13:03:38+00:00\",\"dateModified\":\"2025-01-28T13:37:36+00:00\",\"description\":\"Looduskivist p\u00f5randaplaadid tootjalt. Reval Stone t\u00f6\u00f6tleb paekivi ja dolomiiti. Paekivi Reval ja Kaarma, Orgita ja Selgase dolomiit.\",\"breadcrumb\":{\"@id\":\"https:\\\/\\\/revalstone.com\\\/shop\\\/meist\\\/#breadcrumb\"},\"inLanguage\":\"et\",\"potentialAction\":[{\"@type\":\"ReadAction\",\"target\":[\"https:\\\/\\\/revalstone.com\\\/shop\\\/meist\\\/\"]}]},{\"@type\":\"ImageObject\",\"inLanguage\":\"et\",\"@id\":\"https:\\\/\\\/revalstone.com\\\/shop\\\/meist\\\/#primaryimage\",\"url\":\"https:\\\/\\\/revalstone.com\\\/shop\\\/wp-content\\\/uploads\\\/2021\\\/07\\\/Reval_Stone_installation.jpg\",\"contentUrl\":\"https:\\\/\\\/revalstone.com\\\/shop\\\/wp-content\\\/uploads\\\/2021\\\/07\\\/Reval_Stone_installation.jpg\",\"width\":1500,\"height\":1000,\"caption\":\"Reval Stone looduskivi paigaldamine\"},{\"@type\":\"BreadcrumbList\",\"@id\":\"https:\\\/\\\/revalstone.com\\\/shop\\\/meist\\\/#breadcrumb\",\"itemListElement\":[{\"@type\":\"ListItem\",\"position\":1,\"name\":\"Home page\",\"item\":\"https:\\\/\\\/revalstone.com\\\/shop\\\/home\\\/\"},{\"@type\":\"ListItem\",\"position\":2,\"name\":\"Meist\"}]},{\"@type\":\"WebSite\",\"@id\":\"https:\\\/\\\/revalstone.com\\\/shop\\\/#website\",\"url\":\"https:\\\/\\\/revalstone.com\\\/shop\\\/\",\"name\":\"Reval Stone e-pood\",\"description\":\"\",\"publisher\":{\"@id\":\"https:\\\/\\\/revalstone.com\\\/shop\\\/#organization\"},\"potentialAction\":[{\"@type\":\"SearchAction\",\"target\":{\"@type\":\"EntryPoint\",\"urlTemplate\":\"https:\\\/\\\/revalstone.com\\\/shop\\\/?s={search_term_string}\"},\"query-input\":{\"@type\":\"PropertyValueSpecification\",\"valueRequired\":true,\"valueName\":\"search_term_string\"}}],\"inLanguage\":\"et\"},{\"@type\":\"Organization\",\"@id\":\"https:\\\/\\\/revalstone.com\\\/shop\\\/#organization\",\"name\":\"Reval Stone\",\"url\":\"https:\\\/\\\/revalstone.com\\\/shop\\\/\",\"logo\":{\"@type\":\"ImageObject\",\"inLanguage\":\"et\",\"@id\":\"https:\\\/\\\/revalstone.com\\\/shop\\\/#\\\/schema\\\/logo\\\/image\\\/\",\"url\":\"https:\\\/\\\/revalstone.com\\\/shop\\\/wp-content\\\/uploads\\\/2021\\\/09\\\/Logo_v.png\",\"contentUrl\":\"https:\\\/\\\/revalstone.com\\\/shop\\\/wp-content\\\/uploads\\\/2021\\\/09\\\/Logo_v.png\",\"width\":960,\"height\":672,\"caption\":\"Reval Stone\"},\"image\":{\"@id\":\"https:\\\/\\\/revalstone.com\\\/shop\\\/#\\\/schema\\\/logo\\\/image\\\/\"},\"sameAs\":[\"https:\\\/\\\/www.facebook.com\\\/revalstoneofficial\",\"https:\\\/\\\/www.instagram.com\\\/revalstoneofficial\\\/\",\"https:\\\/\\\/en.wikipedia.org\\\/wiki\\\/Saare_Dolomiit-V\u00e4okivi\"]}]}<\/script>\n<!-- \/ Yoast SEO plugin. -->","yoast_head_json":{"title":"Meist - Paekivi m\u00fc\u00fck - Dolomiidi m\u00fc\u00fck - Reval Stone e-pood","description":"Looduskivist p\u00f5randaplaadid tootjalt. Reval Stone t\u00f6\u00f6tleb paekivi ja dolomiiti. Paekivi Reval ja Kaarma, Orgita ja Selgase dolomiit.","robots":{"index":"index","follow":"follow","max-snippet":"max-snippet:-1","max-image-preview":"max-image-preview:large","max-video-preview":"max-video-preview:-1"},"canonical":"https:\/\/revalstone.com\/shop\/meist\/","og_locale":"et_EE","og_type":"article","og_title":"Meist - Paekivi m\u00fc\u00fck - Dolomiidi m\u00fc\u00fck - Reval Stone e-pood","og_description":"Looduskivist p\u00f5randaplaadid tootjalt. Reval Stone t\u00f6\u00f6tleb paekivi ja dolomiiti. Paekivi Reval ja Kaarma, Orgita ja Selgase dolomiit.","og_url":"https:\/\/revalstone.com\/shop\/meist\/","og_site_name":"Reval Stone e-pood","article_publisher":"https:\/\/www.facebook.com\/revalstoneofficial","article_modified_time":"2025-01-28T13:37:36+00:00","og_image":[{"width":1500,"height":1000,"url":"https:\/\/revalstone.com\/shop\/wp-content\/uploads\/2021\/07\/Reval_Stone_installation.jpg","type":"image\/jpeg"}],"twitter_card":"summary_large_image","twitter_misc":{"Est. reading time":"4 minutit"},"schema":{"@context":"https:\/\/schema.org","@graph":[{"@type":"WebPage","@id":"https:\/\/revalstone.com\/shop\/meist\/","url":"https:\/\/revalstone.com\/shop\/meist\/","name":"Meist - Paekivi m\u00fc\u00fck - Dolomiidi m\u00fc\u00fck - Reval Stone e-pood","isPartOf":{"@id":"https:\/\/revalstone.com\/shop\/#website"},"primaryImageOfPage":{"@id":"https:\/\/revalstone.com\/shop\/meist\/#primaryimage"},"image":{"@id":"https:\/\/revalstone.com\/shop\/meist\/#primaryimage"},"thumbnailUrl":"https:\/\/revalstone.com\/shop\/wp-content\/uploads\/2021\/07\/Reval_Stone_installation.jpg","datePublished":"2021-05-08T13:03:38+00:00","dateModified":"2025-01-28T13:37:36+00:00","description":"Looduskivist p\u00f5randaplaadid tootjalt. Reval Stone t\u00f6\u00f6tleb paekivi ja dolomiiti. Paekivi Reval ja Kaarma, Orgita ja Selgase dolomiit.","breadcrumb":{"@id":"https:\/\/revalstone.com\/shop\/meist\/#breadcrumb"},"inLanguage":"et","potentialAction":[{"@type":"ReadAction","target":["https:\/\/revalstone.com\/shop\/meist\/"]}]},{"@type":"ImageObject","inLanguage":"et","@id":"https:\/\/revalstone.com\/shop\/meist\/#primaryimage","url":"https:\/\/revalstone.com\/shop\/wp-content\/uploads\/2021\/07\/Reval_Stone_installation.jpg","contentUrl":"https:\/\/revalstone.com\/shop\/wp-content\/uploads\/2021\/07\/Reval_Stone_installation.jpg","width":1500,"height":1000,"caption":"Reval Stone looduskivi paigaldamine"},{"@type":"BreadcrumbList","@id":"https:\/\/revalstone.com\/shop\/meist\/#breadcrumb","itemListElement":[{"@type":"ListItem","position":1,"name":"Home page","item":"https:\/\/revalstone.com\/shop\/home\/"},{"@type":"ListItem","position":2,"name":"Meist"}]},{"@type":"WebSite","@id":"https:\/\/revalstone.com\/shop\/#website","url":"https:\/\/revalstone.com\/shop\/","name":"Reval Stone e-pood","description":"","publisher":{"@id":"https:\/\/revalstone.com\/shop\/#organization"},"potentialAction":[{"@type":"SearchAction","target":{"@type":"EntryPoint","urlTemplate":"https:\/\/revalstone.com\/shop\/?s={search_term_string}"},"query-input":{"@type":"PropertyValueSpecification","valueRequired":true,"valueName":"search_term_string"}}],"inLanguage":"et"},{"@type":"Organization","@id":"https:\/\/revalstone.com\/shop\/#organization","name":"Reval Stone","url":"https:\/\/revalstone.com\/shop\/","logo":{"@type":"ImageObject","inLanguage":"et","@id":"https:\/\/revalstone.com\/shop\/#\/schema\/logo\/image\/","url":"https:\/\/revalstone.com\/shop\/wp-content\/uploads\/2021\/09\/Logo_v.png","contentUrl":"https:\/\/revalstone.com\/shop\/wp-content\/uploads\/2021\/09\/Logo_v.png","width":960,"height":672,"caption":"Reval Stone"},"image":{"@id":"https:\/\/revalstone.com\/shop\/#\/schema\/logo\/image\/"},"sameAs":["https:\/\/www.facebook.com\/revalstoneofficial","https:\/\/www.instagram.com\/revalstoneofficial\/","https:\/\/en.wikipedia.org\/wiki\/Saare_Dolomiit-V\u00e4okivi"]}]}},"_links":{"self":[{"href":"https:\/\/revalstone.com\/shop\/wp-json\/wp\/v2\/pages\/387","targetHints":{"allow":["GET"]}}],"collection":[{"href":"https:\/\/revalstone.com\/shop\/wp-json\/wp\/v2\/pages"}],"about":[{"href":"https:\/\/revalstone.com\/shop\/wp-json\/wp\/v2\/types\/page"}],"author":[{"embeddable":true,"href":"https:\/\/revalstone.com\/shop\/wp-json\/wp\/v2\/users\/1"}],"replies":[{"embeddable":true,"href":"https:\/\/revalstone.com\/shop\/wp-json\/wp\/v2\/comments?post=387"}],"version-history":[{"count":0,"href":"https:\/\/revalstone.com\/shop\/wp-json\/wp\/v2\/pages\/387\/revisions"}],"wp:featuredmedia":[{"embeddable":true,"href":"https:\/\/revalstone.com\/shop\/wp-json\/wp\/v2\/media\/1150"}],"wp:attachment":[{"href":"https:\/\/revalstone.com\/shop\/wp-json\/wp\/v2\/media?parent=387"}],"curies":[{"name":"wp","href":"https:\/\/api.w.org\/{rel}","templated":true}]}}