{"id":3985,"date":"2022-11-01T08:52:29","date_gmt":"2022-11-01T05:52:29","guid":{"rendered":"https:\/\/revalstone.com\/shop\/?page_id=3985"},"modified":"2026-03-11T20:56:36","modified_gmt":"2026-03-11T17:56:36","slug":"kontaktandmed","status":"publish","type":"page","link":"https:\/\/revalstone.com\/shop\/kontaktandmed\/","title":{"rendered":"Kontakt"},"content":{"rendered":"\n<p><strong>Raili Ratas<br><\/strong><i class=\"fas fa-phone\"><\/i> <a href=\"tel:+3725079981\">+372 507 9981<\/a><br><i class=\"fas fa-envelope\"><\/i> <a href=\"mailto:raili.ratas@limestone.ee\"> raili.ratas@limestone.ee<\/a><\/p>\n<hr>\n\n\n\n<h2 class=\"wp-block-heading\">J\u00e4lgi meid:<\/h2>\n\n\n\n<a href=\"https:\/\/www.facebook.com\/revalstoneofficial\" target=\"new\" rel=\"noopener\"><img decoding=\"async\" src=\"https:\/\/revalstone.com\/shop\/wp-content\/uploads\/2023\/04\/facebook64.png\"><\/a>\n<a href=\"https:\/\/www.instagram.com\/revalstoneofficial\/\" target=\"new\" rel=\"noopener\"><img decoding=\"async\" src=\"https:\/\/revalstone.com\/shop\/wp-content\/uploads\/2023\/04\/instagram64.png\"><\/a>\n<a href=\"https:\/\/www.pinterest.com\/revalstoneofficial\/\" target=\"new\" rel=\"noopener\"><img decoding=\"async\" src=\"https:\/\/revalstone.com\/shop\/wp-content\/uploads\/2023\/04\/pinterest64.png\"><\/a><br class=\"\">\n<br class=\"\"><hr>\n\n\n\n<h2 class=\"wp-block-heading\">Reval Stone<br>(Limestone factories of Estonia O\u00dc)<\/h2>\n\n\n\nPeterburi tee 34\/1<br>\n11415, Tallinn<br class=\"\">\n<br class=\"\">\n\n\n\n<iframe src=\"https:\/\/www.google.com\/maps\/embed?pb=!1m18!1m12!1m3!1d2028.6973359928238!2d24.885923899999998!3d59.4381223!2m3!1f0!2f0!3f0!3m2!1i1024!2i768!4f13.1!3m3!1m2!1s0x4692ecf400af15f3%3A0x8dba78636aa718ad!2sReval%20Stone!5e0!3m2!1set!2see!4v1681725138222!5m2!1set!2see\" width=\"500\" height=\"300\" style=\"border:0;\" allowfullscreen=\"\" loading=\"lazy\" referrerpolicy=\"no-referrer-when-downgrade\"><\/iframe>\n","protected":false},"excerpt":{"rendered":"<p>Raili Ratas +372 507 9981 raili.ratas@limestone.ee J\u00e4lgi meid: Reval Stone(Limestone factories of Estonia O\u00dc) Peterburi tee 34\/1 11415, Tallinn<\/p>\n","protected":false},"author":2,"featured_media":17992,"parent":0,"menu_order":0,"comment_status":"closed","ping_status":"closed","template":"","meta":{"_acf_changed":false,"footnotes":""},"class_list":["post-3985","page","type-page","status-publish","has-post-thumbnail","hentry"],"acf":[],"yoast_head":"<!-- This site is optimized with the Yoast SEO plugin v27.2 - https:\/\/yoast.com\/product\/yoast-seo-wordpress\/ -->\n<title>Kontakt - Reval Stone e-pood<\/title>\n<meta name=\"description\" content=\"Reval Stone: kodumaisest paekivist ja dolomiidist tooted. Looduskivist p\u00f5randaplaadid, liistud, aknalauad ja t\u00f6\u00f6pinnad.\" \/>\n<meta name=\"robots\" content=\"index, follow, max-snippet:-1, max-image-preview:large, max-video-preview:-1\" \/>\n<link rel=\"canonical\" href=\"https:\/\/revalstone.com\/shop\/kontaktandmed\/\" \/>\n<meta property=\"og:locale\" content=\"et_EE\" \/>\n<meta property=\"og:type\" content=\"article\" \/>\n<meta property=\"og:title\" content=\"Kontakt - Reval Stone e-pood\" \/>\n<meta property=\"og:description\" content=\"Reval Stone: kodumaisest paekivist ja dolomiidist tooted. Looduskivist p\u00f5randaplaadid, liistud, aknalauad ja t\u00f6\u00f6pinnad.\" \/>\n<meta property=\"og:url\" content=\"https:\/\/revalstone.com\/shop\/kontaktandmed\/\" \/>\n<meta property=\"og:site_name\" content=\"Reval Stone e-pood\" \/>\n<meta property=\"article:publisher\" content=\"https:\/\/www.facebook.com\/revalstoneofficial\" \/>\n<meta property=\"article:modified_time\" content=\"2026-03-11T17:56:36+00:00\" \/>\n<meta property=\"og:image\" content=\"https:\/\/revalstone.com\/shop\/wp-content\/uploads\/2026\/03\/Visiitkaart-from-Goal-Marketing.jpg\" \/>\n\t<meta property=\"og:image:width\" content=\"1024\" \/>\n\t<meta property=\"og:image:height\" content=\"1024\" \/>\n\t<meta property=\"og:image:type\" content=\"image\/jpeg\" \/>\n<meta name=\"twitter:card\" content=\"summary_large_image\" \/>\n<meta name=\"twitter:label1\" content=\"Est. reading time\" \/>\n\t<meta name=\"twitter:data1\" content=\"1 minut\" \/>\n<script type=\"application\/ld+json\" class=\"yoast-schema-graph\">{\"@context\":\"https:\/\/schema.org\",\"@graph\":[{\"@type\":\"WebPage\",\"@id\":\"https:\/\/revalstone.com\/shop\/kontaktandmed\/\",\"url\":\"https:\/\/revalstone.com\/shop\/kontaktandmed\/\",\"name\":\"Kontakt - Reval Stone e-pood\",\"isPartOf\":{\"@id\":\"https:\/\/revalstone.com\/shop\/#website\"},\"primaryImageOfPage\":{\"@id\":\"https:\/\/revalstone.com\/shop\/kontaktandmed\/#primaryimage\"},\"image\":{\"@id\":\"https:\/\/revalstone.com\/shop\/kontaktandmed\/#primaryimage\"},\"thumbnailUrl\":\"https:\/\/revalstone.com\/shop\/wp-content\/uploads\/2026\/03\/Visiitkaart-from-Goal-Marketing.jpg\",\"datePublished\":\"2022-11-01T05:52:29+00:00\",\"dateModified\":\"2026-03-11T17:56:36+00:00\",\"description\":\"Reval Stone: kodumaisest paekivist ja dolomiidist tooted. Looduskivist p\u00f5randaplaadid, liistud, aknalauad ja t\u00f6\u00f6pinnad.\",\"breadcrumb\":{\"@id\":\"https:\/\/revalstone.com\/shop\/kontaktandmed\/#breadcrumb\"},\"inLanguage\":\"et\",\"potentialAction\":[{\"@type\":\"ReadAction\",\"target\":[\"https:\/\/revalstone.com\/shop\/kontaktandmed\/\"]}]},{\"@type\":\"ImageObject\",\"inLanguage\":\"et\",\"@id\":\"https:\/\/revalstone.com\/shop\/kontaktandmed\/#primaryimage\",\"url\":\"https:\/\/revalstone.com\/shop\/wp-content\/uploads\/2026\/03\/Visiitkaart-from-Goal-Marketing.jpg\",\"contentUrl\":\"https:\/\/revalstone.com\/shop\/wp-content\/uploads\/2026\/03\/Visiitkaart-from-Goal-Marketing.jpg\",\"width\":1024,\"height\":1024,\"caption\":\"Business Card on Macbook Pro Mockup by Anthony Boyd Graphics\"},{\"@type\":\"BreadcrumbList\",\"@id\":\"https:\/\/revalstone.com\/shop\/kontaktandmed\/#breadcrumb\",\"itemListElement\":[{\"@type\":\"ListItem\",\"position\":1,\"name\":\"Home page\",\"item\":\"https:\/\/revalstone.com\/shop\/home\/\"},{\"@type\":\"ListItem\",\"position\":2,\"name\":\"Kontakt\"}]},{\"@type\":\"WebSite\",\"@id\":\"https:\/\/revalstone.com\/shop\/#website\",\"url\":\"https:\/\/revalstone.com\/shop\/\",\"name\":\"Reval Stone e-pood\",\"description\":\"\",\"publisher\":{\"@id\":\"https:\/\/revalstone.com\/shop\/#organization\"},\"potentialAction\":[{\"@type\":\"SearchAction\",\"target\":{\"@type\":\"EntryPoint\",\"urlTemplate\":\"https:\/\/revalstone.com\/shop\/?s={search_term_string}\"},\"query-input\":{\"@type\":\"PropertyValueSpecification\",\"valueRequired\":true,\"valueName\":\"search_term_string\"}}],\"inLanguage\":\"et\"},{\"@type\":\"Organization\",\"@id\":\"https:\/\/revalstone.com\/shop\/#organization\",\"name\":\"Reval Stone\",\"url\":\"https:\/\/revalstone.com\/shop\/\",\"logo\":{\"@type\":\"ImageObject\",\"inLanguage\":\"et\",\"@id\":\"https:\/\/revalstone.com\/shop\/#\/schema\/logo\/image\/\",\"url\":\"https:\/\/revalstone.com\/shop\/wp-content\/uploads\/2021\/09\/Logo_v.png\",\"contentUrl\":\"https:\/\/revalstone.com\/shop\/wp-content\/uploads\/2021\/09\/Logo_v.png\",\"width\":960,\"height\":672,\"caption\":\"Reval Stone\"},\"image\":{\"@id\":\"https:\/\/revalstone.com\/shop\/#\/schema\/logo\/image\/\"},\"sameAs\":[\"https:\/\/www.facebook.com\/revalstoneofficial\",\"https:\/\/www.instagram.com\/revalstoneofficial\/\",\"https:\/\/en.wikipedia.org\/wiki\/Saare_Dolomiit-V\u00e4okivi\"]}]}<\/script>\n<!-- \/ Yoast SEO plugin. -->","yoast_head_json":{"title":"Kontakt - Reval Stone e-pood","description":"Reval Stone: kodumaisest paekivist ja dolomiidist tooted. Looduskivist p\u00f5randaplaadid, liistud, aknalauad ja t\u00f6\u00f6pinnad.","robots":{"index":"index","follow":"follow","max-snippet":"max-snippet:-1","max-image-preview":"max-image-preview:large","max-video-preview":"max-video-preview:-1"},"canonical":"https:\/\/revalstone.com\/shop\/kontaktandmed\/","og_locale":"et_EE","og_type":"article","og_title":"Kontakt - Reval Stone e-pood","og_description":"Reval Stone: kodumaisest paekivist ja dolomiidist tooted. Looduskivist p\u00f5randaplaadid, liistud, aknalauad ja t\u00f6\u00f6pinnad.","og_url":"https:\/\/revalstone.com\/shop\/kontaktandmed\/","og_site_name":"Reval Stone e-pood","article_publisher":"https:\/\/www.facebook.com\/revalstoneofficial","article_modified_time":"2026-03-11T17:56:36+00:00","og_image":[{"width":1024,"height":1024,"url":"https:\/\/revalstone.com\/shop\/wp-content\/uploads\/2026\/03\/Visiitkaart-from-Goal-Marketing.jpg","type":"image\/jpeg"}],"twitter_card":"summary_large_image","twitter_misc":{"Est. reading time":"1 minut"},"schema":{"@context":"https:\/\/schema.org","@graph":[{"@type":"WebPage","@id":"https:\/\/revalstone.com\/shop\/kontaktandmed\/","url":"https:\/\/revalstone.com\/shop\/kontaktandmed\/","name":"Kontakt - Reval Stone e-pood","isPartOf":{"@id":"https:\/\/revalstone.com\/shop\/#website"},"primaryImageOfPage":{"@id":"https:\/\/revalstone.com\/shop\/kontaktandmed\/#primaryimage"},"image":{"@id":"https:\/\/revalstone.com\/shop\/kontaktandmed\/#primaryimage"},"thumbnailUrl":"https:\/\/revalstone.com\/shop\/wp-content\/uploads\/2026\/03\/Visiitkaart-from-Goal-Marketing.jpg","datePublished":"2022-11-01T05:52:29+00:00","dateModified":"2026-03-11T17:56:36+00:00","description":"Reval Stone: kodumaisest paekivist ja dolomiidist tooted. Looduskivist p\u00f5randaplaadid, liistud, aknalauad ja t\u00f6\u00f6pinnad.","breadcrumb":{"@id":"https:\/\/revalstone.com\/shop\/kontaktandmed\/#breadcrumb"},"inLanguage":"et","potentialAction":[{"@type":"ReadAction","target":["https:\/\/revalstone.com\/shop\/kontaktandmed\/"]}]},{"@type":"ImageObject","inLanguage":"et","@id":"https:\/\/revalstone.com\/shop\/kontaktandmed\/#primaryimage","url":"https:\/\/revalstone.com\/shop\/wp-content\/uploads\/2026\/03\/Visiitkaart-from-Goal-Marketing.jpg","contentUrl":"https:\/\/revalstone.com\/shop\/wp-content\/uploads\/2026\/03\/Visiitkaart-from-Goal-Marketing.jpg","width":1024,"height":1024,"caption":"Business Card on Macbook Pro Mockup by Anthony Boyd Graphics"},{"@type":"BreadcrumbList","@id":"https:\/\/revalstone.com\/shop\/kontaktandmed\/#breadcrumb","itemListElement":[{"@type":"ListItem","position":1,"name":"Home page","item":"https:\/\/revalstone.com\/shop\/home\/"},{"@type":"ListItem","position":2,"name":"Kontakt"}]},{"@type":"WebSite","@id":"https:\/\/revalstone.com\/shop\/#website","url":"https:\/\/revalstone.com\/shop\/","name":"Reval Stone e-pood","description":"","publisher":{"@id":"https:\/\/revalstone.com\/shop\/#organization"},"potentialAction":[{"@type":"SearchAction","target":{"@type":"EntryPoint","urlTemplate":"https:\/\/revalstone.com\/shop\/?s={search_term_string}"},"query-input":{"@type":"PropertyValueSpecification","valueRequired":true,"valueName":"search_term_string"}}],"inLanguage":"et"},{"@type":"Organization","@id":"https:\/\/revalstone.com\/shop\/#organization","name":"Reval Stone","url":"https:\/\/revalstone.com\/shop\/","logo":{"@type":"ImageObject","inLanguage":"et","@id":"https:\/\/revalstone.com\/shop\/#\/schema\/logo\/image\/","url":"https:\/\/revalstone.com\/shop\/wp-content\/uploads\/2021\/09\/Logo_v.png","contentUrl":"https:\/\/revalstone.com\/shop\/wp-content\/uploads\/2021\/09\/Logo_v.png","width":960,"height":672,"caption":"Reval Stone"},"image":{"@id":"https:\/\/revalstone.com\/shop\/#\/schema\/logo\/image\/"},"sameAs":["https:\/\/www.facebook.com\/revalstoneofficial","https:\/\/www.instagram.com\/revalstoneofficial\/","https:\/\/en.wikipedia.org\/wiki\/Saare_Dolomiit-V\u00e4okivi"]}]}},"_links":{"self":[{"href":"https:\/\/revalstone.com\/shop\/wp-json\/wp\/v2\/pages\/3985","targetHints":{"allow":["GET"]}}],"collection":[{"href":"https:\/\/revalstone.com\/shop\/wp-json\/wp\/v2\/pages"}],"about":[{"href":"https:\/\/revalstone.com\/shop\/wp-json\/wp\/v2\/types\/page"}],"author":[{"embeddable":true,"href":"https:\/\/revalstone.com\/shop\/wp-json\/wp\/v2\/users\/2"}],"replies":[{"embeddable":true,"href":"https:\/\/revalstone.com\/shop\/wp-json\/wp\/v2\/comments?post=3985"}],"version-history":[{"count":7,"href":"https:\/\/revalstone.com\/shop\/wp-json\/wp\/v2\/pages\/3985\/revisions"}],"predecessor-version":[{"id":17938,"href":"https:\/\/revalstone.com\/shop\/wp-json\/wp\/v2\/pages\/3985\/revisions\/17938"}],"wp:featuredmedia":[{"embeddable":true,"href":"https:\/\/revalstone.com\/shop\/wp-json\/wp\/v2\/media\/17992"}],"wp:attachment":[{"href":"https:\/\/revalstone.com\/shop\/wp-json\/wp\/v2\/media?parent=3985"}],"curies":[{"name":"wp","href":"https:\/\/api.w.org\/{rel}","templated":true}]}}