{"id":446,"date":"2021-05-13T11:33:51","date_gmt":"2021-05-13T08:33:51","guid":{"rendered":"https:\/\/revalstone.com\/shop\/?page_id=446"},"modified":"2023-04-05T17:55:26","modified_gmt":"2023-04-05T14:55:26","slug":"makse-ja-tarnetingimused","status":"publish","type":"page","link":"https:\/\/revalstone.com\/shop\/makse-ja-tarnetingimused\/","title":{"rendered":"\u00dcldtingimused"},"content":{"rendered":"\n<p><strong>\u00dcLDS\u00c4TTED<\/strong><\/p>\n\n\n\n<ul class=\"wp-block-list\">\n<li>K\u00e4esolevad e-poe \u00fcld- ja tellimistingimused (edaspidi: Tingimused) kehtivad k\u00f5igi isikute (edaspidi: Ostja) ning <strong>Limestone factories of Estonia O\u00dc<\/strong> (edasipidi: M\u00fc\u00fcja), registrikood 10022037, Peterburi tee 34\/1, 11415 Tallinn, vahel k\u00e4esoleva ostukeskkonna www.revalstone.com\/shop (edasipidi: E-pood) vahendusel toodete (edaspidi: Kaup) ostmisel tekkivatele \u00f5igussuhetele.<\/li>\n\n\n\n<li><strong>Tingimustega tutvumine on kohustuslik<\/strong>.<\/li>\n\n\n\n<li>M\u00fc\u00fcjal on \u00f5igus oma e-poe parema ja turvalisema kasutamise huvides Tingimusi ja hinnakirja muuta ning t\u00e4iendada. Tingimuste ja hinnakirja muudatused ning t\u00e4iendused j\u00f5ustuvad vastava muudatuse v\u00f5i t\u00e4ienduse avaldamisest k\u00e4esoleval veebilehel. Kui Te edastasite oma tellimuse enne tingimuste muudatuste j\u00f5ustumist, kohaldatakse Teie ja M\u00fc\u00fcja vahel tekkinud \u00f5igussuhtele Teie poolt tellimuse edastamise ajal kehtinud tingimusi, v.a kui seaduses v\u00f5i k\u00e4esolevates tingimustes on ette n\u00e4htud teisiti.<\/li>\n\n\n\n<li>Privaatsuspoliitka p\u00f5him\u00f5tetega on v\u00f5imalik tutvuda <a href=\"https:\/\/revalstone.com\/shop\/privacy-policy\/\" target=\"_blank\" rel=\"noreferrer noopener\"><strong><span style=\"text-decoration: underline;\">siin<\/span><\/strong><\/a>.<\/li>\n<\/ul>\n\n\n\n<p><strong>TOOTED JA HINNAD<\/strong><\/p>\n\n\n\n<ul class=\"wp-block-list\">\n<li>Tooteid saab e-poes otsida ja valida liikudes m\u00f6\u00f6da lehek\u00fclgi, kasutades Toodete kategooriaid ja muutes kuvatavates men\u00fc\u00fcdes pakutavaid v\u00e4\u00e4rtusi v\u00f5i teostades otsingut lehe \u00fclaosas oleva luubiga t\u00e4histatud otsinguv\u00e4lja kaudu.<\/li>\n\n\n\n<li>K\u00f5igi e-poes m\u00fc\u00fcdavate Toodete hinnad on toodud eurodes ja ei sisalda k\u00e4ibemaksu. Ostukorvis liidetakse Toodete hindadele esmalt transpordikulu ja seej\u00e4rel lisatakse kogusummale k\u00e4ibemaks.<\/li>\n\n\n\n<li>M\u00fc\u00fcjal on \u00f5igus e-poes kuvatavaid hindu igal ajal muuta. Kui e-poes on muudetud hindu p\u00e4rast Teie poolt tellimuse esitamist ja selle eest tasumist, siis kohustub M\u00fc\u00fcja tarnima Teile vastavad Kaubad tellimuse hetkel kehtinud hindadega. Teil ei ole \u00f5igust n\u00f5uda hinnavahe kompenseerimist.<\/li>\n\n\n\n<li>Teave Kauba kohta on e-poes esitatud vahetult Kauba juures.<\/li>\n<\/ul>\n\n\n\n<p><strong>OSTU SOORITAMINE JA TELLIMUSE VORMISTAMINE<\/strong><\/p>\n\n\n\n<ul class=\"wp-block-list\">\n<li>Valige v\u00e4lja toode\/tooted ning lisage ostukorvi.<\/li>\n\n\n\n<li>Ostukorvi on v\u00f5imalik tooteid ka hiljem lisada, neid seal kustutada ja nende kogust muuta. Ostukorvi hind uueneb koguse muutmisel automaatselt. Ostukorvi kinnitamiseks kl\u00f5psake valikul \u201eMine maksma\u201c.<\/li>\n\n\n\n<li>Seej\u00e4rel suunatakse teid kassasse, kus saate t\u00e4ita arveldusandmed (nimi ja kontaktandmed). P\u00e4rast arveldusandmete sisestamist kuvatakse kassas ka transpordikulu.<\/li>\n\n\n\n<li>Olge tellija andmete ja tellimuse kinnituse lehek\u00fclgedel olevate lahtrite t\u00e4itmisel t\u00e4helepanelik, kuna selle informatsiooni t\u00e4psusest ja \u00f5igsusest s\u00f5ltub Teie poolt ostetud Kauba kiire ja h\u00e4ireteta kohaletoimetamine.<\/li>\n\n\n\n<li>Juhul, kui te soovite Kaupa tarnida ostja aadressist erinevale aadressile, tehke linnuke valiku \u201cSaada teisele aadressile\u201d ette, ning sisestage soovitud tarneaadress eraldi selle jaoks etten\u00e4htud lahtritesse.<\/li>\n\n\n\n<li>P\u00e4rast n\u00f5utavate v\u00e4ljade t\u00e4itmist kuvatakse Ostjale tellimuse kogusumma. Seej\u00e4rel valige enda jaoks sobiv makseviis (vt altpoolt).<\/li>\n<\/ul>\n\n\n\n<p><strong>NB! Ostja on kohustatud enne makse sooritamist kontrollima, et tema poolt tehtava tellimuse <strong>andmed<\/strong> on \u00f5iged.<\/strong><\/p>\n\n\n\n<p><strong>NB! P\u00e4rast t\u00f6\u00f6pindade tellimuse k\u00e4ttesaamist vaatame tellimuse ka omaltpoolt \u00fcle ja vajadusel korrigeerime hinda (kui tellides sisestatud andmed erinevad joonisel olevatest andmetest).<\/strong><\/p>\n\n\n\n<p><strong>OSTU EEST TASUMINE<\/strong><\/p>\n\n\n\n<p>Toodete eest on v\u00f5imalik tasuda <strong>kahel viisil<\/strong>.<\/p>\n\n\n\n<ul class=\"wp-block-list\">\n<li>Maksan tellimuse eest <strong>pangakaardiga<\/strong> (maksekeskkond Stripe).<\/li>\n<\/ul>\n\n\n\n<p>Stripe makselahenduse kaudu on v\u00f5imalik ost sooritada deebet- v\u00f5i krediitkaarti kasutades. Internetiostude tegemiseks tuleb vastav funktsioon enda panga kaudu eelnevalt internetipangas aktiveerida. Makseplatvorm Stripe on turvaline keskkond \u2013 see vastab rangeimale makseteenuste sektoris kasutatavale sertifitseerimise tasemele.<\/p>\n\n\n\n<p>Tasudes tellimuse eest pangakaardiga toimub makse sooritamine turvalises maksekeskkonnas, mis asub v\u00e4ljaspool E-poe keskkonda. E-poel puudub ligip\u00e4\u00e4s Ostja panga ja deebet- v\u00f5i krediitkaardi andmetele. Makse sooritamiseks peate sisestama pangakaardi numbri, aegumist\u00e4htaja (kujul kuu\/aasta \u2013 nt 12\/22) ja turvakoodi (CVV2\/CVC2\/CID). Makse sooritamiseks ei pea te logima sisse ei oma panga ega Stripe\u2019i veebikeskkonda.<\/p>\n\n\n\n<p>P\u00e4rast makse sooritamist saadetakse Teile automaatne kinnitus makse ja tellimuse sooritamise kohta. Kinnitus saadetakse Ostja poolt sisestatud e-posti aadressile. Arvet Kauba eest ei saadeta automaatselt, seda teeb inimene kes kontrollib, et k\u00f5ik on korras. Seega ei saa Ostja arvet koheselt v\u00f5i \u00f6isel ajal ja puhkep\u00e4evadel. Tellimuse t\u00e4itmine algab hetkest, mil kogu arvel m\u00e4rgitud summa on laekunud M\u00fc\u00fcja kontole.<\/p>\n\n\n\n<ul class=\"wp-block-list\">\n<li>Maksan tellimuse eest <strong>arve alusel panga\u00fclekandega<\/strong>.<\/li>\n<\/ul>\n\n\n\n<p>Kui te valite, et soovite maksta arve alusel panga\u00fclekandega, siis koostatakse automaatselt tellimuse kinnitus, mis saadetakse Ostjale tema poolt tehtud tellimuses sisalduvate andmete alusel. Arve ja kogu muu vajalik informatsioon saadetakse Ostja poolt sisestatud e-posti aadressile.<\/p>\n\n\n\n<p>Ostja on kohustatud kontrollima, kas k\u00f5ik on \u00f5ige ja teavitama m\u00fc\u00fcjat sellest, kui midagi on valesti. Arvet Kauba eest ei saadeta automaatselt, vaid seda teeb inimene, kes kontrollib, kas k\u00f5ik on tellimusega korras. Seega ei saa Ostja arvet koheselt v\u00f5i \u00f6isel ajal ja puhkep\u00e4evadel. Tellimuse t\u00e4itmine algab hetkest, mil kogu arvel m\u00e4rgitud summa on laekunud M\u00fc\u00fcja kontole.<\/p>\n\n\n\n<p><strong>TOODETE KOHALETOIMETAMINE<\/strong><\/p>\n\n\n\n<ul class=\"wp-block-list\">\n<li>Kaup toimetatakse kohale p\u00e4rast Kauba eest tasu laekumist ja vastavalt tellimuse tegemisel Ostja poolt \u00e4ra toodud sihtkohale. Tellitud Kauba kohaletoimetamise tasu kuvatakse ostjale tellimuse vormistamisel.<\/li>\n\n\n\n<li>Kui p\u00e4rast m\u00fc\u00fcgitehingu s\u00f5lmimist selgub, et Kaupa ei ole v\u00f5imalik tarnida v\u00f5i selle tootmine ja kohaletoimetamine v\u00f5tab eeldatust kauem aega (kas p\u00f5hjusel, et Kaup on mingil p\u00f5hjusel M\u00fc\u00fcja laost otsa l\u00f5ppenud v\u00f5i m\u00f5nel muul p\u00f5hjusel), siis teavitab M\u00fc\u00fcja sellest Ostjat esimesel v\u00f5imalusel ning annab Ostjale teada uue eeldatava kohaletoimetamise t\u00e4htaja. Ostjal on \u00f5igus kohaletoimetamise t\u00e4htaja pikenemise t\u00f5ttu ostu-m\u00fc\u00fcgilepingust taganeda.<\/li>\n\n\n\n<li>Kaubad toimetatakse Ostjani kolmandast isikust veoteenuse osutajaid (edaspidi: Kaubavedaja) kasutades.<\/li>\n\n\n\n<li>K\u00f5ik saadetised anname Ostja m\u00e4\u00e4ratud sihtpunkti toimetamiseks Kaubavedajale \u00fcle esimesel v\u00f5imalusel p\u00e4rast m\u00fc\u00fcgilepingu j\u00f5ustumist juhul, kui kaup on laos olemas ning pole \u00f6eldud teisiti.<\/li>\n\n\n\n<li>Tarneaeg on kuni 3 n\u00e4dalat p\u00e4rast tellimuse eest tasumist (v.a toodete n\u00e4idised, mille tarneaeg on l\u00fchem). Kauba tarnimine on v\u00f5imalik ka teistesse M\u00fc\u00fcja poolt m\u00e4\u00e4ratud riikidesse, kuid sellisel juhul kehtivad kohaletoimetamisele erinevad hinnad. Lugege transpordi kohta t\u00e4psemalt <strong><a href=\"https:\/\/revalstone.com\/shop\/transport\/\" target=\"_blank\" rel=\"noreferrer noopener\"><span style=\"text-decoration: underline;\">siit<\/span><\/a><\/strong>.<\/li>\n<\/ul>\n\n\n\n<p><strong>PRETENSIOONIDE ESITAMISE KORD<\/strong><\/p>\n\n\n\n<ul class=\"wp-block-list\">\n<li>Kaupadele kehtib V\u00d5S \u00a7-s 218 s\u00e4testatud pretensioonide esitamise kord.<\/li>\n\n\n\n<li>M\u00fc\u00fcja ei vastuta:\n<ul class=\"wp-block-list\">\n<li>Ostja s\u00fc\u00fcl Kauba f\u00fc\u00fcsilise kahjustamise eest;<\/li>\n\n\n\n<li>puuduste eest, mis on tekkinud Kauba ebasihip\u00e4rase kasutamise tagaj\u00e4rjel.<\/li>\n<\/ul>\n<\/li>\n\n\n\n<li>Kauba n\u00f5uetele mittevastavuse korral on Ostjal \u00f5igus n\u00f5uda Kauba asendamist n\u00f5uetele vastava Kaubaga.<\/li>\n\n\n\n<li>Enne tellimuse kinnitamist peab Ostja tutvuma t\u00e4psemate tagastamistingimustega <strong><a href=\"https:\/\/revalstone.com\/shop\/tagastamine\/\" target=\"_blank\" rel=\"noreferrer noopener\"><span style=\"text-decoration: underline;\">siin<\/span><\/a><\/strong>. Seal on t\u00e4psemalt kirjeldatud nii lepingust taganemise \u00f5igust, pretensioonide esitamise korda kui ka muid aspekte, mida looduskivist toodete tellimisel silmas pidada.<\/li>\n<\/ul>\n","protected":false},"excerpt":{"rendered":"<p>\u00dcLDS\u00c4TTED TOOTED JA HINNAD OSTU SOORITAMINE JA TELLIMUSE VORMISTAMINE NB! Ostja on kohustatud enne makse sooritamist kontrollima, et tema poolt [&hellip;]<\/p>\n","protected":false},"author":1,"featured_media":0,"parent":0,"menu_order":0,"comment_status":"closed","ping_status":"closed","template":"","meta":{"_acf_changed":false,"footnotes":""},"class_list":["post-446","page","type-page","status-publish","hentry"],"acf":[],"yoast_head":"<!-- This site is optimized with the Yoast SEO plugin v27.5 - https:\/\/yoast.com\/product\/yoast-seo-wordpress\/ -->\n<title>\u00dcldtingimused - Reval Stone e-pood<\/title>\n<meta name=\"description\" content=\"Looduskivist (Eesti paekivi ja dolomiit) p\u00f5randaplaatide ostmine e-poest. Kvaliteetne toodang usaldusv\u00e4\u00e4rselt tootjalt.\" \/>\n<meta name=\"robots\" content=\"index, follow, max-snippet:-1, max-image-preview:large, max-video-preview:-1\" \/>\n<link rel=\"canonical\" href=\"https:\/\/revalstone.com\/shop\/makse-ja-tarnetingimused\/\" \/>\n<meta property=\"og:locale\" content=\"et_EE\" \/>\n<meta property=\"og:type\" content=\"article\" \/>\n<meta property=\"og:title\" content=\"\u00dcldtingimused - Reval Stone e-pood\" \/>\n<meta property=\"og:description\" content=\"Looduskivist (Eesti paekivi ja dolomiit) p\u00f5randaplaatide ostmine e-poest. Kvaliteetne toodang usaldusv\u00e4\u00e4rselt tootjalt.\" \/>\n<meta property=\"og:url\" content=\"https:\/\/revalstone.com\/shop\/makse-ja-tarnetingimused\/\" \/>\n<meta property=\"og:site_name\" content=\"Reval Stone e-pood\" \/>\n<meta property=\"article:publisher\" content=\"https:\/\/www.facebook.com\/revalstoneofficial\" \/>\n<meta property=\"article:modified_time\" content=\"2023-04-05T14:55:26+00:00\" \/>\n<meta name=\"twitter:card\" content=\"summary_large_image\" \/>\n<meta name=\"twitter:label1\" content=\"Est. reading time\" \/>\n\t<meta name=\"twitter:data1\" content=\"5 minutit\" \/>\n<script type=\"application\/ld+json\" class=\"yoast-schema-graph\">{\"@context\":\"https:\\\/\\\/schema.org\",\"@graph\":[{\"@type\":\"WebPage\",\"@id\":\"https:\\\/\\\/revalstone.com\\\/shop\\\/makse-ja-tarnetingimused\\\/\",\"url\":\"https:\\\/\\\/revalstone.com\\\/shop\\\/makse-ja-tarnetingimused\\\/\",\"name\":\"\u00dcldtingimused - Reval Stone e-pood\",\"isPartOf\":{\"@id\":\"https:\\\/\\\/revalstone.com\\\/shop\\\/#website\"},\"datePublished\":\"2021-05-13T08:33:51+00:00\",\"dateModified\":\"2023-04-05T14:55:26+00:00\",\"description\":\"Looduskivist (Eesti paekivi ja dolomiit) p\u00f5randaplaatide ostmine e-poest. Kvaliteetne toodang usaldusv\u00e4\u00e4rselt tootjalt.\",\"breadcrumb\":{\"@id\":\"https:\\\/\\\/revalstone.com\\\/shop\\\/makse-ja-tarnetingimused\\\/#breadcrumb\"},\"inLanguage\":\"et\",\"potentialAction\":[{\"@type\":\"ReadAction\",\"target\":[\"https:\\\/\\\/revalstone.com\\\/shop\\\/makse-ja-tarnetingimused\\\/\"]}]},{\"@type\":\"BreadcrumbList\",\"@id\":\"https:\\\/\\\/revalstone.com\\\/shop\\\/makse-ja-tarnetingimused\\\/#breadcrumb\",\"itemListElement\":[{\"@type\":\"ListItem\",\"position\":1,\"name\":\"Home page\",\"item\":\"https:\\\/\\\/revalstone.com\\\/shop\\\/home\\\/\"},{\"@type\":\"ListItem\",\"position\":2,\"name\":\"\u00dcldtingimused\"}]},{\"@type\":\"WebSite\",\"@id\":\"https:\\\/\\\/revalstone.com\\\/shop\\\/#website\",\"url\":\"https:\\\/\\\/revalstone.com\\\/shop\\\/\",\"name\":\"Reval Stone e-pood\",\"description\":\"\",\"publisher\":{\"@id\":\"https:\\\/\\\/revalstone.com\\\/shop\\\/#organization\"},\"potentialAction\":[{\"@type\":\"SearchAction\",\"target\":{\"@type\":\"EntryPoint\",\"urlTemplate\":\"https:\\\/\\\/revalstone.com\\\/shop\\\/?s={search_term_string}\"},\"query-input\":{\"@type\":\"PropertyValueSpecification\",\"valueRequired\":true,\"valueName\":\"search_term_string\"}}],\"inLanguage\":\"et\"},{\"@type\":\"Organization\",\"@id\":\"https:\\\/\\\/revalstone.com\\\/shop\\\/#organization\",\"name\":\"Reval Stone\",\"url\":\"https:\\\/\\\/revalstone.com\\\/shop\\\/\",\"logo\":{\"@type\":\"ImageObject\",\"inLanguage\":\"et\",\"@id\":\"https:\\\/\\\/revalstone.com\\\/shop\\\/#\\\/schema\\\/logo\\\/image\\\/\",\"url\":\"https:\\\/\\\/revalstone.com\\\/shop\\\/wp-content\\\/uploads\\\/2026\\\/03\\\/cropped-email-logo.png\",\"contentUrl\":\"https:\\\/\\\/revalstone.com\\\/shop\\\/wp-content\\\/uploads\\\/2026\\\/03\\\/cropped-email-logo.png\",\"width\":512,\"height\":512,\"caption\":\"Reval Stone\"},\"image\":{\"@id\":\"https:\\\/\\\/revalstone.com\\\/shop\\\/#\\\/schema\\\/logo\\\/image\\\/\"},\"sameAs\":[\"https:\\\/\\\/www.facebook.com\\\/revalstoneofficial\",\"https:\\\/\\\/www.instagram.com\\\/revalstoneofficial\",\"https:\\\/\\\/en.wikipedia.org\\\/wiki\\\/Saare_Dolomiit-V\u00e4okivi\"]}]}<\/script>\n<!-- \/ Yoast SEO plugin. -->","yoast_head_json":{"title":"\u00dcldtingimused - Reval Stone e-pood","description":"Looduskivist (Eesti paekivi ja dolomiit) p\u00f5randaplaatide ostmine e-poest. Kvaliteetne toodang usaldusv\u00e4\u00e4rselt tootjalt.","robots":{"index":"index","follow":"follow","max-snippet":"max-snippet:-1","max-image-preview":"max-image-preview:large","max-video-preview":"max-video-preview:-1"},"canonical":"https:\/\/revalstone.com\/shop\/makse-ja-tarnetingimused\/","og_locale":"et_EE","og_type":"article","og_title":"\u00dcldtingimused - Reval Stone e-pood","og_description":"Looduskivist (Eesti paekivi ja dolomiit) p\u00f5randaplaatide ostmine e-poest. Kvaliteetne toodang usaldusv\u00e4\u00e4rselt tootjalt.","og_url":"https:\/\/revalstone.com\/shop\/makse-ja-tarnetingimused\/","og_site_name":"Reval Stone e-pood","article_publisher":"https:\/\/www.facebook.com\/revalstoneofficial","article_modified_time":"2023-04-05T14:55:26+00:00","twitter_card":"summary_large_image","twitter_misc":{"Est. reading time":"5 minutit"},"schema":{"@context":"https:\/\/schema.org","@graph":[{"@type":"WebPage","@id":"https:\/\/revalstone.com\/shop\/makse-ja-tarnetingimused\/","url":"https:\/\/revalstone.com\/shop\/makse-ja-tarnetingimused\/","name":"\u00dcldtingimused - Reval Stone e-pood","isPartOf":{"@id":"https:\/\/revalstone.com\/shop\/#website"},"datePublished":"2021-05-13T08:33:51+00:00","dateModified":"2023-04-05T14:55:26+00:00","description":"Looduskivist (Eesti paekivi ja dolomiit) p\u00f5randaplaatide ostmine e-poest. Kvaliteetne toodang usaldusv\u00e4\u00e4rselt tootjalt.","breadcrumb":{"@id":"https:\/\/revalstone.com\/shop\/makse-ja-tarnetingimused\/#breadcrumb"},"inLanguage":"et","potentialAction":[{"@type":"ReadAction","target":["https:\/\/revalstone.com\/shop\/makse-ja-tarnetingimused\/"]}]},{"@type":"BreadcrumbList","@id":"https:\/\/revalstone.com\/shop\/makse-ja-tarnetingimused\/#breadcrumb","itemListElement":[{"@type":"ListItem","position":1,"name":"Home page","item":"https:\/\/revalstone.com\/shop\/home\/"},{"@type":"ListItem","position":2,"name":"\u00dcldtingimused"}]},{"@type":"WebSite","@id":"https:\/\/revalstone.com\/shop\/#website","url":"https:\/\/revalstone.com\/shop\/","name":"Reval Stone e-pood","description":"","publisher":{"@id":"https:\/\/revalstone.com\/shop\/#organization"},"potentialAction":[{"@type":"SearchAction","target":{"@type":"EntryPoint","urlTemplate":"https:\/\/revalstone.com\/shop\/?s={search_term_string}"},"query-input":{"@type":"PropertyValueSpecification","valueRequired":true,"valueName":"search_term_string"}}],"inLanguage":"et"},{"@type":"Organization","@id":"https:\/\/revalstone.com\/shop\/#organization","name":"Reval Stone","url":"https:\/\/revalstone.com\/shop\/","logo":{"@type":"ImageObject","inLanguage":"et","@id":"https:\/\/revalstone.com\/shop\/#\/schema\/logo\/image\/","url":"https:\/\/revalstone.com\/shop\/wp-content\/uploads\/2026\/03\/cropped-email-logo.png","contentUrl":"https:\/\/revalstone.com\/shop\/wp-content\/uploads\/2026\/03\/cropped-email-logo.png","width":512,"height":512,"caption":"Reval Stone"},"image":{"@id":"https:\/\/revalstone.com\/shop\/#\/schema\/logo\/image\/"},"sameAs":["https:\/\/www.facebook.com\/revalstoneofficial","https:\/\/www.instagram.com\/revalstoneofficial","https:\/\/en.wikipedia.org\/wiki\/Saare_Dolomiit-V\u00e4okivi"]}]}},"_links":{"self":[{"href":"https:\/\/revalstone.com\/shop\/wp-json\/wp\/v2\/pages\/446","targetHints":{"allow":["GET"]}}],"collection":[{"href":"https:\/\/revalstone.com\/shop\/wp-json\/wp\/v2\/pages"}],"about":[{"href":"https:\/\/revalstone.com\/shop\/wp-json\/wp\/v2\/types\/page"}],"author":[{"embeddable":true,"href":"https:\/\/revalstone.com\/shop\/wp-json\/wp\/v2\/users\/1"}],"replies":[{"embeddable":true,"href":"https:\/\/revalstone.com\/shop\/wp-json\/wp\/v2\/comments?post=446"}],"version-history":[{"count":0,"href":"https:\/\/revalstone.com\/shop\/wp-json\/wp\/v2\/pages\/446\/revisions"}],"wp:attachment":[{"href":"https:\/\/revalstone.com\/shop\/wp-json\/wp\/v2\/media?parent=446"}],"curies":[{"name":"wp","href":"https:\/\/api.w.org\/{rel}","templated":true}]}}