{"id":481,"date":"2021-05-20T09:26:10","date_gmt":"2021-05-20T06:26:10","guid":{"rendered":"https:\/\/revalstone.com\/shop\/?page_id=481"},"modified":"2025-05-05T14:48:35","modified_gmt":"2025-05-05T11:48:35","slug":"paigaldamine","status":"publish","type":"page","link":"https:\/\/revalstone.com\/shop\/paigaldamine\/","title":{"rendered":"Paigaldamine"},"content":{"rendered":"\n<p>Kui teil on kogemusi remondi- ja ehitust\u00f6\u00f6dega, v\u00f5ite looduskivist p\u00f5randaplaadid ka ise paigaldada. Ent kui te ei tunne end kindlana v\u00f5i kui kivi tuleb paigaldada keerulistes oludes (du\u0161iruumid, p\u00f5randak\u00fcte jne), <strong>soovitame p\u00f6\u00f6rduda spetsialisti poole<\/strong>.<\/p>\n\n\n\n<p>Paekivist p\u00f5randaplaatide paigaldamisel <strong>ei ole soovitatav kasutada tavalisi tsementm\u00f6rte<\/strong>, kuna need v\u00f5ivad p\u00f5hjustada kivimi v\u00e4rvi muutumist ja \u201e\u00f5itsemist\u201c. M\u00f6rdikihile paigaldades on soovitatav kasutada kas lubim\u00f6rte v\u00f5i kasutada m\u00f6rdis spetsiaalset looduskivile sobivat kiiresti kivistuvat tsementi. Soovitatav on kasutada selliseid <strong>kiiresti kivistuvaid kleepesegusid<\/strong>, mis on ette n\u00e4htud just looduskivi paigaldamiseks ja mis ei p\u00f5hjusta kivimis v\u00e4rvimuutusi.<\/p>\n\n\n\n<p>Enne materjali impregneerimist v\u00e4ltige vedelike sattumist materjali pinnale (<strong>eriti tundlik on looduskivi hapete suhtes<\/strong>).<\/p>\n\n\n\n<p>Kui plaatide paksus on \u00fcle 10 mm, on soovitatav need <strong>paigaldada \u00f5huvahega<\/strong> (ventileeritava kattena). Plaatidega kokku puutuvad metalldetailid peavad olema roostevabast metallist. <strong>Paekivimaterjali vuukimisel <\/strong>on soovitatav kasutada spetsiaalselt looduskiviplaatide vuukimiseks m\u00f5eldud segusid, mis ei p\u00f5hjusta materjali v\u00e4rvimuutusi.<\/p>\n\n\n\n<p>Looduskivi on suhteliselt <strong>\u00f5rn ja tundlik materjal <\/strong>ning kivist k\u00f5vemad materjalid v\u00f5ivad selle pinda kriimustada. Seet\u00f5ttu tuleb looduskivide paigaldamisel olla v\u00e4ga ettevaatlik.<\/p>\n\n\n\n<p>\u00d5ue m\u00f5eldud paekiviplaate ei ole soovitatav paigaldada nii, et <strong>osa plaadist j\u00e4\u00e4b pinnasesse<\/strong> ning osa maapinnast k\u00f5rgemale.<\/p>\n\n\n\n<p>Paigaldamisega seotud korduma kippuvaid k\u00fcsimusi leiate <a href=\"https:\/\/revalstone.com\/shop\/kusimused-ja-vastused\/\"><strong><span style=\"text-decoration: underline;\">siit<\/span><\/strong><\/a>. Tutvuge ka n\u00e4pun\u00e4idetega looduskivi <a href=\"https:\/\/revalstone.com\/shop\/hoiustamine\/\"><strong><span style=\"text-decoration: underline;\">hoiustamise<\/span><\/strong><\/a> ja <a href=\"https:\/\/revalstone.com\/shop\/hooldus\/\"><strong><span style=\"text-decoration: underline;\">hooldamise<\/span><\/strong><\/a> kohta.<\/p>\n","protected":false},"excerpt":{"rendered":"<p>Kui teil on kogemusi remondi- ja ehitust\u00f6\u00f6dega, v\u00f5ite looduskivist p\u00f5randaplaadid ka ise paigaldada. Ent kui te ei tunne end kindlana [&hellip;]<\/p>\n","protected":false},"author":1,"featured_media":1150,"parent":0,"menu_order":0,"comment_status":"closed","ping_status":"closed","template":"","meta":{"_acf_changed":false,"footnotes":""},"class_list":["post-481","page","type-page","status-publish","has-post-thumbnail","hentry"],"acf":[],"yoast_head":"<!-- This site is optimized with the Yoast SEO plugin v27.2 - https:\/\/yoast.com\/product\/yoast-seo-wordpress\/ -->\n<title>Paigaldamine - P\u00f5randaplaatide tellimine - Reval Stone e-pood<\/title>\n<meta name=\"description\" content=\"Dolomiidist ja paekivist plaatide paigaldamise info. Looduskivi puhul kasutage spetsiaalseid segusid. Looduskivi on tundlik hapete suhtes.\" \/>\n<meta name=\"robots\" content=\"index, follow, max-snippet:-1, max-image-preview:large, max-video-preview:-1\" \/>\n<link rel=\"canonical\" href=\"https:\/\/revalstone.com\/shop\/paigaldamine\/\" \/>\n<meta property=\"og:locale\" content=\"et_EE\" \/>\n<meta property=\"og:type\" content=\"article\" \/>\n<meta property=\"og:title\" content=\"Paigaldamine - P\u00f5randaplaatide tellimine - Reval Stone e-pood\" \/>\n<meta property=\"og:description\" content=\"Dolomiidist ja paekivist plaatide paigaldamise info. Looduskivi puhul kasutage spetsiaalseid segusid. Looduskivi on tundlik hapete suhtes.\" \/>\n<meta property=\"og:url\" content=\"https:\/\/revalstone.com\/shop\/paigaldamine\/\" \/>\n<meta property=\"og:site_name\" content=\"Reval Stone e-pood\" \/>\n<meta property=\"article:publisher\" content=\"https:\/\/www.facebook.com\/revalstoneofficial\" \/>\n<meta property=\"article:modified_time\" content=\"2025-05-05T11:48:35+00:00\" \/>\n<meta property=\"og:image\" content=\"https:\/\/revalstone.com\/shop\/wp-content\/uploads\/2021\/07\/Reval_Stone_installation.jpg\" \/>\n\t<meta property=\"og:image:width\" content=\"1500\" \/>\n\t<meta property=\"og:image:height\" content=\"1000\" \/>\n\t<meta property=\"og:image:type\" content=\"image\/jpeg\" \/>\n<meta name=\"twitter:card\" content=\"summary_large_image\" \/>\n<meta name=\"twitter:label1\" content=\"Est. reading time\" \/>\n\t<meta name=\"twitter:data1\" content=\"2 minutit\" \/>\n<script type=\"application\/ld+json\" class=\"yoast-schema-graph\">{\"@context\":\"https:\/\/schema.org\",\"@graph\":[{\"@type\":\"WebPage\",\"@id\":\"https:\/\/revalstone.com\/shop\/paigaldamine\/\",\"url\":\"https:\/\/revalstone.com\/shop\/paigaldamine\/\",\"name\":\"Paigaldamine - P\u00f5randaplaatide tellimine - Reval Stone e-pood\",\"isPartOf\":{\"@id\":\"https:\/\/revalstone.com\/shop\/#website\"},\"primaryImageOfPage\":{\"@id\":\"https:\/\/revalstone.com\/shop\/paigaldamine\/#primaryimage\"},\"image\":{\"@id\":\"https:\/\/revalstone.com\/shop\/paigaldamine\/#primaryimage\"},\"thumbnailUrl\":\"https:\/\/revalstone.com\/shop\/wp-content\/uploads\/2021\/07\/Reval_Stone_installation.jpg\",\"datePublished\":\"2021-05-20T06:26:10+00:00\",\"dateModified\":\"2025-05-05T11:48:35+00:00\",\"description\":\"Dolomiidist ja paekivist plaatide paigaldamise info. Looduskivi puhul kasutage spetsiaalseid segusid. Looduskivi on tundlik hapete suhtes.\",\"breadcrumb\":{\"@id\":\"https:\/\/revalstone.com\/shop\/paigaldamine\/#breadcrumb\"},\"inLanguage\":\"et\",\"potentialAction\":[{\"@type\":\"ReadAction\",\"target\":[\"https:\/\/revalstone.com\/shop\/paigaldamine\/\"]}]},{\"@type\":\"ImageObject\",\"inLanguage\":\"et\",\"@id\":\"https:\/\/revalstone.com\/shop\/paigaldamine\/#primaryimage\",\"url\":\"https:\/\/revalstone.com\/shop\/wp-content\/uploads\/2021\/07\/Reval_Stone_installation.jpg\",\"contentUrl\":\"https:\/\/revalstone.com\/shop\/wp-content\/uploads\/2021\/07\/Reval_Stone_installation.jpg\",\"width\":1500,\"height\":1000,\"caption\":\"Reval Stone looduskivi paigaldamine\"},{\"@type\":\"BreadcrumbList\",\"@id\":\"https:\/\/revalstone.com\/shop\/paigaldamine\/#breadcrumb\",\"itemListElement\":[{\"@type\":\"ListItem\",\"position\":1,\"name\":\"Home page\",\"item\":\"https:\/\/revalstone.com\/shop\/home\/\"},{\"@type\":\"ListItem\",\"position\":2,\"name\":\"Paigaldamine\"}]},{\"@type\":\"WebSite\",\"@id\":\"https:\/\/revalstone.com\/shop\/#website\",\"url\":\"https:\/\/revalstone.com\/shop\/\",\"name\":\"Reval Stone e-pood\",\"description\":\"\",\"publisher\":{\"@id\":\"https:\/\/revalstone.com\/shop\/#organization\"},\"potentialAction\":[{\"@type\":\"SearchAction\",\"target\":{\"@type\":\"EntryPoint\",\"urlTemplate\":\"https:\/\/revalstone.com\/shop\/?s={search_term_string}\"},\"query-input\":{\"@type\":\"PropertyValueSpecification\",\"valueRequired\":true,\"valueName\":\"search_term_string\"}}],\"inLanguage\":\"et\"},{\"@type\":\"Organization\",\"@id\":\"https:\/\/revalstone.com\/shop\/#organization\",\"name\":\"Reval Stone\",\"url\":\"https:\/\/revalstone.com\/shop\/\",\"logo\":{\"@type\":\"ImageObject\",\"inLanguage\":\"et\",\"@id\":\"https:\/\/revalstone.com\/shop\/#\/schema\/logo\/image\/\",\"url\":\"https:\/\/revalstone.com\/shop\/wp-content\/uploads\/2021\/09\/Logo_v.png\",\"contentUrl\":\"https:\/\/revalstone.com\/shop\/wp-content\/uploads\/2021\/09\/Logo_v.png\",\"width\":960,\"height\":672,\"caption\":\"Reval Stone\"},\"image\":{\"@id\":\"https:\/\/revalstone.com\/shop\/#\/schema\/logo\/image\/\"},\"sameAs\":[\"https:\/\/www.facebook.com\/revalstoneofficial\",\"https:\/\/www.instagram.com\/revalstoneofficial\/\",\"https:\/\/en.wikipedia.org\/wiki\/Saare_Dolomiit-V\u00e4okivi\"]}]}<\/script>\n<!-- \/ Yoast SEO plugin. -->","yoast_head_json":{"title":"Paigaldamine - P\u00f5randaplaatide tellimine - Reval Stone e-pood","description":"Dolomiidist ja paekivist plaatide paigaldamise info. Looduskivi puhul kasutage spetsiaalseid segusid. Looduskivi on tundlik hapete suhtes.","robots":{"index":"index","follow":"follow","max-snippet":"max-snippet:-1","max-image-preview":"max-image-preview:large","max-video-preview":"max-video-preview:-1"},"canonical":"https:\/\/revalstone.com\/shop\/paigaldamine\/","og_locale":"et_EE","og_type":"article","og_title":"Paigaldamine - P\u00f5randaplaatide tellimine - Reval Stone e-pood","og_description":"Dolomiidist ja paekivist plaatide paigaldamise info. Looduskivi puhul kasutage spetsiaalseid segusid. Looduskivi on tundlik hapete suhtes.","og_url":"https:\/\/revalstone.com\/shop\/paigaldamine\/","og_site_name":"Reval Stone e-pood","article_publisher":"https:\/\/www.facebook.com\/revalstoneofficial","article_modified_time":"2025-05-05T11:48:35+00:00","og_image":[{"width":1500,"height":1000,"url":"https:\/\/revalstone.com\/shop\/wp-content\/uploads\/2021\/07\/Reval_Stone_installation.jpg","type":"image\/jpeg"}],"twitter_card":"summary_large_image","twitter_misc":{"Est. reading time":"2 minutit"},"schema":{"@context":"https:\/\/schema.org","@graph":[{"@type":"WebPage","@id":"https:\/\/revalstone.com\/shop\/paigaldamine\/","url":"https:\/\/revalstone.com\/shop\/paigaldamine\/","name":"Paigaldamine - P\u00f5randaplaatide tellimine - Reval Stone e-pood","isPartOf":{"@id":"https:\/\/revalstone.com\/shop\/#website"},"primaryImageOfPage":{"@id":"https:\/\/revalstone.com\/shop\/paigaldamine\/#primaryimage"},"image":{"@id":"https:\/\/revalstone.com\/shop\/paigaldamine\/#primaryimage"},"thumbnailUrl":"https:\/\/revalstone.com\/shop\/wp-content\/uploads\/2021\/07\/Reval_Stone_installation.jpg","datePublished":"2021-05-20T06:26:10+00:00","dateModified":"2025-05-05T11:48:35+00:00","description":"Dolomiidist ja paekivist plaatide paigaldamise info. Looduskivi puhul kasutage spetsiaalseid segusid. Looduskivi on tundlik hapete suhtes.","breadcrumb":{"@id":"https:\/\/revalstone.com\/shop\/paigaldamine\/#breadcrumb"},"inLanguage":"et","potentialAction":[{"@type":"ReadAction","target":["https:\/\/revalstone.com\/shop\/paigaldamine\/"]}]},{"@type":"ImageObject","inLanguage":"et","@id":"https:\/\/revalstone.com\/shop\/paigaldamine\/#primaryimage","url":"https:\/\/revalstone.com\/shop\/wp-content\/uploads\/2021\/07\/Reval_Stone_installation.jpg","contentUrl":"https:\/\/revalstone.com\/shop\/wp-content\/uploads\/2021\/07\/Reval_Stone_installation.jpg","width":1500,"height":1000,"caption":"Reval Stone looduskivi paigaldamine"},{"@type":"BreadcrumbList","@id":"https:\/\/revalstone.com\/shop\/paigaldamine\/#breadcrumb","itemListElement":[{"@type":"ListItem","position":1,"name":"Home page","item":"https:\/\/revalstone.com\/shop\/home\/"},{"@type":"ListItem","position":2,"name":"Paigaldamine"}]},{"@type":"WebSite","@id":"https:\/\/revalstone.com\/shop\/#website","url":"https:\/\/revalstone.com\/shop\/","name":"Reval Stone e-pood","description":"","publisher":{"@id":"https:\/\/revalstone.com\/shop\/#organization"},"potentialAction":[{"@type":"SearchAction","target":{"@type":"EntryPoint","urlTemplate":"https:\/\/revalstone.com\/shop\/?s={search_term_string}"},"query-input":{"@type":"PropertyValueSpecification","valueRequired":true,"valueName":"search_term_string"}}],"inLanguage":"et"},{"@type":"Organization","@id":"https:\/\/revalstone.com\/shop\/#organization","name":"Reval Stone","url":"https:\/\/revalstone.com\/shop\/","logo":{"@type":"ImageObject","inLanguage":"et","@id":"https:\/\/revalstone.com\/shop\/#\/schema\/logo\/image\/","url":"https:\/\/revalstone.com\/shop\/wp-content\/uploads\/2021\/09\/Logo_v.png","contentUrl":"https:\/\/revalstone.com\/shop\/wp-content\/uploads\/2021\/09\/Logo_v.png","width":960,"height":672,"caption":"Reval Stone"},"image":{"@id":"https:\/\/revalstone.com\/shop\/#\/schema\/logo\/image\/"},"sameAs":["https:\/\/www.facebook.com\/revalstoneofficial","https:\/\/www.instagram.com\/revalstoneofficial\/","https:\/\/en.wikipedia.org\/wiki\/Saare_Dolomiit-V\u00e4okivi"]}]}},"_links":{"self":[{"href":"https:\/\/revalstone.com\/shop\/wp-json\/wp\/v2\/pages\/481","targetHints":{"allow":["GET"]}}],"collection":[{"href":"https:\/\/revalstone.com\/shop\/wp-json\/wp\/v2\/pages"}],"about":[{"href":"https:\/\/revalstone.com\/shop\/wp-json\/wp\/v2\/types\/page"}],"author":[{"embeddable":true,"href":"https:\/\/revalstone.com\/shop\/wp-json\/wp\/v2\/users\/1"}],"replies":[{"embeddable":true,"href":"https:\/\/revalstone.com\/shop\/wp-json\/wp\/v2\/comments?post=481"}],"version-history":[{"count":0,"href":"https:\/\/revalstone.com\/shop\/wp-json\/wp\/v2\/pages\/481\/revisions"}],"wp:featuredmedia":[{"embeddable":true,"href":"https:\/\/revalstone.com\/shop\/wp-json\/wp\/v2\/media\/1150"}],"wp:attachment":[{"href":"https:\/\/revalstone.com\/shop\/wp-json\/wp\/v2\/media?parent=481"}],"curies":[{"name":"wp","href":"https:\/\/api.w.org\/{rel}","templated":true}]}}