{"id":10,"date":"2021-04-30T16:11:42","date_gmt":"2021-04-30T13:11:42","guid":{"rendered":"https:\/\/revalstone.com\/shop\/?post_type=product&#038;p=10"},"modified":"2025-09-26T11:49:26","modified_gmt":"2025-09-26T08:49:26","slug":"kaarma-lihv","status":"publish","type":"product","link":"https:\/\/revalstone.com\/shop\/toode\/kaarma-lihv\/","title":{"rendered":"Kaarma lihv"},"content":{"rendered":"<p>Seda peenekristallilist dolomiiti leidub massiivsete kuni meetripaksuste kihtidena. Teadaolevalt on Kaarma looduskivi kasutatud alates 13. sajandist, mil seda kasutati Kaarma kiriku ehitamisel. Hiljem hakati kivi kasutama Tallinnas, Riias ja kaugemalgi.<\/p>\n<p>Kaarma dolomiiti tuntakse ka Saaremaa dolomiidi nime all.<\/p>\n<p>Lihvitud Kaarma dolomiidi libisemiskindlus on kuiva pinna korral 68,1 ja m\u00e4rja pinna korral 57,9 ning m\u00f5lemad n\u00e4itajad vastavad klassile P5 (R13). Klassid P5\/R13 osutavad suurimale libisemiskindlusele ehk v\u00e4ga madalale libisemisriskile. Katsed viidi l\u00e4bi Stone Pole Oy laboris Soomes.<\/p>\n","protected":false},"excerpt":{"rendered":"<p><span style=\"color: #009d89;\"><strong>Oma kaevandused ja oma tootmine!<\/strong><\/span><\/p>\n<p>Saaremaal Kuressaare l\u00e4histel murtav dolomiit, mida tuntakse Saaremaa marmorina. V\u00e4rvuselt helehall kuni sinakashall dolomiit, mis on tekkinud enam kui 400 miljonit aastat tagasi. V\u00e4rvuse v\u00f5i mustri j\u00e4rgi kivi ei sorteerita. Loe selle v\u00e4\u00e4rika kasutusajalooga kivi kohta <span style=\"text-decoration: underline;\"><strong><a href=\"https:\/\/revalstone.com\/dolomiit-kaarma\/\" target=\"_blank\" rel=\"noopener\">edasi siit<\/a><\/strong><\/span>.<\/p>\n<p>Kaarma dolomiidile on iseloomulikud kivis esinevad poorid. Sellest materjalist valmistatud toodetel on poorid reeglina t\u00e4itmata ning nende l\u00e4bim\u00f5\u00f5t v\u00f5ib olla kuni 15 mm. <strong>Kliendi soovil saame poorid t\u00e4ita \u2014 sellest palume tellimuse esitamisel teada anda<\/strong>. Teenuse hind on 10 \u20ac\/m\u00b2.<\/p>\n<p>P\u00f5randaplaatide paksus on 15 mm (60 \u00d7 60 cm plaadil 20 mm).<\/p>\n<p>Dolomiit Kaarma on saadaval ka <span style=\"text-decoration: underline;\"><strong><a href=\"https:\/\/revalstone.com\/shop\/toode\/kaarma-antiik\/\">antiikse pinnat\u00f6\u00f6tlusega<\/a><\/strong><\/span>.<\/p>\n<p>E-poes on saadaval ka samast materjalist <span style=\"text-decoration: underline;\"><strong><a href=\"https:\/\/revalstone.com\/shop\/toode\/porandaliistud\/\" target=\"_blank\" rel=\"noopener\">p\u00f5randaliistud<\/a><\/strong><\/span> ja <span style=\"text-decoration: underline;\"><a href=\"https:\/\/revalstone.com\/shop\/toode\/aknalauad\/\" target=\"_blank\" rel=\"noopener\"><strong>aknalauad<\/strong><\/a><\/span>.<\/p>\n<p>Transpordihindade kohta saad t\u00e4psemalt lugeda <a href=\"https:\/\/revalstone.com\/shop\/transport\/\" target=\"_blank\" rel=\"noopener\"><span style=\"text-decoration: underline;\"><strong>siit<\/strong><\/span><\/a>.<\/p>\n<p><strong>NB!<\/strong> Selle kiviga tutvumiseks saad tellida 20 x 20 cm n\u00e4idise.<\/p>\n","protected":false},"featured_media":1171,"comment_status":"closed","ping_status":"closed","template":"","meta":{"_acf_changed":false},"product_brand":[],"product_cat":[15,161],"product_tag":[],"class_list":{"0":"post-10","1":"product","2":"type-product","3":"status-publish","4":"has-post-thumbnail","6":"product_cat-misc","7":"product_cat-looduslikud-kivid","9":"first","10":"instock","11":"taxable","12":"shipping-taxable","13":"purchasable","14":"product-type-variable","15":"rtwpvg-product"},"acf":[],"yoast_head":"<!-- This site is optimized with the Yoast SEO plugin v27.4 - https:\/\/yoast.com\/product\/yoast-seo-wordpress\/ -->\n<title>Kaarma lihv - Kaarma dolomiit - Saaremaa dolomiit - Reval Stone e-pood<\/title>\n<meta name=\"description\" content=\"Kuressaare l\u00e4histel murtav dolomiit, mida tuntakse Saaremaa marmorina. Kaarma dolomiit sobib v\u00e4ga h\u00e4sti p\u00f5randaplaatidena kasutamiseks.\" \/>\n<meta name=\"robots\" content=\"index, follow, max-snippet:-1, max-image-preview:large, max-video-preview:-1\" \/>\n<link rel=\"canonical\" href=\"https:\/\/revalstone.com\/shop\/toode\/kaarma-lihv\/\" \/>\n<meta property=\"og:locale\" content=\"et_EE\" \/>\n<meta property=\"og:type\" content=\"article\" \/>\n<meta property=\"og:title\" content=\"Kaarma lihv - Kaarma dolomiit - Saaremaa dolomiit - Reval Stone e-pood\" \/>\n<meta property=\"og:description\" content=\"Kuressaare l\u00e4histel murtav dolomiit, mida tuntakse Saaremaa marmorina. Kaarma dolomiit sobib v\u00e4ga h\u00e4sti p\u00f5randaplaatidena kasutamiseks.\" \/>\n<meta property=\"og:url\" content=\"https:\/\/revalstone.com\/shop\/toode\/kaarma-lihv\/\" \/>\n<meta property=\"og:site_name\" content=\"Reval Stone e-pood\" \/>\n<meta property=\"article:publisher\" content=\"https:\/\/www.facebook.com\/revalstoneofficial\" \/>\n<meta property=\"article:modified_time\" content=\"2025-09-26T08:49:26+00:00\" \/>\n<meta property=\"og:image\" content=\"https:\/\/revalstone.com\/shop\/wp-content\/uploads\/2021\/07\/Reval_Stone_Kaarma_lihv_02.jpg\" \/>\n\t<meta property=\"og:image:width\" content=\"1500\" \/>\n\t<meta property=\"og:image:height\" content=\"1500\" \/>\n\t<meta property=\"og:image:type\" content=\"image\/jpeg\" \/>\n<meta name=\"twitter:card\" content=\"summary_large_image\" \/>\n<meta name=\"twitter:label1\" content=\"Est. reading time\" \/>\n\t<meta name=\"twitter:data1\" content=\"1 minut\" \/>\n<script type=\"application\/ld+json\" class=\"yoast-schema-graph\">{\"@context\":\"https:\\\/\\\/schema.org\",\"@graph\":[{\"@type\":\"WebPage\",\"@id\":\"https:\\\/\\\/revalstone.com\\\/shop\\\/toode\\\/kaarma-lihv\\\/\",\"url\":\"https:\\\/\\\/revalstone.com\\\/shop\\\/toode\\\/kaarma-lihv\\\/\",\"name\":\"Kaarma lihv - Kaarma dolomiit - Saaremaa dolomiit - Reval Stone e-pood\",\"isPartOf\":{\"@id\":\"https:\\\/\\\/revalstone.com\\\/shop\\\/#website\"},\"primaryImageOfPage\":{\"@id\":\"https:\\\/\\\/revalstone.com\\\/shop\\\/toode\\\/kaarma-lihv\\\/#primaryimage\"},\"image\":{\"@id\":\"https:\\\/\\\/revalstone.com\\\/shop\\\/toode\\\/kaarma-lihv\\\/#primaryimage\"},\"thumbnailUrl\":\"https:\\\/\\\/revalstone.com\\\/shop\\\/wp-content\\\/uploads\\\/2021\\\/07\\\/Reval_Stone_Kaarma_lihv_02.jpg\",\"datePublished\":\"2021-04-30T13:11:42+00:00\",\"dateModified\":\"2025-09-26T08:49:26+00:00\",\"description\":\"Kuressaare l\u00e4histel murtav dolomiit, mida tuntakse Saaremaa marmorina. Kaarma dolomiit sobib v\u00e4ga h\u00e4sti p\u00f5randaplaatidena kasutamiseks.\",\"breadcrumb\":{\"@id\":\"https:\\\/\\\/revalstone.com\\\/shop\\\/toode\\\/kaarma-lihv\\\/#breadcrumb\"},\"inLanguage\":\"et\",\"potentialAction\":[{\"@type\":\"ReadAction\",\"target\":[\"https:\\\/\\\/revalstone.com\\\/shop\\\/toode\\\/kaarma-lihv\\\/\"]}]},{\"@type\":\"ImageObject\",\"inLanguage\":\"et\",\"@id\":\"https:\\\/\\\/revalstone.com\\\/shop\\\/toode\\\/kaarma-lihv\\\/#primaryimage\",\"url\":\"https:\\\/\\\/revalstone.com\\\/shop\\\/wp-content\\\/uploads\\\/2021\\\/07\\\/Reval_Stone_Kaarma_lihv_02.jpg\",\"contentUrl\":\"https:\\\/\\\/revalstone.com\\\/shop\\\/wp-content\\\/uploads\\\/2021\\\/07\\\/Reval_Stone_Kaarma_lihv_02.jpg\",\"width\":1500,\"height\":1500,\"caption\":\"Reval Stone Kaarma dolomiit lihvitud\"},{\"@type\":\"BreadcrumbList\",\"@id\":\"https:\\\/\\\/revalstone.com\\\/shop\\\/toode\\\/kaarma-lihv\\\/#breadcrumb\",\"itemListElement\":[{\"@type\":\"ListItem\",\"position\":1,\"name\":\"Home page\",\"item\":\"https:\\\/\\\/revalstone.com\\\/shop\\\/home\\\/\"},{\"@type\":\"ListItem\",\"position\":2,\"name\":\"Pood\",\"item\":\"https:\\\/\\\/revalstone.com\\\/shop\\\/pood\\\/\"},{\"@type\":\"ListItem\",\"position\":3,\"name\":\"Kaarma lihv\"}]},{\"@type\":\"WebSite\",\"@id\":\"https:\\\/\\\/revalstone.com\\\/shop\\\/#website\",\"url\":\"https:\\\/\\\/revalstone.com\\\/shop\\\/\",\"name\":\"Reval Stone e-pood\",\"description\":\"\",\"publisher\":{\"@id\":\"https:\\\/\\\/revalstone.com\\\/shop\\\/#organization\"},\"potentialAction\":[{\"@type\":\"SearchAction\",\"target\":{\"@type\":\"EntryPoint\",\"urlTemplate\":\"https:\\\/\\\/revalstone.com\\\/shop\\\/?s={search_term_string}\"},\"query-input\":{\"@type\":\"PropertyValueSpecification\",\"valueRequired\":true,\"valueName\":\"search_term_string\"}}],\"inLanguage\":\"et\"},{\"@type\":\"Organization\",\"@id\":\"https:\\\/\\\/revalstone.com\\\/shop\\\/#organization\",\"name\":\"Reval Stone\",\"url\":\"https:\\\/\\\/revalstone.com\\\/shop\\\/\",\"logo\":{\"@type\":\"ImageObject\",\"inLanguage\":\"et\",\"@id\":\"https:\\\/\\\/revalstone.com\\\/shop\\\/#\\\/schema\\\/logo\\\/image\\\/\",\"url\":\"https:\\\/\\\/revalstone.com\\\/shop\\\/wp-content\\\/uploads\\\/2021\\\/09\\\/Logo_v.png\",\"contentUrl\":\"https:\\\/\\\/revalstone.com\\\/shop\\\/wp-content\\\/uploads\\\/2021\\\/09\\\/Logo_v.png\",\"width\":960,\"height\":672,\"caption\":\"Reval Stone\"},\"image\":{\"@id\":\"https:\\\/\\\/revalstone.com\\\/shop\\\/#\\\/schema\\\/logo\\\/image\\\/\"},\"sameAs\":[\"https:\\\/\\\/www.facebook.com\\\/revalstoneofficial\",\"https:\\\/\\\/www.instagram.com\\\/revalstoneofficial\\\/\",\"https:\\\/\\\/en.wikipedia.org\\\/wiki\\\/Saare_Dolomiit-V\u00e4okivi\"]}]}<\/script>\n<!-- \/ Yoast SEO plugin. -->","yoast_head_json":{"title":"Kaarma lihv - Kaarma dolomiit - Saaremaa dolomiit - Reval Stone e-pood","description":"Kuressaare l\u00e4histel murtav dolomiit, mida tuntakse Saaremaa marmorina. Kaarma dolomiit sobib v\u00e4ga h\u00e4sti p\u00f5randaplaatidena kasutamiseks.","robots":{"index":"index","follow":"follow","max-snippet":"max-snippet:-1","max-image-preview":"max-image-preview:large","max-video-preview":"max-video-preview:-1"},"canonical":"https:\/\/revalstone.com\/shop\/toode\/kaarma-lihv\/","og_locale":"et_EE","og_type":"article","og_title":"Kaarma lihv - Kaarma dolomiit - Saaremaa dolomiit - Reval Stone e-pood","og_description":"Kuressaare l\u00e4histel murtav dolomiit, mida tuntakse Saaremaa marmorina. Kaarma dolomiit sobib v\u00e4ga h\u00e4sti p\u00f5randaplaatidena kasutamiseks.","og_url":"https:\/\/revalstone.com\/shop\/toode\/kaarma-lihv\/","og_site_name":"Reval Stone e-pood","article_publisher":"https:\/\/www.facebook.com\/revalstoneofficial","article_modified_time":"2025-09-26T08:49:26+00:00","og_image":[{"width":1500,"height":1500,"url":"https:\/\/revalstone.com\/shop\/wp-content\/uploads\/2021\/07\/Reval_Stone_Kaarma_lihv_02.jpg","type":"image\/jpeg"}],"twitter_card":"summary_large_image","twitter_misc":{"Est. reading time":"1 minut"},"schema":{"@context":"https:\/\/schema.org","@graph":[{"@type":"WebPage","@id":"https:\/\/revalstone.com\/shop\/toode\/kaarma-lihv\/","url":"https:\/\/revalstone.com\/shop\/toode\/kaarma-lihv\/","name":"Kaarma lihv - Kaarma dolomiit - Saaremaa dolomiit - Reval Stone e-pood","isPartOf":{"@id":"https:\/\/revalstone.com\/shop\/#website"},"primaryImageOfPage":{"@id":"https:\/\/revalstone.com\/shop\/toode\/kaarma-lihv\/#primaryimage"},"image":{"@id":"https:\/\/revalstone.com\/shop\/toode\/kaarma-lihv\/#primaryimage"},"thumbnailUrl":"https:\/\/revalstone.com\/shop\/wp-content\/uploads\/2021\/07\/Reval_Stone_Kaarma_lihv_02.jpg","datePublished":"2021-04-30T13:11:42+00:00","dateModified":"2025-09-26T08:49:26+00:00","description":"Kuressaare l\u00e4histel murtav dolomiit, mida tuntakse Saaremaa marmorina. Kaarma dolomiit sobib v\u00e4ga h\u00e4sti p\u00f5randaplaatidena kasutamiseks.","breadcrumb":{"@id":"https:\/\/revalstone.com\/shop\/toode\/kaarma-lihv\/#breadcrumb"},"inLanguage":"et","potentialAction":[{"@type":"ReadAction","target":["https:\/\/revalstone.com\/shop\/toode\/kaarma-lihv\/"]}]},{"@type":"ImageObject","inLanguage":"et","@id":"https:\/\/revalstone.com\/shop\/toode\/kaarma-lihv\/#primaryimage","url":"https:\/\/revalstone.com\/shop\/wp-content\/uploads\/2021\/07\/Reval_Stone_Kaarma_lihv_02.jpg","contentUrl":"https:\/\/revalstone.com\/shop\/wp-content\/uploads\/2021\/07\/Reval_Stone_Kaarma_lihv_02.jpg","width":1500,"height":1500,"caption":"Reval Stone Kaarma dolomiit lihvitud"},{"@type":"BreadcrumbList","@id":"https:\/\/revalstone.com\/shop\/toode\/kaarma-lihv\/#breadcrumb","itemListElement":[{"@type":"ListItem","position":1,"name":"Home page","item":"https:\/\/revalstone.com\/shop\/home\/"},{"@type":"ListItem","position":2,"name":"Pood","item":"https:\/\/revalstone.com\/shop\/pood\/"},{"@type":"ListItem","position":3,"name":"Kaarma lihv"}]},{"@type":"WebSite","@id":"https:\/\/revalstone.com\/shop\/#website","url":"https:\/\/revalstone.com\/shop\/","name":"Reval Stone e-pood","description":"","publisher":{"@id":"https:\/\/revalstone.com\/shop\/#organization"},"potentialAction":[{"@type":"SearchAction","target":{"@type":"EntryPoint","urlTemplate":"https:\/\/revalstone.com\/shop\/?s={search_term_string}"},"query-input":{"@type":"PropertyValueSpecification","valueRequired":true,"valueName":"search_term_string"}}],"inLanguage":"et"},{"@type":"Organization","@id":"https:\/\/revalstone.com\/shop\/#organization","name":"Reval Stone","url":"https:\/\/revalstone.com\/shop\/","logo":{"@type":"ImageObject","inLanguage":"et","@id":"https:\/\/revalstone.com\/shop\/#\/schema\/logo\/image\/","url":"https:\/\/revalstone.com\/shop\/wp-content\/uploads\/2021\/09\/Logo_v.png","contentUrl":"https:\/\/revalstone.com\/shop\/wp-content\/uploads\/2021\/09\/Logo_v.png","width":960,"height":672,"caption":"Reval Stone"},"image":{"@id":"https:\/\/revalstone.com\/shop\/#\/schema\/logo\/image\/"},"sameAs":["https:\/\/www.facebook.com\/revalstoneofficial","https:\/\/www.instagram.com\/revalstoneofficial\/","https:\/\/en.wikipedia.org\/wiki\/Saare_Dolomiit-V\u00e4okivi"]}]}},"_links":{"self":[{"href":"https:\/\/revalstone.com\/shop\/wp-json\/wp\/v2\/product\/10","targetHints":{"allow":["GET"]}}],"collection":[{"href":"https:\/\/revalstone.com\/shop\/wp-json\/wp\/v2\/product"}],"about":[{"href":"https:\/\/revalstone.com\/shop\/wp-json\/wp\/v2\/types\/product"}],"replies":[{"embeddable":true,"href":"https:\/\/revalstone.com\/shop\/wp-json\/wp\/v2\/comments?post=10"}],"wp:featuredmedia":[{"embeddable":true,"href":"https:\/\/revalstone.com\/shop\/wp-json\/wp\/v2\/media\/1171"}],"wp:attachment":[{"href":"https:\/\/revalstone.com\/shop\/wp-json\/wp\/v2\/media?parent=10"}],"wp:term":[{"taxonomy":"product_brand","embeddable":true,"href":"https:\/\/revalstone.com\/shop\/wp-json\/wp\/v2\/product_brand?post=10"},{"taxonomy":"product_cat","embeddable":true,"href":"https:\/\/revalstone.com\/shop\/wp-json\/wp\/v2\/product_cat?post=10"},{"taxonomy":"product_tag","embeddable":true,"href":"https:\/\/revalstone.com\/shop\/wp-json\/wp\/v2\/product_tag?post=10"}],"curies":[{"name":"wp","href":"https:\/\/api.w.org\/{rel}","templated":true}]}}