{"id":1474,"date":"2021-05-14T08:38:26","date_gmt":"2021-05-14T05:38:26","guid":{"rendered":"https:\/\/revalstone.com\/shop\/product\/naidised\/"},"modified":"2025-08-14T15:33:29","modified_gmt":"2025-08-14T12:33:29","slug":"naidised","status":"publish","type":"product","link":"https:\/\/revalstone.com\/shop\/toode\/naidised\/","title":{"rendered":"N\u00e4idised"},"content":{"rendered":"","protected":false},"excerpt":{"rendered":"<p><span style=\"color: #009d89;\"><strong>Oma kaevandused ja oma tootmine!<\/strong><\/span><\/p>\n<p class=\"p1\">Enne p\u00f5randaplaatide, p\u00f5randaliistude, aknalaudade v\u00f5i t\u00f6\u00f6pindade osas otsuse langetamist on teil v\u00f5imalik tellida k\u00f5igi meie poolt pakutavate materjalide n\u00e4idiseid. N\u00e4idiste n\u00e4ol on tegemist 20&#215;20 cm plaatidega, mis annavad h\u00e4sti edasi materjali \u00fcldmulje. Nii saate tutvuda konkreetse looduskivi v\u00e4rvi, mustri ja tunnetusega.<\/p>\n<p class=\"p1\">Tellida on v\u00f5imalik k\u00f5igi meie e-poes pakutavate p\u00f5randaplaatide n\u00e4idiseid: <span style=\"text-decoration: underline;\"><a href=\"https:\/\/revalstone.com\/shop\/toode\/kaarma-antiik\/\" target=\"_blank\" rel=\"noopener\"><strong><span class=\"s1\">Kaarma antiik<\/span><\/strong><\/a><\/span>,\u00a0<span style=\"text-decoration: underline;\"><a href=\"https:\/\/revalstone.com\/shop\/toode\/kaarma-lihv\/\" target=\"_blank\" rel=\"noopener\"><strong><span class=\"s1\">Kaarma lihvitud<\/span><\/strong><\/a><\/span>, <span style=\"text-decoration: underline;\"><a href=\"https:\/\/revalstone.com\/shop\/toode\/selgase-lihv\/\" target=\"_blank\" rel=\"noopener\"><strong><span class=\"s1\">Selgase lihvitud<\/span><\/strong><\/a><\/span>, <span style=\"text-decoration: underline;\"><a href=\"https:\/\/revalstone.com\/shop\/toode\/orgita-lihv\/\" target=\"_blank\" rel=\"noopener\"><strong><span class=\"s1\">Orgita lihvitud<\/span><\/strong><\/a><\/span>, <span style=\"text-decoration: underline;\"><a href=\"https:\/\/revalstone.com\/shop\/toode\/reval-lihv\/\" target=\"_blank\" rel=\"noopener\"><strong><span class=\"s1\">Reval lihvitud<\/span><\/strong><\/a><\/span> ja <span style=\"text-decoration: underline;\"><a href=\"https:\/\/revalstone.com\/shop\/toode\/reval-antiik\/\" target=\"_blank\" rel=\"noopener\"><strong><span class=\"s1\">Reval antiik<\/span><\/strong><\/a><\/span>. Orgita, Reval ja Selgase n\u00e4idise paksus on 10 mm ning Kaarma n\u00e4idise paksus on 15 mm.<\/p>\n<p>\u00dche n\u00e4idisplaadi hind on 10\u20ac ja sellele lisandub transpordikulu (Eesti piires on transpordi hind 6\u20ac). Hinnad ei sisalda k\u00e4ibemaksu.<\/p>\n<p>N\u00e4idiste hind koos k\u00e4ibemaksu ja transpordi hinnaga (Eesti piires):<\/p>\n<p>* 1 n\u00e4idis \u2013 19,52 \u20ac;<br \/>\n* 2 n\u00e4idist \u2013 31,72 \u20ac (1 tk = 15,86 \u20ac);<br \/>\n* 3 n\u00e4idist \u2013 43,92 \u20ac (1 tk = 14,64 \u20ac);<br \/>\n* 4 n\u00e4idist \u2013 56,12 \u20ac (1 tk = 14,03 \u20ac);<br \/>\n* 5 n\u00e4idist \u2013 68,32 \u20ac (1 tk = 13,66 \u20ac).<\/p>\n<p><strong><span style=\"color: #00634d;\">Tellitud n\u00e4idiste eest tasutud summa arvestame hilisema tellimuse l\u00f5ppsummast maha.<\/span><\/strong><\/p>\n<p><span style=\"color: #ff0000;\"><span style=\"color: #000000;\">T\u00e4psema info saadame teile p\u00e4rast n\u00e4idiste tellimuse vormistamist!<\/span><\/span><\/p>\n","protected":false},"featured_media":1141,"comment_status":"open","ping_status":"closed","template":"","meta":{"_acf_changed":false},"product_brand":[],"product_cat":[15,67,161],"product_tag":[],"class_list":{"0":"post-1474","1":"product","2":"type-product","3":"status-publish","4":"has-post-thumbnail","6":"product_cat-misc","7":"product_cat-sample","8":"product_cat-looduslikud-kivid","9":"product_shipping_class-sample","11":"first","12":"instock","13":"taxable","14":"shipping-taxable","15":"purchasable","16":"product-type-variable","17":"rtwpvg-product"},"acf":[],"yoast_head":"<!-- This site is optimized with the Yoast SEO plugin v27.4 - https:\/\/yoast.com\/product\/yoast-seo-wordpress\/ -->\n<title>N\u00e4idised - Looduskivist p\u00f5randaplaadid - Reval Stone e-pood<\/title>\n<meta name=\"description\" content=\"Kui sa ei suuda otsustada, milliseid p\u00f5randaplaate tellida, telli Reval Stone&#039;i dolomiidi ja paekivi n\u00e4idised.\" \/>\n<meta name=\"robots\" content=\"index, follow, max-snippet:-1, max-image-preview:large, max-video-preview:-1\" \/>\n<link rel=\"canonical\" href=\"https:\/\/revalstone.com\/shop\/toode\/naidised\/\" \/>\n<meta property=\"og:locale\" content=\"et_EE\" \/>\n<meta property=\"og:type\" content=\"article\" \/>\n<meta property=\"og:title\" content=\"N\u00e4idised - Looduskivist p\u00f5randaplaadid - Reval Stone e-pood\" \/>\n<meta property=\"og:description\" content=\"Kui sa ei suuda otsustada, milliseid p\u00f5randaplaate tellida, telli Reval Stone&#039;i dolomiidi ja paekivi n\u00e4idised.\" \/>\n<meta property=\"og:url\" content=\"https:\/\/revalstone.com\/shop\/toode\/naidised\/\" \/>\n<meta property=\"og:site_name\" content=\"Reval Stone e-pood\" \/>\n<meta property=\"article:publisher\" content=\"https:\/\/www.facebook.com\/revalstoneofficial\" \/>\n<meta property=\"article:modified_time\" content=\"2025-08-14T12:33:29+00:00\" \/>\n<meta property=\"og:image\" content=\"https:\/\/revalstone.com\/shop\/wp-content\/uploads\/2021\/07\/Reval_Stone_samples1.jpg\" \/>\n\t<meta property=\"og:image:width\" content=\"1500\" \/>\n\t<meta property=\"og:image:height\" content=\"1500\" \/>\n\t<meta property=\"og:image:type\" content=\"image\/jpeg\" \/>\n<meta name=\"twitter:card\" content=\"summary_large_image\" \/>\n<meta name=\"twitter:label1\" content=\"Est. reading time\" \/>\n\t<meta name=\"twitter:data1\" content=\"1 minut\" \/>\n<script type=\"application\/ld+json\" class=\"yoast-schema-graph\">{\"@context\":\"https:\\\/\\\/schema.org\",\"@graph\":[{\"@type\":\"WebPage\",\"@id\":\"https:\\\/\\\/revalstone.com\\\/shop\\\/toode\\\/naidised\\\/\",\"url\":\"https:\\\/\\\/revalstone.com\\\/shop\\\/toode\\\/naidised\\\/\",\"name\":\"N\u00e4idised - Looduskivist p\u00f5randaplaadid - Reval Stone e-pood\",\"isPartOf\":{\"@id\":\"https:\\\/\\\/revalstone.com\\\/shop\\\/#website\"},\"primaryImageOfPage\":{\"@id\":\"https:\\\/\\\/revalstone.com\\\/shop\\\/toode\\\/naidised\\\/#primaryimage\"},\"image\":{\"@id\":\"https:\\\/\\\/revalstone.com\\\/shop\\\/toode\\\/naidised\\\/#primaryimage\"},\"thumbnailUrl\":\"https:\\\/\\\/revalstone.com\\\/shop\\\/wp-content\\\/uploads\\\/2021\\\/07\\\/Reval_Stone_samples1.jpg\",\"datePublished\":\"2021-05-14T05:38:26+00:00\",\"dateModified\":\"2025-08-14T12:33:29+00:00\",\"description\":\"Kui sa ei suuda otsustada, milliseid p\u00f5randaplaate tellida, telli Reval Stone'i dolomiidi ja paekivi n\u00e4idised.\",\"breadcrumb\":{\"@id\":\"https:\\\/\\\/revalstone.com\\\/shop\\\/toode\\\/naidised\\\/#breadcrumb\"},\"inLanguage\":\"et\",\"potentialAction\":[{\"@type\":\"ReadAction\",\"target\":[\"https:\\\/\\\/revalstone.com\\\/shop\\\/toode\\\/naidised\\\/\"]}]},{\"@type\":\"ImageObject\",\"inLanguage\":\"et\",\"@id\":\"https:\\\/\\\/revalstone.com\\\/shop\\\/toode\\\/naidised\\\/#primaryimage\",\"url\":\"https:\\\/\\\/revalstone.com\\\/shop\\\/wp-content\\\/uploads\\\/2021\\\/07\\\/Reval_Stone_samples1.jpg\",\"contentUrl\":\"https:\\\/\\\/revalstone.com\\\/shop\\\/wp-content\\\/uploads\\\/2021\\\/07\\\/Reval_Stone_samples1.jpg\",\"width\":1500,\"height\":1500,\"caption\":\"Reval Stone n\u00e4idised\"},{\"@type\":\"BreadcrumbList\",\"@id\":\"https:\\\/\\\/revalstone.com\\\/shop\\\/toode\\\/naidised\\\/#breadcrumb\",\"itemListElement\":[{\"@type\":\"ListItem\",\"position\":1,\"name\":\"Home page\",\"item\":\"https:\\\/\\\/revalstone.com\\\/shop\\\/home\\\/\"},{\"@type\":\"ListItem\",\"position\":2,\"name\":\"Pood\",\"item\":\"https:\\\/\\\/revalstone.com\\\/shop\\\/pood\\\/\"},{\"@type\":\"ListItem\",\"position\":3,\"name\":\"N\u00e4idised\"}]},{\"@type\":\"WebSite\",\"@id\":\"https:\\\/\\\/revalstone.com\\\/shop\\\/#website\",\"url\":\"https:\\\/\\\/revalstone.com\\\/shop\\\/\",\"name\":\"Reval Stone e-pood\",\"description\":\"\",\"publisher\":{\"@id\":\"https:\\\/\\\/revalstone.com\\\/shop\\\/#organization\"},\"potentialAction\":[{\"@type\":\"SearchAction\",\"target\":{\"@type\":\"EntryPoint\",\"urlTemplate\":\"https:\\\/\\\/revalstone.com\\\/shop\\\/?s={search_term_string}\"},\"query-input\":{\"@type\":\"PropertyValueSpecification\",\"valueRequired\":true,\"valueName\":\"search_term_string\"}}],\"inLanguage\":\"et\"},{\"@type\":\"Organization\",\"@id\":\"https:\\\/\\\/revalstone.com\\\/shop\\\/#organization\",\"name\":\"Reval Stone\",\"url\":\"https:\\\/\\\/revalstone.com\\\/shop\\\/\",\"logo\":{\"@type\":\"ImageObject\",\"inLanguage\":\"et\",\"@id\":\"https:\\\/\\\/revalstone.com\\\/shop\\\/#\\\/schema\\\/logo\\\/image\\\/\",\"url\":\"https:\\\/\\\/revalstone.com\\\/shop\\\/wp-content\\\/uploads\\\/2021\\\/09\\\/Logo_v.png\",\"contentUrl\":\"https:\\\/\\\/revalstone.com\\\/shop\\\/wp-content\\\/uploads\\\/2021\\\/09\\\/Logo_v.png\",\"width\":960,\"height\":672,\"caption\":\"Reval Stone\"},\"image\":{\"@id\":\"https:\\\/\\\/revalstone.com\\\/shop\\\/#\\\/schema\\\/logo\\\/image\\\/\"},\"sameAs\":[\"https:\\\/\\\/www.facebook.com\\\/revalstoneofficial\",\"https:\\\/\\\/www.instagram.com\\\/revalstoneofficial\\\/\",\"https:\\\/\\\/en.wikipedia.org\\\/wiki\\\/Saare_Dolomiit-V\u00e4okivi\"]}]}<\/script>\n<!-- \/ Yoast SEO plugin. -->","yoast_head_json":{"title":"N\u00e4idised - Looduskivist p\u00f5randaplaadid - Reval Stone e-pood","description":"Kui sa ei suuda otsustada, milliseid p\u00f5randaplaate tellida, telli Reval Stone'i dolomiidi ja paekivi n\u00e4idised.","robots":{"index":"index","follow":"follow","max-snippet":"max-snippet:-1","max-image-preview":"max-image-preview:large","max-video-preview":"max-video-preview:-1"},"canonical":"https:\/\/revalstone.com\/shop\/toode\/naidised\/","og_locale":"et_EE","og_type":"article","og_title":"N\u00e4idised - Looduskivist p\u00f5randaplaadid - Reval Stone e-pood","og_description":"Kui sa ei suuda otsustada, milliseid p\u00f5randaplaate tellida, telli Reval Stone'i dolomiidi ja paekivi n\u00e4idised.","og_url":"https:\/\/revalstone.com\/shop\/toode\/naidised\/","og_site_name":"Reval Stone e-pood","article_publisher":"https:\/\/www.facebook.com\/revalstoneofficial","article_modified_time":"2025-08-14T12:33:29+00:00","og_image":[{"width":1500,"height":1500,"url":"https:\/\/revalstone.com\/shop\/wp-content\/uploads\/2021\/07\/Reval_Stone_samples1.jpg","type":"image\/jpeg"}],"twitter_card":"summary_large_image","twitter_misc":{"Est. reading time":"1 minut"},"schema":{"@context":"https:\/\/schema.org","@graph":[{"@type":"WebPage","@id":"https:\/\/revalstone.com\/shop\/toode\/naidised\/","url":"https:\/\/revalstone.com\/shop\/toode\/naidised\/","name":"N\u00e4idised - Looduskivist p\u00f5randaplaadid - Reval Stone e-pood","isPartOf":{"@id":"https:\/\/revalstone.com\/shop\/#website"},"primaryImageOfPage":{"@id":"https:\/\/revalstone.com\/shop\/toode\/naidised\/#primaryimage"},"image":{"@id":"https:\/\/revalstone.com\/shop\/toode\/naidised\/#primaryimage"},"thumbnailUrl":"https:\/\/revalstone.com\/shop\/wp-content\/uploads\/2021\/07\/Reval_Stone_samples1.jpg","datePublished":"2021-05-14T05:38:26+00:00","dateModified":"2025-08-14T12:33:29+00:00","description":"Kui sa ei suuda otsustada, milliseid p\u00f5randaplaate tellida, telli Reval Stone'i dolomiidi ja paekivi n\u00e4idised.","breadcrumb":{"@id":"https:\/\/revalstone.com\/shop\/toode\/naidised\/#breadcrumb"},"inLanguage":"et","potentialAction":[{"@type":"ReadAction","target":["https:\/\/revalstone.com\/shop\/toode\/naidised\/"]}]},{"@type":"ImageObject","inLanguage":"et","@id":"https:\/\/revalstone.com\/shop\/toode\/naidised\/#primaryimage","url":"https:\/\/revalstone.com\/shop\/wp-content\/uploads\/2021\/07\/Reval_Stone_samples1.jpg","contentUrl":"https:\/\/revalstone.com\/shop\/wp-content\/uploads\/2021\/07\/Reval_Stone_samples1.jpg","width":1500,"height":1500,"caption":"Reval Stone n\u00e4idised"},{"@type":"BreadcrumbList","@id":"https:\/\/revalstone.com\/shop\/toode\/naidised\/#breadcrumb","itemListElement":[{"@type":"ListItem","position":1,"name":"Home page","item":"https:\/\/revalstone.com\/shop\/home\/"},{"@type":"ListItem","position":2,"name":"Pood","item":"https:\/\/revalstone.com\/shop\/pood\/"},{"@type":"ListItem","position":3,"name":"N\u00e4idised"}]},{"@type":"WebSite","@id":"https:\/\/revalstone.com\/shop\/#website","url":"https:\/\/revalstone.com\/shop\/","name":"Reval Stone e-pood","description":"","publisher":{"@id":"https:\/\/revalstone.com\/shop\/#organization"},"potentialAction":[{"@type":"SearchAction","target":{"@type":"EntryPoint","urlTemplate":"https:\/\/revalstone.com\/shop\/?s={search_term_string}"},"query-input":{"@type":"PropertyValueSpecification","valueRequired":true,"valueName":"search_term_string"}}],"inLanguage":"et"},{"@type":"Organization","@id":"https:\/\/revalstone.com\/shop\/#organization","name":"Reval Stone","url":"https:\/\/revalstone.com\/shop\/","logo":{"@type":"ImageObject","inLanguage":"et","@id":"https:\/\/revalstone.com\/shop\/#\/schema\/logo\/image\/","url":"https:\/\/revalstone.com\/shop\/wp-content\/uploads\/2021\/09\/Logo_v.png","contentUrl":"https:\/\/revalstone.com\/shop\/wp-content\/uploads\/2021\/09\/Logo_v.png","width":960,"height":672,"caption":"Reval Stone"},"image":{"@id":"https:\/\/revalstone.com\/shop\/#\/schema\/logo\/image\/"},"sameAs":["https:\/\/www.facebook.com\/revalstoneofficial","https:\/\/www.instagram.com\/revalstoneofficial\/","https:\/\/en.wikipedia.org\/wiki\/Saare_Dolomiit-V\u00e4okivi"]}]}},"_links":{"self":[{"href":"https:\/\/revalstone.com\/shop\/wp-json\/wp\/v2\/product\/1474","targetHints":{"allow":["GET"]}}],"collection":[{"href":"https:\/\/revalstone.com\/shop\/wp-json\/wp\/v2\/product"}],"about":[{"href":"https:\/\/revalstone.com\/shop\/wp-json\/wp\/v2\/types\/product"}],"replies":[{"embeddable":true,"href":"https:\/\/revalstone.com\/shop\/wp-json\/wp\/v2\/comments?post=1474"}],"wp:featuredmedia":[{"embeddable":true,"href":"https:\/\/revalstone.com\/shop\/wp-json\/wp\/v2\/media\/1141"}],"wp:attachment":[{"href":"https:\/\/revalstone.com\/shop\/wp-json\/wp\/v2\/media?parent=1474"}],"wp:term":[{"taxonomy":"product_brand","embeddable":true,"href":"https:\/\/revalstone.com\/shop\/wp-json\/wp\/v2\/product_brand?post=1474"},{"taxonomy":"product_cat","embeddable":true,"href":"https:\/\/revalstone.com\/shop\/wp-json\/wp\/v2\/product_cat?post=1474"},{"taxonomy":"product_tag","embeddable":true,"href":"https:\/\/revalstone.com\/shop\/wp-json\/wp\/v2\/product_tag?post=1474"}],"curies":[{"name":"wp","href":"https:\/\/api.w.org\/{rel}","templated":true}]}}