{"id":16306,"date":"2024-09-11T15:05:12","date_gmt":"2024-09-11T12:05:12","guid":{"rendered":"https:\/\/revalstone.com\/shop\/?post_type=product&#038;p=16306"},"modified":"2026-02-20T14:03:14","modified_gmt":"2026-02-20T11:03:14","slug":"vabakujulised-plaadid","status":"publish","type":"product","link":"https:\/\/revalstone.com\/shop\/toode\/vabakujulised-plaadid\/","title":{"rendered":"Vabakujulised plaadid"},"content":{"rendered":"","protected":false},"excerpt":{"rendered":"<p><strong>Vabakujulised looduskivist plaadid<\/strong> on suurep\u00e4rane valik <strong>aiakujunduseks<\/strong>, pakkudes looduslikku, eriilmelist ja vastupidavat lahendust, mis kestab aastaid. Plaadid on valmistatud meie tehases Saaremaal kodumaistest dolomiitkividest <strong><span style=\"text-decoration: underline;\"><a href=\"https:\/\/revalstone.com\/dolomiit-kaarma\/\" target=\"_blank\" rel=\"noopener\">Kaarma<\/a><\/span>, <span style=\"text-decoration: underline;\"><a href=\"https:\/\/revalstone.com\/dolomiit-orgita\/\" target=\"_blank\" rel=\"noopener\">Orgita<\/a><\/span> ja <a href=\"https:\/\/revalstone.com\/dolomiit-selgase\/\" target=\"_blank\" rel=\"noopener\"><span style=\"text-decoration: underline;\">Selgase<\/span><\/a><\/strong>.\u00a0Iga plaat on ainulaadne, omades erip\u00e4raseid looduslikke jooni ja tekstuure, mis lisavad teie <strong>v\u00e4lialadele<\/strong> iseloomu ning maal\u00e4hedust.<\/p>\n<p>Enamike plaatide suurus j\u00e4\u00e4b vahemikku ca 0,5 kuni 1 m\u00b2, kuid v\u00f5ib esineda ka suuremaid ja\/v\u00f5i v\u00e4iksemaid t\u00fckke.\u00a0 Dolomiit on kergesti t\u00f6\u00f6deldav ning plaate on lihtne objektil l\u00f5igata ja vajadusel v\u00e4iksemateks t\u00fckkideks teha. Plaatidel v\u00f5ib esineda looduslikke pragusid.<\/p>\n<p>Tross-saega saetud <strong>plaatide pind on kergelt kare<\/strong>, mis annab neile loomuliku v\u00e4limuse ja tagab hea haarduvuse, muutes need ideaalseks <strong>v\u00e4litingimustes kasutamiseks<\/strong>. Lisaks on dolomiidid end t\u00f5estanud hea k\u00fclmataluvusega.<\/p>\n<p>Need <strong>vabakujulised dolomiidist plaadid<\/strong> on ideaalne valik, kui otsite midagi loodusl\u00e4hedast ja vastupidavat oma <strong>aiaprojekti<\/strong> v\u00f5i <strong>kivisillutise<\/strong> jaoks (ei sobi autoga peale s\u00f5itmiseks).<\/p>\n<h3><strong>Toote eelised<\/strong><\/h3>\n<ul>\n<li>Valmistatud kodumaisest materjalist: <strong>Kaarma, Orgita v\u00f5i Selgase dolomiidist<\/strong>.<\/li>\n<li><strong>Looduslik ja vastupidav materjal<\/strong>, mis peab h\u00e4sti vastu k\u00fclmale.<\/li>\n<li><strong>Unikaalne vabakujuline disain<\/strong>, mis annab igale plaadile ainulaadse v\u00e4limuse.<\/li>\n<li>Kare <strong>tross-saetud pind<\/strong> tagab hea haarduvuse.<\/li>\n<li>Sobib ideaalselt <strong>kiviteede<\/strong> ja platside loomiseks.<\/li>\n<li>V\u00f5imalik toota\u00a0<strong>erinevate paksustega\u00a0<\/strong>kive.<\/li>\n<\/ul>\n<h3><strong>Hinnad<\/strong><\/h3>\n<p>Tellitavate plaatide paksus alates 40 mm.<\/p>\n<ul>\n<li><strong>Kaarma dolomiit:<\/strong> 65\u20ac EUR\/m\u00b2 (lisandub k\u00e4ibemaks).<\/li>\n<li><strong>Orgita dolomiit:<\/strong> 78\u20ac EUR\/m\u00b2 (lisandub k\u00e4ibemaks).<\/li>\n<li><strong>Selgase dolomiit:<\/strong> 91\u20ac EUR\/m\u00b2 (lisandub k\u00e4ibemaks).<\/li>\n<\/ul>\n<p><strong>M\u00e4rkus:<\/strong> iga 10 mm lisanduvat paksust t\u00f5stab m\u00b2 hinda 10%.<\/p>\n<h3><strong>Tarneaeg ja kauba v\u00e4ljastamine<\/strong><\/h3>\n<p>Olenevalt kogusest v\u00f5tab tootmine aega ca 3 n\u00e4dalat alates ettemaksu laekumisest.\u00a0Kauba v\u00e4ljastame Saaremaalt (Kivit\u00f6\u00f6stuse, Sepa k\u00fcla) v\u00f5i Tallinnast (Peterburi tee 94a).<\/p>\n<h3><strong>Tellimine<\/strong><\/h3>\n<p><span style=\"color: #009d89;\"><strong>Toote tellimiseks v\u00f5ta otse meiega \u00fchendust: <\/strong><\/span>saada e-kiri aadressile <a href=\"mailto:raili.ratas@limestone.ee\"><span style=\"text-decoration: underline;\"><strong>raili.ratas@limestone.ee<\/strong><\/span><\/a> v\u00f5i helista <strong>+372 507 9981<\/strong>.<\/p>\n","protected":false},"featured_media":17084,"comment_status":"closed","ping_status":"closed","template":"","meta":{"_acf_changed":false},"product_brand":[],"product_cat":[15,408],"product_tag":[],"class_list":{"0":"post-16306","1":"product","2":"type-product","3":"status-publish","4":"has-post-thumbnail","6":"product_cat-misc","7":"product_cat-vabakujulised-plaadid","9":"first","10":"instock","11":"taxable","12":"shipping-taxable","13":"product-type-simple"},"acf":[],"yoast_head":"<!-- This site is optimized with the Yoast SEO plugin v27.4 - https:\/\/yoast.com\/product\/yoast-seo-wordpress\/ -->\n<title>Vabakujulised plaadid - Reval Stone e-pood<\/title>\n<meta name=\"description\" content=\"Vabakujulised looduskivist plaadid on suurep\u00e4rane valik aiakujunduseks. Valmistatud Eesti dolomiidist Saaremaal. Iga plaat on ainulaadne.\" \/>\n<meta name=\"robots\" content=\"index, follow, max-snippet:-1, max-image-preview:large, max-video-preview:-1\" \/>\n<link rel=\"canonical\" href=\"https:\/\/revalstone.com\/shop\/toode\/vabakujulised-plaadid\/\" \/>\n<meta property=\"og:locale\" content=\"et_EE\" \/>\n<meta property=\"og:type\" content=\"article\" \/>\n<meta property=\"og:title\" content=\"Vabakujulised plaadid - Reval Stone e-pood\" \/>\n<meta property=\"og:description\" content=\"Vabakujulised looduskivist plaadid on suurep\u00e4rane valik aiakujunduseks. Valmistatud Eesti dolomiidist Saaremaal. Iga plaat on ainulaadne.\" \/>\n<meta property=\"og:url\" content=\"https:\/\/revalstone.com\/shop\/toode\/vabakujulised-plaadid\/\" \/>\n<meta property=\"og:site_name\" content=\"Reval Stone e-pood\" \/>\n<meta property=\"article:publisher\" content=\"https:\/\/www.facebook.com\/revalstoneofficial\" \/>\n<meta property=\"article:modified_time\" content=\"2026-02-20T11:03:14+00:00\" \/>\n<meta property=\"og:image\" content=\"https:\/\/revalstone.com\/shop\/wp-content\/uploads\/2025\/04\/Tross-saetud-vabakujuline-kiviplaat-Orgita-1-slt.jpg\" \/>\n\t<meta property=\"og:image:width\" content=\"2000\" \/>\n\t<meta property=\"og:image:height\" content=\"1500\" \/>\n\t<meta property=\"og:image:type\" content=\"image\/jpeg\" \/>\n<meta name=\"twitter:card\" content=\"summary_large_image\" \/>\n<meta name=\"twitter:label1\" content=\"Est. reading time\" \/>\n\t<meta name=\"twitter:data1\" content=\"1 minut\" \/>\n<script type=\"application\/ld+json\" class=\"yoast-schema-graph\">{\"@context\":\"https:\\\/\\\/schema.org\",\"@graph\":[{\"@type\":\"WebPage\",\"@id\":\"https:\\\/\\\/revalstone.com\\\/shop\\\/toode\\\/vabakujulised-plaadid\\\/\",\"url\":\"https:\\\/\\\/revalstone.com\\\/shop\\\/toode\\\/vabakujulised-plaadid\\\/\",\"name\":\"Vabakujulised plaadid - Reval Stone e-pood\",\"isPartOf\":{\"@id\":\"https:\\\/\\\/revalstone.com\\\/shop\\\/#website\"},\"primaryImageOfPage\":{\"@id\":\"https:\\\/\\\/revalstone.com\\\/shop\\\/toode\\\/vabakujulised-plaadid\\\/#primaryimage\"},\"image\":{\"@id\":\"https:\\\/\\\/revalstone.com\\\/shop\\\/toode\\\/vabakujulised-plaadid\\\/#primaryimage\"},\"thumbnailUrl\":\"https:\\\/\\\/revalstone.com\\\/shop\\\/wp-content\\\/uploads\\\/2025\\\/04\\\/Tross-saetud-vabakujuline-kiviplaat-Orgita-1-slt.jpg\",\"datePublished\":\"2024-09-11T12:05:12+00:00\",\"dateModified\":\"2026-02-20T11:03:14+00:00\",\"description\":\"Vabakujulised looduskivist plaadid on suurep\u00e4rane valik aiakujunduseks. Valmistatud Eesti dolomiidist Saaremaal. Iga plaat on ainulaadne.\",\"breadcrumb\":{\"@id\":\"https:\\\/\\\/revalstone.com\\\/shop\\\/toode\\\/vabakujulised-plaadid\\\/#breadcrumb\"},\"inLanguage\":\"et\",\"potentialAction\":[{\"@type\":\"ReadAction\",\"target\":[\"https:\\\/\\\/revalstone.com\\\/shop\\\/toode\\\/vabakujulised-plaadid\\\/\"]}]},{\"@type\":\"ImageObject\",\"inLanguage\":\"et\",\"@id\":\"https:\\\/\\\/revalstone.com\\\/shop\\\/toode\\\/vabakujulised-plaadid\\\/#primaryimage\",\"url\":\"https:\\\/\\\/revalstone.com\\\/shop\\\/wp-content\\\/uploads\\\/2025\\\/04\\\/Tross-saetud-vabakujuline-kiviplaat-Orgita-1-slt.jpg\",\"contentUrl\":\"https:\\\/\\\/revalstone.com\\\/shop\\\/wp-content\\\/uploads\\\/2025\\\/04\\\/Tross-saetud-vabakujuline-kiviplaat-Orgita-1-slt.jpg\",\"width\":2000,\"height\":1500},{\"@type\":\"BreadcrumbList\",\"@id\":\"https:\\\/\\\/revalstone.com\\\/shop\\\/toode\\\/vabakujulised-plaadid\\\/#breadcrumb\",\"itemListElement\":[{\"@type\":\"ListItem\",\"position\":1,\"name\":\"Home page\",\"item\":\"https:\\\/\\\/revalstone.com\\\/shop\\\/home\\\/\"},{\"@type\":\"ListItem\",\"position\":2,\"name\":\"Pood\",\"item\":\"https:\\\/\\\/revalstone.com\\\/shop\\\/pood\\\/\"},{\"@type\":\"ListItem\",\"position\":3,\"name\":\"Vabakujulised plaadid\"}]},{\"@type\":\"WebSite\",\"@id\":\"https:\\\/\\\/revalstone.com\\\/shop\\\/#website\",\"url\":\"https:\\\/\\\/revalstone.com\\\/shop\\\/\",\"name\":\"Reval Stone e-pood\",\"description\":\"\",\"publisher\":{\"@id\":\"https:\\\/\\\/revalstone.com\\\/shop\\\/#organization\"},\"potentialAction\":[{\"@type\":\"SearchAction\",\"target\":{\"@type\":\"EntryPoint\",\"urlTemplate\":\"https:\\\/\\\/revalstone.com\\\/shop\\\/?s={search_term_string}\"},\"query-input\":{\"@type\":\"PropertyValueSpecification\",\"valueRequired\":true,\"valueName\":\"search_term_string\"}}],\"inLanguage\":\"et\"},{\"@type\":\"Organization\",\"@id\":\"https:\\\/\\\/revalstone.com\\\/shop\\\/#organization\",\"name\":\"Reval Stone\",\"url\":\"https:\\\/\\\/revalstone.com\\\/shop\\\/\",\"logo\":{\"@type\":\"ImageObject\",\"inLanguage\":\"et\",\"@id\":\"https:\\\/\\\/revalstone.com\\\/shop\\\/#\\\/schema\\\/logo\\\/image\\\/\",\"url\":\"https:\\\/\\\/revalstone.com\\\/shop\\\/wp-content\\\/uploads\\\/2021\\\/09\\\/Logo_v.png\",\"contentUrl\":\"https:\\\/\\\/revalstone.com\\\/shop\\\/wp-content\\\/uploads\\\/2021\\\/09\\\/Logo_v.png\",\"width\":960,\"height\":672,\"caption\":\"Reval Stone\"},\"image\":{\"@id\":\"https:\\\/\\\/revalstone.com\\\/shop\\\/#\\\/schema\\\/logo\\\/image\\\/\"},\"sameAs\":[\"https:\\\/\\\/www.facebook.com\\\/revalstoneofficial\",\"https:\\\/\\\/www.instagram.com\\\/revalstoneofficial\\\/\",\"https:\\\/\\\/en.wikipedia.org\\\/wiki\\\/Saare_Dolomiit-V\u00e4okivi\"]}]}<\/script>\n<!-- \/ Yoast SEO plugin. -->","yoast_head_json":{"title":"Vabakujulised plaadid - Reval Stone e-pood","description":"Vabakujulised looduskivist plaadid on suurep\u00e4rane valik aiakujunduseks. Valmistatud Eesti dolomiidist Saaremaal. Iga plaat on ainulaadne.","robots":{"index":"index","follow":"follow","max-snippet":"max-snippet:-1","max-image-preview":"max-image-preview:large","max-video-preview":"max-video-preview:-1"},"canonical":"https:\/\/revalstone.com\/shop\/toode\/vabakujulised-plaadid\/","og_locale":"et_EE","og_type":"article","og_title":"Vabakujulised plaadid - Reval Stone e-pood","og_description":"Vabakujulised looduskivist plaadid on suurep\u00e4rane valik aiakujunduseks. Valmistatud Eesti dolomiidist Saaremaal. Iga plaat on ainulaadne.","og_url":"https:\/\/revalstone.com\/shop\/toode\/vabakujulised-plaadid\/","og_site_name":"Reval Stone e-pood","article_publisher":"https:\/\/www.facebook.com\/revalstoneofficial","article_modified_time":"2026-02-20T11:03:14+00:00","og_image":[{"width":2000,"height":1500,"url":"https:\/\/revalstone.com\/shop\/wp-content\/uploads\/2025\/04\/Tross-saetud-vabakujuline-kiviplaat-Orgita-1-slt.jpg","type":"image\/jpeg"}],"twitter_card":"summary_large_image","twitter_misc":{"Est. reading time":"1 minut"},"schema":{"@context":"https:\/\/schema.org","@graph":[{"@type":"WebPage","@id":"https:\/\/revalstone.com\/shop\/toode\/vabakujulised-plaadid\/","url":"https:\/\/revalstone.com\/shop\/toode\/vabakujulised-plaadid\/","name":"Vabakujulised plaadid - Reval Stone e-pood","isPartOf":{"@id":"https:\/\/revalstone.com\/shop\/#website"},"primaryImageOfPage":{"@id":"https:\/\/revalstone.com\/shop\/toode\/vabakujulised-plaadid\/#primaryimage"},"image":{"@id":"https:\/\/revalstone.com\/shop\/toode\/vabakujulised-plaadid\/#primaryimage"},"thumbnailUrl":"https:\/\/revalstone.com\/shop\/wp-content\/uploads\/2025\/04\/Tross-saetud-vabakujuline-kiviplaat-Orgita-1-slt.jpg","datePublished":"2024-09-11T12:05:12+00:00","dateModified":"2026-02-20T11:03:14+00:00","description":"Vabakujulised looduskivist plaadid on suurep\u00e4rane valik aiakujunduseks. Valmistatud Eesti dolomiidist Saaremaal. Iga plaat on ainulaadne.","breadcrumb":{"@id":"https:\/\/revalstone.com\/shop\/toode\/vabakujulised-plaadid\/#breadcrumb"},"inLanguage":"et","potentialAction":[{"@type":"ReadAction","target":["https:\/\/revalstone.com\/shop\/toode\/vabakujulised-plaadid\/"]}]},{"@type":"ImageObject","inLanguage":"et","@id":"https:\/\/revalstone.com\/shop\/toode\/vabakujulised-plaadid\/#primaryimage","url":"https:\/\/revalstone.com\/shop\/wp-content\/uploads\/2025\/04\/Tross-saetud-vabakujuline-kiviplaat-Orgita-1-slt.jpg","contentUrl":"https:\/\/revalstone.com\/shop\/wp-content\/uploads\/2025\/04\/Tross-saetud-vabakujuline-kiviplaat-Orgita-1-slt.jpg","width":2000,"height":1500},{"@type":"BreadcrumbList","@id":"https:\/\/revalstone.com\/shop\/toode\/vabakujulised-plaadid\/#breadcrumb","itemListElement":[{"@type":"ListItem","position":1,"name":"Home page","item":"https:\/\/revalstone.com\/shop\/home\/"},{"@type":"ListItem","position":2,"name":"Pood","item":"https:\/\/revalstone.com\/shop\/pood\/"},{"@type":"ListItem","position":3,"name":"Vabakujulised plaadid"}]},{"@type":"WebSite","@id":"https:\/\/revalstone.com\/shop\/#website","url":"https:\/\/revalstone.com\/shop\/","name":"Reval Stone e-pood","description":"","publisher":{"@id":"https:\/\/revalstone.com\/shop\/#organization"},"potentialAction":[{"@type":"SearchAction","target":{"@type":"EntryPoint","urlTemplate":"https:\/\/revalstone.com\/shop\/?s={search_term_string}"},"query-input":{"@type":"PropertyValueSpecification","valueRequired":true,"valueName":"search_term_string"}}],"inLanguage":"et"},{"@type":"Organization","@id":"https:\/\/revalstone.com\/shop\/#organization","name":"Reval Stone","url":"https:\/\/revalstone.com\/shop\/","logo":{"@type":"ImageObject","inLanguage":"et","@id":"https:\/\/revalstone.com\/shop\/#\/schema\/logo\/image\/","url":"https:\/\/revalstone.com\/shop\/wp-content\/uploads\/2021\/09\/Logo_v.png","contentUrl":"https:\/\/revalstone.com\/shop\/wp-content\/uploads\/2021\/09\/Logo_v.png","width":960,"height":672,"caption":"Reval Stone"},"image":{"@id":"https:\/\/revalstone.com\/shop\/#\/schema\/logo\/image\/"},"sameAs":["https:\/\/www.facebook.com\/revalstoneofficial","https:\/\/www.instagram.com\/revalstoneofficial\/","https:\/\/en.wikipedia.org\/wiki\/Saare_Dolomiit-V\u00e4okivi"]}]}},"_links":{"self":[{"href":"https:\/\/revalstone.com\/shop\/wp-json\/wp\/v2\/product\/16306","targetHints":{"allow":["GET"]}}],"collection":[{"href":"https:\/\/revalstone.com\/shop\/wp-json\/wp\/v2\/product"}],"about":[{"href":"https:\/\/revalstone.com\/shop\/wp-json\/wp\/v2\/types\/product"}],"replies":[{"embeddable":true,"href":"https:\/\/revalstone.com\/shop\/wp-json\/wp\/v2\/comments?post=16306"}],"wp:featuredmedia":[{"embeddable":true,"href":"https:\/\/revalstone.com\/shop\/wp-json\/wp\/v2\/media\/17084"}],"wp:attachment":[{"href":"https:\/\/revalstone.com\/shop\/wp-json\/wp\/v2\/media?parent=16306"}],"wp:term":[{"taxonomy":"product_brand","embeddable":true,"href":"https:\/\/revalstone.com\/shop\/wp-json\/wp\/v2\/product_brand?post=16306"},{"taxonomy":"product_cat","embeddable":true,"href":"https:\/\/revalstone.com\/shop\/wp-json\/wp\/v2\/product_cat?post=16306"},{"taxonomy":"product_tag","embeddable":true,"href":"https:\/\/revalstone.com\/shop\/wp-json\/wp\/v2\/product_tag?post=16306"}],"curies":[{"name":"wp","href":"https:\/\/api.w.org\/{rel}","templated":true}]}}