{"id":17362,"date":"2025-08-14T10:45:58","date_gmt":"2025-08-14T07:45:58","guid":{"rendered":"https:\/\/revalstone.com\/shop\/?post_type=product&#038;p=17362"},"modified":"2025-08-22T13:43:02","modified_gmt":"2025-08-22T10:43:02","slug":"kaarma-antiik","status":"publish","type":"product","link":"https:\/\/revalstone.com\/shop\/toode\/kaarma-antiik\/","title":{"rendered":"Kaarma antiik"},"content":{"rendered":"<p>Seda peenekristallilist dolomiiti leidub massiivsete kuni meetripaksuste kihtidena. Teadaolevalt on Kaarma looduskivi kasutatud alates 13. sajandist, mil seda kasutati Kaarma kiriku ehitamisel. Hiljem hakati kivi kasutama Tallinnas, Riias ja kaugemalgi.<\/p>\n<p>Kaarma dolomiiti tuntakse ka Saaremaa dolomiidi nime all.<\/p>\n","protected":false},"excerpt":{"rendered":"<p><span style=\"color: #009d89;\"><strong>Oma kaevandused ja oma tootmine!<\/strong><\/span><\/p>\n<p>Saaremaal Kuressaare l\u00e4histel murtav dolomiit, mida tuntakse Saaremaa marmorina. V\u00e4rvuselt helehall kuni sinakashall dolomiit, mis on tekkinud enam kui 400 miljonit aastat tagasi. V\u00e4rvuse v\u00f5i mustri j\u00e4rgi kivi ei sorteerita. Loe selle v\u00e4\u00e4rika kasutusajalooga kivi kohta <span style=\"text-decoration: underline;\"><strong><a href=\"https:\/\/revalstone.com\/dolomiit-kaarma\/\" target=\"_blank\" rel=\"noopener\">edasi siit<\/a><\/strong><\/span>.<\/p>\n<p>Antiikne ehk harjatud pinnaviimistlus saavutatakse spetsiaalsete harjadega, mis eemaldavad kivi pehmema osa ja toovad esile selle loomuliku tekstuuri. Pind on k\u00e4ega katsudes \u201enahkne\u201c ega ole peaaegu kunagi peegelsile v\u00f5i l\u00e4ikiv. See annab kivile kergelt kulunud v\u00f5i \u201eajalooh\u00f5ngulise\u201c v\u00e4limuse, mis j\u00e4ljendab aja jooksul tekkinud loomulikku kulumist. Harjatud viimistlus on ka praktiline \u2013 v\u00e4iksemad kasutusj\u00e4ljed ei torka nii kergesti silma kui lihvitud kivil.<\/p>\n<p>Kaarma dolomiidile on iseloomulikud kivis esinevad poorid (nende l\u00e4bim\u00f5\u00f5t v\u00f5ib olla kuni 15 mm). Kaarma antiigist valmistatud toodetel poore ei t\u00e4ideta.<\/p>\n<p>P\u00f5randaplaatide paksus on 15 mm (60 \u00d7 60 cm plaadil 20 mm).<\/p>\n<p>Dolomiit Kaarma on saadaval ka <strong><a href=\"https:\/\/revalstone.com\/shop\/toode\/kaarma-lihv\/\"><span style=\"text-decoration: underline;\">lihvitud pinnat\u00f6\u00f6tlusega<\/span><\/a><\/strong>.<\/p>\n<p>E-poes on saadaval ka samast materjalist\u00a0<span style=\"text-decoration: underline;\"><strong><a href=\"https:\/\/revalstone.com\/shop\/toode\/porandaliistud\/\" target=\"_blank\" rel=\"noopener\">p\u00f5randaliistud<\/a><\/strong><\/span>\u00a0ja\u00a0<a href=\"https:\/\/revalstone.com\/shop\/toode\/aknalauad\/\" target=\"_blank\" rel=\"noopener\"><strong><span style=\"text-decoration: underline;\">aknalauad<\/span><\/strong><\/a>.<\/p>\n<p>Transpordihindade kohta saad t\u00e4psemalt lugeda <a href=\"https:\/\/revalstone.com\/shop\/transport\/\" target=\"_blank\" rel=\"noopener\"><span style=\"text-decoration: underline;\"><strong>siit<\/strong><\/span><\/a>.<\/p>\n<p><strong>NB!<\/strong> Selle kiviga tutvumiseks saad tellida 20 x 20 cm n\u00e4idise.<\/p>\n","protected":false},"featured_media":17402,"comment_status":"closed","ping_status":"closed","template":"","meta":{"_acf_changed":false},"product_brand":[],"product_cat":[15,161],"product_tag":[],"class_list":{"0":"post-17362","1":"product","2":"type-product","3":"status-publish","4":"has-post-thumbnail","6":"product_cat-misc","7":"product_cat-looduslikud-kivid","9":"first","10":"instock","11":"taxable","12":"shipping-taxable","13":"purchasable","14":"product-type-variable","15":"rtwpvg-product"},"acf":[],"yoast_head":"<!-- This site is optimized with the Yoast SEO plugin v27.4 - https:\/\/yoast.com\/product\/yoast-seo-wordpress\/ -->\n<title>Kaarma antiik - Kaarma dolomiit - Saaremaa dolomiit - Reval Stone e-pood<\/title>\n<meta name=\"description\" content=\"Kuressaare l\u00e4histel murtav dolomiit, mida tuntakse Saaremaa marmorina. Saadaval ka antiikse ehk harjatud pinnat\u00f6\u00f6tlusega.\" \/>\n<meta name=\"robots\" content=\"index, follow, max-snippet:-1, max-image-preview:large, max-video-preview:-1\" \/>\n<link rel=\"canonical\" href=\"https:\/\/revalstone.com\/shop\/toode\/kaarma-antiik\/\" \/>\n<meta property=\"og:locale\" content=\"et_EE\" \/>\n<meta property=\"og:type\" content=\"article\" \/>\n<meta property=\"og:title\" content=\"Kaarma antiik - Kaarma dolomiit - Saaremaa dolomiit - Reval Stone e-pood\" \/>\n<meta property=\"og:description\" content=\"Kuressaare l\u00e4histel murtav dolomiit, mida tuntakse Saaremaa marmorina. Saadaval ka antiikse ehk harjatud pinnat\u00f6\u00f6tlusega.\" \/>\n<meta property=\"og:url\" content=\"https:\/\/revalstone.com\/shop\/toode\/kaarma-antiik\/\" \/>\n<meta property=\"og:site_name\" content=\"Reval Stone e-pood\" \/>\n<meta property=\"article:publisher\" content=\"https:\/\/www.facebook.com\/revalstoneofficial\" \/>\n<meta property=\"article:modified_time\" content=\"2025-08-22T10:43:02+00:00\" \/>\n<meta property=\"og:image\" content=\"https:\/\/revalstone.com\/shop\/wp-content\/uploads\/2025\/08\/Kaarma-antiik-harjatud-02.jpg\" \/>\n\t<meta property=\"og:image:width\" content=\"1536\" \/>\n\t<meta property=\"og:image:height\" content=\"2048\" \/>\n\t<meta property=\"og:image:type\" content=\"image\/jpeg\" \/>\n<meta name=\"twitter:card\" content=\"summary_large_image\" \/>\n<meta name=\"twitter:label1\" content=\"Est. reading time\" \/>\n\t<meta name=\"twitter:data1\" content=\"1 minut\" \/>\n<script type=\"application\/ld+json\" class=\"yoast-schema-graph\">{\"@context\":\"https:\\\/\\\/schema.org\",\"@graph\":[{\"@type\":\"WebPage\",\"@id\":\"https:\\\/\\\/revalstone.com\\\/shop\\\/toode\\\/kaarma-antiik\\\/\",\"url\":\"https:\\\/\\\/revalstone.com\\\/shop\\\/toode\\\/kaarma-antiik\\\/\",\"name\":\"Kaarma antiik - Kaarma dolomiit - Saaremaa dolomiit - Reval Stone e-pood\",\"isPartOf\":{\"@id\":\"https:\\\/\\\/revalstone.com\\\/shop\\\/#website\"},\"primaryImageOfPage\":{\"@id\":\"https:\\\/\\\/revalstone.com\\\/shop\\\/toode\\\/kaarma-antiik\\\/#primaryimage\"},\"image\":{\"@id\":\"https:\\\/\\\/revalstone.com\\\/shop\\\/toode\\\/kaarma-antiik\\\/#primaryimage\"},\"thumbnailUrl\":\"https:\\\/\\\/revalstone.com\\\/shop\\\/wp-content\\\/uploads\\\/2025\\\/08\\\/Kaarma-antiik-harjatud-02.jpg\",\"datePublished\":\"2025-08-14T07:45:58+00:00\",\"dateModified\":\"2025-08-22T10:43:02+00:00\",\"description\":\"Kuressaare l\u00e4histel murtav dolomiit, mida tuntakse Saaremaa marmorina. Saadaval ka antiikse ehk harjatud pinnat\u00f6\u00f6tlusega.\",\"breadcrumb\":{\"@id\":\"https:\\\/\\\/revalstone.com\\\/shop\\\/toode\\\/kaarma-antiik\\\/#breadcrumb\"},\"inLanguage\":\"et\",\"potentialAction\":[{\"@type\":\"ReadAction\",\"target\":[\"https:\\\/\\\/revalstone.com\\\/shop\\\/toode\\\/kaarma-antiik\\\/\"]}]},{\"@type\":\"ImageObject\",\"inLanguage\":\"et\",\"@id\":\"https:\\\/\\\/revalstone.com\\\/shop\\\/toode\\\/kaarma-antiik\\\/#primaryimage\",\"url\":\"https:\\\/\\\/revalstone.com\\\/shop\\\/wp-content\\\/uploads\\\/2025\\\/08\\\/Kaarma-antiik-harjatud-02.jpg\",\"contentUrl\":\"https:\\\/\\\/revalstone.com\\\/shop\\\/wp-content\\\/uploads\\\/2025\\\/08\\\/Kaarma-antiik-harjatud-02.jpg\",\"width\":1536,\"height\":2048},{\"@type\":\"BreadcrumbList\",\"@id\":\"https:\\\/\\\/revalstone.com\\\/shop\\\/toode\\\/kaarma-antiik\\\/#breadcrumb\",\"itemListElement\":[{\"@type\":\"ListItem\",\"position\":1,\"name\":\"Home page\",\"item\":\"https:\\\/\\\/revalstone.com\\\/shop\\\/home\\\/\"},{\"@type\":\"ListItem\",\"position\":2,\"name\":\"Pood\",\"item\":\"https:\\\/\\\/revalstone.com\\\/shop\\\/pood\\\/\"},{\"@type\":\"ListItem\",\"position\":3,\"name\":\"Kaarma antiik\"}]},{\"@type\":\"WebSite\",\"@id\":\"https:\\\/\\\/revalstone.com\\\/shop\\\/#website\",\"url\":\"https:\\\/\\\/revalstone.com\\\/shop\\\/\",\"name\":\"Reval Stone e-pood\",\"description\":\"\",\"publisher\":{\"@id\":\"https:\\\/\\\/revalstone.com\\\/shop\\\/#organization\"},\"potentialAction\":[{\"@type\":\"SearchAction\",\"target\":{\"@type\":\"EntryPoint\",\"urlTemplate\":\"https:\\\/\\\/revalstone.com\\\/shop\\\/?s={search_term_string}\"},\"query-input\":{\"@type\":\"PropertyValueSpecification\",\"valueRequired\":true,\"valueName\":\"search_term_string\"}}],\"inLanguage\":\"et\"},{\"@type\":\"Organization\",\"@id\":\"https:\\\/\\\/revalstone.com\\\/shop\\\/#organization\",\"name\":\"Reval Stone\",\"url\":\"https:\\\/\\\/revalstone.com\\\/shop\\\/\",\"logo\":{\"@type\":\"ImageObject\",\"inLanguage\":\"et\",\"@id\":\"https:\\\/\\\/revalstone.com\\\/shop\\\/#\\\/schema\\\/logo\\\/image\\\/\",\"url\":\"https:\\\/\\\/revalstone.com\\\/shop\\\/wp-content\\\/uploads\\\/2021\\\/09\\\/Logo_v.png\",\"contentUrl\":\"https:\\\/\\\/revalstone.com\\\/shop\\\/wp-content\\\/uploads\\\/2021\\\/09\\\/Logo_v.png\",\"width\":960,\"height\":672,\"caption\":\"Reval Stone\"},\"image\":{\"@id\":\"https:\\\/\\\/revalstone.com\\\/shop\\\/#\\\/schema\\\/logo\\\/image\\\/\"},\"sameAs\":[\"https:\\\/\\\/www.facebook.com\\\/revalstoneofficial\",\"https:\\\/\\\/www.instagram.com\\\/revalstoneofficial\\\/\",\"https:\\\/\\\/en.wikipedia.org\\\/wiki\\\/Saare_Dolomiit-V\u00e4okivi\"]}]}<\/script>\n<!-- \/ Yoast SEO plugin. -->","yoast_head_json":{"title":"Kaarma antiik - Kaarma dolomiit - Saaremaa dolomiit - Reval Stone e-pood","description":"Kuressaare l\u00e4histel murtav dolomiit, mida tuntakse Saaremaa marmorina. Saadaval ka antiikse ehk harjatud pinnat\u00f6\u00f6tlusega.","robots":{"index":"index","follow":"follow","max-snippet":"max-snippet:-1","max-image-preview":"max-image-preview:large","max-video-preview":"max-video-preview:-1"},"canonical":"https:\/\/revalstone.com\/shop\/toode\/kaarma-antiik\/","og_locale":"et_EE","og_type":"article","og_title":"Kaarma antiik - Kaarma dolomiit - Saaremaa dolomiit - Reval Stone e-pood","og_description":"Kuressaare l\u00e4histel murtav dolomiit, mida tuntakse Saaremaa marmorina. Saadaval ka antiikse ehk harjatud pinnat\u00f6\u00f6tlusega.","og_url":"https:\/\/revalstone.com\/shop\/toode\/kaarma-antiik\/","og_site_name":"Reval Stone e-pood","article_publisher":"https:\/\/www.facebook.com\/revalstoneofficial","article_modified_time":"2025-08-22T10:43:02+00:00","og_image":[{"width":1536,"height":2048,"url":"https:\/\/revalstone.com\/shop\/wp-content\/uploads\/2025\/08\/Kaarma-antiik-harjatud-02.jpg","type":"image\/jpeg"}],"twitter_card":"summary_large_image","twitter_misc":{"Est. reading time":"1 minut"},"schema":{"@context":"https:\/\/schema.org","@graph":[{"@type":"WebPage","@id":"https:\/\/revalstone.com\/shop\/toode\/kaarma-antiik\/","url":"https:\/\/revalstone.com\/shop\/toode\/kaarma-antiik\/","name":"Kaarma antiik - Kaarma dolomiit - Saaremaa dolomiit - Reval Stone e-pood","isPartOf":{"@id":"https:\/\/revalstone.com\/shop\/#website"},"primaryImageOfPage":{"@id":"https:\/\/revalstone.com\/shop\/toode\/kaarma-antiik\/#primaryimage"},"image":{"@id":"https:\/\/revalstone.com\/shop\/toode\/kaarma-antiik\/#primaryimage"},"thumbnailUrl":"https:\/\/revalstone.com\/shop\/wp-content\/uploads\/2025\/08\/Kaarma-antiik-harjatud-02.jpg","datePublished":"2025-08-14T07:45:58+00:00","dateModified":"2025-08-22T10:43:02+00:00","description":"Kuressaare l\u00e4histel murtav dolomiit, mida tuntakse Saaremaa marmorina. Saadaval ka antiikse ehk harjatud pinnat\u00f6\u00f6tlusega.","breadcrumb":{"@id":"https:\/\/revalstone.com\/shop\/toode\/kaarma-antiik\/#breadcrumb"},"inLanguage":"et","potentialAction":[{"@type":"ReadAction","target":["https:\/\/revalstone.com\/shop\/toode\/kaarma-antiik\/"]}]},{"@type":"ImageObject","inLanguage":"et","@id":"https:\/\/revalstone.com\/shop\/toode\/kaarma-antiik\/#primaryimage","url":"https:\/\/revalstone.com\/shop\/wp-content\/uploads\/2025\/08\/Kaarma-antiik-harjatud-02.jpg","contentUrl":"https:\/\/revalstone.com\/shop\/wp-content\/uploads\/2025\/08\/Kaarma-antiik-harjatud-02.jpg","width":1536,"height":2048},{"@type":"BreadcrumbList","@id":"https:\/\/revalstone.com\/shop\/toode\/kaarma-antiik\/#breadcrumb","itemListElement":[{"@type":"ListItem","position":1,"name":"Home page","item":"https:\/\/revalstone.com\/shop\/home\/"},{"@type":"ListItem","position":2,"name":"Pood","item":"https:\/\/revalstone.com\/shop\/pood\/"},{"@type":"ListItem","position":3,"name":"Kaarma antiik"}]},{"@type":"WebSite","@id":"https:\/\/revalstone.com\/shop\/#website","url":"https:\/\/revalstone.com\/shop\/","name":"Reval Stone e-pood","description":"","publisher":{"@id":"https:\/\/revalstone.com\/shop\/#organization"},"potentialAction":[{"@type":"SearchAction","target":{"@type":"EntryPoint","urlTemplate":"https:\/\/revalstone.com\/shop\/?s={search_term_string}"},"query-input":{"@type":"PropertyValueSpecification","valueRequired":true,"valueName":"search_term_string"}}],"inLanguage":"et"},{"@type":"Organization","@id":"https:\/\/revalstone.com\/shop\/#organization","name":"Reval Stone","url":"https:\/\/revalstone.com\/shop\/","logo":{"@type":"ImageObject","inLanguage":"et","@id":"https:\/\/revalstone.com\/shop\/#\/schema\/logo\/image\/","url":"https:\/\/revalstone.com\/shop\/wp-content\/uploads\/2021\/09\/Logo_v.png","contentUrl":"https:\/\/revalstone.com\/shop\/wp-content\/uploads\/2021\/09\/Logo_v.png","width":960,"height":672,"caption":"Reval Stone"},"image":{"@id":"https:\/\/revalstone.com\/shop\/#\/schema\/logo\/image\/"},"sameAs":["https:\/\/www.facebook.com\/revalstoneofficial","https:\/\/www.instagram.com\/revalstoneofficial\/","https:\/\/en.wikipedia.org\/wiki\/Saare_Dolomiit-V\u00e4okivi"]}]}},"_links":{"self":[{"href":"https:\/\/revalstone.com\/shop\/wp-json\/wp\/v2\/product\/17362","targetHints":{"allow":["GET"]}}],"collection":[{"href":"https:\/\/revalstone.com\/shop\/wp-json\/wp\/v2\/product"}],"about":[{"href":"https:\/\/revalstone.com\/shop\/wp-json\/wp\/v2\/types\/product"}],"replies":[{"embeddable":true,"href":"https:\/\/revalstone.com\/shop\/wp-json\/wp\/v2\/comments?post=17362"}],"wp:featuredmedia":[{"embeddable":true,"href":"https:\/\/revalstone.com\/shop\/wp-json\/wp\/v2\/media\/17402"}],"wp:attachment":[{"href":"https:\/\/revalstone.com\/shop\/wp-json\/wp\/v2\/media?parent=17362"}],"wp:term":[{"taxonomy":"product_brand","embeddable":true,"href":"https:\/\/revalstone.com\/shop\/wp-json\/wp\/v2\/product_brand?post=17362"},{"taxonomy":"product_cat","embeddable":true,"href":"https:\/\/revalstone.com\/shop\/wp-json\/wp\/v2\/product_cat?post=17362"},{"taxonomy":"product_tag","embeddable":true,"href":"https:\/\/revalstone.com\/shop\/wp-json\/wp\/v2\/product_tag?post=17362"}],"curies":[{"name":"wp","href":"https:\/\/api.w.org\/{rel}","templated":true}]}}