{"id":2950,"date":"2022-01-14T12:18:54","date_gmt":"2022-01-14T09:18:54","guid":{"rendered":"https:\/\/revalstone.com\/shop\/?post_type=product&#038;p=2950"},"modified":"2025-08-25T13:18:52","modified_gmt":"2025-08-25T10:18:52","slug":"toopinnad","status":"publish","type":"product","link":"https:\/\/revalstone.com\/shop\/toode\/toopinnad\/","title":{"rendered":"T\u00f6\u00f6pinnad"},"content":{"rendered":"<p>Esmalt valige <strong>materjal<\/strong> ja selle <strong>paksus<\/strong> (2 cm v\u00f5i 3 cm). Seej\u00e4rel sisestage tellitavate <strong>detailide arv<\/strong> ja iga detaili <strong>laius ning pikkus <\/strong>(tagaseina detailide paksus on alati 2 cm). P\u00e4rast seda sisestage \u00fclej\u00e4\u00e4nud andmed K\u00d5IGI detailide kohta kokku: valitud servat\u00f6\u00f6tlusega t\u00f6\u00f6deldavate <strong>servade pikkus<\/strong> sentimeetrites ja erinevat t\u00fc\u00fcpi <strong>aukude arv<\/strong>.<\/p>\n<p><strong>Valamute aukude\u00a0<\/strong>puhul on valikuid kaks: <strong>pealt paigaldatav valamu<\/strong> (augu servad ei vaja t\u00f6\u00f6tlust, kuna valamu varjab need \u00e4ra) ja <strong>alla kinnitatav valamu<\/strong> (augu servad on lihvitud ja \u00fclaserv on v\u00e4ikese faasiga). <strong>Orgita dolomiidi puhul<\/strong> on v\u00f5imalik suuremaid avausi (nt valamute ja pliitide augud) tasapinda l\u00f5igata <strong>3 cm paksuse korral<\/strong>.<\/p>\n<p>Viimasena saate lisada tellimusele <strong>kommentaare ja faile<\/strong>. Kindlasti lisage <strong>v\u00f5imalikult t\u00e4pne joonis <\/strong>\u2013 nii teame t\u00f6\u00f6delda k\u00f5ik vajalikud servad ja teha soovitud augud \u00f5igetesse kohtadesse. Enamasti annavad valamute ja pliitide tootjad toodete paigalduseks konkreetse joonise. Kui teil on valamu ja pliit juba valitud, siis lisage palun tellimusele ka tootja poolt antud <strong>ava joonis<\/strong>.<\/p>\n<p>Kuna <strong>paekivi on habras materjal<\/strong>, siis tuleks arvestada sellega, et tasapinda l\u00f5igatava valamu v\u00f5i pliidi ava ja tasapinna serva vahele j\u00e4\u00e4ks v\u00e4hemalt 6,5 cm. Vastasel korral on \u00fclisuur v\u00f5imalus, et transpordil v\u00f5i paigaldamisel tasapind ava kohast puruneb.<\/p>\n<p>P\u00e4rast tellimuse esitamist vaatame tellimuse \u00fcle ja <strong>vajadusel korrigeerime hinda<\/strong> (kui tellides sisestatud andmed erinevad joonisel olevatest andmetest). Tagamaks t\u00f6\u00f6tasapindade terveks j\u00e4\u00e4mist transportimisel, pakendatakse need <strong>spetsiaalsetele alustele<\/strong>. Seet\u00f5ttu sisaldab transpordikulu ka <strong>40\u20ac lisatasu<\/strong> \u00fche aluse kohta (hinnale lisandub k\u00e4ibemaks).<\/p>\n<p>Kui teil ei \u00f5nnestu mingil p\u00f5hjusel enda soovidele vastavaid detaile ostukorvi lisada, v\u00f5i kui teil tekib tellimisega seoses mingeid k\u00fcsimusi, v\u00f5tke meiega \u00fchendust e-posti aadressil shop@revalstone.com.<\/p>\n","protected":false},"excerpt":{"rendered":"<p><span style=\"color: #009d89;\"><strong>Oma kaevandused ja oma tootmine!<\/strong><\/span><\/p>\n<p>T\u00f6\u00f6pinnad on saadaval kolmest materjalist: <strong>Orgita dolomiit <\/strong>(lihvitud) ja <strong>paekivi Reval<\/strong> (antiikt\u00f6\u00f6tlus ja lihvitud). Materjalid erinevad tellitava <strong>t\u00f6\u00f6pinna suurima pikkuse<\/strong> poolest \u2013 <a href=\"https:\/\/revalstone.com\/dolomiit-orgita\/\" target=\"_blank\" rel=\"noopener\"><span style=\"text-decoration: underline;\"><strong>Orgita dolomiidist<\/strong><\/span><\/a> tasapinna suurim pikkus on 200 cm ja <strong><span style=\"text-decoration: underline;\"><a href=\"https:\/\/revalstone.com\/paekivi-reval\/\" target=\"_blank\" rel=\"noopener\">paekivi Reval<\/a><\/span><\/strong> puhul on piiriks 220 cm (kui te soovite pikemat t\u00f6\u00f6pinda, v\u00f5tke meiega \u00fchendust). T\u00f6\u00f6tasapindade <strong>suurim v\u00f5imalik s\u00fcgavus<\/strong> on 63 cm. Enne tellima asumist soovitame tutvuda tellimise juhistega, mille leiate altpoolt.<\/p>\n<p>Lisaks t\u00f6\u00f6pindadele on e-poes saadaval ka looduskivist <span style=\"text-decoration: underline;\"><a href=\"https:\/\/revalstone.com\/shop\/pood\/\" target=\"_blank\" rel=\"noopener\"><strong>p\u00f5randaplaadid<\/strong><\/a><\/span>, <span style=\"text-decoration: underline;\"><a href=\"https:\/\/revalstone.com\/shop\/toode\/porandaliistud\/\" target=\"_blank\" rel=\"noopener\"><strong>p\u00f5randaliistud<\/strong><\/a><\/span> ja <a href=\"https:\/\/revalstone.com\/shop\/toode\/aknalauad\/\" target=\"_blank\" rel=\"noopener\"><strong><span style=\"text-decoration: underline;\">aknalauad<\/span><\/strong><\/a>.<\/p>\n<p><strong>NB!<\/strong> Nende kividega tutvumiseks saad tellida 20 x 20 cm n\u00e4idiseid.<\/p>\n","protected":false},"featured_media":14848,"comment_status":"closed","ping_status":"closed","template":"","meta":{"_acf_changed":false},"product_brand":[],"product_cat":[368,15],"product_tag":[],"class_list":{"0":"post-2950","1":"product","2":"type-product","3":"status-publish","4":"has-post-thumbnail","6":"product_cat-aknalauad-ja-toopinnad","7":"product_cat-misc","9":"first","10":"instock","11":"taxable","12":"shipping-taxable","13":"purchasable","14":"product-type-variable","15":"rtwpvg-product"},"acf":[],"yoast_head":"<!-- This site is optimized with the Yoast SEO plugin v27.3 - https:\/\/yoast.com\/product\/yoast-seo-wordpress\/ -->\n<title>T\u00f6\u00f6pinnad - Reval Stone e-pood<\/title>\n<meta name=\"description\" content=\"Looduskivist tasapinnad sinu koju. Eritellimusel t\u00f6\u00f6pinnad koos vajalike aukude ja t\u00f6\u00f6tlustega. T\u00e4pselt nii, nagu sinu projekti jaoks vaja.\" \/>\n<meta name=\"robots\" content=\"index, follow, max-snippet:-1, max-image-preview:large, max-video-preview:-1\" \/>\n<link rel=\"canonical\" href=\"https:\/\/revalstone.com\/shop\/toode\/toopinnad\/\" \/>\n<meta property=\"og:locale\" content=\"et_EE\" \/>\n<meta property=\"og:type\" content=\"article\" \/>\n<meta property=\"og:title\" content=\"T\u00f6\u00f6pinnad - Reval Stone e-pood\" \/>\n<meta property=\"og:description\" content=\"Looduskivist tasapinnad sinu koju. Eritellimusel t\u00f6\u00f6pinnad koos vajalike aukude ja t\u00f6\u00f6tlustega. T\u00e4pselt nii, nagu sinu projekti jaoks vaja.\" \/>\n<meta property=\"og:url\" content=\"https:\/\/revalstone.com\/shop\/toode\/toopinnad\/\" \/>\n<meta property=\"og:site_name\" content=\"Reval Stone e-pood\" \/>\n<meta property=\"article:publisher\" content=\"https:\/\/www.facebook.com\/revalstoneofficial\" \/>\n<meta property=\"article:modified_time\" content=\"2025-08-25T10:18:52+00:00\" \/>\n<meta property=\"og:image\" content=\"https:\/\/revalstone.com\/shop\/wp-content\/uploads\/2024\/01\/Reval-Stone-tasapind-countertop-2402.jpg\" \/>\n\t<meta property=\"og:image:width\" content=\"1500\" \/>\n\t<meta property=\"og:image:height\" content=\"1125\" \/>\n\t<meta property=\"og:image:type\" content=\"image\/jpeg\" \/>\n<meta name=\"twitter:card\" content=\"summary_large_image\" \/>\n<meta name=\"twitter:label1\" content=\"Est. reading time\" \/>\n\t<meta name=\"twitter:data1\" content=\"2 minutit\" \/>\n<script type=\"application\/ld+json\" class=\"yoast-schema-graph\">{\"@context\":\"https:\\\/\\\/schema.org\",\"@graph\":[{\"@type\":\"WebPage\",\"@id\":\"https:\\\/\\\/revalstone.com\\\/shop\\\/toode\\\/toopinnad\\\/\",\"url\":\"https:\\\/\\\/revalstone.com\\\/shop\\\/toode\\\/toopinnad\\\/\",\"name\":\"T\u00f6\u00f6pinnad - Reval Stone e-pood\",\"isPartOf\":{\"@id\":\"https:\\\/\\\/revalstone.com\\\/shop\\\/#website\"},\"primaryImageOfPage\":{\"@id\":\"https:\\\/\\\/revalstone.com\\\/shop\\\/toode\\\/toopinnad\\\/#primaryimage\"},\"image\":{\"@id\":\"https:\\\/\\\/revalstone.com\\\/shop\\\/toode\\\/toopinnad\\\/#primaryimage\"},\"thumbnailUrl\":\"https:\\\/\\\/revalstone.com\\\/shop\\\/wp-content\\\/uploads\\\/2024\\\/01\\\/Reval-Stone-tasapind-countertop-2402.jpg\",\"datePublished\":\"2022-01-14T09:18:54+00:00\",\"dateModified\":\"2025-08-25T10:18:52+00:00\",\"description\":\"Looduskivist tasapinnad sinu koju. Eritellimusel t\u00f6\u00f6pinnad koos vajalike aukude ja t\u00f6\u00f6tlustega. T\u00e4pselt nii, nagu sinu projekti jaoks vaja.\",\"breadcrumb\":{\"@id\":\"https:\\\/\\\/revalstone.com\\\/shop\\\/toode\\\/toopinnad\\\/#breadcrumb\"},\"inLanguage\":\"et\",\"potentialAction\":[{\"@type\":\"ReadAction\",\"target\":[\"https:\\\/\\\/revalstone.com\\\/shop\\\/toode\\\/toopinnad\\\/\"]}]},{\"@type\":\"ImageObject\",\"inLanguage\":\"et\",\"@id\":\"https:\\\/\\\/revalstone.com\\\/shop\\\/toode\\\/toopinnad\\\/#primaryimage\",\"url\":\"https:\\\/\\\/revalstone.com\\\/shop\\\/wp-content\\\/uploads\\\/2024\\\/01\\\/Reval-Stone-tasapind-countertop-2402.jpg\",\"contentUrl\":\"https:\\\/\\\/revalstone.com\\\/shop\\\/wp-content\\\/uploads\\\/2024\\\/01\\\/Reval-Stone-tasapind-countertop-2402.jpg\",\"width\":1500,\"height\":1125},{\"@type\":\"BreadcrumbList\",\"@id\":\"https:\\\/\\\/revalstone.com\\\/shop\\\/toode\\\/toopinnad\\\/#breadcrumb\",\"itemListElement\":[{\"@type\":\"ListItem\",\"position\":1,\"name\":\"Home page\",\"item\":\"https:\\\/\\\/revalstone.com\\\/shop\\\/home\\\/\"},{\"@type\":\"ListItem\",\"position\":2,\"name\":\"Pood\",\"item\":\"https:\\\/\\\/revalstone.com\\\/shop\\\/pood\\\/\"},{\"@type\":\"ListItem\",\"position\":3,\"name\":\"T\u00f6\u00f6pinnad\"}]},{\"@type\":\"WebSite\",\"@id\":\"https:\\\/\\\/revalstone.com\\\/shop\\\/#website\",\"url\":\"https:\\\/\\\/revalstone.com\\\/shop\\\/\",\"name\":\"Reval Stone e-pood\",\"description\":\"\",\"publisher\":{\"@id\":\"https:\\\/\\\/revalstone.com\\\/shop\\\/#organization\"},\"potentialAction\":[{\"@type\":\"SearchAction\",\"target\":{\"@type\":\"EntryPoint\",\"urlTemplate\":\"https:\\\/\\\/revalstone.com\\\/shop\\\/?s={search_term_string}\"},\"query-input\":{\"@type\":\"PropertyValueSpecification\",\"valueRequired\":true,\"valueName\":\"search_term_string\"}}],\"inLanguage\":\"et\"},{\"@type\":\"Organization\",\"@id\":\"https:\\\/\\\/revalstone.com\\\/shop\\\/#organization\",\"name\":\"Reval Stone\",\"url\":\"https:\\\/\\\/revalstone.com\\\/shop\\\/\",\"logo\":{\"@type\":\"ImageObject\",\"inLanguage\":\"et\",\"@id\":\"https:\\\/\\\/revalstone.com\\\/shop\\\/#\\\/schema\\\/logo\\\/image\\\/\",\"url\":\"https:\\\/\\\/revalstone.com\\\/shop\\\/wp-content\\\/uploads\\\/2021\\\/09\\\/Logo_v.png\",\"contentUrl\":\"https:\\\/\\\/revalstone.com\\\/shop\\\/wp-content\\\/uploads\\\/2021\\\/09\\\/Logo_v.png\",\"width\":960,\"height\":672,\"caption\":\"Reval Stone\"},\"image\":{\"@id\":\"https:\\\/\\\/revalstone.com\\\/shop\\\/#\\\/schema\\\/logo\\\/image\\\/\"},\"sameAs\":[\"https:\\\/\\\/www.facebook.com\\\/revalstoneofficial\",\"https:\\\/\\\/www.instagram.com\\\/revalstoneofficial\\\/\",\"https:\\\/\\\/en.wikipedia.org\\\/wiki\\\/Saare_Dolomiit-V\u00e4okivi\"]}]}<\/script>\n<!-- \/ Yoast SEO plugin. -->","yoast_head_json":{"title":"T\u00f6\u00f6pinnad - Reval Stone e-pood","description":"Looduskivist tasapinnad sinu koju. Eritellimusel t\u00f6\u00f6pinnad koos vajalike aukude ja t\u00f6\u00f6tlustega. T\u00e4pselt nii, nagu sinu projekti jaoks vaja.","robots":{"index":"index","follow":"follow","max-snippet":"max-snippet:-1","max-image-preview":"max-image-preview:large","max-video-preview":"max-video-preview:-1"},"canonical":"https:\/\/revalstone.com\/shop\/toode\/toopinnad\/","og_locale":"et_EE","og_type":"article","og_title":"T\u00f6\u00f6pinnad - Reval Stone e-pood","og_description":"Looduskivist tasapinnad sinu koju. Eritellimusel t\u00f6\u00f6pinnad koos vajalike aukude ja t\u00f6\u00f6tlustega. T\u00e4pselt nii, nagu sinu projekti jaoks vaja.","og_url":"https:\/\/revalstone.com\/shop\/toode\/toopinnad\/","og_site_name":"Reval Stone e-pood","article_publisher":"https:\/\/www.facebook.com\/revalstoneofficial","article_modified_time":"2025-08-25T10:18:52+00:00","og_image":[{"width":1500,"height":1125,"url":"https:\/\/revalstone.com\/shop\/wp-content\/uploads\/2024\/01\/Reval-Stone-tasapind-countertop-2402.jpg","type":"image\/jpeg"}],"twitter_card":"summary_large_image","twitter_misc":{"Est. reading time":"2 minutit"},"schema":{"@context":"https:\/\/schema.org","@graph":[{"@type":"WebPage","@id":"https:\/\/revalstone.com\/shop\/toode\/toopinnad\/","url":"https:\/\/revalstone.com\/shop\/toode\/toopinnad\/","name":"T\u00f6\u00f6pinnad - Reval Stone e-pood","isPartOf":{"@id":"https:\/\/revalstone.com\/shop\/#website"},"primaryImageOfPage":{"@id":"https:\/\/revalstone.com\/shop\/toode\/toopinnad\/#primaryimage"},"image":{"@id":"https:\/\/revalstone.com\/shop\/toode\/toopinnad\/#primaryimage"},"thumbnailUrl":"https:\/\/revalstone.com\/shop\/wp-content\/uploads\/2024\/01\/Reval-Stone-tasapind-countertop-2402.jpg","datePublished":"2022-01-14T09:18:54+00:00","dateModified":"2025-08-25T10:18:52+00:00","description":"Looduskivist tasapinnad sinu koju. Eritellimusel t\u00f6\u00f6pinnad koos vajalike aukude ja t\u00f6\u00f6tlustega. T\u00e4pselt nii, nagu sinu projekti jaoks vaja.","breadcrumb":{"@id":"https:\/\/revalstone.com\/shop\/toode\/toopinnad\/#breadcrumb"},"inLanguage":"et","potentialAction":[{"@type":"ReadAction","target":["https:\/\/revalstone.com\/shop\/toode\/toopinnad\/"]}]},{"@type":"ImageObject","inLanguage":"et","@id":"https:\/\/revalstone.com\/shop\/toode\/toopinnad\/#primaryimage","url":"https:\/\/revalstone.com\/shop\/wp-content\/uploads\/2024\/01\/Reval-Stone-tasapind-countertop-2402.jpg","contentUrl":"https:\/\/revalstone.com\/shop\/wp-content\/uploads\/2024\/01\/Reval-Stone-tasapind-countertop-2402.jpg","width":1500,"height":1125},{"@type":"BreadcrumbList","@id":"https:\/\/revalstone.com\/shop\/toode\/toopinnad\/#breadcrumb","itemListElement":[{"@type":"ListItem","position":1,"name":"Home page","item":"https:\/\/revalstone.com\/shop\/home\/"},{"@type":"ListItem","position":2,"name":"Pood","item":"https:\/\/revalstone.com\/shop\/pood\/"},{"@type":"ListItem","position":3,"name":"T\u00f6\u00f6pinnad"}]},{"@type":"WebSite","@id":"https:\/\/revalstone.com\/shop\/#website","url":"https:\/\/revalstone.com\/shop\/","name":"Reval Stone e-pood","description":"","publisher":{"@id":"https:\/\/revalstone.com\/shop\/#organization"},"potentialAction":[{"@type":"SearchAction","target":{"@type":"EntryPoint","urlTemplate":"https:\/\/revalstone.com\/shop\/?s={search_term_string}"},"query-input":{"@type":"PropertyValueSpecification","valueRequired":true,"valueName":"search_term_string"}}],"inLanguage":"et"},{"@type":"Organization","@id":"https:\/\/revalstone.com\/shop\/#organization","name":"Reval Stone","url":"https:\/\/revalstone.com\/shop\/","logo":{"@type":"ImageObject","inLanguage":"et","@id":"https:\/\/revalstone.com\/shop\/#\/schema\/logo\/image\/","url":"https:\/\/revalstone.com\/shop\/wp-content\/uploads\/2021\/09\/Logo_v.png","contentUrl":"https:\/\/revalstone.com\/shop\/wp-content\/uploads\/2021\/09\/Logo_v.png","width":960,"height":672,"caption":"Reval Stone"},"image":{"@id":"https:\/\/revalstone.com\/shop\/#\/schema\/logo\/image\/"},"sameAs":["https:\/\/www.facebook.com\/revalstoneofficial","https:\/\/www.instagram.com\/revalstoneofficial\/","https:\/\/en.wikipedia.org\/wiki\/Saare_Dolomiit-V\u00e4okivi"]}]}},"_links":{"self":[{"href":"https:\/\/revalstone.com\/shop\/wp-json\/wp\/v2\/product\/2950","targetHints":{"allow":["GET"]}}],"collection":[{"href":"https:\/\/revalstone.com\/shop\/wp-json\/wp\/v2\/product"}],"about":[{"href":"https:\/\/revalstone.com\/shop\/wp-json\/wp\/v2\/types\/product"}],"replies":[{"embeddable":true,"href":"https:\/\/revalstone.com\/shop\/wp-json\/wp\/v2\/comments?post=2950"}],"wp:featuredmedia":[{"embeddable":true,"href":"https:\/\/revalstone.com\/shop\/wp-json\/wp\/v2\/media\/14848"}],"wp:attachment":[{"href":"https:\/\/revalstone.com\/shop\/wp-json\/wp\/v2\/media?parent=2950"}],"wp:term":[{"taxonomy":"product_brand","embeddable":true,"href":"https:\/\/revalstone.com\/shop\/wp-json\/wp\/v2\/product_brand?post=2950"},{"taxonomy":"product_cat","embeddable":true,"href":"https:\/\/revalstone.com\/shop\/wp-json\/wp\/v2\/product_cat?post=2950"},{"taxonomy":"product_tag","embeddable":true,"href":"https:\/\/revalstone.com\/shop\/wp-json\/wp\/v2\/product_tag?post=2950"}],"curies":[{"name":"wp","href":"https:\/\/api.w.org\/{rel}","templated":true}]}}