{"id":75,"date":"2021-05-01T09:33:27","date_gmt":"2021-05-01T06:33:27","guid":{"rendered":"https:\/\/revalstone.com\/shop\/?post_type=product&#038;p=75"},"modified":"2025-08-15T13:05:23","modified_gmt":"2025-08-15T10:05:23","slug":"reval-lihv","status":"publish","type":"product","link":"https:\/\/revalstone.com\/shop\/toode\/reval-lihv\/","title":{"rendered":"Reval lihv"},"content":{"rendered":"<p>Paekivi Reval kasutamise pikaajalist traditsiooni ja kivi populaarsust kinnitab see, et just seda kivi kasutavaid mahukaid projekte on valminud alates 13. sajandist (Tallinna kindlustused ja vanalinna majad) kuni t\u00e4nap\u00e4evani v\u00e4lja (Kumu kunstimuuseum).<\/p>\n<p>Seda on sajandeid kasutatud hea ehituskivina nii Tallinna kui ka Peterburi vanalinnas ja selle populaarsus kestab.<\/p>\n<p>Skandinaavia turul on kivi kohta kasutusel nimed Lindholmen ja Estlandia Kalksten.<\/p>\n<p>Lihvitud paekivi Reval libisemiskindlus on kuiva pinna korral 55,7 ja m\u00e4rja pinna korral 35,6. Kuiva pinna n\u00e4itaja vastab klassile P5 (R13) ja m\u00e4rja pinna oma klassile P3 (R11). Klassid P5\/R13 osutavad suurimale libisemiskindlusele ehk v\u00e4ga madalale libisemisriskile. Klassid P3\/R11 osutavad m\u00f5\u00f5dukale libisemisriskile. Katsed viidi l\u00e4bi Stone Pole Oy laboris Soomes.<\/p>\n","protected":false},"excerpt":{"rendered":"<p><span style=\"color: #009d89;\"><strong>Oma kaevandused ja oma tootmine!<\/strong><\/span><\/p>\n<p>Tallinna (Reval) paekivi on tuntuim Eesti paekivi, mille vanus v\u00f5ib olla kuni 500 miljonit aastat. Seda on sajandeid kasutatud hea ehituskivina ja selle populaarsus kestab. Seda p\u00f5hitoonilt halli kivi v\u00e4rvuse v\u00f5i mustri j\u00e4rgi ei sorteerita. Loe selle v\u00e4hemalt alates 13. sajandist kasutatava kivi kohta edasi <span style=\"text-decoration: underline;\"><strong><a href=\"https:\/\/revalstone.com\/paekivi-reval\/\" target=\"_blank\" rel=\"noopener\">siit<\/a><\/strong><\/span>.<\/p>\n<p>P\u00f5randaplaatide paksus on 10 mm (60 \u00d7 60 cm plaadil 15 mm).<\/p>\n<p>Paekivi Reval on saadaval ka <span style=\"text-decoration: underline;\"><strong><a href=\"https:\/\/revalstone.com\/shop\/toode\/reval-antiik\/\">antiikse pinnat\u00f6\u00f6tlusega<\/a><\/strong><\/span>.<\/p>\n<p>E-poes on saadaval ka samast materjalist <span style=\"text-decoration: underline;\"><strong><a href=\"https:\/\/revalstone.com\/shop\/toode\/porandaliistud\/\" target=\"_blank\" rel=\"noopener\">p\u00f5randaliistud<\/a><\/strong><\/span>, <span style=\"text-decoration: underline;\"><a href=\"https:\/\/revalstone.com\/shop\/toode\/aknalauad\/\" target=\"_blank\" rel=\"noopener\"><strong>aknalauad<\/strong><\/a><\/span> ja <span style=\"text-decoration: underline;\"><a href=\"https:\/\/revalstone.com\/shop\/toode\/toopinnad\/\" target=\"_blank\" rel=\"noopener\"><strong>t\u00f6\u00f6pinnad<\/strong><\/a><\/span>.<\/p>\n<p>Transpordihindade kohta saad t\u00e4psemalt lugeda\u00a0<a href=\"https:\/\/revalstone.com\/shop\/transport\/\" target=\"_blank\" rel=\"noopener\"><strong>siit<\/strong><\/a>.<\/p>\n<p><strong>NB!<\/strong> Selle kiviga tutvumiseks saad tellida 20 x 20 cm n\u00e4idise.<\/p>\n","protected":false},"featured_media":1213,"comment_status":"closed","ping_status":"closed","template":"","meta":{"_acf_changed":false},"product_brand":[],"product_cat":[15,161],"product_tag":[],"class_list":{"0":"post-75","1":"product","2":"type-product","3":"status-publish","4":"has-post-thumbnail","6":"product_cat-misc","7":"product_cat-looduslikud-kivid","9":"first","10":"instock","11":"taxable","12":"shipping-taxable","13":"purchasable","14":"product-type-variable","15":"rtwpvg-product"},"acf":[],"yoast_head":"<!-- This site is optimized with the Yoast SEO plugin v27.4 - https:\/\/yoast.com\/product\/yoast-seo-wordpress\/ -->\n<title>Reval lihv - Paekivi Reval - Reval Stone e-pood<\/title>\n<meta name=\"description\" content=\"Tallinna paekivi on tuntuim Eesti paekivi. E-poes on p\u00f5randaplaadid saadaval nii lihvitud pinnaga kui ka antiikt\u00f6\u00f6tlusega looduskivist.\" \/>\n<meta name=\"robots\" content=\"index, follow, max-snippet:-1, max-image-preview:large, max-video-preview:-1\" \/>\n<link rel=\"canonical\" href=\"https:\/\/revalstone.com\/shop\/toode\/reval-lihv\/\" \/>\n<meta property=\"og:locale\" content=\"et_EE\" \/>\n<meta property=\"og:type\" content=\"article\" \/>\n<meta property=\"og:title\" content=\"Reval lihv - Paekivi Reval - Reval Stone e-pood\" \/>\n<meta property=\"og:description\" content=\"Tallinna paekivi on tuntuim Eesti paekivi. E-poes on p\u00f5randaplaadid saadaval nii lihvitud pinnaga kui ka antiikt\u00f6\u00f6tlusega looduskivist.\" \/>\n<meta property=\"og:url\" content=\"https:\/\/revalstone.com\/shop\/toode\/reval-lihv\/\" \/>\n<meta property=\"og:site_name\" content=\"Reval Stone e-pood\" \/>\n<meta property=\"article:publisher\" content=\"https:\/\/www.facebook.com\/revalstoneofficial\" \/>\n<meta property=\"article:modified_time\" content=\"2025-08-15T10:05:23+00:00\" \/>\n<meta property=\"og:image\" content=\"https:\/\/revalstone.com\/shop\/wp-content\/uploads\/2021\/07\/Reval_Stone_Reval_lihv_01.jpg\" \/>\n\t<meta property=\"og:image:width\" content=\"1500\" \/>\n\t<meta property=\"og:image:height\" content=\"1500\" \/>\n\t<meta property=\"og:image:type\" content=\"image\/jpeg\" \/>\n<meta name=\"twitter:card\" content=\"summary_large_image\" \/>\n<meta name=\"twitter:label1\" content=\"Est. reading time\" \/>\n\t<meta name=\"twitter:data1\" content=\"1 minut\" \/>\n<script type=\"application\/ld+json\" class=\"yoast-schema-graph\">{\"@context\":\"https:\\\/\\\/schema.org\",\"@graph\":[{\"@type\":\"WebPage\",\"@id\":\"https:\\\/\\\/revalstone.com\\\/shop\\\/toode\\\/reval-lihv\\\/\",\"url\":\"https:\\\/\\\/revalstone.com\\\/shop\\\/toode\\\/reval-lihv\\\/\",\"name\":\"Reval lihv - Paekivi Reval - Reval Stone e-pood\",\"isPartOf\":{\"@id\":\"https:\\\/\\\/revalstone.com\\\/shop\\\/#website\"},\"primaryImageOfPage\":{\"@id\":\"https:\\\/\\\/revalstone.com\\\/shop\\\/toode\\\/reval-lihv\\\/#primaryimage\"},\"image\":{\"@id\":\"https:\\\/\\\/revalstone.com\\\/shop\\\/toode\\\/reval-lihv\\\/#primaryimage\"},\"thumbnailUrl\":\"https:\\\/\\\/revalstone.com\\\/shop\\\/wp-content\\\/uploads\\\/2021\\\/07\\\/Reval_Stone_Reval_lihv_01.jpg\",\"datePublished\":\"2021-05-01T06:33:27+00:00\",\"dateModified\":\"2025-08-15T10:05:23+00:00\",\"description\":\"Tallinna paekivi on tuntuim Eesti paekivi. E-poes on p\u00f5randaplaadid saadaval nii lihvitud pinnaga kui ka antiikt\u00f6\u00f6tlusega looduskivist.\",\"breadcrumb\":{\"@id\":\"https:\\\/\\\/revalstone.com\\\/shop\\\/toode\\\/reval-lihv\\\/#breadcrumb\"},\"inLanguage\":\"et\",\"potentialAction\":[{\"@type\":\"ReadAction\",\"target\":[\"https:\\\/\\\/revalstone.com\\\/shop\\\/toode\\\/reval-lihv\\\/\"]}]},{\"@type\":\"ImageObject\",\"inLanguage\":\"et\",\"@id\":\"https:\\\/\\\/revalstone.com\\\/shop\\\/toode\\\/reval-lihv\\\/#primaryimage\",\"url\":\"https:\\\/\\\/revalstone.com\\\/shop\\\/wp-content\\\/uploads\\\/2021\\\/07\\\/Reval_Stone_Reval_lihv_01.jpg\",\"contentUrl\":\"https:\\\/\\\/revalstone.com\\\/shop\\\/wp-content\\\/uploads\\\/2021\\\/07\\\/Reval_Stone_Reval_lihv_01.jpg\",\"width\":1500,\"height\":1500,\"caption\":\"Reval Stone Reval paekivi lihvitud\"},{\"@type\":\"BreadcrumbList\",\"@id\":\"https:\\\/\\\/revalstone.com\\\/shop\\\/toode\\\/reval-lihv\\\/#breadcrumb\",\"itemListElement\":[{\"@type\":\"ListItem\",\"position\":1,\"name\":\"Home page\",\"item\":\"https:\\\/\\\/revalstone.com\\\/shop\\\/home\\\/\"},{\"@type\":\"ListItem\",\"position\":2,\"name\":\"Pood\",\"item\":\"https:\\\/\\\/revalstone.com\\\/shop\\\/pood\\\/\"},{\"@type\":\"ListItem\",\"position\":3,\"name\":\"Reval lihv\"}]},{\"@type\":\"WebSite\",\"@id\":\"https:\\\/\\\/revalstone.com\\\/shop\\\/#website\",\"url\":\"https:\\\/\\\/revalstone.com\\\/shop\\\/\",\"name\":\"Reval Stone e-pood\",\"description\":\"\",\"publisher\":{\"@id\":\"https:\\\/\\\/revalstone.com\\\/shop\\\/#organization\"},\"potentialAction\":[{\"@type\":\"SearchAction\",\"target\":{\"@type\":\"EntryPoint\",\"urlTemplate\":\"https:\\\/\\\/revalstone.com\\\/shop\\\/?s={search_term_string}\"},\"query-input\":{\"@type\":\"PropertyValueSpecification\",\"valueRequired\":true,\"valueName\":\"search_term_string\"}}],\"inLanguage\":\"et\"},{\"@type\":\"Organization\",\"@id\":\"https:\\\/\\\/revalstone.com\\\/shop\\\/#organization\",\"name\":\"Reval Stone\",\"url\":\"https:\\\/\\\/revalstone.com\\\/shop\\\/\",\"logo\":{\"@type\":\"ImageObject\",\"inLanguage\":\"et\",\"@id\":\"https:\\\/\\\/revalstone.com\\\/shop\\\/#\\\/schema\\\/logo\\\/image\\\/\",\"url\":\"https:\\\/\\\/revalstone.com\\\/shop\\\/wp-content\\\/uploads\\\/2021\\\/09\\\/Logo_v.png\",\"contentUrl\":\"https:\\\/\\\/revalstone.com\\\/shop\\\/wp-content\\\/uploads\\\/2021\\\/09\\\/Logo_v.png\",\"width\":960,\"height\":672,\"caption\":\"Reval Stone\"},\"image\":{\"@id\":\"https:\\\/\\\/revalstone.com\\\/shop\\\/#\\\/schema\\\/logo\\\/image\\\/\"},\"sameAs\":[\"https:\\\/\\\/www.facebook.com\\\/revalstoneofficial\",\"https:\\\/\\\/www.instagram.com\\\/revalstoneofficial\\\/\",\"https:\\\/\\\/en.wikipedia.org\\\/wiki\\\/Saare_Dolomiit-V\u00e4okivi\"]}]}<\/script>\n<!-- \/ Yoast SEO plugin. -->","yoast_head_json":{"title":"Reval lihv - Paekivi Reval - Reval Stone e-pood","description":"Tallinna paekivi on tuntuim Eesti paekivi. E-poes on p\u00f5randaplaadid saadaval nii lihvitud pinnaga kui ka antiikt\u00f6\u00f6tlusega looduskivist.","robots":{"index":"index","follow":"follow","max-snippet":"max-snippet:-1","max-image-preview":"max-image-preview:large","max-video-preview":"max-video-preview:-1"},"canonical":"https:\/\/revalstone.com\/shop\/toode\/reval-lihv\/","og_locale":"et_EE","og_type":"article","og_title":"Reval lihv - Paekivi Reval - Reval Stone e-pood","og_description":"Tallinna paekivi on tuntuim Eesti paekivi. E-poes on p\u00f5randaplaadid saadaval nii lihvitud pinnaga kui ka antiikt\u00f6\u00f6tlusega looduskivist.","og_url":"https:\/\/revalstone.com\/shop\/toode\/reval-lihv\/","og_site_name":"Reval Stone e-pood","article_publisher":"https:\/\/www.facebook.com\/revalstoneofficial","article_modified_time":"2025-08-15T10:05:23+00:00","og_image":[{"width":1500,"height":1500,"url":"https:\/\/revalstone.com\/shop\/wp-content\/uploads\/2021\/07\/Reval_Stone_Reval_lihv_01.jpg","type":"image\/jpeg"}],"twitter_card":"summary_large_image","twitter_misc":{"Est. reading time":"1 minut"},"schema":{"@context":"https:\/\/schema.org","@graph":[{"@type":"WebPage","@id":"https:\/\/revalstone.com\/shop\/toode\/reval-lihv\/","url":"https:\/\/revalstone.com\/shop\/toode\/reval-lihv\/","name":"Reval lihv - Paekivi Reval - Reval Stone e-pood","isPartOf":{"@id":"https:\/\/revalstone.com\/shop\/#website"},"primaryImageOfPage":{"@id":"https:\/\/revalstone.com\/shop\/toode\/reval-lihv\/#primaryimage"},"image":{"@id":"https:\/\/revalstone.com\/shop\/toode\/reval-lihv\/#primaryimage"},"thumbnailUrl":"https:\/\/revalstone.com\/shop\/wp-content\/uploads\/2021\/07\/Reval_Stone_Reval_lihv_01.jpg","datePublished":"2021-05-01T06:33:27+00:00","dateModified":"2025-08-15T10:05:23+00:00","description":"Tallinna paekivi on tuntuim Eesti paekivi. E-poes on p\u00f5randaplaadid saadaval nii lihvitud pinnaga kui ka antiikt\u00f6\u00f6tlusega looduskivist.","breadcrumb":{"@id":"https:\/\/revalstone.com\/shop\/toode\/reval-lihv\/#breadcrumb"},"inLanguage":"et","potentialAction":[{"@type":"ReadAction","target":["https:\/\/revalstone.com\/shop\/toode\/reval-lihv\/"]}]},{"@type":"ImageObject","inLanguage":"et","@id":"https:\/\/revalstone.com\/shop\/toode\/reval-lihv\/#primaryimage","url":"https:\/\/revalstone.com\/shop\/wp-content\/uploads\/2021\/07\/Reval_Stone_Reval_lihv_01.jpg","contentUrl":"https:\/\/revalstone.com\/shop\/wp-content\/uploads\/2021\/07\/Reval_Stone_Reval_lihv_01.jpg","width":1500,"height":1500,"caption":"Reval Stone Reval paekivi lihvitud"},{"@type":"BreadcrumbList","@id":"https:\/\/revalstone.com\/shop\/toode\/reval-lihv\/#breadcrumb","itemListElement":[{"@type":"ListItem","position":1,"name":"Home page","item":"https:\/\/revalstone.com\/shop\/home\/"},{"@type":"ListItem","position":2,"name":"Pood","item":"https:\/\/revalstone.com\/shop\/pood\/"},{"@type":"ListItem","position":3,"name":"Reval lihv"}]},{"@type":"WebSite","@id":"https:\/\/revalstone.com\/shop\/#website","url":"https:\/\/revalstone.com\/shop\/","name":"Reval Stone e-pood","description":"","publisher":{"@id":"https:\/\/revalstone.com\/shop\/#organization"},"potentialAction":[{"@type":"SearchAction","target":{"@type":"EntryPoint","urlTemplate":"https:\/\/revalstone.com\/shop\/?s={search_term_string}"},"query-input":{"@type":"PropertyValueSpecification","valueRequired":true,"valueName":"search_term_string"}}],"inLanguage":"et"},{"@type":"Organization","@id":"https:\/\/revalstone.com\/shop\/#organization","name":"Reval Stone","url":"https:\/\/revalstone.com\/shop\/","logo":{"@type":"ImageObject","inLanguage":"et","@id":"https:\/\/revalstone.com\/shop\/#\/schema\/logo\/image\/","url":"https:\/\/revalstone.com\/shop\/wp-content\/uploads\/2021\/09\/Logo_v.png","contentUrl":"https:\/\/revalstone.com\/shop\/wp-content\/uploads\/2021\/09\/Logo_v.png","width":960,"height":672,"caption":"Reval Stone"},"image":{"@id":"https:\/\/revalstone.com\/shop\/#\/schema\/logo\/image\/"},"sameAs":["https:\/\/www.facebook.com\/revalstoneofficial","https:\/\/www.instagram.com\/revalstoneofficial\/","https:\/\/en.wikipedia.org\/wiki\/Saare_Dolomiit-V\u00e4okivi"]}]}},"_links":{"self":[{"href":"https:\/\/revalstone.com\/shop\/wp-json\/wp\/v2\/product\/75","targetHints":{"allow":["GET"]}}],"collection":[{"href":"https:\/\/revalstone.com\/shop\/wp-json\/wp\/v2\/product"}],"about":[{"href":"https:\/\/revalstone.com\/shop\/wp-json\/wp\/v2\/types\/product"}],"replies":[{"embeddable":true,"href":"https:\/\/revalstone.com\/shop\/wp-json\/wp\/v2\/comments?post=75"}],"wp:featuredmedia":[{"embeddable":true,"href":"https:\/\/revalstone.com\/shop\/wp-json\/wp\/v2\/media\/1213"}],"wp:attachment":[{"href":"https:\/\/revalstone.com\/shop\/wp-json\/wp\/v2\/media?parent=75"}],"wp:term":[{"taxonomy":"product_brand","embeddable":true,"href":"https:\/\/revalstone.com\/shop\/wp-json\/wp\/v2\/product_brand?post=75"},{"taxonomy":"product_cat","embeddable":true,"href":"https:\/\/revalstone.com\/shop\/wp-json\/wp\/v2\/product_cat?post=75"},{"taxonomy":"product_tag","embeddable":true,"href":"https:\/\/revalstone.com\/shop\/wp-json\/wp\/v2\/product_tag?post=75"}],"curies":[{"name":"wp","href":"https:\/\/api.w.org\/{rel}","templated":true}]}}