{"id":84,"date":"2021-05-01T09:49:34","date_gmt":"2021-05-01T06:49:34","guid":{"rendered":"https:\/\/revalstone.com\/shop\/?post_type=product&#038;p=84"},"modified":"2025-08-14T15:54:07","modified_gmt":"2025-08-14T12:54:07","slug":"reval-antiik","status":"publish","type":"product","link":"https:\/\/revalstone.com\/shop\/toode\/reval-antiik\/","title":{"rendered":"Reval antiik"},"content":{"rendered":"<p>Kodumaise paekivi Reval kasutamise pikaajalisust ja selle kivi populaarsust n\u00e4itab asjaolu, et just seda P\u00f5hja-Eesti kivi kasutavaid suuri projekte on siinkandis valminud alates 13. sajandist (Tallinna kindlustused ja majad vanalinnas) kuni t\u00e4nase p\u00e4evani v\u00e4lja (Kumu kunstimuuseum).<\/p>\n<p>Seda materjali on pikki sajandeid kasutatud hea ehituskivina nii Tallinna kui ka Peterburi vanalinnas ja selle populaarsus ei ole ajaga kahanenud.<\/p>\n<p>Skandinaavia turul on selle populaarse kivi kohta kasutusel nimed Lindholmen ja Estlandia Kalksten.<\/p>\n","protected":false},"excerpt":{"rendered":"<p><span style=\"color: #009d89;\"><strong>Oma kaevandused ja oma tootmine!<\/strong><\/span><\/p>\n<p>Tallinna (Reval) paekivi on selgelt tuntuim Eestimaine paekivi, mille vanus v\u00f5ib ulatuda kuni 500 miljonit aastani. Seda materjali on pikki sajandeid kasutatud hea ehituskivina ja selle populaarsus ei ole ajaga kahanenud. Seda oma p\u00f5hitoonilt halli kivi v\u00e4rvuse v\u00f5i mustri j\u00e4rgi ei sorteerita. Loe antud v\u00e4hemalt alates 13. sajandist kasutatava kodumaise kivi kohta edasi <span style=\"text-decoration: underline;\"><strong><a href=\"https:\/\/revalstone.com\/paekivi-reval\/\" target=\"_blank\" rel=\"noopener\">siit<\/a><\/strong><\/span>.<\/p>\n<p>Antiikne ehk harjatud pinnaviimistlus saavutatakse spetsiaalsete harjadega, mis eemaldavad kivi pehmema osa ja toovad esile selle loomuliku tekstuuri. Pind on k\u00e4ega katsudes \u201enahkne\u201c ega ole peaaegu kunagi peegelsile v\u00f5i l\u00e4ikiv. See annab kivile kergelt kulunud v\u00f5i \u201eajalooh\u00f5ngulise\u201c v\u00e4limuse, mis j\u00e4ljendab aja jooksul tekkinud loomulikku kulumist. Harjatud viimistlus on ka praktiline \u2013 v\u00e4iksemad kasutusj\u00e4ljed ei torka nii kergesti silma kui lihvitud kivil.<\/p>\n<div class=\"woocommerce-product-details__short-description\">\n<div class=\"woocommerce-product-details__short-description\">\n<p>P\u00f5randaplaatide paksus on 10 mm (60 \u00d7 60 cm plaadil 15 mm).<\/p>\n<\/div>\n<\/div>\n<p>Paekivi Reval on saadaval ka <span style=\"text-decoration: underline;\"><strong><a href=\"https:\/\/revalstone.com\/shop\/product\/reval-lihv\/\">lihvitud pinnat\u00f6\u00f6tlusega<\/a><\/strong><\/span>.<\/p>\n<p>E-poes on saadaval ka samast materjalist <span style=\"text-decoration: underline;\"><strong><a href=\"https:\/\/revalstone.com\/shop\/toode\/porandaliistud\/\" target=\"_blank\" rel=\"noopener\">p\u00f5randaliistud<\/a><\/strong><\/span>, <span style=\"text-decoration: underline;\"><a href=\"https:\/\/revalstone.com\/shop\/toode\/aknalauad\/\" target=\"_blank\" rel=\"noopener\"><strong>aknalauad<\/strong><\/a><\/span> ja <span style=\"text-decoration: underline;\"><a href=\"https:\/\/revalstone.com\/shop\/toode\/toopinnad\/\" target=\"_blank\" rel=\"noopener\"><strong>t\u00f6\u00f6pinnad<\/strong><\/a><\/span>.<\/p>\n<p>Transpordihindade kohta saad t\u00e4psemalt lugeda\u00a0<span style=\"text-decoration: underline;\"><a href=\"https:\/\/revalstone.com\/shop\/transport\/\" target=\"_blank\" rel=\"noopener\"><strong>siit<\/strong><\/a><\/span>.<\/p>\n<p><strong>NB!<\/strong> Selle kiviga tutvumiseks saad tellida 20 x 20 cm n\u00e4idise.<\/p>\n","protected":false},"featured_media":1207,"comment_status":"closed","ping_status":"closed","template":"","meta":{"_acf_changed":false},"product_brand":[],"product_cat":[15,161],"product_tag":[],"class_list":{"0":"post-84","1":"product","2":"type-product","3":"status-publish","4":"has-post-thumbnail","6":"product_cat-misc","7":"product_cat-looduslikud-kivid","9":"first","10":"instock","11":"taxable","12":"shipping-taxable","13":"purchasable","14":"product-type-variable","15":"rtwpvg-product"},"acf":[],"yoast_head":"<!-- This site is optimized with the Yoast SEO plugin v27.4 - https:\/\/yoast.com\/product\/yoast-seo-wordpress\/ -->\n<title>Reval antiik - Paekivi Reval - Reval Stone e-pood<\/title>\n<meta name=\"description\" content=\"Paekivi Reval on k\u00f5ige tuntum Eesti paekivi. P\u00f5randplaadid kodumaisest v\u00e4ga pika kasutamise ajalooga looduskivist.\" \/>\n<meta name=\"robots\" content=\"index, follow, max-snippet:-1, max-image-preview:large, max-video-preview:-1\" \/>\n<link rel=\"canonical\" href=\"https:\/\/revalstone.com\/shop\/toode\/reval-antiik\/\" \/>\n<meta property=\"og:locale\" content=\"et_EE\" \/>\n<meta property=\"og:type\" content=\"article\" \/>\n<meta property=\"og:title\" content=\"Reval antiik - Paekivi Reval - Reval Stone e-pood\" \/>\n<meta property=\"og:description\" content=\"Paekivi Reval on k\u00f5ige tuntum Eesti paekivi. P\u00f5randplaadid kodumaisest v\u00e4ga pika kasutamise ajalooga looduskivist.\" \/>\n<meta property=\"og:url\" content=\"https:\/\/revalstone.com\/shop\/toode\/reval-antiik\/\" \/>\n<meta property=\"og:site_name\" content=\"Reval Stone e-pood\" \/>\n<meta property=\"article:publisher\" content=\"https:\/\/www.facebook.com\/revalstoneofficial\" \/>\n<meta property=\"article:modified_time\" content=\"2025-08-14T12:54:07+00:00\" \/>\n<meta property=\"og:image\" content=\"https:\/\/revalstone.com\/shop\/wp-content\/uploads\/2021\/07\/Reval_Stone_Reval_antiik_04.jpg\" \/>\n\t<meta property=\"og:image:width\" content=\"1500\" \/>\n\t<meta property=\"og:image:height\" content=\"1500\" \/>\n\t<meta property=\"og:image:type\" content=\"image\/jpeg\" \/>\n<meta name=\"twitter:card\" content=\"summary_large_image\" \/>\n<meta name=\"twitter:label1\" content=\"Est. reading time\" \/>\n\t<meta name=\"twitter:data1\" content=\"1 minut\" \/>\n<script type=\"application\/ld+json\" class=\"yoast-schema-graph\">{\"@context\":\"https:\\\/\\\/schema.org\",\"@graph\":[{\"@type\":\"WebPage\",\"@id\":\"https:\\\/\\\/revalstone.com\\\/shop\\\/toode\\\/reval-antiik\\\/\",\"url\":\"https:\\\/\\\/revalstone.com\\\/shop\\\/toode\\\/reval-antiik\\\/\",\"name\":\"Reval antiik - Paekivi Reval - Reval Stone e-pood\",\"isPartOf\":{\"@id\":\"https:\\\/\\\/revalstone.com\\\/shop\\\/#website\"},\"primaryImageOfPage\":{\"@id\":\"https:\\\/\\\/revalstone.com\\\/shop\\\/toode\\\/reval-antiik\\\/#primaryimage\"},\"image\":{\"@id\":\"https:\\\/\\\/revalstone.com\\\/shop\\\/toode\\\/reval-antiik\\\/#primaryimage\"},\"thumbnailUrl\":\"https:\\\/\\\/revalstone.com\\\/shop\\\/wp-content\\\/uploads\\\/2021\\\/07\\\/Reval_Stone_Reval_antiik_04.jpg\",\"datePublished\":\"2021-05-01T06:49:34+00:00\",\"dateModified\":\"2025-08-14T12:54:07+00:00\",\"description\":\"Paekivi Reval on k\u00f5ige tuntum Eesti paekivi. P\u00f5randplaadid kodumaisest v\u00e4ga pika kasutamise ajalooga looduskivist.\",\"breadcrumb\":{\"@id\":\"https:\\\/\\\/revalstone.com\\\/shop\\\/toode\\\/reval-antiik\\\/#breadcrumb\"},\"inLanguage\":\"et\",\"potentialAction\":[{\"@type\":\"ReadAction\",\"target\":[\"https:\\\/\\\/revalstone.com\\\/shop\\\/toode\\\/reval-antiik\\\/\"]}]},{\"@type\":\"ImageObject\",\"inLanguage\":\"et\",\"@id\":\"https:\\\/\\\/revalstone.com\\\/shop\\\/toode\\\/reval-antiik\\\/#primaryimage\",\"url\":\"https:\\\/\\\/revalstone.com\\\/shop\\\/wp-content\\\/uploads\\\/2021\\\/07\\\/Reval_Stone_Reval_antiik_04.jpg\",\"contentUrl\":\"https:\\\/\\\/revalstone.com\\\/shop\\\/wp-content\\\/uploads\\\/2021\\\/07\\\/Reval_Stone_Reval_antiik_04.jpg\",\"width\":1500,\"height\":1500,\"caption\":\"Reval Stone Reval paekivi antiik\"},{\"@type\":\"BreadcrumbList\",\"@id\":\"https:\\\/\\\/revalstone.com\\\/shop\\\/toode\\\/reval-antiik\\\/#breadcrumb\",\"itemListElement\":[{\"@type\":\"ListItem\",\"position\":1,\"name\":\"Home page\",\"item\":\"https:\\\/\\\/revalstone.com\\\/shop\\\/home\\\/\"},{\"@type\":\"ListItem\",\"position\":2,\"name\":\"Pood\",\"item\":\"https:\\\/\\\/revalstone.com\\\/shop\\\/pood\\\/\"},{\"@type\":\"ListItem\",\"position\":3,\"name\":\"Reval antiik\"}]},{\"@type\":\"WebSite\",\"@id\":\"https:\\\/\\\/revalstone.com\\\/shop\\\/#website\",\"url\":\"https:\\\/\\\/revalstone.com\\\/shop\\\/\",\"name\":\"Reval Stone e-pood\",\"description\":\"\",\"publisher\":{\"@id\":\"https:\\\/\\\/revalstone.com\\\/shop\\\/#organization\"},\"potentialAction\":[{\"@type\":\"SearchAction\",\"target\":{\"@type\":\"EntryPoint\",\"urlTemplate\":\"https:\\\/\\\/revalstone.com\\\/shop\\\/?s={search_term_string}\"},\"query-input\":{\"@type\":\"PropertyValueSpecification\",\"valueRequired\":true,\"valueName\":\"search_term_string\"}}],\"inLanguage\":\"et\"},{\"@type\":\"Organization\",\"@id\":\"https:\\\/\\\/revalstone.com\\\/shop\\\/#organization\",\"name\":\"Reval Stone\",\"url\":\"https:\\\/\\\/revalstone.com\\\/shop\\\/\",\"logo\":{\"@type\":\"ImageObject\",\"inLanguage\":\"et\",\"@id\":\"https:\\\/\\\/revalstone.com\\\/shop\\\/#\\\/schema\\\/logo\\\/image\\\/\",\"url\":\"https:\\\/\\\/revalstone.com\\\/shop\\\/wp-content\\\/uploads\\\/2021\\\/09\\\/Logo_v.png\",\"contentUrl\":\"https:\\\/\\\/revalstone.com\\\/shop\\\/wp-content\\\/uploads\\\/2021\\\/09\\\/Logo_v.png\",\"width\":960,\"height\":672,\"caption\":\"Reval Stone\"},\"image\":{\"@id\":\"https:\\\/\\\/revalstone.com\\\/shop\\\/#\\\/schema\\\/logo\\\/image\\\/\"},\"sameAs\":[\"https:\\\/\\\/www.facebook.com\\\/revalstoneofficial\",\"https:\\\/\\\/www.instagram.com\\\/revalstoneofficial\\\/\",\"https:\\\/\\\/en.wikipedia.org\\\/wiki\\\/Saare_Dolomiit-V\u00e4okivi\"]}]}<\/script>\n<!-- \/ Yoast SEO plugin. -->","yoast_head_json":{"title":"Reval antiik - Paekivi Reval - Reval Stone e-pood","description":"Paekivi Reval on k\u00f5ige tuntum Eesti paekivi. P\u00f5randplaadid kodumaisest v\u00e4ga pika kasutamise ajalooga looduskivist.","robots":{"index":"index","follow":"follow","max-snippet":"max-snippet:-1","max-image-preview":"max-image-preview:large","max-video-preview":"max-video-preview:-1"},"canonical":"https:\/\/revalstone.com\/shop\/toode\/reval-antiik\/","og_locale":"et_EE","og_type":"article","og_title":"Reval antiik - Paekivi Reval - Reval Stone e-pood","og_description":"Paekivi Reval on k\u00f5ige tuntum Eesti paekivi. P\u00f5randplaadid kodumaisest v\u00e4ga pika kasutamise ajalooga looduskivist.","og_url":"https:\/\/revalstone.com\/shop\/toode\/reval-antiik\/","og_site_name":"Reval Stone e-pood","article_publisher":"https:\/\/www.facebook.com\/revalstoneofficial","article_modified_time":"2025-08-14T12:54:07+00:00","og_image":[{"width":1500,"height":1500,"url":"https:\/\/revalstone.com\/shop\/wp-content\/uploads\/2021\/07\/Reval_Stone_Reval_antiik_04.jpg","type":"image\/jpeg"}],"twitter_card":"summary_large_image","twitter_misc":{"Est. reading time":"1 minut"},"schema":{"@context":"https:\/\/schema.org","@graph":[{"@type":"WebPage","@id":"https:\/\/revalstone.com\/shop\/toode\/reval-antiik\/","url":"https:\/\/revalstone.com\/shop\/toode\/reval-antiik\/","name":"Reval antiik - Paekivi Reval - Reval Stone e-pood","isPartOf":{"@id":"https:\/\/revalstone.com\/shop\/#website"},"primaryImageOfPage":{"@id":"https:\/\/revalstone.com\/shop\/toode\/reval-antiik\/#primaryimage"},"image":{"@id":"https:\/\/revalstone.com\/shop\/toode\/reval-antiik\/#primaryimage"},"thumbnailUrl":"https:\/\/revalstone.com\/shop\/wp-content\/uploads\/2021\/07\/Reval_Stone_Reval_antiik_04.jpg","datePublished":"2021-05-01T06:49:34+00:00","dateModified":"2025-08-14T12:54:07+00:00","description":"Paekivi Reval on k\u00f5ige tuntum Eesti paekivi. P\u00f5randplaadid kodumaisest v\u00e4ga pika kasutamise ajalooga looduskivist.","breadcrumb":{"@id":"https:\/\/revalstone.com\/shop\/toode\/reval-antiik\/#breadcrumb"},"inLanguage":"et","potentialAction":[{"@type":"ReadAction","target":["https:\/\/revalstone.com\/shop\/toode\/reval-antiik\/"]}]},{"@type":"ImageObject","inLanguage":"et","@id":"https:\/\/revalstone.com\/shop\/toode\/reval-antiik\/#primaryimage","url":"https:\/\/revalstone.com\/shop\/wp-content\/uploads\/2021\/07\/Reval_Stone_Reval_antiik_04.jpg","contentUrl":"https:\/\/revalstone.com\/shop\/wp-content\/uploads\/2021\/07\/Reval_Stone_Reval_antiik_04.jpg","width":1500,"height":1500,"caption":"Reval Stone Reval paekivi antiik"},{"@type":"BreadcrumbList","@id":"https:\/\/revalstone.com\/shop\/toode\/reval-antiik\/#breadcrumb","itemListElement":[{"@type":"ListItem","position":1,"name":"Home page","item":"https:\/\/revalstone.com\/shop\/home\/"},{"@type":"ListItem","position":2,"name":"Pood","item":"https:\/\/revalstone.com\/shop\/pood\/"},{"@type":"ListItem","position":3,"name":"Reval antiik"}]},{"@type":"WebSite","@id":"https:\/\/revalstone.com\/shop\/#website","url":"https:\/\/revalstone.com\/shop\/","name":"Reval Stone e-pood","description":"","publisher":{"@id":"https:\/\/revalstone.com\/shop\/#organization"},"potentialAction":[{"@type":"SearchAction","target":{"@type":"EntryPoint","urlTemplate":"https:\/\/revalstone.com\/shop\/?s={search_term_string}"},"query-input":{"@type":"PropertyValueSpecification","valueRequired":true,"valueName":"search_term_string"}}],"inLanguage":"et"},{"@type":"Organization","@id":"https:\/\/revalstone.com\/shop\/#organization","name":"Reval Stone","url":"https:\/\/revalstone.com\/shop\/","logo":{"@type":"ImageObject","inLanguage":"et","@id":"https:\/\/revalstone.com\/shop\/#\/schema\/logo\/image\/","url":"https:\/\/revalstone.com\/shop\/wp-content\/uploads\/2021\/09\/Logo_v.png","contentUrl":"https:\/\/revalstone.com\/shop\/wp-content\/uploads\/2021\/09\/Logo_v.png","width":960,"height":672,"caption":"Reval Stone"},"image":{"@id":"https:\/\/revalstone.com\/shop\/#\/schema\/logo\/image\/"},"sameAs":["https:\/\/www.facebook.com\/revalstoneofficial","https:\/\/www.instagram.com\/revalstoneofficial\/","https:\/\/en.wikipedia.org\/wiki\/Saare_Dolomiit-V\u00e4okivi"]}]}},"_links":{"self":[{"href":"https:\/\/revalstone.com\/shop\/wp-json\/wp\/v2\/product\/84","targetHints":{"allow":["GET"]}}],"collection":[{"href":"https:\/\/revalstone.com\/shop\/wp-json\/wp\/v2\/product"}],"about":[{"href":"https:\/\/revalstone.com\/shop\/wp-json\/wp\/v2\/types\/product"}],"replies":[{"embeddable":true,"href":"https:\/\/revalstone.com\/shop\/wp-json\/wp\/v2\/comments?post=84"}],"wp:featuredmedia":[{"embeddable":true,"href":"https:\/\/revalstone.com\/shop\/wp-json\/wp\/v2\/media\/1207"}],"wp:attachment":[{"href":"https:\/\/revalstone.com\/shop\/wp-json\/wp\/v2\/media?parent=84"}],"wp:term":[{"taxonomy":"product_brand","embeddable":true,"href":"https:\/\/revalstone.com\/shop\/wp-json\/wp\/v2\/product_brand?post=84"},{"taxonomy":"product_cat","embeddable":true,"href":"https:\/\/revalstone.com\/shop\/wp-json\/wp\/v2\/product_cat?post=84"},{"taxonomy":"product_tag","embeddable":true,"href":"https:\/\/revalstone.com\/shop\/wp-json\/wp\/v2\/product_tag?post=84"}],"curies":[{"name":"wp","href":"https:\/\/api.w.org\/{rel}","templated":true}]}}